{"id":4609,"date":"2020-12-25T14:43:48","date_gmt":"2020-12-25T13:43:48","guid":{"rendered":"https:\/\/birdbusters.eu\/?page_id=4609"},"modified":"2022-08-24T13:01:47","modified_gmt":"2022-08-24T11:01:47","slug":"ueber-birdbusters","status":"publish","type":"page","link":"https:\/\/birdbusters.eu\/de\/ueber-birdbusters\/","title":{"rendered":"\u00dcBER UNS"},"content":{"rendered":"\n<h2 class=\"wp-block-heading\"><strong>Bird Busters Vogelabwehr-Spezialisten<\/strong><\/h2>\n\n\n\n<p><span style=\"font-weight: 400;\">Die beste Methode, V\u00f6gel von Ihrem Haus fernzuhalten, ist die Installation eines Vogelabwehr-Systems. Wir bei Bird Busters bieten <a href=\"https:\/\/birdbusters.eu\/de\/\">wirksame L\u00f6sungen zur Vogelabwehr<\/a> und verkaufen Abwehrsysteme in kleinem und gro\u00dfem Ma\u00dfstab.&nbsp;<\/span><\/p>\n\n\n\n<p><span style=\"font-weight: 400;\">Es gibt verschiedene Vogelabwehr-Systemen, die zur Vogelvergr\u00e4mung verwendet werden k\u00f6nnen und jedes hat seine eigenen Vorteile sowie Nachteile. Deshalb kann es in einigen F\u00e4llen notwendig sein, mehrere Vergr\u00e4mungsmethoden miteinander zu kombinieren, um einen wirkungsvollen Schutz zu gew\u00e4hrleisten.<\/span><\/p>\n\n\n\n<p><span style=\"font-weight: 400;\">Unsere Vogelabwehr-Spezialisten beraten Sie in unserem <\/span><a href=\"https:\/\/birdbusters.eu\/de\/vogelabwehr-blog\/\"><span style=\"font-weight: 400;\">Vogelabwehr-Blog<\/span><\/a><span style=\"font-weight: 400;\">, wie man verschiedene Vogelarten vertreibt, welche L\u00f6sungen in welcher Situation geeignet sind und auch wie man Vergr\u00e4mungsmethoden miteinander wirksam kombiniert.&nbsp;<\/span><\/p>\n\n\n\n<p><span style=\"font-weight: 400;\">V\u00f6gel zu vertreiben bedeutet nicht, sie gewaltsam zu bek\u00e4mpfen. Unser Ziel ist, unerw\u00fcnschte V\u00f6gel mit tierschutzrechtlichen Methoden zu vergr\u00e4men, da der Vogelschutz ein wesentlicher Teil unseres Angebots ist.&nbsp;<\/span><\/p>\n\n\n\n<h3 class=\"wp-block-heading\">Unsere Geschichte<\/h3>\n\n\n\n<p>Unsere Geschichte begann auf einer Farm in Nord-Estland in Europa, wo bemerkt wurde, dass W\u00f6lfe Schafe systematisch angreifen. Wir haben viele verschiedene Techniken ausprobiert, um die wilden Tiere abzuwehren, doch sie kamen immer wieder zur\u00fcck. Dazu kam auch noch die Jahreszeit \u2013 im Sommer waren die Wolfswelpen bereits gro\u00df genug f\u00fcr ihren Jagdunterricht geworden.<\/p>\n\n\n<div class=\"wp-block-image\">\n<figure class=\"alignright\"><img decoding=\"async\" src=\"https:\/\/nirgu.ee\/wp-content\/uploads\/2015\/09\/Scaryman-5-388x300.jpg\" alt=\"\" class=\"wp-image-110\" title=\"\"><\/figure>\n<\/div>\n\n\n<p>Leider schien ihnen unsere Schafherde perfekt zum \u00dcben zu sein. Wir brauchen wohl kaum zu erw\u00e4hnen, dass der Anblick auf unserer Wiese am Morgen unbeschreiblich furchtbar war. In Estland gibt es eine Art staatliche Hilfe f\u00fcr diese Art von F\u00e4llen, diese reicht aber kaum aus, um sich eine neue Herde zu leisten und ist nat\u00fcrlich mit viel B\u00fcrokratie verbunden.<\/p>\n\n\n\n<p>Also mussten wir uns etwas anderes einfallen lassen. Etwas, das wirklich funktioniert. Wir haben nach verschiedenen, effektiveren M\u00f6glichkeiten gesucht, um W\u00f6lfe zu vertreiben. Eine Technik, die unsere Aufmerksamkeit erregt hat, war die Gaskanone. Wir haben schnell herausgefunden, dass niemand in Estland dieses Produkt verkauft hat und sind durch verschiedene Kontakte schlie\u00dflich in Litauen gelandet, wo wir das erste Exemplar einer Gaskanone bekommen haben.<\/p>\n\n\n\n<p>Leider war der Knall der Kanone zu laut, so dass Schafe unter st\u00e4ndigem Stress litten und offensichtlich von der Gaskanone gest\u00f6rt waren. Also musste das laute Knallen gestoppt und die Kanone wieder verkauft werden. \u00dcberraschenderweise wuchs die Nachfrage nach Bek\u00e4mpfungsmitteln gegen die Sch\u00e4dlinge so sehr, dass wir auf einmal Gaskanonen f\u00fcr Dutzende andere Personen bestellten. Das f\u00fchrte uns zu unserer Idee: der Nirgu-Webshop (die estnische Version von Birdbusters.eu) wurde geboren.<\/p>\n\n\n\n<p>Gleichzeitig wandten sich immer mehr Personen mit verschiedenen und sehr interessanten Problemen an uns, um uns um Rat zu fragen. Ein Mann beschwerte sich zum Beispiel, dass V\u00f6gel sein Auto andauernd verschmutzen. Egal wo er parkte, V\u00f6gel kamen, um sich auf sein Auto zu erleichtern.<\/p>\n\n\n\n<p>Es stellte sich auch heraus, dass St\u00f6rche nicht selten versuchen, Menschen durch Fenster oder Glast\u00fcren zu erschrecken \u2013 tats\u00e4chlich versuchen sie den \u201eanderen Storch\u201c zu erschrecken, den sie in ihrem Spiegelbild sehen.<\/p>\n\n\n\n<p>Heutzutage sind Probleme mit Zugv\u00f6geln sowie M\u00f6wen und Tauben auf D\u00e4chern ein t\u00e4gliches Problem. Der neueste Trend sind Spechte, die H\u00e4user allem Anschein nach zerst\u00f6ren wollen \u2013 sie suchen sich eine Holzwand oder eine Windscheibe aus und beginnen, L\u00f6cher zu bohren.<\/p>\n\n\n\n<h3 class=\"wp-block-heading\"><strong>Unsere Mission<\/strong><\/h3>\n\n\n\n<h4 class=\"wp-block-heading\"><img loading=\"lazy\" decoding=\"async\" class=\"wp-image-156 alignleft\" style=\"font-size: 16px;\" src=\"https:\/\/nirgu.ee\/wp-content\/uploads\/2015\/10\/birds-470x156.jpg\" alt=\"\" width=\"416\" height=\"138\" title=\"\"><\/h4>\n\n\n\n<p><span style=\"font-weight: 400;\">Wenn Sie Probleme mit unerw\u00fcnschten V\u00f6geln haben, wenden Sie sich an die Vogelabwehr-Spezialisten von Bird Busters. Wir bieten <a href=\"https:\/\/birdbusters.eu\/de\/\">eine Reihe von umweltfreundlichen Produkten an<\/a>, die Ihre l\u00e4stigen Probleme l\u00f6sen und alle zufrieden stellen.&nbsp;<\/span><\/p>\n\n\n\n<p><span style=\"font-weight: 400;\">Unsere Mission ist es, Menschen dabei zu helfen, Ihren Garten oder Balkon, Ihre Obstb\u00e4ume oder Pflanzen vor V\u00f6gel zu sch\u00fctzen. Machen Sie sich gem\u00fctlich und sammeln Sie neue Ideen!<\/span><\/p>\n\n\n\n<p>Heute haben wir bereits \u00fcber 1000 zufriedene Kunden.<\/p>\n\n\n\n<p>Unsere Auswahl bietet mehr als 50 Abwehrmittel und die Anzahl steigt st\u00e4ndig, um Ihnen die effektivsten M\u00f6glichkeiten zur Abwehr von V\u00f6geln und anderen Tieren bieten zu k\u00f6nnen.<\/p>\n\n\n\n<p>Wir sind st\u00e4ndig auf der Suche nach neuen innovativen und wirksamen Methoden zur Bek\u00e4mpfung von Sch\u00e4dlingen.<\/p>\n","protected":false},"excerpt":{"rendered":"<p>Bird Busters Vogelabwehr-Spezialisten Die beste Methode, V\u00f6gel von Ihrem Haus fernzuhalten, ist die Installation eines Vogelabwehr-Systems. Wir bei Bird Busters bieten wirksame L\u00f6sungen zur Vogelabwehr und verkaufen Abwehrsysteme in kleinem und gro\u00dfem Ma\u00dfstab.&nbsp; Es gibt verschiedene Vogelabwehr-Systemen, die zur Vogelvergr\u00e4mung verwendet werden k\u00f6nnen und jedes hat seine eigenen Vorteile sowie Nachteile. Deshalb kann es in [&hellip;]<\/p>\n","protected":false},"author":1,"featured_media":0,"parent":0,"menu_order":0,"comment_status":"closed","ping_status":"closed","template":"","meta":{"_themeisle_gutenberg_block_has_review":false,"footnotes":""},"class_list":["post-4609","page","type-page","status-publish","hentry"],"_links":{"self":[{"href":"https:\/\/birdbusters.eu\/de\/wp-json\/wp\/v2\/pages\/4609","targetHints":{"allow":["GET"]}}],"collection":[{"href":"https:\/\/birdbusters.eu\/de\/wp-json\/wp\/v2\/pages"}],"about":[{"href":"https:\/\/birdbusters.eu\/de\/wp-json\/wp\/v2\/types\/page"}],"author":[{"embeddable":true,"href":"https:\/\/birdbusters.eu\/de\/wp-json\/wp\/v2\/users\/1"}],"replies":[{"embeddable":true,"href":"https:\/\/birdbusters.eu\/de\/wp-json\/wp\/v2\/comments?post=4609"}],"version-history":[{"count":9,"href":"https:\/\/birdbusters.eu\/de\/wp-json\/wp\/v2\/pages\/4609\/revisions"}],"predecessor-version":[{"id":9397,"href":"https:\/\/birdbusters.eu\/de\/wp-json\/wp\/v2\/pages\/4609\/revisions\/9397"}],"wp:attachment":[{"href":"https:\/\/birdbusters.eu\/de\/wp-json\/wp\/v2\/media?parent=4609"}],"curies":[{"name":"wp","href":"https:\/\/api.w.org\/{rel}","templated":true}]}}