{"id":4638,"date":"2020-12-27T08:43:06","date_gmt":"2020-12-27T07:43:06","guid":{"rendered":"https:\/\/birdbusters.eu\/?page_id=4638"},"modified":"2024-09-18T15:25:14","modified_gmt":"2024-09-18T13:25:14","slug":"datenschutzrichtlinie","status":"publish","type":"page","link":"https:\/\/birdbusters.eu\/de\/datenschutzrichtlinie\/","title":{"rendered":"Datenschutzrichtlinie"},"content":{"rendered":"<h3>VERARBEITUNG PERSONENBEZOGENER DATEN<\/h3>\n<p>Verantwortlich f\u00fcr die personenbezogenen Daten des birdbusters.eu-Webshops ist die Salu O\u00dc (Registercode 12600389), Anschrift Kunderi 27-10, Tallinn, Estland, Telefon +372 52198 22 und E-Mail-Adresse <a href=\"mailto:info@birdbusters.eu\">info@birdbusters.eu<\/a>.<\/p>\n<h4><strong>Erhebung und Verwendung personenbezogener Daten<\/strong><\/h4>\n<p>Bei den personenbezogenen Daten handelt es sich um Daten, die direkt oder indirekt mit einem Kunden des Webshops in Verbindung stehen und zur Erf\u00fcllung eines mit ihm unterzeichneten Vertrags erforderlich sind, sowie zur Kontaktaufnahme oder zur Erf\u00fcllung der sich aus dem Gesetz ergebenden Pflichten.<\/p>\n<p>Personenbezogene Daten werden erfasst, wenn an der Kasse Kontaktinformationen an die Website \u00fcbermittelt werden.<\/p>\n<p>Folgende personenbezogene Daten werden verarbeitet:<\/p>\n<p>\u2212 Name, Telefonnummer und E-Mail-Adresse;<\/p>\n<p>\u2013 Lieferadresse;<\/p>\n<p>\u2013 Kontonummer;<\/p>\n<p>\u2013 Kosten f\u00fcr Waren und Dienstleistungen sowie Zahlungsinformationen (Bestellhistorie);<\/p>\n<p>\u2013 Kundendienstdaten.<\/p>\n<p>Personenbezogene Daten werden verwendet, um die Bestellungen eines Kunden zu verwalten und die bestellte Ware zu liefern.<\/p>\n<p>Die Bestellhistorie (Kaufdatum, Waren, Menge, Kundendaten) wird verwendet, um \u00dcbersichten \u00fcber die gekauften Waren und Dienstleistungen zu erstellen und Kundenpr\u00e4ferenzen zu analysieren.<\/p>\n<p>Die Kontonummer wird verwendet, um dem Kunden Zahlungen zu erstatten.<\/p>\n<p>Personenbezogene Daten wie E-Mail-Adresse, Telefonnummer und Name des Kunden werden verarbeitet, um Probleme bei der Bereitstellung von Waren und Dienstleistungen zu l\u00f6sen (Kundendienst).<\/p>\n<p>Die IP-Adresse und andere Online-Identifier eines Webshop-Benutzers werden verarbeitet, um den Webshop als Dienst der Informationsgesellschaft und f\u00fcr Statistiken zur Webnutzung bereitzustellen.<\/p>\n<h4>Empf\u00e4nger personenbezogener Daten<\/h4>\n<p>Personenbezogene Daten werden an den Kundendienst des Webshops \u00fcbermittelt, um die Eink\u00e4ufe und die Bestellhistorie zu verwalten und etwaige Probleme der Kunden zu l\u00f6sen.<\/p>\n<p>Name, Telefonnummer und E-Mail-Adresse werden an den autorisierten Partner Pakipoint O\u00dc \u00fcbermittelt, der diese an den vom Kunden ausgew\u00e4hlten Transportdienstleister weiterleitet.<\/p>\n<p>Wird die Ware per Kurier geliefert, wird neben den Kontaktinformationen auch die Adresse des Kunden \u00fcbermittelt.<\/p>\n<p>Personenbezogene Daten werden zur Buchhaltung an das Buchhaltungsb\u00fcro Paktum O\u00dc \u00fcbermittelt.<\/p>\n<p>Personenbezogene Daten k\u00f6nnen bei Bedarf an Anbieter von Informationstechnologiedienstleistungen \u00fcbermittelt werden, um das Funktionieren des Webshops oder des Datenhostings sicherzustellen.<\/p>\n<p>Die Ware wird au\u00dferhalb des Webshops \u00fcber eine sichere Plattform bezahlt. Bei Zahlung per Bankverbindung \u00fcber die sichere Plattform der jeweiligen Bank oder die sichere Plattform des Verarbeiters Stripe. Der Verk\u00e4ufer hat keinen Zugriff auf die Bank- und Kreditkarteninformationen des Kunden.<\/p>\n<h4>Sicherheit und Datenzugriff<\/h4>\n<p>Personenbezogene Daten werden auf den Servern von Netpro O\u00dc gespeichert. Der Zugriff auf personenbezogene Daten wird den Mitarbeitern des Webshops gew\u00e4hrt, um technische Probleme bei der Nutzung des Webshops l\u00f6sen zu k\u00f6nnen und den Kundendienst zu gew\u00e4hrleisten. Der Webshop implementiert geeignete physische, organisatorische und informationstechnologische Ma\u00dfnahmen, um die personenbezogenen Daten vor versehentlicher oder illegaler Zerst\u00f6rung, Verlust, \u00c4nderung oder unbefugtem Zugriff und Ver\u00f6ffentlichung zu sch\u00fctzen.<\/p>\n<p>Die personenbezogenen Daten werden auf der Grundlage der zwischen dem Webshop und den Verarbeitern unterzeichneten Vereinbarungen an die Verarbeiter des Webshops (z. B. Transportdienstleister und Datenhosting) \u00fcbertragen. Die Verarbeiter sind verpflichtet, bei der Verarbeitung personenbezogener Daten geeignete Schutzma\u00dfnahmen zu treffen. Die vom Webshop autorisierten Verarbeiter sind Pakipoint O\u00dc, Paktum O\u00dc und Netpro O\u00dc.<\/p>\n<h4>Speicherung personenbezogener Daten<\/h4>\n<p>Wenn das Konto eines Kunden im Webshop geschlossen wird, werden die personenbezogenen Daten gel\u00f6scht, es sei denn, sie m\u00fcssen zu Buchhaltungszwecken oder zur Beilegung von Verbraucherstreitigkeiten gespeichert werden.<\/p>\n<p>Die Bestellhistorie des Webshops wird drei Jahre lang gespeichert. Bei Zahlungs- und Verbraucherstreitigkeiten werden die personenbezogenen Daten bis zur Schlichtung des Rechtstreits oder bis zum Ende der Verj\u00e4hrungsfrist gespeichert. Die f\u00fcr Buchhaltungszwecke ben\u00f6tigten personenbezogenen Daten werden sieben Jahre lang gespeichert.<\/p>\n<h4>Zugang zu und Berichtigung und L\u00f6schung personenbezogener Daten<\/h4>\n<p>Personenbezogene Daten k\u00f6nnen \u00fcber den Kundendienst abgerufen und korrigiert werden. Der Kunde hat das Recht zu verlangen, dass die ihn betreffenden personenbezogenen Daten aus den Datenbanken von birdbusters.eu gel\u00f6scht werden, indem er den Kundendienst per E-Mail dar\u00fcber informiert. Der Antrag auf L\u00f6schung wird sp\u00e4testens innerhalb eines Monats bearbeitet und der Zeitraum, zu dem die Daten gel\u00f6scht werden, angegeben.<\/p>\n<h4>Beilegung von Streitigkeiten<\/h4>\n<p>Streitigkeiten bez\u00fcglich der Verarbeitung personenbezogener Daten werden \u00fcber den Kundendienst per E-Mail an info@birdbusters.eu oder telefonisch unter +372 5267 138 beigelegt. Aufsichtsbeh\u00f6rde ist die estnische Datenschutzinspektion (<a href=\"mailto:info@aki.ee\">info@aki.ee<\/a>).<\/p>\n","protected":false},"excerpt":{"rendered":"<p>VERARBEITUNG PERSONENBEZOGENER DATEN Verantwortlich f\u00fcr die personenbezogenen Daten des birdbusters.eu-Webshops ist die Salu O\u00dc (Registercode 12600389), Anschrift Kunderi 27-10, Tallinn, Estland, Telefon +372 52198 22 und E-Mail-Adresse info@birdbusters.eu. Erhebung und Verwendung personenbezogener Daten Bei den personenbezogenen Daten handelt es sich um Daten, die direkt oder indirekt mit einem Kunden des Webshops in Verbindung stehen und [&hellip;]<\/p>\n","protected":false},"author":1,"featured_media":0,"parent":0,"menu_order":0,"comment_status":"closed","ping_status":"closed","template":"","meta":{"_themeisle_gutenberg_block_has_review":false,"footnotes":""},"class_list":["post-4638","page","type-page","status-publish","hentry"],"_links":{"self":[{"href":"https:\/\/birdbusters.eu\/de\/wp-json\/wp\/v2\/pages\/4638","targetHints":{"allow":["GET"]}}],"collection":[{"href":"https:\/\/birdbusters.eu\/de\/wp-json\/wp\/v2\/pages"}],"about":[{"href":"https:\/\/birdbusters.eu\/de\/wp-json\/wp\/v2\/types\/page"}],"author":[{"embeddable":true,"href":"https:\/\/birdbusters.eu\/de\/wp-json\/wp\/v2\/users\/1"}],"replies":[{"embeddable":true,"href":"https:\/\/birdbusters.eu\/de\/wp-json\/wp\/v2\/comments?post=4638"}],"version-history":[{"count":3,"href":"https:\/\/birdbusters.eu\/de\/wp-json\/wp\/v2\/pages\/4638\/revisions"}],"predecessor-version":[{"id":12470,"href":"https:\/\/birdbusters.eu\/de\/wp-json\/wp\/v2\/pages\/4638\/revisions\/12470"}],"wp:attachment":[{"href":"https:\/\/birdbusters.eu\/de\/wp-json\/wp\/v2\/media?parent=4638"}],"curies":[{"name":"wp","href":"https:\/\/api.w.org\/{rel}","templated":true}]}}