{"id":4647,"date":"2020-12-27T08:49:56","date_gmt":"2020-12-27T07:49:56","guid":{"rendered":"https:\/\/birdbusters.eu\/?page_id=4647"},"modified":"2026-02-23T14:38:09","modified_gmt":"2026-02-23T13:38:09","slug":"nutzungsbedingungen","status":"publish","type":"page","link":"https:\/\/birdbusters.eu\/de\/nutzungsbedingungen\/","title":{"rendered":"Nutzungsbedingungen"},"content":{"rendered":"<p>Der Inhaber des Webshops birdbusters.eu (im Folgenden als Webshop bezeichnet) ist Salu O\u00dc (12600389) in Kunderi 27-10, Tallinn, Estland.<\/p>\n<h3>G\u00fcltigkeit des Kaufvertrags, Produkt- und Preisinformationen<\/h3>\n<p>Die Verkaufsbedingungen gelten f\u00fcr den Kauf von Waren im Webshop.<\/p>\n<p>Die Preise der im Webshop verkauften Produkte sind neben den Produkten angegeben. Eine Versandkostenpauschale wird zum Preis hinzugerechnet. Alle Preise sind in Euro (EUR), Schwedischen Kronen (SEK) und Schweizer Franken (CHF) verf\u00fcgbar.<\/p>\n<p>Die Versandkosten h\u00e4ngen vom Standort des K\u00e4ufers und von der Versandart ab. Die Versandkosten werden angezeigt, wenn der K\u00e4ufer die Bestellung aufgibt und das Kontaktformular ausf\u00fcllt.<\/p>\n<p>Produktinformationen werden unmittelbar neben dem Produkt im Webshop angegeben.<\/p>\n<h3>Eine Bestellung aufgeben<\/h3>\n<p>Legen Sie die gew\u00fcnschten Produkte in Ihren Warenkorb, um sie zu bestellen. F\u00fcllen Sie alle erforderlichen Felder aus und w\u00e4hlen Sie die am besten geeignete Versandart, um die Bestellung abzuschlie\u00dfen. Die Gesamtkosten werden dann auf dem Bildschirm angezeigt. Sie k\u00f6nnen per Online-\u00dcberweisung oder mit einer anderen Zahlungsmethode bezahlt werden.<\/p>\n<p>Der Birdbusters Webshop bietet auch die M\u00f6glichkeit, mit <strong>Paypal<\/strong>, <strong>Visa<\/strong> und <strong>Mastercard<\/strong> zu bezahlen.<\/p>\n<p>Zahlungen im Online-Shop k\u00f6nnen \u00fcber folgende Banken erfolgen:<\/p>\n<ul>\n<li>Finnland: Aktia, \u00c5landsbanken, Danske, Handelsbanken, Nordea, Oma S\u00e4\u00e4stopankki, Pohjola, POP Pankki, S-Pankki, S\u00e4\u00e4stopankki<\/li>\n<li>Estland: LHV, SEB und Swedbank<\/li>\n<li>Lettland: Swedbank, SEB, Citadele und Luminor<\/li>\n<li>Litauen: Swedbank, SEB und Luminor<\/li>\n<\/ul>\n<p>BITTE BEACHTEN! Klicken Sie nach dem Bezahlen per Online-\u00dcberweisung auf der Website der Bank auf \u201eZur\u00fcck zum H\u00e4ndler\u201c.<\/p>\n<p>Nach der Bestellung werden die Best\u00e4tigung und die Rechnung an die E-Mail-Adresse des K\u00e4ufers gesendet. Wenn innerhalb von 20 bis 30 Minuten keine Best\u00e4tigungs-E-Mail eingeht, bitten wir den Kunden, uns umgehend per E-Mail an <a href=\"https:\/\/birdbusters.eu\/de\/\">birdbusters.eu<\/a> oder telefonisch unter +3725267138 zu kontaktieren. Der Kundendienst erfolgt in estnischer, englischer und russischer Sprache.<\/p>\n<p>Der Vertrag tritt in Kraft, wenn der zu zahlende Betrag auf das Bankkonto des Webshops \u00fcberwiesen wird.<\/p>\n<p>Wenn wir die bestellte Ware aufgrund von Lagerbest\u00e4nden oder aus anderen Gr\u00fcnden nicht liefern k\u00f6nnen, wird der K\u00e4ufer so schnell wie m\u00f6glich informiert und der gezahlte Betrag (einschlie\u00dflich der Versandkosten) wird umgehend, sp\u00e4testens jedoch innerhalb von 14 Tagen nach Erhalt der Benachrichtigung zur\u00fcckerstattet.<\/p>\n<h3>Versand<\/h3>\n<p>Unsere Waren werden weltweit versendet. Bitte \u00fcberpr\u00fcfen Sie die verf\u00fcgbaren L\u00e4nder im Warenkorb. Wenn Ihr Land nicht aufgef\u00fchrt ist, kontaktieren Sie uns und wir werden Ihr Land nach M\u00f6glichkeit hinzuf\u00fcgen.<\/p>\n<p>Die Waren werden dem K\u00e4ufer an Paketterminals oder per Kurier geliefert. Die Lieferoptionen werden nach Auswahl des Ziellandes und Eingabe der Adresse an der Kasse angezeigt.<\/p>\n<p>Der K\u00e4ufer tr\u00e4gt die Versandkosten. Die entsprechenden Preisinformationen werden neben der Versandart angezeigt.<\/p>\n<p>Die Lieferzeiten variieren je nach Land und Lieferart. Alle Sendungen in Estland, Finnland, Lettland und Litauen kommen in der Regel innerhalb von 3\u201310 Werktagen ab Inkrafttreten des Kaufvertrags an. Bestellungen in alle europ\u00e4ischen L\u00e4nder kommen innerhalb von 18 Werktagen an, und Bestellungen in L\u00e4nder au\u00dferhalb der Europ\u00e4ischen Union dauern bis zu 5 Wochen.<\/p>\n<p>Zu Sto\u00dfzeiten wie Weihnachten und Black Friday k\u00f6nnen die Lieferzeiten l\u00e4nger sein.<\/p>\n<p>Wir sind nicht verantwortlich f\u00fcr Lieferverz\u00f6gerungen, die durch unvorhergesehene Ereignisse verursacht werden.<\/p>\n<p>Die Verf\u00fcgbarkeit des Produkts in unserem Lager kann sich auf die Lieferzeit auswirken. In Ausnahmef\u00e4llen haben wir das Recht, Waren innerhalb von bis zu 45 Kalendertagen zu versenden.<\/p>\n<p>Wir werden Sie \u00fcber uns bekannte Verz\u00f6gerungen informieren. Wenn Ihre Bestellung nicht zum erwarteten Datum eingetroffen ist, kontaktieren Sie uns unter info@birdbusters.eu.<\/p>\n<p>Weder der Online-Shop noch das Kurierunternehmen haften f\u00fcr Verz\u00f6gerungen bei der Lieferung der Produkte und f\u00fcr Missverst\u00e4ndnisse, wenn die Verz\u00f6gerungen oder Missverst\u00e4ndnisse durch vom K\u00e4ufer falsche oder ungenau angegebene Daten verursacht werden.<\/p>\n<p>Alle Bestellungen werden aus der Europ\u00e4ischen Union versendet.<\/p>\n<h3>R\u00fcckgaberecht<\/h3>\n<p><strong>14-t\u00e4gige R\u00fcckgabe: <\/strong>Sie k\u00f6nnen Ihre Bestellung stornieren und die Produkte innerhalb von 14 Tagen nach Lieferung zur\u00fccksenden. Der Countdown beginnt, wenn Sie oder ein von Ihnen ausgew\u00e4hlter Dritter (nicht der Lieferdienst) die Produkte erhalten. Denken Sie daran, die Artikel innerhalb dieser Frist zur\u00fcckzusenden oder einen R\u00fccksendebeleg vorzulegen.<\/p>\n<p><strong>R\u00fcckgabebedingungen:\u00a0<\/strong><\/p>\n<p>Artikel m\u00fcssen in der Originalverpackung mit allen angebrachten Etiketten zur\u00fcckgesandt werden. Wenn ein Preisschild oder eine Verpackung besch\u00e4digt ist, gelten angemessene Ausnahmen. Gebrauchte Waren k\u00f6nnen zur\u00fcckgegeben werden. Der Shop beh\u00e4lt sich das Recht vor, dem Kunden den Marktwert der Waren entsprechend dem Grad der Abnutzung zu erstatten.<\/p>\n<p>Sollte ein Paket beim Empfang besch\u00e4digt erscheinen, ist der Empf\u00e4nger verpflichtet, vor dem \u00d6ffnen deutliche Fotos des Paketes anzufertigen. Auf diesen Fotos m\u00fcssen die Sch\u00e4den an der Au\u00dfenseite des Pakets sichtbar sein. Anschlie\u00dfend sollte der Empf\u00e4nger die Bilder zusammen mit seiner Bestellnummer und einer kurzen Beschreibung des Schadens so schnell wie m\u00f6glich an unseren Kundenservice unter info@birdbusters.eu senden. Wenn der Zustand des Pakets vor dem \u00d6ffnen nicht dokumentiert wird, kann dies Auswirkungen auf den Anspruch auf R\u00fcckerstattung oder Ersatz haben.<\/p>\n<p>Um das 14-t\u00e4gige R\u00fcckgabe-\/Widerrufsrecht auszu\u00fcben, d\u00fcrfen Sie die bestellte Ware nicht anders verwenden, als dies f\u00fcr das Testen der Art, Eigenschaften und Funktionsweise der Ware vorgesehen ist, so wie es Ihnen gestattet w\u00e4re, die Waren in einem physischen Gesch\u00e4ft zu testen.<\/p>\n<p>Sichtbare Abnutzung oder unsachgem\u00e4\u00dfe Verwendung k\u00f6nnen dazu f\u00fchren, dass die R\u00fcckgabe verweigert wird oder der zur\u00fcckgegebene Betrag entsprechend dem verringerten Wert der Ware gemindert wird.<\/p>\n<p>Unternehmen sind von der R\u00fcckgabe ausgenommen.<\/p>\n<p><strong>So senden Sie Ware zur\u00fcck:\u00a0<\/strong>Um die Ware zur\u00fcckzusenden, muss sp\u00e4testens innerhalb von 14 Tagen nach Erhalt der Ware eine R\u00fccksendeanfrage an die E-Mail-Adresse info@birdbusters.ee gesendet werden.<\/p>\n<p><strong>R\u00fccksendekosten: <\/strong>Der K\u00e4ufer tr\u00e4gt die Kosten f\u00fcr die R\u00fccksendung der Ware, es sei denn, der Grund f\u00fcr die R\u00fccksendung ist die Nichteinhaltung der Bestellung oder der Artikel ist falsch oder fehlerhaft.<\/p>\n<p><strong>Verantwortung: <\/strong>Bitte achten Sie auf eine gute Verpackung der Ware, um Transportsch\u00e4den zu vermeiden.<\/p>\n<p><strong>R\u00fcckerstattungen:\u00a0<\/strong>R\u00fcckerstattungen werden so schnell wie m\u00f6glich bearbeitet, sp\u00e4testens jedoch innerhalb von 14 Tagen nach Erhalt der zur\u00fcckgegebenen Ware. Die R\u00fcckerstattung erfolgt auf dasselbe Konto, von dem die Zahlung erfolgt ist.<\/p>\n<p>Bei vollst\u00e4ndigen R\u00fccksendungen sind die Versandkosten inbegriffen.<\/p>\n<p>Im Falle einer teilweisen R\u00fccksendung werden die Versandkosten nicht erstattet.<\/p>\n<p>Der Webshop hat das Recht, die R\u00fcckerstattung zu verweigern, bis die zur\u00fcckgesandte Ware eingegangen ist oder bis der K\u00e4ufer den Nachweis der R\u00fccksendung der Produkte erbracht hat, je nachdem, was zuerst eintritt.<\/p>\n<p>Wenn der K\u00e4ufer eindeutig eine andere Versandart gew\u00e4hlt hat als die billigste \u00fcbliche Versandart, die vom Webshop angeboten wird, muss der Shop die Kosten nicht \u00fcber die \u00fcblichen Versandkosten hinaus erstatten.<\/p>\n<p>Der Webshop hat das Recht, vom Verkauf zur\u00fcckzutreten und die R\u00fcckgabe der Ware durch den K\u00e4ufer zu verlangen, wenn der angegebene Preis der Ware im Webshop aufgrund eines Fehlers erheblich unter dem Marktpreis der Ware lag.<\/p>\n<p>Der Webshop \u00fcbernimmt keine Haftung f\u00fcr m\u00f6gliche Sch\u00e4den, die dem K\u00e4ufer aufgrund technischer Probleme (Probleme bei der Nutzung des Webshops) entstehen, einschlie\u00dflich der versp\u00e4teten Lieferung eines bestellten Produkts. Technische Probleme werden als vom Verk\u00e4ufer unabh\u00e4ngige technische Probleme ausgelegt, wie z. B. Unterbrechungen der Internetverbindung, Serverausf\u00e4lle usw.<\/p>\n<h3>Besch\u00e4digte G\u00fcter<\/h3>\n<p>Der Webshop ist verantwortlich f\u00fcr die Nichteinhaltung der Vertragsbedingungen f\u00fcr an einen K\u00e4ufer verkaufte Waren oder f\u00fcr M\u00e4ngel, die zum Zeitpunkt der Lieferung bereits bestanden und innerhalb von zwei Jahren nach Lieferung der Waren an den K\u00e4ufer auftreten. Innerhalb der ersten sechs Monate nach der Lieferung wird davon ausgegangen, dass der Mangel bereits zum Zeitpunkt der Lieferung vorlag. Die Beweislast liegt in der Verantwortung des Webshops.<\/p>\n<p>Der K\u00e4ufer hat das Recht, sich innerhalb von zwei Monaten nach Auftreten eines Mangels per E-Mail an <a href=\"https:\/\/mail.google.com\/mail\/?view=cm&amp;fs=1&amp;tf=1&amp;to=info@birdbusters.eu\">info@birdbusters.eu<\/a> oder telefonisch unter +372 52671 38 an den Webshop zu wenden.<\/p>\n<p>Der Webshop haftet nicht f\u00fcr M\u00e4ngel, die auf Verschulden oder Fahrl\u00e4ssigkeit des K\u00e4ufers, auf Missbrauch des Produkts oder auf nat\u00fcrliche Abnutzung bei normalem Gebrauch zur\u00fcckzuf\u00fchren sind.<\/p>\n<p>Wenn im Webshop gekaufte Waren M\u00e4ngel aufweisen, f\u00fcr die der Webshop verantwortlich ist, repariert oder ersetzt der Webshop die Mangelware. Kann die Ware nicht repariert oder ersetzt werden, erstattet der Webshop dem K\u00e4ufer alle Zahlungen des Kaufvertrags zur\u00fcck.<\/p>\n<p>Wir werden Ihre Beschwerde innerhalb von 15 Tagen schriftlich beantworten.<\/p>\n<p>Um einen Mangel zu melden, muss ein entsprechender Antrag an die E-Mail info@birdbusters.eu gestellt werden. Der Antrag muss enthalten:<\/p>\n<ul>\n<li>Name und Kontaktinformationen<\/li>\n<li>Datum der Beschwerde<\/li>\n<li>Beschreibung des Mangels<\/li>\n<li>Bestellnummer<\/li>\n<li>Fotos vom Defekt<\/li>\n<\/ul>\n<h3>Verarbeitung personenbezogener Daten<\/h3>\n<p>Der Webshop verwendet nur die vom K\u00e4ufer angegebenen personenbezogenen Daten (einschlie\u00dflich Name, Telefonnummer, Adresse, E-Mail-Adresse und Bankverbindung) zur Bearbeitung der Bestellung und zum Versand der Waren an den K\u00e4ufer.<\/p>\n<p>Verantwortlicher f\u00fcr die Bearbeitung personenbezogener Daten ist die Salu O\u00dc, Inhaber des Webshops, die die personenbezogenen Daten an den autorisierten Partner Pakipoint O\u00dc \u00fcbermittelt, der diese wiederum an die Transportdienstleister zur Lieferung der Waren \u00fcbermittelt. Der Webshop sendet die f\u00fcr die Zahlung erforderlichen personenbezogenen Daten an den Verarbeiter Maksekeskus AS.<\/p>\n<h3>Beilegung von Streitigkeiten<\/h3>\n<p>Alle Beschwerden eines K\u00e4ufers im Zusammenhang mit dem Webshop m\u00fcssen per E-Mail an info@birdbuster.eu gesendet werden.<\/p>\n<p>Wenn der K\u00e4ufer und der Webshop einen Streit nicht einvernehmlich beilegen k\u00f6nnen, kann sich der K\u00e4ufer an das Komitee f\u00fcr Verbraucherstreitigkeiten wenden. Die Verfahrensregeln k\u00f6nnen <a href=\"https:\/\/komisjon.ee\/et\" target=\"_blank\" rel=\"noopener\">hier<\/a> \u00fcberpr\u00fcft werden sowie eine Beschwerde eingereicht werden kann. Das Komitee f\u00fcr Verbraucherstreitigkeiten ist befugt, Streitigkeiten aus einem Vertrag zwischen einem K\u00e4ufer und dem Webshop beizulegen. Die Beilegung von Streitigkeiten durch das Komitee f\u00fcr Verbraucherstreitigkeiten ist f\u00fcr den K\u00e4ufer kostenlos.<\/p>\n<p>Ein K\u00e4ufer kann sich auch an die <a href=\"https:\/\/ec.europa.eu\/consumers\/odr\/main\/index.cfm?event=main.home.chooseLanguage\" target=\"_blank\" rel=\"noopener\">Streitbeilegungsstellen<\/a> der Europ\u00e4ischen Union wenden.<\/p>\n","protected":false},"excerpt":{"rendered":"<p>Der Inhaber des Webshops birdbusters.eu (im Folgenden als Webshop bezeichnet) ist Salu O\u00dc (12600389) in Kunderi 27-10, Tallinn, Estland. G\u00fcltigkeit des Kaufvertrags, Produkt- und Preisinformationen Die Verkaufsbedingungen gelten f\u00fcr den Kauf von Waren im Webshop. Die Preise der im Webshop verkauften Produkte sind neben den Produkten angegeben. Eine Versandkostenpauschale wird zum Preis hinzugerechnet. Alle Preise [&hellip;]<\/p>\n","protected":false},"author":1,"featured_media":0,"parent":0,"menu_order":0,"comment_status":"closed","ping_status":"closed","template":"","meta":{"_themeisle_gutenberg_block_has_review":false,"footnotes":""},"class_list":["post-4647","page","type-page","status-publish","hentry"],"_links":{"self":[{"href":"https:\/\/birdbusters.eu\/de\/wp-json\/wp\/v2\/pages\/4647","targetHints":{"allow":["GET"]}}],"collection":[{"href":"https:\/\/birdbusters.eu\/de\/wp-json\/wp\/v2\/pages"}],"about":[{"href":"https:\/\/birdbusters.eu\/de\/wp-json\/wp\/v2\/types\/page"}],"author":[{"embeddable":true,"href":"https:\/\/birdbusters.eu\/de\/wp-json\/wp\/v2\/users\/1"}],"replies":[{"embeddable":true,"href":"https:\/\/birdbusters.eu\/de\/wp-json\/wp\/v2\/comments?post=4647"}],"version-history":[{"count":14,"href":"https:\/\/birdbusters.eu\/de\/wp-json\/wp\/v2\/pages\/4647\/revisions"}],"predecessor-version":[{"id":13758,"href":"https:\/\/birdbusters.eu\/de\/wp-json\/wp\/v2\/pages\/4647\/revisions\/13758"}],"wp:attachment":[{"href":"https:\/\/birdbusters.eu\/de\/wp-json\/wp\/v2\/media?parent=4647"}],"curies":[{"name":"wp","href":"https:\/\/api.w.org\/{rel}","templated":true}]}}