{"id":11507,"date":"2023-11-22T17:12:02","date_gmt":"2023-11-22T16:12:02","guid":{"rendered":"https:\/\/birdbusters.eu\/product\/automatic-bird-laser\/"},"modified":"2025-10-31T11:01:15","modified_gmt":"2025-10-31T10:01:15","slug":"anti-vogel-lasergerat","status":"publish","type":"product","link":"https:\/\/birdbusters.eu\/de\/produkt\/anti-vogel-lasergerat\/","title":{"rendered":"Anti-Vogel Laserger\u00e4t"},"content":{"rendered":"<p>Dieses vollautomatische Anti-Vogel Laserger\u00e4t ist das effektivste Laserger\u00e4t, wenn es um die Bek\u00e4mpfung von Sch\u00e4dlingsv\u00f6geln geht. Die Strahlen des Lasers bewegen sich horizontal bis zu 350 Grad und vertikal bis zu 60 Grad hin und her. V\u00f6gel nehmen den Laserstrahl als nahende k\u00f6rperliche Gefahr wahr und fliehen.<\/p>\n<p>Besonders n\u00fctzlich ist das Ger\u00e4t in der Landwirtschaft und im Gartenbau gegen G\u00e4nse, Enten und Kr\u00e4hen. In Obstg\u00e4rten wirkt es gegen Tauben, Rabenv\u00f6gel und Meisen. Auf Mehrfamilienh\u00e4usern vertreibt es M\u00f6wen, Tauben und Kr\u00e4hen. Wenn Tauben das Gebiet jedoch bereits als Nist- oder Futterplatz beansprucht haben, wird der Laser sie nicht vertreiben.<\/p>\n<p>Das Anti-Vogel Laserger\u00e4t ist in erster Linie f\u00fcr den Einsatz im Freien bei schlechten Lichtverh\u00e4ltnissen konzipiert. Es ist am wirksamsten bei bew\u00f6lktem, regnerischem oder nebligem Wetter sowie morgens und abends, wenn die V\u00f6gel am aktivsten sind. Die Reichweite betr\u00e4gt bei bew\u00f6lktem Himmel bis zu 2 Kilometer.<\/p>\n<p>Bei hellem Sonnenlicht ist der Laserstrahl nicht deutlich sichtbar und daher ist das Ger\u00e4t nicht so effektiv wie bei schlechten Lichtverh\u00e4ltnissen.<\/p>\n<p>Der Laser ist v\u00f6llig ger\u00e4uschlos, sodass Personen in der N\u00e4he nicht gest\u00f6rt werden. Es ist au\u00dferdem wetterfest (IP66) und funktioniert bei Temperaturen von -15 bis 30 \u00b0C.<\/p>\n<p>Da die Fluchtreaktion durch den \u00dcberlebensinstinkt des Vogels ausgel\u00f6st wird und die Bewegung der Laserstrahlen unvorhersehbar ist, kommt es zu keinem Gew\u00f6hnungseffekt. Wenn der Laser regelm\u00e4\u00dfig eingesetzt wird, werden V\u00f6gel das Gebiet vollst\u00e4ndig zu meiden.<\/p>\n<p>Das Laserger\u00e4t ist sehr einfach einzurichten. \u00dcber die Drucktasten k\u00f6nnen Sie die Reichweite einstellen und das Ger\u00e4t ist in wenigen Minuten einsatzbereit. Funktioniert entweder mit einer <a href=\"https:\/\/birdbusters.eu\/de\/produkt\/12v-batterie\/\">12-V-Batterie<\/a> oder kann alternativ \u00fcber ein Solarpanel betrieben werden (auch in den Wintermonaten). Zum weiteren Zubeh\u00f6r geh\u00f6rt ein wasserdichter Adapter zum Anschluss des Lasers an die Stromversorgung.<\/p>\n<p>ACHTUNG! Der automatische Vogellaser wird auf einer Palette transportiert und geliefert!<\/p>\n<h3><b>H\u00e4ufig gestellte Fragen<\/b><\/h3>\n<p><b><i>Welche Vogelarten kann das Anti-Vogel Laserger\u00e4t vertreiben?\u00a0<\/i><\/b><\/p>\n<p>Das Laserger\u00e4t ist bei vielen Vogelarten zuverl\u00e4ssig. Zum Beispiel werden Kr\u00e4hen, Raben, M\u00f6wen, Dohlen, G\u00e4nse, Tauben und Stare durch Lasertechnik ferngehalten.\u00a0 Wenn Tauben das Gebiet jedoch bereits als Nist- oder Futterplatz beansprucht haben, wird der Laser sie nicht vertreiben.<\/p>\n<p><b><i>Wie funktioniert das Laserger\u00e4t?<\/i><\/b><\/p>\n<p>Das Laserger\u00e4t bietet vollautomatische Abschreckung und verjagt V\u00f6gel mit beweglichen Laserstrahlen. Die Strahlen des Lasers bewegen sich horizontal bis zu 350 Grad und vertikal bis zu 60 Grad hin und her. V\u00f6gel nehmen den Laserstrahl als eine sich n\u00e4hernde physische Gefahr wahr und fl\u00fcchten vor dem vermeintlichen Feind.<\/p>\n<p><b><i>Ist das Laserger\u00e4t wirksam?\u00a0<\/i><\/b><\/p>\n<p>Ja, ohne Zweifel! Es ist unbestritten, dass das Anti-Vogel Laserger\u00e4t viele Arten von V\u00f6geln wirksam davon abh\u00e4lt, bestimmte Gebiete zu besuchen. V\u00f6gel nehmen den herannahenden Laserstrahl als eine physische Gefahr wahr. Dies l\u00f6st den gew\u00fcnschten Fluchtreflex aus.<\/p>\n<p>Bei konsistentem Einsatz des Lasers werden V\u00f6gel das Gebiet nach einiger Zeit als unsicher einstufen und nicht mehr zur\u00fcckkehren.<\/p>\n<p><b><i>K\u00f6nnen sich die V\u00f6gel an Laser-Vogelscheuche gew\u00f6hnen?\u00a0<\/i><\/b><\/p>\n<p>Da die V\u00f6gel die Strecke des Laserstrahls nicht im Voraus vorhersagen k\u00f6nnen, gibt es im Unterschied zu den meisten anderen Vergr\u00e4mungsmethoden keinen Gew\u00f6hnungseffekt. Die Wirkung bleibt daher \u00fcber die Zeit erhalten.<\/p>\n<p><b><i>Wie effektiv ist diese Laser-Vogelscheuche im Vergleich zu anderen Abwehrma\u00dfnahmen?\u00a0<\/i><\/b><\/p>\n<p>Als\u00a0<a href=\"https:\/\/birdbusters.eu\/de\/Category\/vogelscheuchen\/visuelle-vogelabschreckungen\/\">optische Vogelabwehrmethode<\/a>\u00a0hat die Laser-Vogelscheuche sich als sehr effektiv herausgestellt.<\/p>\n<p>Im Vergleich zu anderen Abwehrma\u00dfnahmen belastet die Verwendung von dem Laser die Umwelt in keiner Weise. Das Ger\u00e4t vergr\u00e4mt V\u00f6gel \u00fcber gro\u00dfe Entfernungen und von gro\u00dfen Fl\u00e4chen. Es l\u00e4sst sich in Innen- und Au\u00dfenbereichen verwenden und ist v\u00f6llig ger\u00e4uschlos.<\/p>\n<p>Au\u00dferdem ist das Ger\u00e4t f\u00fcr die V\u00f6gel unsch\u00e4dlich.<\/p>\n<p><b><i>Warum ist der Laserstrahl gr\u00fcn?\u00a0<\/i><\/b><\/p>\n<p>Gr\u00fcn ist die Farbe, die die V\u00f6gel am besten fern h\u00e4lt. Er f\u00e4llt auf den meisten Fl\u00e4chen gut auf und ist f\u00fcr die V\u00f6gel deutlich sichtbar.<\/p>\n<p><b><i>Wie bestelle ich?\u00a0<\/i><\/b><\/p>\n<p>Legen Sie den Artikel in den Warenkorb. M\u00f6chten Sie die Anzahl ver\u00e4ndern oder einen Artikel l\u00f6schen, ist es nun m\u00f6glich dies zu tun. Ist der Inhalt des Warenkorbs f\u00fcr Sie in Ordnung, geben Sie alle geforderten Daten korrekt an und w\u00e4hlen Sie die Zahlungsmethode. Ist die Bestellung erfolgreich gewesen, erhalten Sie eine Best\u00e4tigung per E-Mail von uns.<\/p>\n<h3><b>\u00dcber Bird Busters<\/b><\/h3>\n<p>Wenn Sie Probleme mit unerw\u00fcnschten V\u00f6geln haben, wenden Sie sich an die Experten von Bird Busters. Wir bieten eine Reihe von umweltfreundlichen Produkten an, die Ihre l\u00e4stigen Probleme l\u00f6sen und alle zufrieden stellen.<\/p>\n<p>Unsere Mission ist es, Menschen dabei zu helfen, Ihren Garten oder Balkon, Ihre Obstb\u00e4ume oder Pflanzen vor V\u00f6gel zu sch\u00fctzen. Machen Sie sich gem\u00fctlich und sammeln Sie neue Ideen!<\/p>\n","protected":false},"excerpt":{"rendered":"<p>Das leistungsstarke und effektive automatische Anti-Vogel Laserger\u00e4t ist ein vollautomatisches Ger\u00e4t, das V\u00f6gel aus gro\u00dfer Entfernung mit horizontalen und vertikalen Laserstrahlen vertreibt. Besonders effektiv in Bereichen, in denen der horizontale Strahl allein nicht ausreicht. Es ist sehr wirksam in Obstg\u00e4rten, Weinbergen und auch zum Schutz von D\u00e4chern bei unterschiedlich hohen Geb\u00e4uden.<\/p>\n<p><strong>Ma\u00dfe<\/strong>:\u00a046 x 46 x 70<\/p>\n<p><strong>Gewicht<\/strong>:\u00a022\u00a0kg<\/p>\n","protected":false},"featured_media":11508,"template":"","meta":{"_themeisle_gutenberg_block_has_review":false},"product_brand":[],"product_cat":[99,90],"product_tag":[],"class_list":{"0":"post-11507","1":"product","2":"type-product","3":"status-publish","4":"has-post-thumbnail","6":"product_cat-vogellaser","7":"product_cat-vogelabwehrmittel","9":"first","10":"onbackorder","11":"taxable","12":"shipping-taxable","13":"purchasable","14":"product-type-simple"},"_links":{"self":[{"href":"https:\/\/birdbusters.eu\/de\/wp-json\/wp\/v2\/product\/11507","targetHints":{"allow":["GET"]}}],"collection":[{"href":"https:\/\/birdbusters.eu\/de\/wp-json\/wp\/v2\/product"}],"about":[{"href":"https:\/\/birdbusters.eu\/de\/wp-json\/wp\/v2\/types\/product"}],"wp:featuredmedia":[{"embeddable":true,"href":"https:\/\/birdbusters.eu\/de\/wp-json\/wp\/v2\/media\/11508"}],"wp:attachment":[{"href":"https:\/\/birdbusters.eu\/de\/wp-json\/wp\/v2\/media?parent=11507"}],"wp:term":[{"taxonomy":"product_brand","embeddable":true,"href":"https:\/\/birdbusters.eu\/de\/wp-json\/wp\/v2\/product_brand?post=11507"},{"taxonomy":"product_cat","embeddable":true,"href":"https:\/\/birdbusters.eu\/de\/wp-json\/wp\/v2\/product_cat?post=11507"},{"taxonomy":"product_tag","embeddable":true,"href":"https:\/\/birdbusters.eu\/de\/wp-json\/wp\/v2\/product_tag?post=11507"}],"curies":[{"name":"wp","href":"https:\/\/api.w.org\/{rel}","templated":true}]}}