{"id":11748,"date":"2023-12-11T11:36:04","date_gmt":"2023-12-11T10:36:04","guid":{"rendered":"https:\/\/birdbusters.eu\/product\/laser-bird-deterrent-for-indoor-and-outdoor-use-with-timer-remote-control\/"},"modified":"2025-10-08T12:10:37","modified_gmt":"2025-10-08T10:10:37","slug":"leistungsstarker-vogellaser-fuer-den-innen-und-aussenbereiche","status":"publish","type":"product","link":"https:\/\/birdbusters.eu\/de\/produkt\/leistungsstarker-vogellaser-fuer-den-innen-und-aussenbereiche\/","title":{"rendered":"Leistungsstarker Vogellaser f\u00fcr den Innen- und Au\u00dfenbereiche"},"content":{"rendered":"<p><span style=\"font-weight: 400;\">Der ferngesteuerte Vogellaser ist sehr wirksam, wenn es darum geht, die Schadv\u00f6gel in den Griff zu bekommen und sie von verschiedenen Au\u00dfenbereichen zu entfernen. Er geh\u00f6rt zu den effektivsten Vogelabwehrmitteln, und das aus gutem Grund \u2013 er verwirrt die V\u00f6gel und reduziert Sch\u00e4den, die durch V\u00f6gel verursacht werden.\u00a0<\/span><\/p>\n<p><span style=\"font-weight: 400;\">V\u00f6gel nehmen den Laserstrahl als eine sich n\u00e4hernde physische Gefahr wahr und fl\u00fcchten vor dem vermeintlichen Feind.\u00a0<\/span><\/p>\n<div style=\"width: 640px;\" class=\"wp-video\"><video class=\"wp-video-shortcode\" id=\"video-11748-1\" width=\"640\" height=\"360\" preload=\"metadata\" controls=\"controls\"><source type=\"video\/mp4\" src=\"https:\/\/birdbusters.eu\/wp-content\/uploads\/2025\/10\/1-watt-laser-animal-repeller.mp4?_=1\" \/><a href=\"https:\/\/birdbusters.eu\/wp-content\/uploads\/2025\/10\/1-watt-laser-animal-repeller.mp4\">https:\/\/birdbusters.eu\/wp-content\/uploads\/2025\/10\/1-watt-laser-animal-repeller.mp4<\/a><\/video><\/div>\n<p><span style=\"font-weight: 400;\">Der Vogellaser ist vor allem f\u00fcr die Verwendung bei geringer Lichtintensit\u00e4t konzipiert, kann aber auch bei Tageslicht verwendet werden<\/span><b>. <\/b><span style=\"font-weight: 400;\">Es eignet sich f\u00fcr alle Fl\u00e4chen, die vor dem Einflug von V\u00f6geln gesch\u00fctzt werden sollen.\u00a0<\/span><\/p>\n<p><span style=\"font-weight: 400;\">Die r\u00e4umliche Abdeckung des Laserger\u00e4ts h\u00e4ngt von der Umgebung ab: im Dunklen ist der Laserstrahl besser sichtbar als im Hellen, in einem relativ offenen Bereich ist er besser sichtbar als dort, wo viele B\u00e4umen oder Str\u00e4ucher die Strahlen blockieren.\u00a0<\/span><\/p>\n<p>Der Vogellaser hat starke 1000 Milliwatt (mW) Gr\u00fcne Strahlen. Strahlen erzeugen mehrere Muster, die in zuf\u00e4lliger Reihenfolge auftreten. Der Bird-X Laser ist programmiert \u2013 er ist 5 Minuten lang in Betrieb und macht dann f\u00fcr 5 Minuten eine Pause.<\/p>\n<p>Um die Lebensdauer des Ger\u00e4ts zu verl\u00e4ngern, lassen Sie das Ger\u00e4t nach 6-8 Stunden Betrieb 30 Minuten lang abk\u00fchlen.<\/p>\n<p><span style=\"font-weight: 400;\">Der Laserstrahl hat eine maximale Reichweite von 300 Metern, eine effektive Reichweite von 100 Metern und die maximale Abdeckung betr\u00e4gt etwa 180-200 m<\/span><span style=\"font-weight: 400;\">2<\/span><span style=\"font-weight: 400;\">. Der Laser bietet eine unidirektionale Abdeckung und der Spreizwinkel betr\u00e4gt maximal 30 Grad auf beiden Seiten von der Mitte (insgesamt 60 Grad). Je nach Platzierung bietet eine zweite Einheit eine erh\u00f6hte synergistische Abdeckung und daher werden mehrere Ger\u00e4te empfohlen.\u00a0<\/span><\/p>\n<p><span style=\"font-weight: 400;\">Der Ger\u00e4tebetrieb kann auf verschiedene Weise gesteuert werden: Direkt- oder Fernbedienung. Die Fernbedienung kann verwendet werden, um es aus- und wieder einzuschalten und auch f\u00fcr eine bestimmte Zeitdauer (2, 4, 6 oder 8 Stunden) zu betreiben. Die effektive Empfangs-Entfernung der Fernbedienung betr\u00e4gt etwa 20 m.\u00a0<\/span><\/p>\n<p><span style=\"font-weight: 400;\">Der Hauptvorteil des Lasers ist, dass er eine leise und effiziente L\u00f6sung bietet, um V\u00f6gel zu verscheuchen. Au\u00dferdem ist der Laser v\u00f6llig ger\u00e4uschlos, so dass er die Menschen in der N\u00e4he nicht st\u00f6rt.\u00a0<\/span><\/p>\n<p><span style=\"font-weight: 400;\">Da die Fluchtreaktion von dem \u00dcberlebensinstinkt des Vogels ausgel\u00f6st wird, gibt es im Unterschied zu den meisten anderen Vergr\u00e4mungsmethoden keinen Gew\u00f6hnungseffekt. Bei konsistenten Einsatz des Lasers werden V\u00f6gel nach einiger Zeit das Gebiet als zu unsicher einstufen und nicht mehr zur\u00fcckkehren.\u00a0<\/span><\/p>\n<p><span style=\"font-weight: 400;\">Die Laser-Vogelscheuche ist bei vielen Vogelarten zuverl\u00e4ssig. Zum Beispiel werden <\/span><span style=\"font-weight: 400;\">Tauben, Schwalben, Sperlinge, Stare und andere Kleinv\u00f6gel<\/span><span style=\"font-weight: 400;\"> durch Lasertechnik ferngehalten.\u00a0<\/span><\/p>\n<h3><b>H\u00e4ufig gestellte Fragen<\/b><\/h3>\n<p><b><i>Welche Vogelarten kann das Vogellaser vertreiben?\u00a0<\/i><\/b><\/p>\n<p><span style=\"font-weight: 400;\">Die Laser-Vogelscheuche ist bei vielen Vogelarten zuverl\u00e4ssig. Zum Beispiel werden <\/span><span style=\"font-weight: 400;\">Tauben, Schwalben, Sperlinge, Stare und andere Kleinv\u00f6gel<\/span><span style=\"font-weight: 400;\"> durch Lasertechnik ferngehalten.\u00a0<\/span><\/p>\n<p><b><i>Wie funktioniert der Vogellaser?<\/i><\/b><\/p>\n<p><span style=\"font-weight: 400;\">Das Ger\u00e4t bietet vollautomatische Abschreckung und verjagt V\u00f6gel mit einem beweglichen Laserstrahl. V\u00f6gel nehmen den Laserstrahl als eine sich n\u00e4hernde physische Gefahr wahr und fl\u00fcchten vor dem vermeintlichen Feind.\u00a0<\/span><\/p>\n<p><b><i>Ist dieser Vogellaser gegen V\u00f6gel wirksam?\u00a0<\/i><\/b><\/p>\n<p><span style=\"font-weight: 400;\">Ja, ohne Zweifel! Es ist unbestritten, dass der Vogellaser viele Arten von V\u00f6geln wirksam davon abh\u00e4lt, bestimmte Gebiete zu besuchen. V\u00f6gel nehmen den herannahenden Laserstrahl als eine physische Gefahr wahr. Dies l\u00f6st den gew\u00fcnschten Fluchtreflex aus.\u00a0<\/span><\/p>\n<p><span style=\"font-weight: 400;\">Bei konsistentem Einsatz des Lasers werden V\u00f6gel das Gebiet nach einiger Zeit als unsicher einstufen und nicht mehr zur\u00fcckkehren.\u00a0\u00a0<\/span><\/p>\n<p><b><i>K\u00f6nnen sich die V\u00f6gel an ein Laserger\u00e4t gew\u00f6hnen?\u00a0<\/i><\/b><\/p>\n<p><span style=\"font-weight: 400;\">Da die V\u00f6gel die Strecke des Laserstrahls nicht im Voraus vorhersagen k\u00f6nnen, gibt es im Unterschied zu den meisten anderen Vergr\u00e4mungsmethoden keinen Gew\u00f6hnungseffekt. Die Wirkung bleibt daher \u00fcber die Zeit erhalten.\u00a0<\/span><\/p>\n<p><b><i>Wie effektiv ist diese Laser-Vogelscheuche im Vergleich zu anderen Abwehrma\u00dfnahmen?\u00a0<\/i><\/b><\/p>\n<p><span style=\"font-weight: 400;\">Als <\/span><a href=\"https:\/\/birdbusters.eu\/de\/Category\/vogelscheuchen\/visuelle-vogelabschreckungen\/\"><span style=\"font-weight: 400;\">optische Vogelabwehrmethode<\/span><\/a><span style=\"font-weight: 400;\"> hat die Laser-Vogelscheuche gegen V\u00f6gel sich als sehr effektiv herausgestellt.\u00a0<\/span><\/p>\n<p><span style=\"font-weight: 400;\">Im Vergleich zu anderen Abwehrma\u00dfnahmen belastet die Verwendung von dem Laser die Umwelt in keiner Weise. Das Ger\u00e4t vergr\u00e4mt V\u00f6gel von gro\u00dfen Fl\u00e4chen und ist v\u00f6llig ger\u00e4uschlos.\u00a0<\/span><\/p>\n<p><span style=\"font-weight: 400;\">Au\u00dferdem ist das Ger\u00e4t f\u00fcr die V\u00f6gel unsch\u00e4dlich.<\/span><\/p>\n<p><b><i>Warum ist der Laserstrahl gr\u00fcn?\u00a0<\/i><\/b><\/p>\n<p><span style=\"font-weight: 400;\">Gr\u00fcn ist die Farbe, die die V\u00f6gel am besten fern h\u00e4lt. Er f\u00e4llt auf den meisten Fl\u00e4chen gut auf und ist f\u00fcr die V\u00f6gel deutlich sichtbar.\u00a0<\/span><\/p>\n<p><b><i>Wie bestelle ich?\u00a0<\/i><\/b><\/p>\n<p><span style=\"font-weight: 400;\">Legen Sie den Artikel in den Warenkorb. M\u00f6chten Sie die Anzahl ver\u00e4ndern oder einen Artikel l\u00f6schen, ist es nun m\u00f6glich dies zu tun. Ist der Inhalt des Warenkorbs f\u00fcr Sie in Ordnung, geben Sie alle geforderten Daten korrekt an und w\u00e4hlen Sie die Zahlungsmethode. Ist die Bestellung erfolgreich gewesen, erhalten Sie eine Best\u00e4tigung per E-Mail von uns.<\/span><\/p>\n<h3><b>\u00dcber Bird Busters<\/b><\/h3>\n<p><span style=\"font-weight: 400;\">Wenn Sie Probleme mit unerw\u00fcnschten V\u00f6geln haben, wenden Sie sich an die Experten von Bird Busters. Wir bieten eine Reihe von umweltfreundlichen Produkten an, die Ihre l\u00e4stigen Probleme l\u00f6sen und alle zufrieden stellen.\u00a0<\/span><\/p>\n<p><span style=\"font-weight: 400;\">Unsere Mission ist es, Menschen dabei zu helfen, Ihren Garten oder Balkon, Ihre Obstb\u00e4ume oder Pflanzen vor V\u00f6gel zu sch\u00fctzen. Machen Sie sich gem\u00fctlich und sammeln Sie neue Ideen!<\/span><\/p>\n","protected":false},"excerpt":{"rendered":"<p>Dieser Vogellaser ist zum Zweck der Vogelabwehr vorgesehen und ist f\u00fcr den Innen- und Au\u00dfenbereiche geeignet. Das Ger\u00e4t erzeugt gr\u00fcnes Licht, um die V\u00f6gel zu erschrecken und h\u00e4lt Tauben, Schwalben, Sperlinge, Stare und andere V\u00f6gel von G\u00e4rten, D\u00e4cher, Terrassen, Teiche, Boote, Lagerhallen und andere Innen- und Au\u00dfenbereichen fern.<\/p>\n","protected":false},"featured_media":11749,"template":"","meta":{"_themeisle_gutenberg_block_has_review":false},"product_brand":[],"product_cat":[99,90],"product_tag":[],"class_list":{"0":"post-11748","1":"product","2":"type-product","3":"status-publish","4":"has-post-thumbnail","6":"product_cat-vogellaser","7":"product_cat-vogelabwehrmittel","9":"first","10":"onbackorder","11":"taxable","12":"shipping-taxable","13":"purchasable","14":"product-type-simple"},"_links":{"self":[{"href":"https:\/\/birdbusters.eu\/de\/wp-json\/wp\/v2\/product\/11748","targetHints":{"allow":["GET"]}}],"collection":[{"href":"https:\/\/birdbusters.eu\/de\/wp-json\/wp\/v2\/product"}],"about":[{"href":"https:\/\/birdbusters.eu\/de\/wp-json\/wp\/v2\/types\/product"}],"wp:featuredmedia":[{"embeddable":true,"href":"https:\/\/birdbusters.eu\/de\/wp-json\/wp\/v2\/media\/11749"}],"wp:attachment":[{"href":"https:\/\/birdbusters.eu\/de\/wp-json\/wp\/v2\/media?parent=11748"}],"wp:term":[{"taxonomy":"product_brand","embeddable":true,"href":"https:\/\/birdbusters.eu\/de\/wp-json\/wp\/v2\/product_brand?post=11748"},{"taxonomy":"product_cat","embeddable":true,"href":"https:\/\/birdbusters.eu\/de\/wp-json\/wp\/v2\/product_cat?post=11748"},{"taxonomy":"product_tag","embeddable":true,"href":"https:\/\/birdbusters.eu\/de\/wp-json\/wp\/v2\/product_tag?post=11748"}],"curies":[{"name":"wp","href":"https:\/\/api.w.org\/{rel}","templated":true}]}}