{"id":11753,"date":"2020-08-15T09:17:58","date_gmt":"2020-08-15T07:17:58","guid":{"rendered":"https:\/\/birdbusters.eu\/product\/white-bird-scare-ball\/"},"modified":"2025-06-04T14:17:21","modified_gmt":"2025-06-04T12:17:21","slug":"weisser-vogelschreck-ballon","status":"publish","type":"product","link":"https:\/\/birdbusters.eu\/de\/produkt\/weisser-vogelschreck-ballon\/","title":{"rendered":"Wei\u00dfer Vogelschreck Ballon"},"content":{"rendered":"<h3>Wei\u00dfer Vogelschreck Ballon zur Vogelabwehr<\/h3>\n<p><span style=\"font-weight: 400;\">Dieser Vogelschreck Ballon ist die g\u00fcnstigste Vogelabwehrmethode. Der aufblasbare Ballon aus PVC l\u00f6st durch die gl\u00e4nzende Silberaufkleber die Raubvogelaugen imitieren sowie durch die reflektierende Flatterb\u00e4ndchen bei meisten V\u00f6gel einen nat\u00fcrlichen Fluchtinstinkt aus.\u00a0<\/span><\/p>\n<p><span style=\"font-weight: 400;\">Der Ballon sollte \u00fcber dem zu sch\u00fctzenden Bereich so aufgeh\u00e4ngt werden, da\u00df er auch auf gro\u00dfe Entfernung f\u00fcr V\u00f6gel sichtbar ist. <\/span><span style=\"font-weight: 400;\">Der aufgeh\u00e4ngte Ballon und die herunterh\u00e4ngende B\u00e4nden werden durch den Wind bewegt und dank der st\u00e4ndigen Bewegung in der Luft f\u00fchlen sich die V\u00f6gel gest\u00f6rt und werden verscheucht.\u00a0<\/span><\/p>\n<p><span style=\"font-weight: 400;\">Diese Vogelscheuche vertreibt Spatzen, Tauben, Kr\u00e4hen, M\u00f6wen und viele weitere V\u00f6gel.\u00a0<\/span><\/p>\n<p><span style=\"font-weight: 400;\">Der Vogelschreck Ballon dient zur <\/span><a href=\"https:\/\/birdbusters.eu\/de\/Category\/visuelle-vogelabschreckungen\/\"><span style=\"font-weight: 400;\">optischen Vogelabwehr<\/span><\/a><span style=\"font-weight: 400;\"> von Kleinfl\u00e4chen rund um den Ballon. V\u00f6gel nehmen ihn Wahr, da der Visus ihres wichtigste Sinnesorgan ist. Doch besteht bei diesen Mitteln immer die Gefahr, dass sich die V\u00f6gel an die Vogelscheuchen gew\u00f6hnen. Um den Gew\u00f6hnungseffekt ausschlie\u00dfen, sollte die Position des Ballons von Zeit zu Zeit variiert werden.\u00a0<\/span><\/p>\n<p><span style=\"font-weight: 400;\">Der Ballon wird idealerweise \u00fcber das zu sch\u00fctzende Gebiet mit Hilfe einer Stange aufgeh\u00e4ngt. In Marinas kann er in dem Mast oder auf einer Stange eingesetzt werden, wo er das Landen von V\u00f6gel verhindert.\u00a0<\/span><\/p>\n<p><b>Einsatzbereiche: <\/b><span style=\"font-weight: 400;\">Der Ballon ist f\u00fcr unterschiedliche Einsatzgebiete geeignet und wird im Obst-, Wein-, Acker und Gem\u00fcsebau, Stallanlagen, Marinas sowie im heimischen Garten und Hof eingesetzt. Um gr\u00f6\u00dfere Gebiete abzudecken, k\u00f6nnen gleichzeitig mehrere Ballons aufgeh\u00e4ngt werden. Der wei\u00dfe Ballon kann auch in der Kombination mit <\/span><a href=\"https:\/\/birdbusters.eu\/de\/produkt\/gelbe-kugelfoermige-vogelscheuche\/\"><span style=\"font-weight: 400;\">gelben <\/span><\/a><span style=\"font-weight: 400;\">und <\/span><a href=\"https:\/\/birdbusters.eu\/de\/produkt\/schwarze-kugelfoermige-vogelscheuche\/\"><span style=\"font-weight: 400;\">schwarzen Ballons <\/span><\/a><span style=\"font-weight: 400;\">verwendet werden.\u00a0<\/span><\/p>\n<p><span style=\"font-weight: 400;\">Jeder Ballon hat einen Wirkradius von bis zu 20 m.\u00a0<\/span><\/p>\n<p><span style=\"font-weight: 400;\">Der 50 cm Ballon wird mit normaler Luft bef\u00fcllt. Im Gegensatz zu Ballons mit Heliumf\u00fcllung, verursacht dieser Ballon keinerlei nachtr\u00e4gliche F\u00fcllungskosten.\u00a0<\/span><\/p>\n<h3>H\u00e4ufig gestellte Fragen<\/h3>\n<p><b><i>Wirkt der Vogelschreck Ballon bei allen V\u00f6geln?\u00a0<\/i><\/b><\/p>\n<p><span style=\"font-weight: 400;\">Der Ballon bietet bei Tauben, Kr\u00e4hen, M\u00f6wen, Spatzen und viele anderen Vogelarten eine ideale Vogelabwehr. Dank der<\/span><span style=\"font-weight: 400;\"> Gr\u00f6<\/span><span style=\"font-weight: 400;\">\u00dfe<\/span><span style=\"font-weight: 400;\"> dem Ballon, seiner reflektierenden Eigenschaften und der st\u00e4ndigen Bewegung in der Luft, lassen sich meisten Vogelarten von dieser Vogelscheuche beeindrucken.\u00a0<\/span><\/p>\n<p><b><i>Wirkt der Ballon auch bei Windstille?\u00a0<\/i><\/b><\/p>\n<p><span style=\"font-weight: 400;\">Bei Windstille erzeugen die bedrohlichen Augen eines Raubvogels und die reflektierende Eigenschaften des Ballons eine abschreckende Wirkung. Um einen reflektierenden Effekt der Silberaufkleber und der Flatterb\u00e4ndchen zu schaffen, sollte der Ballon im Tageslicht und nicht unter dichtbewachsenen B\u00e4umen aufgeh\u00e4ngt werden.\u00a0<\/span><\/p>\n<p><b><i>Werden sich die V\u00f6gel an dem Ballon gew\u00f6hnen?<\/i><\/b><\/p>\n<p><span style=\"font-weight: 400;\">Obwohl der Ballon effektive Wirkung zeigt, muss man diese Vogelscheuche regelm\u00e4\u00dfig umstellen, damit es nicht zu einem Gew\u00f6hnungseffekt bei den V\u00f6geln kommt.\u00a0<\/span><\/p>\n<p><b><i>Wieviele Ballons ben\u00f6tige ich?\u00a0<\/i><\/b><\/p>\n<p><span style=\"font-weight: 400;\">Die ben\u00f6tigte Zahl der Ballons h\u00e4ngt vom Einsatzbereich ab. Auf freier Fl\u00e4che kann einer Ballon einen Wirkradius von bis zu 20 m haben. Beim Einsatz im Garten oder in den Wohngebieten verringert sich aber der Wirkungskreis.\u00a0<\/span><\/p>\n<p><span style=\"font-weight: 400;\">Bei der Installation von Ballons sollte man immer darauf achten, da\u00df sie einen \u201cl\u00fcckenlosen\u201d Schutz bieten. Zum Beispiel, wenn nur ein Ballon seitlich des Baumes aufgeh\u00e4ngt wird, fliegen die V\u00f6gel den Baum von der Seite an, wo der Ballon nicht sichtbar ist. Die Ballons sollten auch nicht zu weit oben installiert werden da die V\u00f6gel sonst den Baum von unten anfliegen.\u00a0<\/span><\/p>\n<p><b><i>Wie effektiv ist der Ballon im Vergleich zu anderen Abwehrma\u00dfnahmen?\u00a0<\/i><\/b><\/p>\n<p><span style=\"font-weight: 400;\">Der Ballon hat die Aufgabe den V\u00f6gel durch seines erschreckende Aussehen und die st\u00e4ndige Bewegung vergr\u00e4men. Als optische Vogelabwehrmethode hat der Ballon sich als sehr effektiv herausgestellt.\u00a0<\/span><\/p>\n<p><span style=\"font-weight: 400;\">Im Vergleich zu anderen Abwehrma\u00dfnahmen, belastet der Einsatz von dem Ballon die Umwelt in keiner Weise. Er ben\u00f6tigt keine Energie, macht keinen L\u00e4rm und l\u00e4sst sich \u00fcberall einsetzen. Au\u00dferdem ist der Ballon f\u00fcr die V\u00f6gel v\u00f6llig unsch\u00e4dlich.<\/span><\/p>\n","protected":false},"excerpt":{"rendered":"<p><span style=\"font-weight: 400;\">Der Vogelschreck Ballon ist \u00e4u\u00dferst effizient um unerw\u00fcnschte V\u00f6gel von Balkonen, Terrassen, G\u00e4rten, Obstb\u00e4ume oder Yachten fernzuhalten. Die reflektierende Silberaufkleber auf dem Ballon, die gl\u00e4nzende Raubvogelaugen imitieren und die Flatterb\u00e4ndchen am unteren Ballonrand sorgen f\u00fcr effektive Vogelabwehr.\u00a0\u00a0<\/span><\/p>\n<p><b>Durchmesser: <\/b><span style=\"font-weight: 400;\">50 cm<\/span><\/p>\n<p><strong>Gewicht:\u00a0<\/strong>130 g<\/p>\n","protected":false},"featured_media":4289,"template":"","meta":{"_themeisle_gutenberg_block_has_review":false},"product_brand":[],"product_cat":[89,88],"product_tag":[],"class_list":{"0":"post-11753","1":"product","2":"type-product","3":"status-publish","4":"has-post-thumbnail","6":"product_cat-visuelle-vogelabschreckungen","7":"product_cat-vogelschreck","9":"first","10":"instock","11":"taxable","12":"shipping-taxable","13":"purchasable","14":"product-type-simple"},"_links":{"self":[{"href":"https:\/\/birdbusters.eu\/de\/wp-json\/wp\/v2\/product\/11753","targetHints":{"allow":["GET"]}}],"collection":[{"href":"https:\/\/birdbusters.eu\/de\/wp-json\/wp\/v2\/product"}],"about":[{"href":"https:\/\/birdbusters.eu\/de\/wp-json\/wp\/v2\/types\/product"}],"wp:featuredmedia":[{"embeddable":true,"href":"https:\/\/birdbusters.eu\/de\/wp-json\/wp\/v2\/media\/4289"}],"wp:attachment":[{"href":"https:\/\/birdbusters.eu\/de\/wp-json\/wp\/v2\/media?parent=11753"}],"wp:term":[{"taxonomy":"product_brand","embeddable":true,"href":"https:\/\/birdbusters.eu\/de\/wp-json\/wp\/v2\/product_brand?post=11753"},{"taxonomy":"product_cat","embeddable":true,"href":"https:\/\/birdbusters.eu\/de\/wp-json\/wp\/v2\/product_cat?post=11753"},{"taxonomy":"product_tag","embeddable":true,"href":"https:\/\/birdbusters.eu\/de\/wp-json\/wp\/v2\/product_tag?post=11753"}],"curies":[{"name":"wp","href":"https:\/\/api.w.org\/{rel}","templated":true}]}}