{"id":11903,"date":"2015-09-09T13:39:01","date_gmt":"2015-09-09T11:39:01","guid":{"rendered":"https:\/\/birdbusters.eu\/?post_type=product&#038;p=11903"},"modified":"2024-08-21T12:36:50","modified_gmt":"2024-08-21T10:36:50","slug":"taubenschreck-birdgard-pro","status":"publish","type":"product","link":"https:\/\/birdbusters.eu\/de\/produkt\/taubenschreck-birdgard-pro\/","title":{"rendered":"Taubenschreck BirdGard Pro"},"content":{"rendered":"<p><strong>Taubenschreck Bird Gard Pro<\/strong><\/p>\n<p>Diese Vogelabwehr dient vielmehr dem Schutz von Geb\u00e4uden und Anlagen. Das Ger\u00e4t gibt einen bestimmten Taubenalarmruf ab, der V\u00f6gel erschreckt. Die Reichweite ohne zus\u00e4tzliche Lautsprecher betr\u00e4gt bis zu 0,6 Hektar.<\/p>\n<p>Es besteht die M\u00f6glichkeit, zus\u00e4tzliche Lautsprecher zu bestellen.<\/p>\n","protected":false},"excerpt":{"rendered":"<p>Der Taubenschreck Bird Gard Pro dient vielmehr dem Schutz von Geb\u00e4uden und Anlagen. Das Ger\u00e4t gibt einen bestimmten Taubenalarmruf ab, der V\u00f6gel erschreckt.<\/p>\n<p>&nbsp;<\/p>\n<p>https:\/\/youtu.be\/rBnHY4xFQBo<\/p>\n","protected":false},"featured_media":5286,"template":"","meta":{"_themeisle_gutenberg_block_has_review":false},"product_brand":[],"product_cat":[93,88],"product_tag":[],"class_list":{"0":"post-11903","1":"product","2":"type-product","3":"status-publish","4":"has-post-thumbnail","6":"product_cat-akustische-vogelabwehr","7":"product_cat-vogelschreck","9":"first","10":"outofstock","11":"taxable","12":"shipping-taxable","13":"purchasable","14":"product-type-simple"},"_links":{"self":[{"href":"https:\/\/birdbusters.eu\/de\/wp-json\/wp\/v2\/product\/11903","targetHints":{"allow":["GET"]}}],"collection":[{"href":"https:\/\/birdbusters.eu\/de\/wp-json\/wp\/v2\/product"}],"about":[{"href":"https:\/\/birdbusters.eu\/de\/wp-json\/wp\/v2\/types\/product"}],"wp:featuredmedia":[{"embeddable":true,"href":"https:\/\/birdbusters.eu\/de\/wp-json\/wp\/v2\/media\/5286"}],"wp:attachment":[{"href":"https:\/\/birdbusters.eu\/de\/wp-json\/wp\/v2\/media?parent=11903"}],"wp:term":[{"taxonomy":"product_brand","embeddable":true,"href":"https:\/\/birdbusters.eu\/de\/wp-json\/wp\/v2\/product_brand?post=11903"},{"taxonomy":"product_cat","embeddable":true,"href":"https:\/\/birdbusters.eu\/de\/wp-json\/wp\/v2\/product_cat?post=11903"},{"taxonomy":"product_tag","embeddable":true,"href":"https:\/\/birdbusters.eu\/de\/wp-json\/wp\/v2\/product_tag?post=11903"}],"curies":[{"name":"wp","href":"https:\/\/api.w.org\/{rel}","templated":true}]}}