{"id":11952,"date":"2023-12-11T11:57:17","date_gmt":"2023-12-11T10:57:17","guid":{"rendered":"https:\/\/birdbusters.eu\/?post_type=product&#038;p=11952"},"modified":"2025-10-31T10:59:43","modified_gmt":"2025-10-31T09:59:43","slug":"rotierender-vogelabschreckungslaser-fuer-den-innen-und-aussenbereich","status":"publish","type":"product","link":"https:\/\/birdbusters.eu\/de\/produkt\/rotierender-vogelabschreckungslaser-fuer-den-innen-und-aussenbereich\/","title":{"rendered":"Rotierender Vogelabschreckungslaser f\u00fcr den Innen- und Au\u00dfenbereich"},"content":{"rendered":"<p>Der Laser kann direkt oder \u00fcber eine Fernbedienung ein- und ausgeschaltet werden. Die Fernbedienung hat zwei Funktionen:<\/p>\n<p>ein- und ausschalten<br \/>\nTimer (2, 4, 6 oder 8 Stunden)<br \/>\nSchutzbereiche: Geb\u00e4ude, Hangars, G\u00e4rten, Felder<br \/>\n<div style=\"width: 640px;\" class=\"wp-video\"><video class=\"wp-video-shortcode\" id=\"video-11952-1\" width=\"640\" height=\"360\" preload=\"metadata\" controls=\"controls\"><source type=\"video\/mp4\" src=\"https:\/\/birdbusters.eu\/wp-content\/uploads\/2023\/12\/2023-Bird-laser-control.mp4?_=1\" \/><a href=\"https:\/\/birdbusters.eu\/wp-content\/uploads\/2023\/12\/2023-Bird-laser-control.mp4\">https:\/\/birdbusters.eu\/wp-content\/uploads\/2023\/12\/2023-Bird-laser-control.mp4<\/a><\/video><\/div><\/p>\n<p>Der Laser verf\u00fcgt \u00fcber starke 1000 Millimeter (mW) Strahlen in gr\u00fcner Farbe. Die Strahlen erzeugen verschiedene Muster, die in zuf\u00e4lliger Reihenfolge auftreten. Der Bird-X-Laser ist vorprogrammiert, um zu verhindern, dass sich Sch\u00e4dlinge an die st\u00e4ndige St\u00f6rung anpassen. Es besteht aus einem EIN\/AUS-Zyklus, einem 5-min\u00fctigen Laserstrahl-Anzeigezyklus, gefolgt von einer 5-min\u00fctigen Pause. Dieser Zyklus wird beibehalten, w\u00e4hrend der Bird-X-Laser arbeitet.<\/p>\n<p>Um die Lebensdauer des Ger\u00e4ts zu verl\u00e4ngern, lassen Sie das Ger\u00e4t nach 6\u20138 Stunden Betrieb 30 Minuten lang abk\u00fchlen.<\/p>\n<p>Die effektive Reichweite des Lasers h\u00e4ngt von der Umgebung ab: Er ist im Dunkeln besser sichtbar als im Licht, in einem relativ offenen Bereich besser sichtbar als an einem Ort, an dem viele Str\u00e4ucher oder B\u00e4ume die Strahlen blockieren, und so weiter. Die maximale Reichweite dieses Laserstrahls im Dunkeln betr\u00e4gt 300 Meter, die effektive Entfernung 100 m, die maximale Abdeckung betr\u00e4gt etwa 400 m2. Die Abdeckung hat die Form eines Kuchenst\u00fccks mit einer maximalen Ausbreitung von 30 Grad von der Mitte zu jeder Seite (insgesamt 60 Grad). Die Drehbewegung des Ger\u00e4ts erm\u00f6glicht eine Laserstrahlabdeckung von 120 Grad. Je nach Platzierung w\u00fcrde ein zweites Ger\u00e4t eine gr\u00f6\u00dfere synergistische Abdeckung bieten; Daher wird der Einsatz mehrerer Laser dringend empfohlen, insbesondere an Orten, an denen sich die V\u00f6gel \u00fcber einen l\u00e4ngeren Zeitraum aufhalten oder wenn der Bereich besonders attraktiv ist (Lebensmittellager). Das Ger\u00e4t ist feuchtigkeitsbest\u00e4ndig und eignet sich auch f\u00fcr den Einsatz in staubiger Umgebung.<\/p>\n","protected":false},"excerpt":{"rendered":"<p>Um V\u00f6gel von Ernte- oder Lebensmittellagern fernzuhalten, sollte zu ihrer Abwehr etwas verwendet werden, das sie nicht ertragen k\u00f6nnen. Dieser Vogelabwehrlaser wurde entwickelt, um Tauben, Spatzen, Schwalben und andere V\u00f6gel abzuschrecken.<\/p>\n","protected":false},"featured_media":11953,"template":"","meta":{"_themeisle_gutenberg_block_has_review":false},"product_brand":[],"product_cat":[99,90],"product_tag":[],"class_list":{"0":"post-11952","1":"product","2":"type-product","3":"status-publish","4":"has-post-thumbnail","6":"product_cat-vogellaser","7":"product_cat-vogelabwehrmittel","9":"first","10":"instock","11":"taxable","12":"shipping-taxable","13":"purchasable","14":"product-type-simple"},"_links":{"self":[{"href":"https:\/\/birdbusters.eu\/de\/wp-json\/wp\/v2\/product\/11952","targetHints":{"allow":["GET"]}}],"collection":[{"href":"https:\/\/birdbusters.eu\/de\/wp-json\/wp\/v2\/product"}],"about":[{"href":"https:\/\/birdbusters.eu\/de\/wp-json\/wp\/v2\/types\/product"}],"wp:featuredmedia":[{"embeddable":true,"href":"https:\/\/birdbusters.eu\/de\/wp-json\/wp\/v2\/media\/11953"}],"wp:attachment":[{"href":"https:\/\/birdbusters.eu\/de\/wp-json\/wp\/v2\/media?parent=11952"}],"wp:term":[{"taxonomy":"product_brand","embeddable":true,"href":"https:\/\/birdbusters.eu\/de\/wp-json\/wp\/v2\/product_brand?post=11952"},{"taxonomy":"product_cat","embeddable":true,"href":"https:\/\/birdbusters.eu\/de\/wp-json\/wp\/v2\/product_cat?post=11952"},{"taxonomy":"product_tag","embeddable":true,"href":"https:\/\/birdbusters.eu\/de\/wp-json\/wp\/v2\/product_tag?post=11952"}],"curies":[{"name":"wp","href":"https:\/\/api.w.org\/{rel}","templated":true}]}}