{"id":12081,"date":"2024-05-07T15:00:43","date_gmt":"2024-05-07T13:00:43","guid":{"rendered":"https:\/\/birdbusters.eu\/?post_type=product&#038;p=12081"},"modified":"2025-11-11T12:46:03","modified_gmt":"2025-11-11T11:46:03","slug":"vogelabwehrsystem-super-plus-copy","status":"publish","type":"product","link":"https:\/\/birdbusters.eu\/de\/produkt\/vogelabwehrsystem-super-plus-copy\/","title":{"rendered":"Vogelabwehrsystem Super Plus"},"content":{"rendered":"<h3><b>Vogelabwehrsystem zur Vogelvergr\u00e4mung<\/b><\/h3>\n<p><span style=\"font-weight: 400;\">Dieses akustische Vogelabwehrsystem imitiert Raubvogelrufe von Falken-, Adler- und Eulenarten. Diese Rufe signalisieren Gefahr und verursachen bei den V\u00f6geln einen Fluchtinstinkt.\u00a0<\/span><\/p>\n<p><span style=\"font-weight: 400;\">Au\u00dferdem ist das System mit superhellen LED-Lichtern ausgestattet, die im Dunkeln blinken.\u00a0\u00a0<\/span><\/p>\n<p><span style=\"font-weight: 400;\">Das Ger\u00e4t verf\u00fcgt \u00fcber einen eingebauten Lautsprecher und einen Bewegungsmelder. Durch die Verwendung in der Natur vorhandener Ger\u00e4usche und die gute Wiedergabequalit\u00e4t, klingt das Vogelabwehrger\u00e4t sehr realistisch. Die V\u00f6gel, die sie h\u00f6ren, assoziieren diese Ger\u00e4usche instinktiv mit einer bereits bekannten Gefahr und halten sich von der zu sch\u00fctzenden Fl\u00e4che fern.\u00a0<\/span><\/p>\n<p><span style=\"font-weight: 400;\">Das Vogelabwehrsystem verf\u00fcgt \u00fcber einen AUTO- und PIR-Modus, die je nach Schutzgebiet ausgew\u00e4hlt werden k\u00f6nnen. Wenn der Schalter im AUTO-Modus steht, kann ein Zeitintervall von 5-30 Minuten eingestellt werden, damit das Ger\u00e4t automatisch die Raubvogelger\u00e4usche aussendet.\u00a0<\/span><\/p>\n<p><span style=\"font-weight: 400;\">Der PIR-Modus ist zum Schutz kleinerer Bereiche geeignet. Im PIR-Modus registriert der eingebaute Bewegungsmelder V\u00f6gel und Tiere in einem Einsatzwinkel von 130\u00b0 und in einer Reichweite von circa 9 Meter. Sobald der PIR-Sensor Bewegungen erkennt, l\u00f6st er den Lautsprecher und LED-Lichtern aus und verjagt auf humane Art und Weise unterschiedliche V\u00f6gel und Tiere.\u00a0<\/span><\/p>\n<p><span style=\"font-weight: 400;\">Nachts, wenn die V\u00f6gel nicht aktiv sind, funktioniert der Bewegungsmelder nicht. Die Lautst\u00e4rke l\u00e4sst sich individuell einstellen: leise f\u00fcr ruhige Wohngegenden oder laut f\u00fcr den Einsatz im Garten.\u00a0<\/span><\/p>\n<p><span style=\"font-weight: 400;\">Das Ger\u00e4t kann mit Schrauben einfach an den Pfosten, Z\u00e4unen oder direkt an den B\u00e4umen angebracht werden. Der Ton ergibt eine nat\u00fcrliche Wiedergabe, so dass es nicht in der Wohnumgebung st\u00f6rt.\u00a0<\/span><\/p>\n<p><span style=\"font-weight: 400;\">Die Stromversorgung erfolgt \u00fcber 6 D-Batterien (Bitte extra bestellen) oder ein Netzteil. Der eingebaute 9 V Eingang erm\u00f6glicht den Anschluss des Systems an das Stromnetz. Ein Adapter ist als Zubeh\u00f6r erh\u00e4ltlich.\u00a0<\/span><\/p>\n<p><span style=\"font-weight: 400;\">Das Vogelabwehrsystem ist zur Vogelabwehr von Kr\u00e4hen, Amseln, Spatzen, Spechten, Tauben, Staren und anderen Schadv\u00f6geln geeignet.\u00a0<\/span><\/p>\n<p><b>Einsatzbereiche. <\/b><span style=\"font-weight: 400;\">Das witterungsbest\u00e4ndige Ger\u00e4t ist f\u00fcr den Au\u00dfenbetrieb geeignet und kann an vielf\u00e4ltigen Einsatzorten eingesetzt werden. Sowohl private G\u00e4rten, als auch kleine Plantage und Fischzuchtanlagen haben gute Erfahrungen mit diesem Ger\u00e4t gemacht. Andere Einsatzm\u00f6glichkeiten des Ger\u00e4ts sind Weinbau, Obstbau, Bauernh\u00f6fen, Marinas und andere Orte, an denen V\u00f6gel st\u00f6rend sind.\u00a0\u00a0<\/span><\/p>\n<h3><b>H\u00e4ufig gestellte Fragen<\/b><\/h3>\n<p><b><i>Welche Vogelarten kann das Vogelabwehrsystem vertreiben?\u00a0<\/i><\/b><\/p>\n<p><span style=\"font-weight: 400;\">Dieses Vogelabwehrsystem ist bei vielen Vogelarten zuverl\u00e4ssig. Zum Beispiel werden <\/span><span style=\"font-weight: 400;\">Kr\u00e4hen, Amseln, Spatzen, Spechten, Tauben und Staren<\/span><span style=\"font-weight: 400;\"> durch Raubvogelger\u00e4usche ferngehalten. <\/span><span style=\"font-weight: 400;\">\u00a0<\/span><\/p>\n<p><b><i>Wie funktioniert dieses Vogelabwehrsystem?<\/i><\/b><\/p>\n<p><span style=\"font-weight: 400;\">Das Ger\u00e4t verf\u00fcgt \u00fcber einen eingebauten Lautsprecher, LED-Lichter und einen Bewegungsmelder. Durch die Verwendung in der Natur vorhandener Ger\u00e4usche und die gute Wiedergabequalit\u00e4t, klingt das Vogelabwehrger\u00e4t sehr realistisch. Die V\u00f6gel, die sie h\u00f6ren, assoziieren diese Ger\u00e4usche instinktiv mit einer bereits bekannten Gefahr und halten sich von der zu sch\u00fctzenden Fl\u00e4che fern.\u00a0<\/span><\/p>\n<p><b><i>Ist das Vogelabwehrsystem wirksam?\u00a0<\/i><\/b><\/p>\n<p><span style=\"font-weight: 400;\">Ja, ohne Zweifel! Es ist unbestritten, dass dieses Vogelabwehrsystem Tauben und andere V\u00f6gel wirksam davon abh\u00e4lt, bestimmte Gebiete zu besuchen. V\u00f6gel assoziieren die Raubvogelger\u00e4usche instinktiv mit einer bereits bekannten Gefahr und halten sich von der zu sch\u00fctzenden Fl\u00e4che fern.\u00a0<\/span><\/p>\n<p><b><i>Wie effektiv ist dieses Vogelabwehrsystem im Vergleich zu anderen Abwehrma\u00dfnahmen?\u00a0<\/i><\/b><\/p>\n<p><span style=\"font-weight: 400;\">Als <a href=\"https:\/\/birdbusters.eu\/de\/Category\/vogelscheuchen\/akustische-vogelabwehr\/\">akustische Vogelabwehrmethode<\/a> haben sich dieses Vogelabwehrsystem als sehr effektiv herausgestellt.\u00a0<\/span><\/p>\n<p><span style=\"font-weight: 400;\">Im Vergleich zu anderen Abwehrma\u00dfnahmen belastet die Verwendung von dem Ger\u00e4t die Umwelt in keiner Weise. Das Ger\u00e4t vergr\u00e4mt V\u00f6gel \u00fcber gro\u00dfe Entfernungen und von gro\u00dfen Fl\u00e4chen.\u00a0<\/span><\/p>\n<p><span style=\"font-weight: 400;\">Au\u00dferdem ist das Ger\u00e4t f\u00fcr die V\u00f6gel unsch\u00e4dlich.<\/span><\/p>\n<p><b><i>K\u00f6nnen sich die V\u00f6gel an das Vogelabwehrsystem gew\u00f6hnen?\u00a0<\/i><\/b><\/p>\n<p><span style=\"font-weight: 400;\">Das Vogelabwehrger\u00e4t verwendet weitgehend bekannte Ger\u00e4usche, die die V\u00f6gel bereits kennen und die sie mit einer bereits bekannten Gefahr assoziieren. Die resultierende Fluchtreaktion ist kaum abzugew\u00f6hnen und bei klassischen Vogelabwehrwendungen sind keine Gew\u00f6hnungseffekte vorhanden.\u00a0<\/span><\/p>\n<h3><b>\u00dcber Bird Busters<\/b><\/h3>\n<p><span style=\"font-weight: 400;\">Wenn Sie Probleme mit unerw\u00fcnschten V\u00f6geln haben, wenden Sie sich an die Experten von Bird Busters. Wir bieten eine Reihe von umweltfreundlichen Produkten an, die Ihre l\u00e4stigen Probleme l\u00f6sen und alle zufrieden stellen.\u00a0<\/span><\/p>\n<p><span style=\"font-weight: 400;\">Unsere Mission ist es, Menschen dabei zu helfen, Ihren Garten oder Balkon, Ihre Obstb\u00e4ume oder Pflanzen vor V\u00f6gel zu sch\u00fctzen. Machen Sie sich gem\u00fctlich und sammeln Sie neue Ideen!<\/span><\/p>\n","protected":false},"excerpt":{"rendered":"<p><span style=\"font-weight: 400;\">Dieses akustische Vogelabwehrsystem ist eine umweltfreundliche und wirksame Methode f\u00fcr die Vogelbek\u00e4mpfung. Das Ger\u00e4t ist geeignet, um unerw\u00fcnschte V\u00f6gel von Farmen, Obstg\u00e4rten, G\u00e4rten oder anderen Grundst\u00fccken zu verscheuchen.\u00a0<\/span><\/p>\n<p><b>Reichweite: <\/b><span style=\"font-weight: 400;\">bis zu 4500 m<\/span><span style=\"font-weight: 400;\">2<\/span><\/p>\n<p><b>Ma\u00dfe: <\/b><span style=\"font-weight: 400;\">145 x 145 x 340<\/span><\/p>\n<p><b>Gewicht: <\/b><span style=\"font-weight: 400;\">860 g<\/span><\/p>\n[video width=\"700\" height=\"394\" mp4=\"https:\/\/birdbusters.eu\/wp-content\/uploads\/2021\/12\/Best-bird-deterrent-1-1.mp4\"][\/video]\n","protected":false},"featured_media":7490,"template":"","meta":{"_themeisle_gutenberg_block_has_review":false},"product_brand":[],"product_cat":[93],"product_tag":[],"class_list":{"0":"post-12081","1":"product","2":"type-product","3":"status-publish","4":"has-post-thumbnail","6":"product_cat-akustische-vogelabwehr","8":"first","9":"instock","10":"taxable","11":"shipping-taxable","12":"purchasable","13":"product-type-simple"},"_links":{"self":[{"href":"https:\/\/birdbusters.eu\/de\/wp-json\/wp\/v2\/product\/12081","targetHints":{"allow":["GET"]}}],"collection":[{"href":"https:\/\/birdbusters.eu\/de\/wp-json\/wp\/v2\/product"}],"about":[{"href":"https:\/\/birdbusters.eu\/de\/wp-json\/wp\/v2\/types\/product"}],"wp:featuredmedia":[{"embeddable":true,"href":"https:\/\/birdbusters.eu\/de\/wp-json\/wp\/v2\/media\/7490"}],"wp:attachment":[{"href":"https:\/\/birdbusters.eu\/de\/wp-json\/wp\/v2\/media?parent=12081"}],"wp:term":[{"taxonomy":"product_brand","embeddable":true,"href":"https:\/\/birdbusters.eu\/de\/wp-json\/wp\/v2\/product_brand?post=12081"},{"taxonomy":"product_cat","embeddable":true,"href":"https:\/\/birdbusters.eu\/de\/wp-json\/wp\/v2\/product_cat?post=12081"},{"taxonomy":"product_tag","embeddable":true,"href":"https:\/\/birdbusters.eu\/de\/wp-json\/wp\/v2\/product_tag?post=12081"}],"curies":[{"name":"wp","href":"https:\/\/api.w.org\/{rel}","templated":true}]}}