{"id":12943,"date":"2025-06-16T11:02:32","date_gmt":"2025-06-16T09:02:32","guid":{"rendered":"https:\/\/birdbusters.eu\/?post_type=product&#038;p=12943"},"modified":"2025-06-16T11:18:35","modified_gmt":"2025-06-16T09:18:35","slug":"drehbarer-bird-spider-12-m","status":"publish","type":"product","link":"https:\/\/birdbusters.eu\/de\/produkt\/drehbarer-bird-spider-12-m\/","title":{"rendered":"Drehbarer Bird Spider, 1,2 m"},"content":{"rendered":"<h3><b>Drehbarer Bird Spider zum Schutz gegen M\u00f6wen<\/b><\/h3>\n<p><span style=\"font-weight: 400;\">Dieser drehbare Bird Spider ist eine sehr gute M\u00f6glichkeit, M\u00f6wen, Tauben und sogar Kormorane von D\u00e4chern, Geb\u00e4uden und Booten fernzuhalten. Das System besteht aus einem zentralen Fu\u00df, dem drehbaren Stab und den feinen Spitzen die vom Wind bewegt sind. Die Bewegung st\u00f6rt die M\u00f6wen und hindert sie beim Landen.\u00a0<\/span><\/p>\n<p><b>Der Durchmesser <\/b><span style=\"font-weight: 400;\">der Vorrichtung betr\u00e4gt <\/span><b>1,2 m<\/b><span style=\"font-weight: 400;\">. Wenn Sie eine breitere Fl\u00e4che zu sch\u00fctzen haben, empfehlen wir die Installation von mehreren Spiders.<\/span><\/p>\n<p><span style=\"font-weight: 400;\">Die f\u00fcr die Vorrichtung verwendeten <strong>Materialien<\/strong> sind von hoher Qualit\u00e4t \u2013 die Stangen sind aus rostfreiem, langlebigem Edelstahl gefertigt und haben Kunststoffspitzen, dass den Spider f\u00fcr V\u00f6gel und Menschen harmlos macht.\u00a0<\/span><\/p>\n<p><b>Einsatzbereiche. <\/b><span style=\"font-weight: 400;\">Dank der erschwinglichen, flexiblen Konstruktion, kann dieses System auf fast jede ebene Oberfl\u00e4che installiert werden. <\/span><span style=\"font-weight: 400;\">Neben D\u00e4cher und Boote, kann der Spider dank seinem einzigartigen Design, das die Vorrichtung fast unsichtbar macht auch in allen Bereichen verwendet werden, in denen freie Sicht erforderlich ist.\u00a0<\/span><\/p>\n<p><b>Montage. <\/b><span style=\"font-weight: 400;\">Die Montage des Bird Spiders ist einfach. Der Fu\u00df l\u00e4sst sich mit 3 Schrauben verschrauben. Wenn Festschrauben aber nicht m\u00f6glich ist, haben wir eine <\/span><a href=\"https:\/\/birdbusters.eu\/de\/produkt\/strap-on-boat-base\/\"><span style=\"font-weight: 400;\">PVC-Basis<\/span><\/a><span style=\"font-weight: 400;\"> im Sortiment, die sich auf allen Fl\u00e4chen kleben l\u00e4sst. Auf dieser Basis kann das System geschraubt werden.\u00a0<\/span><\/p>\n<h3>H\u00e4ufig gestellte Fragen<\/h3>\n<p><b><i>Wie effektiv ist der Bird Spider im Vergleich zu anderen Abwehrma\u00dfnahmen?\u00a0<\/i><\/b><\/p>\n<p><span style=\"font-weight: 400;\">Dieses System hat die Aufgabe die M\u00f6wen, Seem\u00f6wen, Tauben und anderen V\u00f6gel am Landen auf D\u00e4chern oder baulichen Anlagen zu hindern. Als physische Vogelabwehrmethode, hat der Bird Spider sich als sehr effektiv herausgestellt.\u00a0<\/span><\/p>\n<p><span style=\"font-weight: 400;\">Im Vergleich zu anderen Abwehrma\u00dfnahmen, belastet der Einsatz von dem Bird Spider die Umwelt in keiner Weise. Die Spitzen bestehen aus Edelstahl und sind am Ende mit einem Gewicht versehen. Somit ist das System f\u00fcr die V\u00f6gel v\u00f6llig unsch\u00e4dlich. Im vergleich zu einigen anderen Abwehrsystemen ben\u00f6tigt der Bird Spider keine Energie. Er macht keinen L\u00e4rm und l\u00e4sst sich somit \u00fcberall, auch in dicht besiedelten Wohngebieten, einsetzen.\u00a0<\/span><\/p>\n<p><span style=\"font-weight: 400;\">Der Bird Spider ist rostfrei, dauerhaft und erfordert keine Wartung.\u00a0<\/span><\/p>\n<p><b><i>Wo kann ich den Bird Spider montieren?\u00a0<\/i><\/b><\/p>\n<p><span style=\"font-weight: 400;\">Der Bird Spider ist einfach zu installieren und kann \u00fcberall dort angebracht werden, wo man den Schutz vor l\u00e4stigen M\u00f6wen ben\u00f6tigt. Das System ist perfekt f\u00fcr Ihr Dach und Ihr Boot.\u00a0<\/span><\/p>\n<p><b><i>Wie befestigt man den Bird Spider?<\/i><\/b><span style=\"font-weight: 400;\">\u00a0<\/span><\/p>\n<p><span style=\"font-weight: 400;\">Der Bird Spider kann mit 3 Schrauben auf fast jede beliebige Oberfl\u00e4che geschraubt werden. Falls das Festschrauben nicht m\u00f6glich ist, haben wir eine <\/span><a href=\"https:\/\/birdbusters.eu\/de\/produkt\/strap-on-boat-base\/\"><span style=\"font-weight: 400;\">PVC-Basis<\/span><\/a><span style=\"font-weight: 400;\"> im Sortiment, die sich auf allen Fl\u00e4chen kleben l\u00e4sst. Auf dieser Basis kann der Bird Spider geschraubt werden.\u00a0<\/span><\/p>\n<p><span style=\"font-weight: 400;\">Vergewissern Sie sich beim Montieren, dass die Spitzen des Spiders \u00fcber die zu sch\u00fctzende Fl\u00e4che hinausragen. Wenn einer Bird Spider nicht ausreicht, installieren Sie zwei oder drei und achten Sie darauf die Spitzen des Spiders zu \u00fcberlappen, um die gesamte Fl\u00e4che abzudecken.\u00a0<\/span><\/p>\n<p><b><i>Ist der Bird Spider gef\u00e4hrlich?\u00a0<\/i><\/b><\/p>\n<p><span style=\"font-weight: 400;\">Der Bird Spider gilt zwar als humane Form der Vogelbek\u00e4mpfung und ist f\u00fcr die M\u00f6wen und andere V\u00f6gel v\u00f6llig unsch\u00e4dlich. Die Spitzen hindern die M\u00f6wen am Landen, ohne sie dabei zu verletzen oder zu t\u00f6ten.\u00a0\u00a0<\/span><\/p>\n<p><b><i>Wie bestelle ich?\u00a0<\/i><\/b><\/p>\n<p><span style=\"font-weight: 400;\">Legen Sie den Artikel in den Warenkorb. M\u00f6chten Sie die Anzahl ver\u00e4ndern oder einen Artikel L\u00f6schen, ist es nun m\u00f6glich dies zu tun. Ist der Inhalt des Warenkorbs f\u00fcr Sie in Ordnung, geben Sie alle geforderten Daten korrekt an und w\u00e4hlen Sie die Zahlungsmethode. Ist die Bestellung erfolgreich gewesen, erhalten Sie eine Best\u00e4tigung per E-Mail von uns.<\/span><\/p>\n<p><b><i>Kann ich meine Bestellung retournieren?\u00a0<\/i><\/b><\/p>\n<p><span style=\"font-weight: 400;\">Wenn Sie nicht mit dem Kauf zufrieden sind, haben Sie 14 Tage Zeit, um die bestellte Waren an uns zur\u00fcckzuschicken und wir erstatten den vollst\u00e4ndigen Kaufpreis.\u00a0<\/span><\/p>\n<p><iframe loading=\"lazy\" title=\"Birds Off Boats - Bird Spider Bird Deterrent\" width=\"500\" height=\"281\" src=\"https:\/\/www.youtube.com\/embed\/321UhUBkOEs?feature=oembed\" frameborder=\"0\" allow=\"accelerometer; autoplay; clipboard-write; encrypted-media; gyroscope; picture-in-picture; web-share\" referrerpolicy=\"strict-origin-when-cross-origin\" allowfullscreen><\/iframe><\/p>\n<p>&nbsp;<\/p>\n","protected":false},"excerpt":{"rendered":"<p><span style=\"font-weight: 400;\">Der drehbare Bird Spider ist eine wirksame und zuverl\u00e4ssige Methode, um M\u00f6wen von Ihrem Dach oder Ihrem Boot fernzuhalten. Diese Vorrichtung funktioniert auf praktisch jeder Oberfl\u00e4che und bietet 100%-igen Schutz vor unerw\u00fcnschten V\u00f6gel.\u00a0<\/span><\/p>\n<p><strong>Durchmesser<\/strong>: 1,2 m<\/p>\n<p><strong>Material<\/strong>: Edelstahl und Kunststoff<\/p>\n","protected":false},"featured_media":13060,"template":"","meta":{"_themeisle_gutenberg_block_has_review":false},"product_brand":[],"product_cat":[101,90],"product_tag":[],"class_list":{"0":"post-12943","1":"product","2":"type-product","3":"status-publish","4":"has-post-thumbnail","6":"product_cat-taubenspikes","7":"product_cat-vogelabwehrmittel","9":"first","10":"instock","11":"taxable","12":"shipping-taxable","13":"purchasable","14":"product-type-simple"},"_links":{"self":[{"href":"https:\/\/birdbusters.eu\/de\/wp-json\/wp\/v2\/product\/12943","targetHints":{"allow":["GET"]}}],"collection":[{"href":"https:\/\/birdbusters.eu\/de\/wp-json\/wp\/v2\/product"}],"about":[{"href":"https:\/\/birdbusters.eu\/de\/wp-json\/wp\/v2\/types\/product"}],"wp:featuredmedia":[{"embeddable":true,"href":"https:\/\/birdbusters.eu\/de\/wp-json\/wp\/v2\/media\/13060"}],"wp:attachment":[{"href":"https:\/\/birdbusters.eu\/de\/wp-json\/wp\/v2\/media?parent=12943"}],"wp:term":[{"taxonomy":"product_brand","embeddable":true,"href":"https:\/\/birdbusters.eu\/de\/wp-json\/wp\/v2\/product_brand?post=12943"},{"taxonomy":"product_cat","embeddable":true,"href":"https:\/\/birdbusters.eu\/de\/wp-json\/wp\/v2\/product_cat?post=12943"},{"taxonomy":"product_tag","embeddable":true,"href":"https:\/\/birdbusters.eu\/de\/wp-json\/wp\/v2\/product_tag?post=12943"}],"curies":[{"name":"wp","href":"https:\/\/api.w.org\/{rel}","templated":true}]}}