{"id":13162,"date":"2016-06-15T12:52:52","date_gmt":"2016-06-15T10:52:52","guid":{"rendered":"https:\/\/birdbusters.eu\/product\/bird-gard-super-pro-bird-repellent\/"},"modified":"2025-10-31T13:58:09","modified_gmt":"2025-10-31T12:58:09","slug":"sonic-vogelabwehrgeraet-birdgard-super-pro","status":"publish","type":"product","link":"https:\/\/birdbusters.eu\/de\/produkt\/sonic-vogelabwehrgeraet-birdgard-super-pro\/","title":{"rendered":"Sonic-Vogelabwehrger\u00e4t BirdGard Super Pro"},"content":{"rendered":"<h1>Sonic-Vogelabwehrger\u00e4t mit 4-Wege-Lautsprecher<\/h1>\n<p>Der BirdGard Super Pro ist ein leistungsstarkes Sonic-Vogelabwehrger\u00e4t, das f\u00fcr gro\u00dffl\u00e4chige Vogel- und Wildtierabwehr konzipiert ist und eine Abdeckung von Fl\u00e4chen bis zu 2,4 Hektar (etwa 6 Acres) bietet. Dieses Ger\u00e4t ist ideal zum Schutz von Agrarfl\u00e4chen, Industriegel\u00e4nden, Fischzuchtanlagen und anderen Au\u00dfenbereichen, in denen V\u00f6gel und andere Tiere eine Bedrohung darstellen. Ausgestattet mit einem robusten Verst\u00e4rker und einem 4-Wege-Lautsprecher ist der BirdGard Super Pro ein hocheffektives Vogelabwehrger\u00e4t, das nat\u00fcrliche Kl\u00e4nge verwendet, um V\u00f6gel zu vertreiben.<\/p>\n<h2>Hauptmerkmale<\/h2>\n<ul>\n<li><strong>Deckt bis zu 2,4 Hektar ab:<\/strong> Der BirdGard Super Pro kann gro\u00dfe Fl\u00e4chen abdecken. Der leistungsstarke 4-Wege-Lautsprecher gew\u00e4hrleistet eine gro\u00dfe Reichweite und ist in der Lage, V\u00f6gel \u00fcber 2,4 Hektar (etwa 6 Acres) abzuschrecken.<\/li>\n<li><strong>Anpassbare Vogelabwehr:<\/strong> Das Ger\u00e4t spielt vorab aufgezeichnete Vogel-Angst- und Raubvogelrufe in unregelm\u00e4\u00dfigen Abst\u00e4nden ab. Sie k\u00f6nnen das System so anpassen, dass es die Angst-, Warn- und Panikschreie eines bestimmten Vogels abspielt. Die Kl\u00e4nge sind auf einem Mikrochip vorab aufgezeichnet. Bitte geben Sie bei der Bestellung an, welchen Vogel Sie abwehren m\u00f6chten, damit wir sicherstellen k\u00f6nnen, dass die richtige Soundkarte enthalten ist.<\/li>\n<li><strong>Vermeidet Gew\u00f6hnung:<\/strong> Um zu verhindern, dass sich V\u00f6gel an die Kl\u00e4nge gew\u00f6hnen, bietet der BirdGard Super Pro einstellbare Optionen zur \u00c4nderung des Wiedergabeintervalls, der Kl\u00e4nge und der Muster.<\/li>\n<li><strong>Wetterfestes Design:<\/strong> Der BirdGard Super Pro ist f\u00fcr die Installation im Freien in jedem Klima geeignet.<\/li>\n<li><strong>Einfache Installation:<\/strong> Das Sonic-Vogelabwehrger\u00e4t ist f\u00fcr die bequeme Montage an einer Stange mit einem Durchmesser von bis zu 27 mm konzipiert (die Stange ist nicht im Lieferumfang enthalten). Ob Sie in einem Weinberg, auf einem Bauernhof oder in einer Industrieanlage arbeiten, der BirdGard Super Pro PA4 l\u00e4sst sich einfach aufstellen und sofort einsetzen.<\/li>\n<\/ul>\n<h2>Funktionsweise<\/h2>\n<p>Der BirdGard Super Pro gibt Kl\u00e4nge ab, die die nat\u00fcrlichen Angst- und Raubvogelrufe bestimmter V\u00f6gel nachahmen. Diese Kl\u00e4nge l\u00f6sen bei den Zielarten einen Fluchtinstinkt aus und veranlassen sie, den gesch\u00fctzten Bereich zu verlassen. Das Sonic-Vogelabwehrger\u00e4t ist ideal zur Vertreibung von Staren, Singdrosseln, Amseln, Saatkr\u00e4hen, Dohlen und Greifv\u00f6geln wie Habichten und Wanderfalken.<\/p>\n<h2>Bedienungsanleitung<\/h2>\n<h2>H\u00e4ufig gestellte Fragen<\/h2>\n<p><strong>Wof\u00fcr wird das Sonic-Vogelabwehrger\u00e4t verwendet?<\/strong> Der BirdGard Super Pro ist ein Sonic-Vogelabwehrger\u00e4t, das f\u00fcr gro\u00dffl\u00e4chige Vogel- und Wildtierabwehr konzipiert ist. Es ist effektiv zum Schutz von Bereichen wie Agrarfl\u00e4chen, Industriegel\u00e4nden, Fischzuchtanlagen und anderen Au\u00dfenbereichen vor V\u00f6geln und anderen Wildtieren.<\/p>\n<p><strong>Wie gro\u00df ist die Fl\u00e4che, die das Ger\u00e4t abdecken kann?<\/strong> Das BirdGard Super Pro Ger\u00e4t deckt Fl\u00e4chen von bis zu 2,4 Hektar (etwa 6 Acres) mit seinem leistungsstarken 4-Wege-Lautsprechersystem ab. Dies macht es ideal f\u00fcr gro\u00dfe Grundst\u00fccke oder Bereiche, die eine umfangreiche Vogelabwehr ben\u00f6tigen.<\/p>\n<p><strong>Wie funktioniert das Sonic-Vogelabwehrger\u00e4t?<\/strong> Das Ger\u00e4t sendet nat\u00fcrliche Vogel-Angstschreie und Raubvogelrufe in unregelm\u00e4\u00dfigen Abst\u00e4nden aus. Diese Kl\u00e4nge l\u00f6sen bei den Zielv\u00f6geln einen Fluchtinstinkt aus und veranlassen sie, den Bereich zu verlassen, wodurch sie effektiv ferngehalten werden, ohne Schaden zu verursachen.<\/p>\n<p><strong>Welche Vogelarten bek\u00e4mpft das Vogelabwehrger\u00e4t?<\/strong> Das BirdGard Super Pro Abwehrger\u00e4t ist wirksam bei der Abschreckung verschiedener Vogelarten, darunter Stare, Singdrosseln, Amseln, Saatkr\u00e4hen, Dohlen und Greifv\u00f6gel wie Habichte und Wanderfalken. Der Sound-Chip kann je nach Bedarf angepasst werden, um bestimmte V\u00f6gel gezielt abzuwehren.<\/p>\n<p><strong>K\u00f6nnen sich V\u00f6gel an die vom Abwehrger\u00e4t ausgesendeten Kl\u00e4nge gew\u00f6hnen?<\/strong> Um Gew\u00f6hnung zu vermeiden, verf\u00fcgt das BirdGard Super Pro Abwehrger\u00e4t \u00fcber einstellbare Einstellungen, die die Wiedergabeintervalle, Kl\u00e4nge und Muster \u00e4ndern. Dies hilft sicherzustellen, dass sich V\u00f6gel nicht an die Kl\u00e4nge gew\u00f6hnen.<\/p>\n","protected":false},"excerpt":{"rendered":"<p>Sonic-Vogelabwehrger\u00e4t Bird Gard Super Pro mit 4-Wege-Lautsprecher vertreibt V\u00f6gel durch das Aussenden einer Vielzahl von Vogelrufen und Angstschreien, die aus der Natur aufgezeichnet wurden. Sch\u00fctzt bis zu 2,4 Hektar (24.000 m\u00b2).<\/p>\n<p>Abmessungen: 23 x 20,5 x 13 cm<\/p>\n<p>Gewicht: 3,2 kg<\/p>\n<p>Hergestellt in den USA<\/p>\n<p>https:\/\/youtu.be\/rBnHY4xFQBo<\/p>\n<p>&nbsp;<\/p>\n","protected":false},"featured_media":10683,"template":"","meta":{"_themeisle_gutenberg_block_has_review":false,"rank_math_focus_keyword":"sonic bird repeller","rank_math_title":"Effective Sonic Bird Repeller | BIRD BUSTERS","rank_math_description":"This sonic bird repeller keeps unwanted birds away from your property by using various sound effects and bird calls. Click to learn more and shop! ","rank_math_canonical_url":"","rank_math_facebook_title":"","rank_math_facebook_description":"","rank_math_facebook_image":"","rank_math_twitter_title":"","rank_math_twitter_description":"","rank_math_twitter_image":"","rank_math_schema_FAQPage":[]},"product_brand":[],"product_cat":[93,88],"product_tag":[],"class_list":{"0":"post-13162","1":"product","2":"type-product","3":"status-publish","4":"has-post-thumbnail","6":"product_cat-akustische-vogelabwehr","7":"product_cat-vogelschreck","9":"first","10":"onbackorder","11":"taxable","12":"shipping-taxable","13":"purchasable","14":"product-type-simple"},"_links":{"self":[{"href":"https:\/\/birdbusters.eu\/de\/wp-json\/wp\/v2\/product\/13162","targetHints":{"allow":["GET"]}}],"collection":[{"href":"https:\/\/birdbusters.eu\/de\/wp-json\/wp\/v2\/product"}],"about":[{"href":"https:\/\/birdbusters.eu\/de\/wp-json\/wp\/v2\/types\/product"}],"wp:featuredmedia":[{"embeddable":true,"href":"https:\/\/birdbusters.eu\/de\/wp-json\/wp\/v2\/media\/10683"}],"wp:attachment":[{"href":"https:\/\/birdbusters.eu\/de\/wp-json\/wp\/v2\/media?parent=13162"}],"wp:term":[{"taxonomy":"product_brand","embeddable":true,"href":"https:\/\/birdbusters.eu\/de\/wp-json\/wp\/v2\/product_brand?post=13162"},{"taxonomy":"product_cat","embeddable":true,"href":"https:\/\/birdbusters.eu\/de\/wp-json\/wp\/v2\/product_cat?post=13162"},{"taxonomy":"product_tag","embeddable":true,"href":"https:\/\/birdbusters.eu\/de\/wp-json\/wp\/v2\/product_tag?post=13162"}],"curies":[{"name":"wp","href":"https:\/\/api.w.org\/{rel}","templated":true}]}}