{"id":13773,"date":"2025-08-11T10:17:38","date_gmt":"2025-08-11T08:17:38","guid":{"rendered":"https:\/\/birdbusters.eu\/product\/sandbag-for-seagull-repellent-daddi-long-legs\/"},"modified":"2026-02-25T15:46:45","modified_gmt":"2026-02-25T14:46:45","slug":"sandbag-fuer-moewenabwehrgeraet","status":"publish","type":"product","link":"https:\/\/birdbusters.eu\/de\/produkt\/sandbag-fuer-moewenabwehrgeraet\/","title":{"rendered":"Sandbag f\u00fcr M\u00f6wenabwehrger\u00e4t"},"content":{"rendered":"<p>Der Sandsack bietet eine dauerhafte Basis f\u00fcr das Vogelabwehrger\u00e4t, ganz ohne Kleben oder Bohren. Er besteht aus wetterbest\u00e4ndigem Polyester, das f\u00fcr den Au\u00dfeneinsatz besonders robust ist. Auf der R\u00fcckseite befindet sich ein Polyesterstreifen mit Gummierung, um Kratzer am Boot zu verhindern. Der Sack l\u00e4sst sich leicht mit Sand f\u00fcllen und bleibt, einmal gef\u00fcllt, auch bei windigen Bedingungen stabil.<br \/>\nZwei Kunststoffgriffe und die mitgelieferten Edelstahlschrauben M4 x 12 mm erm\u00f6glichen eine schnelle Montage.<br \/>\nSeitliche Griffe bieten zus\u00e4tzliche Befestigungsm\u00f6glichkeiten mit Seilen oder Gummiseilen.<\/p>\n","protected":false},"excerpt":{"rendered":"<p>Der Sandsack erm\u00f6glicht die Nutzung des Vogelabwehrger\u00e4ts \u201eDaddi Long Legs\u201c \u00fcberall dort, wo Vogelprobleme auftreten und Mobilit\u00e4t wichtig ist: auf Yachten und Booten, an Stegen und Docks, an Schornsteinen und L\u00fcftungsausl\u00e4ssen auf D\u00e4chern \u2013 und warum nicht sogar auf Autod\u00e4chern?<br \/>\nEin wetterfester Sandsack aus robustem Polyester, der die Stabilit\u00e4t des Vogelabwehrger\u00e4ts auch bei windigen Bedingungen gew\u00e4hrleistet.<\/p>\n","protected":false},"featured_media":13781,"template":"","meta":{"_themeisle_gutenberg_block_has_review":false},"product_brand":[],"product_cat":[101],"product_tag":[],"class_list":{"0":"post-13773","1":"product","2":"type-product","3":"status-publish","4":"has-post-thumbnail","6":"product_cat-taubenspikes","8":"first","9":"instock","10":"taxable","11":"shipping-taxable","12":"purchasable","13":"product-type-simple"},"_links":{"self":[{"href":"https:\/\/birdbusters.eu\/de\/wp-json\/wp\/v2\/product\/13773","targetHints":{"allow":["GET"]}}],"collection":[{"href":"https:\/\/birdbusters.eu\/de\/wp-json\/wp\/v2\/product"}],"about":[{"href":"https:\/\/birdbusters.eu\/de\/wp-json\/wp\/v2\/types\/product"}],"wp:featuredmedia":[{"embeddable":true,"href":"https:\/\/birdbusters.eu\/de\/wp-json\/wp\/v2\/media\/13781"}],"wp:attachment":[{"href":"https:\/\/birdbusters.eu\/de\/wp-json\/wp\/v2\/media?parent=13773"}],"wp:term":[{"taxonomy":"product_brand","embeddable":true,"href":"https:\/\/birdbusters.eu\/de\/wp-json\/wp\/v2\/product_brand?post=13773"},{"taxonomy":"product_cat","embeddable":true,"href":"https:\/\/birdbusters.eu\/de\/wp-json\/wp\/v2\/product_cat?post=13773"},{"taxonomy":"product_tag","embeddable":true,"href":"https:\/\/birdbusters.eu\/de\/wp-json\/wp\/v2\/product_tag?post=13773"}],"curies":[{"name":"wp","href":"https:\/\/api.w.org\/{rel}","templated":true}]}}