{"id":4238,"date":"2020-08-15T09:15:13","date_gmt":"2020-08-15T07:15:13","guid":{"rendered":"https:\/\/birdbusters.eu\/product\/black-bird-scare-ball\/"},"modified":"2025-07-15T13:28:33","modified_gmt":"2025-07-15T11:28:33","slug":"schwarze-kugelfoermige-vogelscheuche","status":"publish","type":"product","link":"https:\/\/birdbusters.eu\/de\/produkt\/schwarze-kugelfoermige-vogelscheuche\/","title":{"rendered":"Schwarzer Vogelschreck Ballon"},"content":{"rendered":"<h3>Schwarzer Vogelschreck Ballon zur Vogelabwehr<\/h3>\n<p><span style=\"font-weight: 400;\">Dieser preiswerte Vogelabwehrballon ist eine erschwingliche und wirksame Option, um l\u00e4stige V\u00f6gel fernzuhalten. Der 50 cm gro\u00dfe, aufblasbare Ballon aus PVC l\u00f6st bei den meisten Vogelarten einen nat\u00fcrlichen und angeborenen Angstreflex aus, da seine silbern gl\u00e4nzende Aufkleber Raubvogelaugen imitieren und die reflektierende Flatterb\u00e4nder ein Lichtspiel ausstrahlen, wenn sie vom Wind bewegt werden.\u00a0<\/span><\/p>\n<p><span style=\"font-weight: 400;\">Mit Hilfe einer Stange ist der Ballon in Kleing\u00e4rten, bei Obstb\u00e4umen und Beerenstr\u00e4uchern oder \u00fcber den Weinreben effektiv einsetzbar. <\/span><span style=\"font-weight: 400;\">In Marinas kann er in dem Mast oder auf einer Stange eingesetzt werden, wo er das Landen von V\u00f6gel verhindert.\u00a0<\/span><\/p>\n<p><span style=\"font-weight: 400;\">Der Ballon sollte \u00fcber dem zu sch\u00fctzenden Bereich so aufgeh\u00e4ngt werden, da\u00df er auch auf gro\u00dfe Entfernung f\u00fcr V\u00f6gel sichtbar ist.\u00a0<\/span><\/p>\n<p><span style=\"font-weight: 400;\">Der Vogelabwehrballon <\/span><b>verscheucht <\/b><span style=\"font-weight: 400;\">Spatzen, Tauben, Amseln, Kr\u00e4hen, M\u00f6wen und viele weitere V\u00f6gel.\u00a0<\/span><\/p>\n<p><span style=\"font-weight: 400;\">Das Problem bei dem Vogelschreck Ballon, der zur <\/span><a href=\"https:\/\/birdbusters.eu\/de\/Category\/visuelle-vogelabschreckungen\/\"><span style=\"font-weight: 400;\">optischen Vogelabwehr<\/span><\/a><span style=\"font-weight: 400;\"> von Kleinfl\u00e4chen rund um ihn dient, kann der Gew\u00f6hnungseffekt sein, der bei den V\u00f6geln nach einer gewissen Zeit einsetzt. Irgendwann k\u00f6nnen die V\u00f6gel erkennen, dass keine Gefahr von dem Ballon ausgeht und kehren zur\u00fcck. Um den Gew\u00f6hnungseffekt ausschlie\u00dfen, ist es empfehlenswert den Aufstellort regelm\u00e4\u00dfig zu wechseln.\u00a0<\/span><\/p>\n<p><b>Einsatzbereiche: <\/b><span style=\"font-weight: 400;\">Der Ballon ist ein vielseitiges Hilfsmittel, das in verschiedenen Bereichen eingesetzt werden kann. Er eignet sich besonders gut f\u00fcr Obst-, Wein-, Acker und Gem\u00fcsebau, Stallanlagen, Marinas sowie f\u00fcr heimischen G\u00e4rten und H\u00f6fe. Um gr\u00f6\u00dfere Gebiete abzudecken, k\u00f6nnen gleichzeitig mehrere Ballons aufgeh\u00e4ngt werden. Schwarzer Vogelschreck Ballon kann auch in der Kombination mit <\/span><a href=\"https:\/\/birdbusters.eu\/de\/produkt\/gelbe-kugelfoermige-vogelscheuche\/\"><span style=\"font-weight: 400;\">gelben <\/span><\/a><span style=\"font-weight: 400;\">und <\/span><a href=\"https:\/\/birdbusters.eu\/de\/produkt\/weise-kugelformige-vogelscheuche\/\"><span style=\"font-weight: 400;\">wei\u00dfen Ballons<\/span><\/a><span style=\"font-weight: 400;\"> verwendet werden.\u00a0<\/span><\/p>\n<p><span style=\"font-weight: 400;\">Jeder Ballon hat einen Wirkradius von bis zu 20 m.\u00a0<\/span><\/p>\n<p><span style=\"font-weight: 400;\">Der Ballon wird am besten mit normaler Luft bef\u00fcllt da er f\u00fcr die F\u00fcllung mit Helium nicht geeignet ist.\u00a0<\/span><\/p>\n<h3><b>H\u00e4ufig gestellte Fragen<\/b><\/h3>\n<p><b><i>Welche Vogelarten vertreibt schwarzer Vogelschreck Ballon?\u00a0<\/i><\/b><\/p>\n<p><span style=\"font-weight: 400;\">Der Ballon ist eine ideale Vogelabschreckung f\u00fcr Tauben, Kr\u00e4hen, M\u00f6wen, Spatzen und viele andere Vogelarten. Dank seiner<\/span><span style=\"font-weight: 400;\"> Gr\u00f6<\/span><span style=\"font-weight: 400;\">\u00dfe und Farbe<\/span><span style=\"font-weight: 400;\">, seiner reflektierenden Eigenschaften sowie seiner st\u00e4ndigen Bewegung in der Luft, sind die meisten Vogelarten von dieser Vogelscheuche beeindruckt.\u00a0<\/span><\/p>\n<p><b><i>Wirkt der Ballon auch bei Windstille?\u00a0<\/i><\/b><\/p>\n<p><span style=\"font-weight: 400;\">Bei Windstille haben die bedrohlichen Augen eines Raubvogels und die reflektierende Eigenschaften des Ballons eine einsch\u00fcchternde Wirkung. Um einen reflektierenden Effekt des silbernen Aufklebers und der Flatterb\u00e4ndern zu schaffen, sollte der Ballon im Tageslicht und nicht unter dichtbewachsenen B\u00e4umen aufgeh\u00e4ngt werden.\u00a0<\/span><\/p>\n<p><b><i>Werden sich die V\u00f6gel an dem Ballon gew\u00f6hnen?<\/i><\/b><\/p>\n<p><span style=\"font-weight: 400;\">Obwohl der Ballon eine wirksame Weise V\u00f6gel zu vertreiben ist, sollte man diese Vogelscheuche regelm\u00e4\u00dfig umstellen, damit es nicht zu einem Gew\u00f6hnungseffekt bei den V\u00f6geln kommt.\u00a0<\/span><\/p>\n<p><b><i>Wieviele Ballons ben\u00f6tige ich?\u00a0<\/i><\/b><\/p>\n<p><span style=\"font-weight: 400;\">Die ben\u00f6tigte Zahl der Ballons h\u00e4ngt vom Einsatzbereich ab. Auf freier Fl\u00e4che kann einer Ballon einen Wirkradius von bis zu 20 m haben. Beim Einsatz im Garten oder in den Wohngebieten verringert sich aber der Wirkungskreis.\u00a0<\/span><\/p>\n<p><span style=\"font-weight: 400;\">Bei der Installation von Ballons sollte man immer darauf achten, da\u00df sie einen \u201cl\u00fcckenlosen\u201d Schutz bieten. Zum Beispiel, wenn nur ein Ballon seitlich des Baumes aufgeh\u00e4ngt wird, fliegen die V\u00f6gel den Baum von der Seite an, wo der Ballon nicht sichtbar ist. Die Ballons sollten auch nicht zu weit oben installiert werden da die V\u00f6gel sonst den Baum von unten anfliegen.\u00a0<\/span><\/p>\n<p><b><i>Wie effektiv ist der Ballon im Vergleich zu anderen Abwehrma\u00dfnahmen?\u00a0<\/i><\/b><\/p>\n<p><span style=\"font-weight: 400;\">Der Ballon hat die Aufgabe den V\u00f6gel durch seines erschreckende Aussehen und die st\u00e4ndige Bewegung vergr\u00e4men. Als optische Vogelabwehrmethode hat der Ballon sich als sehr effektiv herausgestellt.\u00a0<\/span><\/p>\n<p><span style=\"font-weight: 400;\">Im Vergleich zu anderen Abwehrma\u00dfnahmen, belastet der Einsatz von dem Ballon die Umwelt in keiner Weise. Er ben\u00f6tigt keine Energie, macht keinen L\u00e4rm und l\u00e4sst sich \u00fcberall einsetzen. Au\u00dferdem ist der Ballon f\u00fcr die V\u00f6gel v\u00f6llig unsch\u00e4dlich.<\/span><\/p>\n<p class=\"Standard\" style=\"line-height: normal; margin: 12.0pt 0cm 12.0pt 0cm;\">\n","protected":false},"excerpt":{"rendered":"<p><span style=\"font-weight: 400;\">Schwarzer Vogelschreck Ballon ist eine hervorragende und kosteng\u00fcnstige L\u00f6sung, um unerw\u00fcnschte V\u00f6gel von Balkonen, Terrassen, G\u00e4rten, Obstb\u00e4umen und Yachten fernzuhalten. Die reflektierenden, silbernen Aufkleber auf dem Ballon, die gl\u00e4nzende Raubvogelaugen imitieren, sowie die Flatterb\u00e4nder am unteren Ballonrand sorgen f\u00fcr eine wirksame Vogelabwehr.\u00a0\u00a0<\/span><\/p>\n<p><b>Durchmesser: <\/b><span style=\"font-weight: 400;\">50 cm<\/span><\/p>\n<p><b>Gewicht: <\/b><span style=\"font-weight: 400;\">130 g<\/span><\/p>\n","protected":false},"featured_media":4239,"template":"","meta":{"_themeisle_gutenberg_block_has_review":false},"product_brand":[],"product_cat":[89,88],"product_tag":[],"class_list":{"0":"post-4238","1":"product","2":"type-product","3":"status-publish","4":"has-post-thumbnail","6":"product_cat-visuelle-vogelabschreckungen","7":"product_cat-vogelschreck","9":"first","10":"instock","11":"taxable","12":"shipping-taxable","13":"purchasable","14":"product-type-simple"},"_links":{"self":[{"href":"https:\/\/birdbusters.eu\/de\/wp-json\/wp\/v2\/product\/4238","targetHints":{"allow":["GET"]}}],"collection":[{"href":"https:\/\/birdbusters.eu\/de\/wp-json\/wp\/v2\/product"}],"about":[{"href":"https:\/\/birdbusters.eu\/de\/wp-json\/wp\/v2\/types\/product"}],"wp:featuredmedia":[{"embeddable":true,"href":"https:\/\/birdbusters.eu\/de\/wp-json\/wp\/v2\/media\/4239"}],"wp:attachment":[{"href":"https:\/\/birdbusters.eu\/de\/wp-json\/wp\/v2\/media?parent=4238"}],"wp:term":[{"taxonomy":"product_brand","embeddable":true,"href":"https:\/\/birdbusters.eu\/de\/wp-json\/wp\/v2\/product_brand?post=4238"},{"taxonomy":"product_cat","embeddable":true,"href":"https:\/\/birdbusters.eu\/de\/wp-json\/wp\/v2\/product_cat?post=4238"},{"taxonomy":"product_tag","embeddable":true,"href":"https:\/\/birdbusters.eu\/de\/wp-json\/wp\/v2\/product_tag?post=4238"}],"curies":[{"name":"wp","href":"https:\/\/api.w.org\/{rel}","templated":true}]}}