{"id":4304,"date":"2020-08-15T09:05:27","date_gmt":"2020-08-15T07:05:27","guid":{"rendered":"https:\/\/birdbusters.eu\/product\/yellow-bird-scare-ball\/"},"modified":"2025-09-10T12:03:32","modified_gmt":"2025-09-10T10:03:32","slug":"gelbe-kugelfoermige-vogelscheuche","status":"publish","type":"product","link":"https:\/\/birdbusters.eu\/de\/produkt\/gelbe-kugelfoermige-vogelscheuche\/","title":{"rendered":"Gelber Vogelschreck Ballon"},"content":{"rendered":"<h3>Gelber Vogelschreck Ballon zur Vogelabwehr<\/h3>\n<p><span style=\"font-weight: 400;\">Dieser kosteng\u00fcnstige Vogelabwehrballon ist ein erschwingliches und wirksames Mittel, Um Ihre Pflanzen und B\u00e4ume vor Vogelsch\u00e4den zu sch\u00fctzen. Der 50 cm gro\u00dfe, aufblasbare PVC-Ballon mit seinen silbernen, gl\u00e4nzenden Aufkleber, die Raubvogelaugen nachahmen l\u00f6st bei den meisten Vogelarten einen nat\u00fcrlichen und angeborenen Angstreflex aus. Zus\u00e4tzlich hat der Ballon die reflektierende Flatterb\u00e4nder, die ein Lichtspiel ausstrahlen, wenn sie vom Wind bewegt werden.\u00a0<\/span><\/p>\n<p><span style=\"font-weight: 400;\">Mit Hilfe einer Stange kann der Ballon in Kleing\u00e4rten, bei Obstb\u00e4umen und Beerenstr\u00e4uchern oder \u00fcber den Weinreben eingesetzt werden. <\/span><span style=\"font-weight: 400;\">In Marinas kann er an einem Mast oder auf einer Stange aufgeh\u00e4ngt werden, wo er das Landen von V\u00f6gel verhindert. <\/span><span style=\"font-weight: 400;\">Achten Sie bei der Installation des Ballons darauf, da\u00df er auch auf gro\u00dfe Entfernung f\u00fcr V\u00f6gel sichtbar ist.\u00a0<\/span><\/p>\n<p><span style=\"font-weight: 400;\">Der Vogelabwehrballon <\/span><b>verscheucht <\/b><span style=\"font-weight: 400;\">Spatzen, Tauben, Amseln, Kr\u00e4hen, M\u00f6wen und viele weitere V\u00f6gel.\u00a0<\/span><\/p>\n<p><span style=\"font-weight: 400;\">Bei der Vogelschreck Ballon, der zur <\/span><a href=\"https:\/\/birdbusters.eu\/de\/Category\/visuelle-vogelabschreckungen\/\"><span style=\"font-weight: 400;\">optischen Vogelabwehr<\/span><\/a><span style=\"font-weight: 400;\"> dient, kann nach einer gewissen Zeit der Gew\u00f6hnungseffekt einsetzten. Es bedeutet, dass die V\u00f6gel erkennen, dass keine Gefahr von dem Ballon ausgeht und kehren zur\u00fcck. Um den Gew\u00f6hnungseffekt bei den V\u00f6gel zu vermindern, erweist es sich, den Aufstellort des Ballons regelm\u00e4\u00dfig zu wechseln.\u00a0<\/span><\/p>\n<p><b>Einsatzbereiche: <\/b><span style=\"font-weight: 400;\">Der Ballon ist ein vielseitiges Abwehrmittel, das in verschiedenen Bereichen eingesetzt werden kann. Er eignet sich besonders gut f\u00fcr Obst-, Wein-, Acker und Gem\u00fcsebau, Stallanlagen, Marinas sowie f\u00fcr heimischen G\u00e4rten und H\u00f6fe. Um gr\u00f6\u00dfere Fl\u00e4che abzudecken, k\u00f6nnen Sie gleichzeitig mehrere Ballons verwenden. Gelber Vogelschreck Ballon sollte f\u00fcr das beste Ergebnis mit <\/span><a href=\"https:\/\/birdbusters.eu\/de\/produkt\/schwarze-kugelfoermige-vogelscheuche\/\"><span style=\"font-weight: 400;\">schwarzen<\/span><\/a><span style=\"font-weight: 400;\"> und <\/span><a href=\"https:\/\/birdbusters.eu\/de\/produkt\/weise-kugelformige-vogelscheuche\/\"><span style=\"font-weight: 400;\">wei\u00dfen Ballons<\/span><\/a><span style=\"font-weight: 400;\"> kombiniert werden.\u00a0<\/span><\/p>\n<p><span style=\"font-weight: 400;\">Jeder Ballon hat einen Wirkradius von bis zu 20 m.\u00a0<\/span><\/p>\n<p><span style=\"font-weight: 400;\">Der Ballon wird am besten mit normaler Luft bef\u00fcllt da er f\u00fcr die F\u00fcllung mit Helium nicht geeignet ist.\u00a0<\/span><\/p>\n<h3><b>H\u00e4ufig gestellte Fragen<\/b><\/h3>\n<p><b><i>Welche Vogelarten vertreibt gelber Vogelschreck Ballon?\u00a0<\/i><\/b><\/p>\n<p><span style=\"font-weight: 400;\">Der Ballon ist eine gro\u00dfartige Vogelabschreckung f\u00fcr Tauben, Kr\u00e4hen, M\u00f6wen, Spatzen und viele andere Vogelarten. Seine<\/span><span style=\"font-weight: 400;\"> Gr\u00f6<\/span><span style=\"font-weight: 400;\">\u00dfe, leuchtende Farbe<\/span><span style=\"font-weight: 400;\"> und reflektierende Eigenschaften sowie seine st\u00e4ndige Bewegung in der Luft, lassen den Ballon f\u00fcr die meisten V\u00f6gel sehr gef\u00e4hrlich erscheinen.\u00a0<\/span><\/p>\n<p><b><i>Wirkt der Ballon auch bei Windstille?\u00a0<\/i><\/b><\/p>\n<p><span style=\"font-weight: 400;\">Bei Windstille haben die bedrohlichen Augen eines Raubvogels und die reflektierende Eigenschaften des Ballons eine einsch\u00fcchternde Wirkung. Um einen reflektierenden Effekt des silbernen Aufklebers und der Flatterb\u00e4ndern zu schaffen, sollte der Ballon im Tageslicht und nicht unter dichtbewachsenen B\u00e4umen aufgeh\u00e4ngt werden.\u00a0<\/span><\/p>\n<p><b><i>Werden sich die V\u00f6gel an dem Ballon gew\u00f6hnen?<\/i><\/b><\/p>\n<p><span style=\"font-weight: 400;\">Gelber Vogelschreck Ballon ist ein wirksames Mittel, um V\u00f6gel zu verscheuchen aber um zu verhindern, dass sie sich daran gew\u00f6hnen, sollte man diese Vogelscheuche regelm\u00e4\u00dfig umstellen.\u00a0<\/span><\/p>\n<p><b><i>Wieviele Ballons ben\u00f6tige ich?\u00a0<\/i><\/b><\/p>\n<p><span style=\"font-weight: 400;\">Die ben\u00f6tigte Zahl der Ballons h\u00e4ngt vom Einsatzbereich ab. Auf freier Fl\u00e4che kann einer Ballon einen Wirkradius von bis zu 20 m haben. Beim Einsatz im Garten oder in den Wohngebieten verringert sich aber der Wirkungskreis.\u00a0<\/span><\/p>\n<p><span style=\"font-weight: 400;\">Bei der Installation von Ballons sollte man immer darauf achten, da\u00df sie einen \u201cl\u00fcckenlosen\u201d Schutz bieten. Zum Beispiel, wenn nur ein Ballon seitlich des Baumes aufgeh\u00e4ngt wird, fliegen die V\u00f6gel den Baum von der Seite an, wo der Ballon nicht sichtbar ist. Die Ballons sollten auch nicht zu weit oben installiert werden da die V\u00f6gel sonst den Baum von unten anfliegen.\u00a0<\/span><\/p>\n<p><b><i>Wie effektiv ist der Ballon im Vergleich zu anderen Abwehrma\u00dfnahmen?\u00a0<\/i><\/b><\/p>\n<p><span style=\"font-weight: 400;\">Der Ballon hat die Aufgabe den V\u00f6gel durch seines erschreckende Aussehen und die st\u00e4ndige Bewegung vergr\u00e4men. Als optische Vogelabwehrmethode hat der Ballon sich als sehr effektiv herausgestellt.\u00a0<\/span><\/p>\n<p><span style=\"font-weight: 400;\">Im Vergleich zu anderen Abwehrma\u00dfnahmen, belastet der Einsatz von dem Ballon die Umwelt in keiner Weise. Er ben\u00f6tigt keine Energie, macht keinen L\u00e4rm und l\u00e4sst sich \u00fcberall einsetzen. Au\u00dferdem ist der Ballon f\u00fcr die V\u00f6gel v\u00f6llig unsch\u00e4dlich.<\/span><\/p>\n","protected":false},"excerpt":{"rendered":"<p><span style=\"font-weight: 400;\">Gelber Vogelschreck Ballon ist eine kosteng\u00fcnstige doch effektive Methode, um l\u00e4stige V\u00f6gel von Ihrem Garten, Ihrem Balkon und Ihrer Yacht fernzuhalten. Die reflektierenden, silbernen Aufkleber auf dem Ballon, die Augen eines Raubvogels nachahmen, sowie die Flatterb\u00e4nder unter dem Ballon sorgen daf\u00fcr, dass die V\u00f6gel von dem zu sch\u00fctzenden Gebiet fern bleiben.\u00a0\u00a0<\/span><\/p>\n<p><b>Durchmesser: <\/b><span style=\"font-weight: 400;\">50 cm<\/span><\/p>\n<p><b>Gewicht: <\/b><span style=\"font-weight: 400;\">130 g<\/span><\/p>\n","protected":false},"featured_media":4305,"template":"","meta":{"_themeisle_gutenberg_block_has_review":false},"product_brand":[],"product_cat":[89,88],"product_tag":[],"class_list":{"0":"post-4304","1":"product","2":"type-product","3":"status-publish","4":"has-post-thumbnail","6":"product_cat-visuelle-vogelabschreckungen","7":"product_cat-vogelschreck","9":"first","10":"instock","11":"taxable","12":"shipping-taxable","13":"purchasable","14":"product-type-simple"},"_links":{"self":[{"href":"https:\/\/birdbusters.eu\/de\/wp-json\/wp\/v2\/product\/4304","targetHints":{"allow":["GET"]}}],"collection":[{"href":"https:\/\/birdbusters.eu\/de\/wp-json\/wp\/v2\/product"}],"about":[{"href":"https:\/\/birdbusters.eu\/de\/wp-json\/wp\/v2\/types\/product"}],"wp:featuredmedia":[{"embeddable":true,"href":"https:\/\/birdbusters.eu\/de\/wp-json\/wp\/v2\/media\/4305"}],"wp:attachment":[{"href":"https:\/\/birdbusters.eu\/de\/wp-json\/wp\/v2\/media?parent=4304"}],"wp:term":[{"taxonomy":"product_brand","embeddable":true,"href":"https:\/\/birdbusters.eu\/de\/wp-json\/wp\/v2\/product_brand?post=4304"},{"taxonomy":"product_cat","embeddable":true,"href":"https:\/\/birdbusters.eu\/de\/wp-json\/wp\/v2\/product_cat?post=4304"},{"taxonomy":"product_tag","embeddable":true,"href":"https:\/\/birdbusters.eu\/de\/wp-json\/wp\/v2\/product_tag?post=4304"}],"curies":[{"name":"wp","href":"https:\/\/api.w.org\/{rel}","templated":true}]}}