{"id":4312,"date":"2019-10-26T10:21:20","date_gmt":"2019-10-26T08:21:20","guid":{"rendered":"https:\/\/birdbusters.eu\/product\/bird-scarer-cannon-with-remote-control\/"},"modified":"2024-07-31T14:19:11","modified_gmt":"2024-07-31T12:19:11","slug":"vogelscheuche-gaskanone-mit-elektronischer-fernbedienung","status":"publish","type":"product","link":"https:\/\/birdbusters.eu\/de\/produkt\/vogelscheuche-gaskanone-mit-elektronischer-fernbedienung\/","title":{"rendered":"Elektronische Gaskanone mit Fernbedienung"},"content":{"rendered":"<h3><b>Elektronische Gaskanone zur Vogelabwehr<\/b><\/h3>\n<p><span style=\"font-weight: 400;\">W\u00e4hrend meisten Menschen V\u00f6gel f\u00fcr wundersch\u00f6ne Kreaturen halten, sind durch V\u00f6gel verursachte Sch\u00e4den in der Landwirtschaft eine bekannte Erscheinung. Am h\u00e4ufigsten werden Sch\u00e4den an Maiskulturen verzeichnet, es k\u00f6nnen aber auch andere landwirtschaftliche Kulturen wie Getreide, Sonnenblumen, Salat oder Kartoffeln betroffen sein.\u00a0<\/span><\/p>\n<p><span style=\"font-weight: 400;\">Die Propan angetriebene elektrische Gaskanone Zon EL08 ist die beste und <strong>am meisten verwendete Gaskanone der Welt<\/strong> gegen V\u00f6gel und Wildtiere. Das Ger\u00e4t kann Serien von 1, 2, 3 oder 4 hintereinander auftretenden Knallen produzieren. Die Zeit zwischen die Knalle in einer Serie betr\u00e4gt ungef\u00e4hr 5 Sekunden.\u00a0\u00a0<\/span><\/p>\n<p><span style=\"font-weight: 400;\">Die Zeit zwischen den Serien von Knallen kann elektronisch von 1 bis 60 Minuten eingestellt werden. Au\u00dferdem sind 2 verschiedene Einstellungen m\u00f6glich, in denen die Zeit zwischen den Serien von Knallen durch die Zon EL08 selbst willk\u00fcrlich bestimmt wird.\u00a0<\/span><\/p>\n<p>Die Fernbedienung macht es einfach, die Kanone aus einer Entfernung von bis zu 2 km aktivieren. Ein einziger Controller kann 4 Kanonen, die mit einem Empf\u00e4nger ausgestattet sind, auf einmal bedienen.<\/p>\n<p><span style=\"font-weight: 400;\">Die Elektronische Gaskanone wurde f\u00fcr Landwirte f\u00fcr die Optimierung derer Ernteergebnisse entwickelt aber ist perfekt f\u00fcr die Vogelbek\u00e4mpfung auch in Obstbau, Weinbau, Gem\u00fcseg\u00e4rten, Plantagen, Fischfarmen und Flugh\u00e4fen. Das leistungsstarke Vogelabwehrmittel abwehrt Kr\u00e4hen, Spechte, Kormorane, Elstern, Stare, Tauben, M\u00f6wen, Schwalben, Enten, Bienenfresser aber auch Hasen, Wildschweine und Otter.\u00a0<\/span><\/p>\n<p><span style=\"font-weight: 400;\">Die Zon EL08 elektronische Gaskanone wird mit Standf\u00fc\u00dfe geliefert, die sie etwa 30 cm \u00fcber dem Boden anheben. Stellen Sie das Ger\u00e4t auf eine stabile und ebene Fl\u00e4che und schlie\u00dfen Sie den Gasdruckregler (im Lieferumfang enthalten) an der Gasflasche (im Lieferumfang NICHT enthalten).\u00a0<\/span><\/p>\n<p><span style=\"font-weight: 400;\">Die Z\u00fcndung und die Programmierung der Gaskanone sind elektronisch. Daf\u00fcr wird ein <\/span><a href=\"https:\/\/birdbusters.eu\/de\/produkt\/12v-batterie\/\"><span style=\"font-weight: 400;\">12-V-Akku <\/span><\/a>ben\u00f6tigt<span style=\"font-weight: 400;\">, das nicht im Lieferumfang enthalten ist.<\/span><\/p>\n<p><span style=\"font-weight: 400;\">Die Detonationen werden durch saubere Verbrennung und leicht verf\u00fcgbarer Propangas erzeugt. Ein Standard-Propantank mit 5 Gallonen bietet ungef\u00e4hr 17.000 Detonationen!<\/span><\/p>\n<p><span style=\"font-weight: 400;\">Das Ger\u00e4t ist witterungsfest und ist f\u00fcr den Betrieb bei jeder Temperatur entwickelt, solange sich das Gas im gasf\u00f6rmigen Zustand befindet.\u00a0<\/span><\/p>\n<p><span style=\"font-weight: 400;\">Aufgrund der hohen Lautst\u00e4rke ist die elektronische Gaskanone nur in ausreichender Entfernung von der n\u00e4chsten Geb\u00e4uden einsetzbar.\u00a0<\/span><\/p>\n<p><span style=\"font-weight: 400;\">Um die Effektivit\u00e4t der Kanone zu erh\u00f6hen, ist es empfehlenswert auch das <\/span><a href=\"https:\/\/birdbusters.eu\/de\/produkt\/stativ-fuer-elektronische-kanone\/\"><span style=\"font-weight: 400;\">rotierende Dreibeinstativ<\/span><\/a><span style=\"font-weight: 400;\"> zu bestellen. Das Stativ erm\u00f6glicht eine erh\u00f6hte Schallausbreitung und somit den Schutz einer gr\u00f6\u00dferen Fl\u00e4che. Bei jeder Z\u00fcndung dreht sich die Kanone um 90\u00b0 weiter und erm\u00f6glicht die Richtung des Knallger\u00e4usches zu verstellen.\u00a0<\/span><\/p>\n<h3><b>H\u00e4ufig gestellte Fragen<\/b><\/h3>\n<p><b><i>Wie kann ich V\u00f6gel vertreiben?\u00a0<\/i><\/b><\/p>\n<p><span style=\"font-weight: 400;\">Wenn Sie ein Problem mit den V\u00f6geln haben, gibt es viele M\u00f6glichkeiten, um sie zu vertreiben.\u00a0<\/span><\/p>\n<p><span style=\"font-weight: 400;\">Neben den <\/span><a href=\"https:\/\/birdbusters.eu\/de\/Category\/akustische-vogelabwehr\/\"><span style=\"font-weight: 400;\">akustischen Abwehrmittel<\/span><\/a><span style=\"font-weight: 400;\"> sind <\/span><a href=\"https:\/\/birdbusters.eu\/de\/Category\/visuelle-vogelabschreckungen\/\"><span style=\"font-weight: 400;\">optische Abwehrmittel<\/span><\/a><span style=\"font-weight: 400;\"> wie <\/span><a href=\"https:\/\/birdbusters.eu\/de\/Category\/vogeldrachen\/\"><span style=\"font-weight: 400;\">Vogelscheuche Drachen<\/span><\/a><span style=\"font-weight: 400;\"> und <\/span><a href=\"https:\/\/birdbusters.eu\/de\/produkt\/adleraugen\/\"><span style=\"font-weight: 400;\">Rotor-Turbine<\/span><\/a><span style=\"font-weight: 400;\"> einige wirksame Alternative. Eine weitere Option ist eine <\/span><a href=\"https:\/\/birdbusters.eu\/de\/produkt\/automated-laser-bird-repellent-2\/\"><span style=\"font-weight: 400;\">Vogelabwehr Laser<\/span><\/a><span style=\"font-weight: 400;\">, ein Ger\u00e4t, das V\u00f6gel mittels Laserstrahl verjagt.\u00a0<\/span><\/p>\n<p><b><i>Ist es M\u00f6glich die Schutzfl\u00e4che zu vergr\u00f6\u00dfern?\u00a0<\/i><\/b><\/p>\n<p><span style=\"font-weight: 400;\">Das rotierende Dreibeinstativ erm\u00f6glicht die Schutzfl\u00e4che der Kanone zu vergr\u00f6\u00dfern.\u00a0<\/span><\/p>\n<p><b><i>Ist dieses Vogelabwehrger\u00e4t wirksam?\u00a0<\/i><\/b><\/p>\n<p><span style=\"font-weight: 400;\">Ja, ohne Zweifel! Die elektronische Gaskanone ist ein wirksames Mittel, um V\u00f6gel vom Besuch des Schutzgebiets abzuhalten. Die Knalle veranlassen sie, ihren Standort zu verlassen und fernzuhalten.\u00a0<\/span><\/p>\n<p><b><i>K\u00f6nnen sich die V\u00f6gel an Ger\u00e4usche gew\u00f6hnen?\u00a0<\/i><\/b><\/p>\n<p><span style=\"font-weight: 400;\">Die Gaskanone sollte regelm\u00e4\u00dfig umgestellt werden, damit sich die V\u00f6gel nicht daran gew\u00f6hnen. <\/span><\/p>\n<p><b><i>Wie bestelle ich?\u00a0<\/i><\/b><\/p>\n<p><span style=\"font-weight: 400;\">Legen Sie den Artikel in den Warenkorb. M\u00f6chten Sie die Anzahl ver\u00e4ndern oder einen Artikel L\u00f6schen, ist es nun m\u00f6glich dies zu tun. Ist der Inhalt des Warenkorbs f\u00fcr Sie in Ordnung, geben Sie alle geforderten Daten korrekt an und w\u00e4hlen Sie die Zahlungsmethode. Ist die Bestellung erfolgreich gewesen, erhalten Sie eine Best\u00e4tigung per E-Mail von uns.<\/span><\/p>\n<p><b>\u00dcber Birdbusters<\/b><\/p>\n<p><span style=\"font-weight: 400;\">Wenn Sie Probleme mit unerw\u00fcnschte V\u00f6gel haben, wenden Sie sich an die Experten von Bird Busters. Wir bieten eine Reihe von umweltfreundlichen Produkten an, die Ihre L\u00e4stigen Probleme l\u00f6sen und alle zufrieden stellen.\u00a0<\/span><\/p>\n<p><span style=\"font-weight: 400;\">Unsere Mission ist es, Menschen dabei zu helfen, Ihren Garten oder Balkon, Ihre Obstb\u00e4ume oder Pflanzen vor V\u00f6gel zu sch\u00fctzen. Machen Sie sich gem\u00fctlich und sammeln Sie neue Ideen!<\/span><\/p>\n<p><a href=\"https:\/\/birdbusters.eu\/wp-content\/uploads\/2019\/04\/EL08-manual.pdf\"><strong>englische Anleitung<\/strong><\/a><\/p>\n<p><a href=\"https:\/\/birdbusters.eu\/wp-content\/uploads\/2023\/11\/6491c6563176a208QS-RADIO-TRAP-1-1.pdf\">Fernbedienungshandbuch<\/a><\/p>\n<p><a href=\"https:\/\/birdbusters.eu\/wp-content\/uploads\/2023\/11\/65367c78131fb917DS-TRAP-12.pdf\">Remote-Daten<\/a><\/p>\n","protected":false},"excerpt":{"rendered":"<p><span style=\"font-weight: 400;\">Elektronische Gaskanone mit Fernbedienung ist zur Vergr\u00e4mung von Wild und V\u00f6geln auf landwirtschaftlich genutzten Fl\u00e4chen geeignet. Durch die Z\u00fcndung des Gases wird ei lauter Knall erzeugt, von denen unerw\u00fcnschte V\u00f6gel verscheucht werden. Der Bereich, der durch die Kanone gesch\u00fctzt wird, betr\u00e4gt 1 Hektar. <\/span><\/p>\n<p>https:\/\/youtu.be\/XMxz8kDgTco<\/p>\n<p>&nbsp;<\/p>\n","protected":false},"featured_media":4313,"template":"","meta":{"_themeisle_gutenberg_block_has_review":false},"product_brand":[],"product_cat":[91,166,90],"product_tag":[],"class_list":{"0":"post-4312","1":"product","2":"type-product","3":"status-publish","4":"has-post-thumbnail","6":"product_cat-knallschreckgeraete","7":"product_cat-tiervertreiber","8":"product_cat-vogelabwehrmittel","9":"product_shipping_class-kuller-pick-up-point-de","11":"first","12":"onbackorder","13":"taxable","14":"shipping-taxable","15":"purchasable","16":"product-type-simple"},"_links":{"self":[{"href":"https:\/\/birdbusters.eu\/de\/wp-json\/wp\/v2\/product\/4312","targetHints":{"allow":["GET"]}}],"collection":[{"href":"https:\/\/birdbusters.eu\/de\/wp-json\/wp\/v2\/product"}],"about":[{"href":"https:\/\/birdbusters.eu\/de\/wp-json\/wp\/v2\/types\/product"}],"wp:featuredmedia":[{"embeddable":true,"href":"https:\/\/birdbusters.eu\/de\/wp-json\/wp\/v2\/media\/4313"}],"wp:attachment":[{"href":"https:\/\/birdbusters.eu\/de\/wp-json\/wp\/v2\/media?parent=4312"}],"wp:term":[{"taxonomy":"product_brand","embeddable":true,"href":"https:\/\/birdbusters.eu\/de\/wp-json\/wp\/v2\/product_brand?post=4312"},{"taxonomy":"product_cat","embeddable":true,"href":"https:\/\/birdbusters.eu\/de\/wp-json\/wp\/v2\/product_cat?post=4312"},{"taxonomy":"product_tag","embeddable":true,"href":"https:\/\/birdbusters.eu\/de\/wp-json\/wp\/v2\/product_tag?post=4312"}],"curies":[{"name":"wp","href":"https:\/\/api.w.org\/{rel}","templated":true}]}}