{"id":4320,"date":"2019-09-21T17:50:39","date_gmt":"2019-09-21T15:50:39","guid":{"rendered":"https:\/\/birdbusters.eu\/product\/agro-bird-repellent-mini\/"},"modified":"2023-11-22T19:25:11","modified_gmt":"2023-11-22T18:25:11","slug":"vogelabschreckung-agro-pro-mini","status":"publish","type":"product","link":"https:\/\/birdbusters.eu\/de\/produkt\/vogelabschreckung-agro-pro-mini\/","title":{"rendered":"Akustischer Vogelschreck BirdTrac 9M"},"content":{"rendered":"<div class=\"page\" title=\"Page 1\">\n<div class=\"section\">\n<div class=\"layoutArea\">\n<div class=\"column\">\n<h3><b>Akustischer Vogelschreck BirdTrac 9M<\/b><\/h3>\n<p><span style=\"font-weight: 400;\">Der akustische Vogelschreck BirdTrac 9M ist mit einer Speicherkarte mit 50 verschiedenen Schreck-Signalen ausgestattet. Diese Signale enthalten Notrufe der V\u00f6gel, Schrei von Raubv\u00f6geln und Synthese-Signale, die die Gefahr signalisieren und bei den V\u00f6geln einen Fluchtinstinkt verursachen.\u00a0<\/span><\/p>\n<p><span style=\"font-weight: 400;\">Das Ger\u00e4t sch\u00fctzt eine Fl\u00e4che von <strong>bis zu 5000 m<\/strong><\/span><strong>2<\/strong><span style=\"font-weight: 400;\">.\u00a0<\/span><\/p>\n<p><span style=\"font-weight: 400;\">Es ist nicht nur die Lautst\u00e4rke, die das Ger\u00e4t effektiv macht, sondern auch die Wahl der T\u00f6ne, die f\u00fcr die V\u00f6gel eine ungew\u00f6hnliche und beunruhigende Umgebung erzeugen. Es ist auch m\u00f6glich, zwei Betriebszeiten zu programmieren. Dadurch wird die L\u00e4rmbelastung akustischer Vogelschreck auf die Umgebung begrenzt, indem sie nur zu den Zeiten senden, in denen die V\u00f6gel fressen: am Morgen und am Ende des Tages.\u00a0<\/span><\/p>\n<p><span style=\"font-weight: 400;\">BirdTrac 9M akustischer Vogelschreck besteht aus einem wasserdichten Geh\u00e4use und einem Gestell aus rostfreiem Stahl. Das Wetter hat keinen Einfluss auf den Betrieb der elektronischen Karte.\u00a0<\/span><\/p>\n<p><span style=\"font-weight: 400;\">Akustischer Vogelschreck BirdTrac 9M umfasst:\u00a0<\/span><\/p>\n<ul>\n<li style=\"font-weight: 400;\" aria-level=\"1\" aria-checked=\"false\"><span style=\"font-weight: 400;\">Eine Speicherkarte mit mehr als 50 verschiedene Signale zur Bek\u00e4mpfung unerw\u00fcnschter V\u00f6gel;\u00a0<\/span><\/li>\n<li style=\"font-weight: 400;\" aria-level=\"1\" aria-checked=\"false\"><span style=\"font-weight: 400;\">Netzsteckdosen-Betrieb;<\/span><\/li>\n<li style=\"font-weight: 400;\" aria-level=\"1\" aria-checked=\"false\"><span style=\"font-weight: 400;\">Integrierten Programmierfunktion (Lautst\u00e4rke, Zeitbereich, Intervall, Gesendete Signale);<\/span><\/li>\n<li style=\"font-weight: 400;\" aria-level=\"1\" aria-checked=\"false\"><span style=\"font-weight: 400;\">Eine Gebrauchs- und Montageanleitung.\u00a0<\/span><\/li>\n<\/ul>\n<p><b>Einsatzbereiche. <\/b><span style=\"font-weight: 400;\">Das witterungsbest\u00e4ndige Ger\u00e4t ist f\u00fcr den Au\u00dfenbetrieb geeignet und kann an vielf\u00e4ltigen Einsatzorten eingesetzt werden. Die Einsatzm\u00f6glichkeiten des Vogelschrecks sind G\u00e4rten, Gem\u00fcse- und Obstbau, soweit die Viehzucht und der Schutz von Lagerhallen.\u00a0\u00a0<\/span><\/p>\n<p><span style=\"font-weight: 400;\">Das Ger\u00e4t ist wirksam gegen Raben, Kr\u00e4hen, Dohle, Holztauben, M\u00f6wen, Stare und viele andere V\u00f6gel. Die Auswahl der Laute erfolgt nach den Vogelarten, die Sie fern halten m\u00f6chten.<\/span><\/p>\n<h3><b>H\u00e4ufig gestellte Fragen<\/b><\/h3>\n<p><b><i>Wie kann ich V\u00f6gel vertreiben?\u00a0<\/i><\/b><\/p>\n<p><span style=\"font-weight: 400;\">Wenn Sie ein Problem mit den V\u00f6geln haben, gibt es viele M\u00f6glichkeiten, um sie aus dem Garten zu vertreiben.\u00a0<\/span><\/p>\n<p><span style=\"font-weight: 400;\">Neben den <\/span><a href=\"https:\/\/birdbusters.eu\/de\/Category\/akustische-vogelabwehr\/\"><span style=\"font-weight: 400;\">akustischen Abwehrmittel<\/span><\/a><span style=\"font-weight: 400;\"> sind <\/span><a href=\"https:\/\/birdbusters.eu\/de\/Category\/visuelle-vogelabschreckungen\/\"><span style=\"font-weight: 400;\">optische Abwehrmittel<\/span><\/a><span style=\"font-weight: 400;\"> wie <\/span><a href=\"https:\/\/birdbusters.eu\/de\/Category\/vogeldrachen\/\"><span style=\"font-weight: 400;\">Vogelscheuche Drachen<\/span><\/a><span style=\"font-weight: 400;\"> und <\/span><a href=\"https:\/\/birdbusters.eu\/de\/produkt\/adleraugen\/\"><span style=\"font-weight: 400;\">Rotor-Turbine<\/span><\/a><span style=\"font-weight: 400;\"> einige wirksame Alternativen. Eine weitere Option ist eine <\/span><a href=\"https:\/\/birdbusters.eu\/de\/produkt\/automated-laser-bird-repellent-2\/\"><span style=\"font-weight: 400;\">Vogelabwehr Laser<\/span><\/a><span style=\"font-weight: 400;\">, ein Ger\u00e4t, das V\u00f6gel mittels Laserstrahl verjagt.\u00a0<\/span><\/p>\n<p><b><i>Welche Vogelarten kann akustischer Vogelschreck vertreiben?\u00a0<\/i><\/b><\/p>\n<p><span style=\"font-weight: 400;\">Dieses Vogelabwehr-System ist bei vielen Vogelarten zuverl\u00e4ssig. Zum Beispiel werden <\/span><span style=\"font-weight: 400;\">Raben, Kr\u00e4hen, Dohle, Holztauben, M\u00f6wen, Stare<\/span><span style=\"font-weight: 400;\"> durch Raubvogel-Ger\u00e4usche ferngehalten.\u00a0<\/span><\/p>\n<p><b><i>Wie funktioniert ein akustischer Vogelschreck?<\/i><\/b><\/p>\n<p><span style=\"font-weight: 400;\">Der akustische Vogelschreck BirdTrac 9M ist mit einer Speicherkarte mit 50 verschiedenen Schreck-Signalen ausgestattet. Diese Signale enthalten Notrufe der V\u00f6gel, Schrei von Raubv\u00f6geln und Synthese-Signale, die die Gefahr signalisieren und bei den V\u00f6geln einen Fluchtinstinkt verursachen.<\/span><\/p>\n<p><b><i>Ist es m\u00f6glich, die Schutzfl\u00e4che zu vergr\u00f6\u00dfern?\u00a0<\/i><\/b><\/p>\n<p><span style=\"font-weight: 400;\">Ja, es ist M\u00f6glich die Konfiguration des Gel\u00e4ndes auszunutzen und das Ger\u00e4t so zu platzieren, dass der Sound gegen B\u00f6schungen oder B\u00e4umen am Rand erklingt. Zudem kann das Ger\u00e4t so platziert werden, dass die Kl\u00e4nge in die gew\u00fcnschte Richtung gehen.\u00a0<\/span><\/p>\n<p><span style=\"font-weight: 400;\">Es gibt auch gr\u00f6\u00dfere Modelle, <\/span><a href=\"https:\/\/birdbusters.eu\/de\/produkt\/agro2ha-vogelabschreckung\/\"><span style=\"font-weight: 400;\">AviTrac 9M<\/span><\/a><span style=\"font-weight: 400;\">, <\/span><a href=\"https:\/\/birdbusters.eu\/de\/produkt\/vogelscheuche-agro-pro-3ha\/\"><span style=\"font-weight: 400;\">AviTrac 18M<\/span><\/a><span style=\"font-weight: 400;\"> und <\/span><a href=\"https:\/\/birdbusters.eu\/de\/produkt\/bird-repellent-agro-pro-4ha\/\"><span style=\"font-weight: 400;\">AviTrac 18S Plus<\/span><\/a><span style=\"font-weight: 400;\">, die eine Fl\u00e4che von 2 bis 4 Hektar sch\u00fctzen. Wenn Sie aber mehrere Dutzend Hektar sch\u00fctzen m\u00fcssen, wird es notwendig sein, sich mit mehreren Ger\u00e4ten auszur\u00fcsten.\u00a0<\/span><\/p>\n<p><b><i>Ist dieser Vogelschreck wirksam?\u00a0<\/i><\/b><\/p>\n<p><span style=\"font-weight: 400;\">Ja, ohne Zweifel! Es ist unbestritten, dass BirdTrac 9M akustischer Vogelschreck V\u00f6gel davon abh\u00e4lt, das Schutzgebiet zu besuchen. Die Ger\u00e4usche bringen V\u00f6gel dazu, den Bereich zu verlassen.\u00a0<\/span><\/p>\n<p><b><i>K\u00f6nnen sich die V\u00f6gel an Ger\u00e4usche gew\u00f6hnen?\u00a0<\/i><\/b><\/p>\n<p><span style=\"font-weight: 400;\">BirdTrac 9M akustischer Vogelschreck ist mit vielen verschiedenen Schreck-Signalen ausgestattet und um die \u00dcberraschungseffekt zu erhalten, kommen die ausgesendeten T\u00f6ne zuf\u00e4llig und nie in einer regelm\u00e4\u00dfigen Reihenfolge an.\u00a0<\/span><\/p>\n<p><span style=\"font-weight: 400;\">Es ist empfehlenswert auch das Ger\u00e4t regelm\u00e4\u00dfig zu bewegen, damit sich die Quelle des Signals \u00e4ndert.\u00a0<\/span><\/p>\n<p><b><i>Wie w\u00e4hlt man die Schreck-Signale aus?\u00a0<\/i><\/b><\/p>\n<p><span style=\"font-weight: 400;\">Die Auswahl der Laute erfolgt nach den Vogelarten, die Sie fernhalten m\u00f6chten. Die Auswahl der Ger\u00e4usche ist in der Bedienungsanleitung angegeben, die mit dem Vogelschreck geliefert wird.\u00a0<\/span><\/p>\n<p><b><i>Sind die Ger\u00e4usche eine Bel\u00e4stigung f\u00fcr die Nachbarschaft?\u00a0<\/i><\/b><\/p>\n<p><span style=\"font-weight: 400;\">Es ist m\u00f6glich, zwei Betriebszeiten zu programmieren. Dadurch wird die L\u00e4rmbelastung der BirdTrac 9M auf die Umgebung begrenzt, indem sie nur zu den Zeiten senden, in denen die V\u00f6gel fressen: am Morgen und am Ende des Tages.\u00a0<\/span><\/p>\n<h3><b>\u00dcber Bird Busters<\/b><\/h3>\n<p><span style=\"font-weight: 400;\">Wenn Sie Probleme mit unerw\u00fcnschten V\u00f6geln haben, wenden Sie sich an die Experten von Bird Busters. Wir bieten eine Reihe von umweltfreundlichen Produkten an, die Ihre l\u00e4stigen Probleme l\u00f6sen und alle zufrieden stellen.\u00a0<\/span><\/p>\n<p><span style=\"font-weight: 400;\">Unsere Mission ist es, Menschen dabei zu helfen, Ihren Garten oder Balkon, Ihre Obstb\u00e4ume oder Pflanzen vor V\u00f6gel zu sch\u00fctzen. Machen Sie sich gem\u00fctlich und sammeln Sie neue Ideen!<\/span><\/p>\n<p><a href=\"https:\/\/nirgu.ee\/wp-content\/uploads\/2019\/09\/NoticeUtilisationAVT_010_EN.pdf\" target=\"_blank\" rel=\"noopener\">englische Anleitung<\/a><\/p>\n<\/div>\n<\/div>\n<\/div>\n<\/div>\n","protected":false},"excerpt":{"rendered":"<p><span style=\"font-weight: 400;\">Akustischer Vogelschreck BirdTrac 9M ist eine umweltfreundliche und wirksame Methode f\u00fcr die Vogelbek\u00e4mpfung. Das Ger\u00e4t ist speziell zum Schutz kleiner Fl\u00e4chen oder f\u00fcr den Einsatz in Innenr\u00e4umen entwickelt.\u00a0\u00a0<\/span><\/p>\n<p><b>Ma\u00dfe: <\/b><span style=\"font-weight: 400;\">43 x 14 x 14 cm<\/span><\/p>\n<p><b>Gewicht: <\/b><span style=\"font-weight: 400;\">2 kg<\/span><\/p>\n<p>https:\/\/youtu.be\/xxkk2m9rcUE<\/p>\n<p>&nbsp;<\/p>\n","protected":false},"featured_media":8739,"template":"","meta":{"_themeisle_gutenberg_block_has_review":false},"product_brand":[],"product_cat":[93,88],"product_tag":[],"class_list":{"0":"post-4320","1":"product","2":"type-product","3":"status-publish","4":"has-post-thumbnail","6":"product_cat-akustische-vogelabwehr","7":"product_cat-vogelschreck","9":"first","10":"onbackorder","11":"taxable","12":"shipping-taxable","13":"purchasable","14":"product-type-simple"},"_links":{"self":[{"href":"https:\/\/birdbusters.eu\/de\/wp-json\/wp\/v2\/product\/4320","targetHints":{"allow":["GET"]}}],"collection":[{"href":"https:\/\/birdbusters.eu\/de\/wp-json\/wp\/v2\/product"}],"about":[{"href":"https:\/\/birdbusters.eu\/de\/wp-json\/wp\/v2\/types\/product"}],"wp:featuredmedia":[{"embeddable":true,"href":"https:\/\/birdbusters.eu\/de\/wp-json\/wp\/v2\/media\/8739"}],"wp:attachment":[{"href":"https:\/\/birdbusters.eu\/de\/wp-json\/wp\/v2\/media?parent=4320"}],"wp:term":[{"taxonomy":"product_brand","embeddable":true,"href":"https:\/\/birdbusters.eu\/de\/wp-json\/wp\/v2\/product_brand?post=4320"},{"taxonomy":"product_cat","embeddable":true,"href":"https:\/\/birdbusters.eu\/de\/wp-json\/wp\/v2\/product_cat?post=4320"},{"taxonomy":"product_tag","embeddable":true,"href":"https:\/\/birdbusters.eu\/de\/wp-json\/wp\/v2\/product_tag?post=4320"}],"curies":[{"name":"wp","href":"https:\/\/api.w.org\/{rel}","templated":true}]}}