{"id":4377,"date":"2020-11-09T10:43:30","date_gmt":"2020-11-09T09:43:30","guid":{"rendered":"https:\/\/birdbusters.eu\/product\/agro-bird-repellent-2ha\/"},"modified":"2023-03-31T12:07:14","modified_gmt":"2023-03-31T10:07:14","slug":"vogelscheuche-agro-pro-3ha","status":"publish","type":"product","link":"https:\/\/birdbusters.eu\/de\/produkt\/vogelscheuche-agro-pro-3ha\/","title":{"rendered":"AviTrac 18M akustisches Vogelabwehrger\u00e4t, 3 Hektar"},"content":{"rendered":"<h3><b>AviTrac 18M akustisches Vogelabwehrger\u00e4t<\/b><\/h3>\n<p><span style=\"font-weight: 400;\">AviTrac 18M akustisches Vogelabwehrger\u00e4t ist mit einer Speicherkarte mit 50 verschiedenen Schreck-Signalen ausgestattet. Diese Signale enthalten Notrufe der V\u00f6gel, Schrei von Raubv\u00f6geln und Synthese-Signale, die die Gefahr signalisieren und bei den V\u00f6geln einen Fluchtinstinkt verursachen.\u00a0<\/span><\/p>\n<p><span style=\"font-weight: 400;\">Das Ger\u00e4t ist mit einem Lautsprecher ausgestattet und sch\u00fctzt bis zu 3 Hektar.\u00a0<\/span><\/p>\n<p><span style=\"font-weight: 400;\">Es ist nicht nur die Lautst\u00e4rke, die das Ger\u00e4t effektiv macht, sondern auch die Wahl der T\u00f6ne, die f\u00fcr die V\u00f6gel eine ungew\u00f6hnliche und beunruhigende Umgebung erzeugen.\u00a0\u00a0<\/span><\/p>\n<p><span style=\"font-weight: 400;\">AviTrac 18M akustische Vogelscheuche besteht aus einem wasserdichten Geh\u00e4use und einem Gestell aus rostfreiem Stahl. Das Wetter hat keinen Einfluss auf den Betrieb der elektronischen Karte. Es ist jedoch notwendig, das Fenster zu schlie\u00dfen, um das Elektronikmodul vor schlechtem Wetter zu sch\u00fctzen und die Lautsprecher horizontal auszurichten, damit das Regenwasser dort nicht stagniert.\u00a0<\/span><\/p>\n<p><span style=\"font-weight: 400;\">Dieses Vogelabwehrger\u00e4t umfasst:\u00a0<\/span><\/p>\n<ul>\n<li style=\"font-weight: 400;\" aria-level=\"1\" aria-checked=\"false\"><span style=\"font-weight: 400;\">Eine wiederaufladbare Batterie 12 V mit 3 Wochen Laufzeit;\u00a0<\/span><\/li>\n<li style=\"font-weight: 400;\" aria-level=\"1\" aria-checked=\"false\"><span style=\"font-weight: 400;\">Ein Schnell-Ladeger\u00e4t (l\u00e4dt die Batterie innerhalb von 10 Stunden);<\/span><\/li>\n<li style=\"font-weight: 400;\" aria-level=\"1\" aria-checked=\"false\"><span style=\"font-weight: 400;\">Einen elektronischen Steuermodul mit Display und Tastenfeld;<\/span><\/li>\n<li style=\"font-weight: 400;\" aria-level=\"1\" aria-checked=\"false\"><span style=\"font-weight: 400;\">Eine Speicherkarte mit den abschreckenden akustischen Signalen;<\/span><\/li>\n<li style=\"font-weight: 400;\" aria-level=\"1\" aria-checked=\"false\"><span style=\"font-weight: 400;\">Einen Trichterlautsprecher;<\/span><\/li>\n<li style=\"font-weight: 400;\" aria-level=\"1\" aria-checked=\"false\"><span style=\"font-weight: 400;\">Eine rostfreie, abnehmbare und zusammenklappbare Metallhalterung;<\/span><\/li>\n<li style=\"font-weight: 400;\" aria-level=\"1\" aria-checked=\"false\"><span style=\"font-weight: 400;\">Eine Gebrauchs- und Montageanleitung.\u00a0<\/span><\/li>\n<\/ul>\n<p><b>Einsatzbereiche. <\/b><span style=\"font-weight: 400;\">Das witterungsbest\u00e4ndige Ger\u00e4t ist f\u00fcr den Au\u00dfenbetrieb geeignet und kann an vielf\u00e4ltigen Einsatzorten eingesetzt werden. Die Einsatzm\u00f6glichkeiten des Vogelabwehrger\u00e4ts sind Landwirtschaft, Gem\u00fcse- und Obstbau, Weinbergen, soweit die Viehzucht und die Schutz von Industriellen Bereichen.\u00a0\u00a0<\/span><\/p>\n<p><span style=\"font-weight: 400;\">Das Ger\u00e4t ist gegen zahlreiche Arten wirksam: Raben, Kr\u00e4hen, Dohle, Holztauben, M\u00f6wen, Stare und Tauben. Die Auswahl der Laute erfolgt nach den Vogelarten, die Sie fernhalten m\u00f6chten.<\/span><\/p>\n<h3><b>H\u00e4ufig gestellte Fragen<\/b><\/h3>\n<p><b><i>Welche Vogelarten kann ein akustisches Vogelabwehrger\u00e4t vertreiben?\u00a0<\/i><\/b><\/p>\n<p><span style=\"font-weight: 400;\">Dieses Vogelabwehrsystem ist bei vielen Vogelarten zuverl\u00e4ssig. Zum Beispiel werden <\/span><span style=\"font-weight: 400;\">Raben, Kr\u00e4hen, Dohle, Holztauben, M\u00f6wen, Stare<\/span><span style=\"font-weight: 400;\"> und Tauben durch die Ger\u00e4usche ferngehalten.\u00a0<\/span><\/p>\n<p><b><i>Wie funktioniert AviTrac 18M akustisches Vogelabwehrger\u00e4t?<\/i><\/b><\/p>\n<p><span style=\"font-weight: 400;\">AviTrac 18M akustisches Vogelabwehrger\u00e4t ist mit einer Speicherkarte mit 50 verschiedenen Schreck-Signalen ausgestattet. Diese Signale enthalten Notrufe der V\u00f6gel, Schrei von Raubv\u00f6geln und Synthese-Signale, die die Gefahr signalisieren und bei den V\u00f6geln einen Fluchtinstinkt verursachen.<\/span><\/p>\n<p><b><i>Ist dieses Vogelabwehrger\u00e4t wirksam?\u00a0<\/i><\/b><\/p>\n<p><span style=\"font-weight: 400;\">Ja, ohne Zweifel! Es ist unbestritten, dass dieses AviTrac 18M Vogelabwehrger\u00e4t V\u00f6gel davon abh\u00e4lt, das Schutzgebiet zu besuchen. Die Ger\u00e4usche bringen V\u00f6gel dazu, den Bereich zu verlassen.\u00a0<\/span><\/p>\n<p><b><i>K\u00f6nnen sich die V\u00f6gel an Ger\u00e4usche gew\u00f6hnen?\u00a0<\/i><\/b><\/p>\n<p><span style=\"font-weight: 400;\">AviTrac 18M Vogelabwehrger\u00e4t ist mit vielen verschiedenen Schreck-Signalen ausgestattet und um den \u00dcberraschungseffekt zu erhalten, kommen die ausgesendeten T\u00f6ne zuf\u00e4llig und nie in einer regelm\u00e4\u00dfigen Reihenfolge an.\u00a0<\/span><\/p>\n<p><span style=\"font-weight: 400;\">Es ist empfehlenswert auch das Ger\u00e4t regelm\u00e4\u00dfig zu bewegen, damit sich die Quelle des Signals \u00e4ndert.\u00a0<\/span><\/p>\n<p><b><i>Ist es m\u00f6glich, die Schutzfl\u00e4che zu vergr\u00f6\u00dfern?\u00a0<\/i><\/b><\/p>\n<p><span style=\"font-weight: 400;\">Ja, es ist M\u00f6glich die Konfiguration des Gel\u00e4ndes auszunutzen und das Ger\u00e4t so zu platzieren, dass der Sound gegen B\u00f6schungen oder B\u00e4umen am Rand erklingt. Das Ger\u00e4t kann so platziert werden, dass die Kl\u00e4nge in die gew\u00fcnschte Richtung gehen.\u00a0<\/span><\/p>\n<p><span style=\"font-weight: 400;\">AviTrac 18M akustisches Vogelabwehrger\u00e4t sch\u00fctzt eine Fl\u00e4che von 3 Hektar. Es gibt auch gr\u00f6\u00dfere Modelle, <\/span><a href=\"https:\/\/birdbusters.eu\/de\/produkt\/bird-repellent-agro-pro-4ha\/\"><span style=\"font-weight: 400;\">AviTrac 18S<\/span><\/a><span style=\"font-weight: 400;\">, die bis zu 4 Hektar sch\u00fctzt. Wenn Sie aber mehrere Dutzend Hektar sch\u00fctzen m\u00fcssen, wird es notwendig sein, sich mit mehreren Ger\u00e4ten auszur\u00fcsten.\u00a0<\/span><\/p>\n<p><b><i>Sind die Ger\u00e4usche eine Bel\u00e4stigung f\u00fcr die Nachbarschaft?\u00a0<\/i><\/b><\/p>\n<p><span style=\"font-weight: 400;\">Es ist notwendig, mindestens 200 Meter zwischen dem Vogelabwehrger\u00e4t und bewohnten Gebieten zu lassen. Es ist auch m\u00f6glich, das Ger\u00e4t so zu platzieren, dass sich die Ger\u00e4usche in Richtung der zu sch\u00fctzenden Orte und nicht in Richtung der H\u00e4user tragen.\u00a0<\/span><\/p>\n<p><span style=\"font-weight: 400;\">Bei der Verwendung von AviTrac 18M akustisches Vogelabwehrger\u00e4t ist es empfehlenswert h\u00f6chstens alle 20 Minuten ein Programm zu programmieren. In einigen F\u00e4llen ist 1 Sendung alle 40 Minuten ausreichend.\u00a0<\/span><\/p>\n<p><span style=\"font-weight: 400;\">Ein Programm sollte nicht zwischen 20.00 Uhr und 7.00 Uhr programmiert werden, da die V\u00f6gel, die Erntesch\u00e4den verursachen, tagaktiv sind und nachts nicht ern\u00e4hren.\u00a0<\/span><\/p>\n<p><b><i>Wie kann ich V\u00f6gel vertreiben?\u00a0<\/i><\/b><\/p>\n<p><span style=\"font-weight: 400;\">Wenn Sie ein Problem mit den V\u00f6geln haben, gibt es viele M\u00f6glichkeiten, um sie zu vertreiben.\u00a0<\/span><\/p>\n<p><span style=\"font-weight: 400;\">Neben den <\/span><a href=\"https:\/\/birdbusters.eu\/de\/Category\/akustische-vogelabwehr\/\"><span style=\"font-weight: 400;\">akustischen Abwehrmittel<\/span><\/a><span style=\"font-weight: 400;\"> sind <\/span><a href=\"https:\/\/birdbusters.eu\/de\/Category\/visuelle-vogelabschreckungen\/\"><span style=\"font-weight: 400;\">optische Abwehrmittel<\/span><\/a><span style=\"font-weight: 400;\"> wie <\/span><a href=\"https:\/\/birdbusters.eu\/de\/Category\/vogeldrachen\/\"><span style=\"font-weight: 400;\">Vogelscheuche Drachen<\/span><\/a><span style=\"font-weight: 400;\"> und <\/span><a href=\"https:\/\/birdbusters.eu\/de\/produkt\/adleraugen\/\"><span style=\"font-weight: 400;\">Rotor-Turbine<\/span><\/a><span style=\"font-weight: 400;\"> einige wirksame Alternativen. Eine weitere Option ist eine <\/span><a href=\"https:\/\/birdbusters.eu\/de\/produkt\/automated-laser-bird-repellent-2\/\"><span style=\"font-weight: 400;\">Vogelabwehr Laser<\/span><\/a><span style=\"font-weight: 400;\">, ein Ger\u00e4t, das V\u00f6gel mittels Laserstrahl verjagt.\u00a0<\/span><\/p>\n<h3><b>\u00dcber Bird Busters<\/b><\/h3>\n<p><span style=\"font-weight: 400;\">Wenn Sie Probleme mit unerw\u00fcnschten V\u00f6geln haben, wenden Sie sich an die Experten von Bird Busters. Wir bieten eine Reihe von umweltfreundlichen Produkten an, die Ihre l\u00e4stigen Probleme l\u00f6sen und alle zufrieden stellen.\u00a0<\/span><\/p>\n<p><span style=\"font-weight: 400;\">Unsere Mission ist es, Menschen dabei zu helfen, Ihren Garten oder Balkon, Ihre Obstb\u00e4ume oder Pflanzen vor V\u00f6gel zu sch\u00fctzen. Machen Sie sich gem\u00fctlich und sammeln Sie neue Ideen!<\/span><\/p>\n<p><a href=\"https:\/\/birdbusters.eu\/wp-content\/uploads\/2022\/07\/NoticeUtilisationAVT_BoitierV2_014_DE.pdf\">Montage- und Bedienungsanleitung<\/a><\/p>\n<div class=\"page\" title=\"Page 1\">\n<div class=\"section\">\n<div class=\"layoutArea\">\n<div class=\"column\">\n<p><iframe loading=\"lazy\" title=\"Efficacit\u00e9 de l&#039;effaroucheur AviTrac\u00ae AVT18M sur un dortoir de corbeaux\" width=\"500\" height=\"281\" src=\"https:\/\/www.youtube.com\/embed\/1igkzc2yDdc?feature=oembed\" frameborder=\"0\" allow=\"accelerometer; autoplay; clipboard-write; encrypted-media; gyroscope; picture-in-picture; web-share\" referrerpolicy=\"strict-origin-when-cross-origin\" allowfullscreen><\/iframe><\/p>\n<\/div>\n<\/div>\n<\/div>\n<\/div>\n","protected":false},"excerpt":{"rendered":"<p><span style=\"font-weight: 400;\">Akustisches Vogelabwehrger\u00e4t AviTrac 18M ist eine umweltfreundliche und wirksame Methode f\u00fcr die Vogelbek\u00e4mpfung. Das Ger\u00e4t ist speziell f\u00fcr die Landwirtschaft, den Gem\u00fcse- und Obstbau, sowie die Viehzucht oder den Schutz von Lagerhallen entwickelt und <\/span><b>sch\u00fctzt bis zu 3 Hektar<\/b><span style=\"font-weight: 400;\"> vor V\u00f6geln.\u00a0<\/span><\/p>\n<p><b>Ma\u00dfe: <\/b><span style=\"font-weight: 400;\">58 x 58 x 66 cm<\/span><\/p>\n<p><b>Gewicht: <\/b><span style=\"font-weight: 400;\">8,5 kg\u00a0 <\/span><\/p>\n<p>https:\/\/youtu.be\/XaM6VkvFlgo<\/p>\n","protected":false},"featured_media":9061,"template":"","meta":{"_themeisle_gutenberg_block_has_review":false},"product_brand":[],"product_cat":[93,88],"product_tag":[],"class_list":{"0":"post-4377","1":"product","2":"type-product","3":"status-publish","4":"has-post-thumbnail","6":"product_cat-akustische-vogelabwehr","7":"product_cat-vogelschreck","9":"first","10":"onbackorder","11":"taxable","12":"shipping-taxable","13":"purchasable","14":"product-type-simple"},"_links":{"self":[{"href":"https:\/\/birdbusters.eu\/de\/wp-json\/wp\/v2\/product\/4377","targetHints":{"allow":["GET"]}}],"collection":[{"href":"https:\/\/birdbusters.eu\/de\/wp-json\/wp\/v2\/product"}],"about":[{"href":"https:\/\/birdbusters.eu\/de\/wp-json\/wp\/v2\/types\/product"}],"wp:featuredmedia":[{"embeddable":true,"href":"https:\/\/birdbusters.eu\/de\/wp-json\/wp\/v2\/media\/9061"}],"wp:attachment":[{"href":"https:\/\/birdbusters.eu\/de\/wp-json\/wp\/v2\/media?parent=4377"}],"wp:term":[{"taxonomy":"product_brand","embeddable":true,"href":"https:\/\/birdbusters.eu\/de\/wp-json\/wp\/v2\/product_brand?post=4377"},{"taxonomy":"product_cat","embeddable":true,"href":"https:\/\/birdbusters.eu\/de\/wp-json\/wp\/v2\/product_cat?post=4377"},{"taxonomy":"product_tag","embeddable":true,"href":"https:\/\/birdbusters.eu\/de\/wp-json\/wp\/v2\/product_tag?post=4377"}],"curies":[{"name":"wp","href":"https:\/\/api.w.org\/{rel}","templated":true}]}}