{"id":4405,"date":"2018-11-30T09:26:37","date_gmt":"2018-11-30T08:26:37","guid":{"rendered":"https:\/\/birdbusters.eu\/product\/seagull-deterrent-for-roofs\/"},"modified":"2025-06-18T14:08:59","modified_gmt":"2025-06-18T12:08:59","slug":"sich-im-wind-bewegender-vogelschreck","status":"publish","type":"product","link":"https:\/\/birdbusters.eu\/de\/produkt\/sich-im-wind-bewegender-vogelschreck\/","title":{"rendered":"M\u00f6wenschutz f\u00fcr Segel- und Motorboote"},"content":{"rendered":"<h3>M\u00f6wenschutz f\u00fcr Segel- und Motorboote<\/h3>\n<p><span style=\"font-weight: 400;\">M\u00f6wen sind bei vielen Menschen wegen der L\u00e4rmbel\u00e4stigung, des Geruches und wegen der Infektionsgefahr durch Parasiten nicht sehr beliebt.\u00a0<\/span><\/p>\n<p><span style=\"font-weight: 400;\">Aber f\u00fcr Boots- und Yachtbesitzer, Hafenmeister und f\u00fcr alle diejenigen, die in der N\u00e4he von Gew\u00e4ssern arbeiten, sind diese V\u00f6gel nicht nur l\u00e4stig, sondern k\u00f6nnen auch wirtschaftlich ein ernstzunehmendes Problem darstellen. Der M\u00f6wenkot besch\u00e4digt Geb\u00e4uden, Boote und Yachten, was zu kostspieligen Reparaturen f\u00fchren kann, wenn sie \u00fcber einen l\u00e4ngeren Zeitraum hinweg unbeaufsichtigt bleiben.\u00a0<\/span><\/p>\n<p><span style=\"font-weight: 400;\">Dieser drehbarer M\u00f6wenschutz ist eine effektive Methode, M\u00f6wen, Tauben und sogar Kormorane von D\u00e4chern, Booten, Yachten und Schiffen fernzuhalten. Das System besteht aus einem zentralen Fu\u00df und aus eines rotierenden Armes der vom Wind gedreht wird. Die Bewegung st\u00f6rt die M\u00f6wen und hindert sie daran zu landen.\u00a0<\/span><\/p>\n<p><span style=\"font-weight: 400;\">Das System wird von der leichtesten Windbrise angetrieben.\u00a0<\/span><\/p>\n<p><b>Der Durchmesser <\/b><span style=\"font-weight: 400;\">der Vorrichtung betr\u00e4gt <\/span><b>2 m<\/b><span style=\"font-weight: 400;\">.\u00a0<\/span><\/p>\n<p><span style=\"font-weight: 400;\">Die Vorrichtung ist UV-stabilisiert f\u00fcr mehrj\u00e4hrige Anwendung. Au\u00dferdem ist dieses M\u00f6wenschutz-System Tierfreundliche und f\u00fcr die V\u00f6gel harmlose Form der Vogelbek\u00e4mpfung. Die Bewegung hindert die M\u00f6wen am Landen, ohne sie dabei zu verletzen oder zu t\u00f6ten.<\/span><\/p>\n<p><b>Einsatzbereiche. <\/b><span style=\"font-weight: 400;\">Dank der flexiblen Konstruktion, kann dieses System schnell zusammengefaltet und auf den Booten, Yachten, Schiffen und Antennen installiert werden.\u00a0<\/span><\/p>\n<p><b>Montage. <\/b><span style=\"font-weight: 400;\">Das M\u00f6wenschutz-System l\u00e4sst sich schnell und einfach mit dem speziellen <\/span><a href=\"https:\/\/birdbusters.eu\/de\/produkt\/rohrhalterung\/\"><span style=\"font-weight: 400;\">Rohrhalter<\/span><\/a><span style=\"font-weight: 400;\"> nahezu an jeder Stange befestigen. Der Rohrhalter ist im Lieferumfang nicht enthalten und muss separat bestellt werden.<\/span><\/p>\n<p><b>H\u00e4ufig gestellte Fragen<\/b><\/p>\n<p><b><i>Wie effektiv ist dieses M\u00f6wenschutz-System im Vergleich zu anderen Abwehrma\u00dfnahmen?\u00a0<\/i><\/b><\/p>\n<p><span style=\"font-weight: 400;\">Dieses System hat die Aufgabe die M\u00f6wen, Seem\u00f6wen, Tauben und anderen V\u00f6gel am Landen auf D\u00e4chern, Booten und Yachten zu hindern. Als physische Vogelabwehrmethode hat das System sich als sehr effektiv herausgestellt.\u00a0<\/span><\/p>\n<p><span style=\"font-weight: 400;\">Im Vergleich zu anderen Abwehrma\u00dfnahmen, belastet der Einsatz von dem M\u00f6wenschutz-System die Umwelt in keiner Weise. Im vergleich zu einigen anderen Abwehrsystemen ben\u00f6tigt der Bird Spider keine Energie. Er macht keinen L\u00e4rm und l\u00e4sst sich somit \u00fcberall einsetzen. Au\u00dferdem ist das System f\u00fcr die V\u00f6gel v\u00f6llig unsch\u00e4dlich.<\/span><\/p>\n<p><span style=\"font-weight: 400;\">Das System ist UV-stabilisiert, dauerhaft und erfordert keine Wartung.\u00a0<\/span><\/p>\n<p><b><i>Wo kann ich das M\u00f6wenschutz-System montieren?\u00a0<\/i><\/b><\/p>\n<p><span style=\"font-weight: 400;\">Dieses System ist einfach zu installieren und kann \u00fcberall dort angebracht werden, wo man den Schutz vor l\u00e4stigen M\u00f6wen ben\u00f6tigt. Das System ist perfekt f\u00fcr Boote und Yachten.\u00a0<\/span><\/p>\n<p><b><i>Wie befestigt man das M\u00f6wenschutz-System?<\/i><\/b><span style=\"font-weight: 400;\">\u00a0<\/span><\/p>\n<p><span style=\"font-weight: 400;\">Das M\u00f6wenschutz-System kann einfach mit der speziellen <\/span><a href=\"https:\/\/birdbusters.eu\/de\/produkt\/rohrhalterung\/\"><span style=\"font-weight: 400;\">Halterung<\/span><\/a><span style=\"font-weight: 400;\"> nahezu an jeder Stange befestigt werden. Die Halterung ist im Lieferumfang nicht enthalten und muss separat bestellt werden.\u00a0<\/span><\/p>\n<p><b><i>Ist das M\u00f6wenschutz-System gef\u00e4hrlich?\u00a0<\/i><\/b><\/p>\n<p><span style=\"font-weight: 400;\">Dieses M\u00f6wenschutz-System gilt zwar als humane Form der Vogelbek\u00e4mpfung und ist f\u00fcr die M\u00f6wen und andere V\u00f6gel v\u00f6llig unsch\u00e4dlich. Die rotierende Arm hindert die M\u00f6wen am Landen, ohne sie dabei zu verletzen oder zu t\u00f6ten.\u00a0\u00a0<\/span><\/p>\n<p><b><i>Wie bestelle ich?\u00a0<\/i><\/b><\/p>\n<p><span style=\"font-weight: 400;\">Legen Sie den Artikel in den Warenkorb. M\u00f6chten Sie die Anzahl ver\u00e4ndern oder einen Artikel L\u00f6schen, ist es nun m\u00f6glich dies zu tun. Ist der Inhalt des Warenkorbs f\u00fcr Sie in Ordnung, geben Sie alle geforderten Daten korrekt an und w\u00e4hlen Sie die Zahlungsmethode. Ist die Bestellung erfolgreich gewesen, erhalten Sie eine Best\u00e4tigung per E-Mail von uns.<\/span><\/p>\n<p><b><i>Kann ich meine Bestellung retournieren?\u00a0<\/i><\/b><\/p>\n<p><span style=\"font-weight: 400;\">Wenn Sie nicht mit dem Kauf zufrieden sind, haben Sie 14 Tage Zeit, um die bestellte Waren an uns zur\u00fcckzuschicken und wir erstatten den vollst\u00e4ndigen Kaufpreis.\u00a0<\/span><\/p>\n<p><b><i>Wann bekomme ich meine R\u00fcckerstattung?\u00a0<\/i><\/b><\/p>\n<p><span style=\"font-weight: 400;\">Nach Eingang und Pr\u00fcfung der Sendung erfolgt die R\u00fcckerstattung des Kaufpreises einschlie\u00dflich der Lieferkosten innerhalb von 14 Tagen \u00fcber den bei der Bestellung gew\u00e4hlten Zahlungsweg.<\/span><\/p>\n","protected":false},"excerpt":{"rendered":"<p><span style=\"font-weight: 400;\">Der windbetriebene M\u00f6wenschutz h\u00e4lt M\u00f6wen durch Drehbewegung von Ihrem Boot oder Ihre Yacht fern. Sogar bei einer leichten Brise dreht sich die Anlage ohne st\u00f6rende Ger\u00e4usche und alle M\u00f6wen verstehen, dass es hier keinen Landeplatz gibt. <\/span><\/p>\n<p>https:\/\/youtu.be\/c7VesODnkek<\/p>\n<p>&nbsp;<\/p>\n<p>&nbsp;<\/p>\n","protected":false},"featured_media":4410,"template":"","meta":{"_themeisle_gutenberg_block_has_review":false},"product_brand":[],"product_cat":[89,88],"product_tag":[95,96],"class_list":{"0":"post-4405","1":"product","2":"type-product","3":"status-publish","4":"has-post-thumbnail","6":"product_cat-visuelle-vogelabschreckungen","7":"product_cat-vogelschreck","8":"product_tag-seagull-deterrent-de","9":"product_tag-seagull-scarer-de","10":"product_shipping_class-kuller-pick-up-point-de","12":"first","13":"instock","14":"taxable","15":"shipping-taxable","16":"purchasable","17":"product-type-simple"},"_links":{"self":[{"href":"https:\/\/birdbusters.eu\/de\/wp-json\/wp\/v2\/product\/4405","targetHints":{"allow":["GET"]}}],"collection":[{"href":"https:\/\/birdbusters.eu\/de\/wp-json\/wp\/v2\/product"}],"about":[{"href":"https:\/\/birdbusters.eu\/de\/wp-json\/wp\/v2\/types\/product"}],"wp:featuredmedia":[{"embeddable":true,"href":"https:\/\/birdbusters.eu\/de\/wp-json\/wp\/v2\/media\/4410"}],"wp:attachment":[{"href":"https:\/\/birdbusters.eu\/de\/wp-json\/wp\/v2\/media?parent=4405"}],"wp:term":[{"taxonomy":"product_brand","embeddable":true,"href":"https:\/\/birdbusters.eu\/de\/wp-json\/wp\/v2\/product_brand?post=4405"},{"taxonomy":"product_cat","embeddable":true,"href":"https:\/\/birdbusters.eu\/de\/wp-json\/wp\/v2\/product_cat?post=4405"},{"taxonomy":"product_tag","embeddable":true,"href":"https:\/\/birdbusters.eu\/de\/wp-json\/wp\/v2\/product_tag?post=4405"}],"curies":[{"name":"wp","href":"https:\/\/api.w.org\/{rel}","templated":true}]}}