{"id":4423,"date":"2018-11-30T09:11:37","date_gmt":"2018-11-30T08:11:37","guid":{"rendered":"https:\/\/birdbusters.eu\/product\/black-woodpecker-repellent\/"},"modified":"2026-01-27T19:04:53","modified_gmt":"2026-01-27T18:04:53","slug":"schwarzkopfspechtenfoermige-vogelscheuche","status":"publish","type":"product","link":"https:\/\/birdbusters.eu\/de\/produkt\/schwarzkopfspechtenfoermige-vogelscheuche\/","title":{"rendered":"Specht-Attrappe"},"content":{"rendered":"<h3><b>Specht-Attrappe zur Spechtabwehr<\/b><\/h3>\n<p><span style=\"font-weight: 400;\">Spechte k\u00f6nnen an Geb\u00e4uden erhebliche Sch\u00e4den verursachen.\u00a0 Hat ein Specht sich in Ihrem Haus gem\u00fctlich gemacht, wird es schwierig, ihn wieder loszuwerden. Deshalb ist es empfehlenswert fr\u00fchzeitig aktiv zu werden, wenn der Specht zum ersten Mal ersp\u00e4ht wird.\u00a0<\/span><\/p>\n<p><span style=\"font-weight: 400;\">Zur wirksamen Abschreckung der Spechte gibt es eine spezielle Specht-Attrappe. Diese signalisiert dem nach einen neuem Territorium suchendem Specht dass das Revier schon besetzt ist. Spechte sind Einzelg\u00e4nger und wenn <\/span>Sie eine lebensechte Spechtsilhouette an Ihrem Haus anbringen, k\u00f6nnen Sie den echten Specht fernhalten.<\/p>\n<p>Die Specht-Attrappe ist eine realistisch aussehende <strong>2D-Silhouette mit dem auf Stahl gemalten Spechtbild<\/strong>. <span style=\"font-weight: 400;\">Die Attrappe wird mit Hilfe der mitgelieferten Aluminiumplatte an den gew\u00fcnschten Ort festgeschraubt. Bei der Befestigung sollte immer eine Position gew\u00e4hlt werden von der aus die Attrappe gut sichtbar f\u00fcr die Spechte ist.\u00a0<\/span><\/p>\n<p><span style=\"font-weight: 400;\">Falls mehrere Stellen des Geb\u00e4udes Betroffen sind, empfiehlt sich die Montage von mehreren Specht-Attrappen. Es ist jedoch dabei zu beachten, dass zwischen den Specht-Attrappen kein Sichtkontakt besteht.\u00a0<\/span><\/p>\n<p>Wenn Sie Problemen mit dem Buntspecht haben, sollten Sie die <a href=\"https:\/\/birdbusters.eu\/de\/produkt\/spechtenfoermige-vogelscheuche\/\">Buntspecht-Attrappe<\/a> verwenden.<\/p>\n<p><span style=\"font-weight: 400;\">Mit Specht-Attrappen wurden h\u00f6lzerne Strommasten und Fassaden vor hackenden Spechten gesch\u00fctzt &#8211; mit gutem Erfolg. Aber Vorsicht vor Gew\u00f6hnungseffekten. Erkennt der Hacker, dass vom Konkurrenten an der Wand kleine echte Bedrohung ausgeht, macht er einfach weiter.\u00a0\u00a0<\/span><\/p>\n<p><span style=\"font-weight: 400;\">Idealerweise sollte eine Attrappe f\u00fcr eine l\u00e4nger anhaltende Vergr\u00e4mungswirkung von Zeit zu Zeit abgenommen und an einer anderen Position installiert werden um das Gew\u00f6hnungseffekt zu vermeiden.\u00a0<\/span><\/p>\n<p><b>Einsatzbereiche: <\/b><span style=\"font-weight: 400;\">Die Specht-Attrappe ist f\u00fcr die Fassaden, Holzmasten, Balkonen, Terrassen und D\u00e4chern geeignet.\u00a0\u00a0<\/span><\/p>\n<h3><b>H\u00e4ufig gestellte Fragen<\/b><\/h3>\n<p><b><i>Warum vertreibt man Spechte?\u00a0<\/i><\/b><\/p>\n<p><span style=\"font-weight: 400;\">Spechte k\u00f6nnen Schwierigkeiten bereiten, wenn sie L\u00f6cher in Hausw\u00e4nde hacken. Sogar durch kleinste Verletzungen in der Fassade kann Feuchtigkeit eindringen, die die W\u00e4rmed\u00e4mmung unwirksam macht. Wenn dieses Stadium erreicht wird, kann die gefrierende N\u00e4sse beim n\u00e4chsten Frost den Fassadenputz weiter besch\u00e4digen.\u00a0<\/span><\/p>\n<p><span style=\"font-weight: 400;\">Wird dieser Kreislauf nicht rechtzeitig unterbrochen, sind schwere Geb\u00e4udesch\u00e4den die Folge.\u00a0<\/span><\/p>\n<p><b><i>Werden sich die Spechte an der Specht-Attrappe gew\u00f6hnen?<\/i><\/b><\/p>\n<p><span style=\"font-weight: 400;\">Spechte sind nicht dumm. Bei der Specht-Attrappe ist es wichtig die Gew\u00f6hnungseffekte zu vermeiden. Es ist empfehlenswert die Attrappe regelm\u00e4\u00dfig umzusetzen.\u00a0<\/span><\/p>\n<p><span style=\"font-weight: 400;\">Au\u00dferdem ist es hilfreich Vergr\u00e4mungsma\u00dfnahmen gro\u00dffl\u00e4chig anlegen, um Ausweichman\u00f6ver auf andere Fl\u00e4chen zu vermeiden.\u00a0<\/span><\/p>\n<p><b><i>Wie effektiv ist die Specht-Attrappe im Vergleich zu anderen Abwehrma\u00dfnahmen?\u00a0<\/i><\/b><\/p>\n<p><span style=\"font-weight: 400;\">Die Specht-Attrappe hat die Aufgabe <\/span><span style=\"font-weight: 400;\">dem nach einen neuem Territorium suchendem Specht zu signalisieren, dass das Revier schon besetzt ist. <\/span><span style=\"font-weight: 400;\">Als optische Vogelabwehrmethode hat die Attrappe sich als wirksam herausgestellt.\u00a0<\/span><\/p>\n<p><span style=\"font-weight: 400;\">Im Vergleich zu anderen Abwehrma\u00dfnahmen, belastet der Einsatz von der Specht-Attrappe die Umwelt in keiner Weise. Es ben\u00f6tigt keine Energie, macht keinen L\u00e4rm und l\u00e4sst sich \u00fcberall einsetzen. Es ist robust, langlebig und korrosionsbest\u00e4ndig, so dass es auch bei Wind und Regen lange verwendet werden kann.\u00a0<\/span><\/p>\n<p><span style=\"font-weight: 400;\">Au\u00dferdem ist die Attrappe f\u00fcr die Spechte v\u00f6llig unsch\u00e4dlich.<\/span><\/p>\n<p><b><i>Darf man Spechte vertreiben?\u00a0<\/i><\/b><\/p>\n<p><span style=\"font-weight: 400;\">Spechte und ihre Nist- und Zufluchtsst\u00e4tten stehen in Deutschland unter dem Schutz des Bundnaturschutzgesetzes. Insofern ist das T\u00f6ten, verletzen, Fangen sowie die Vernichtung der Quartiere zu jeder Jahreszeit verboten.\u00a0<\/span><\/p>\n<p><span style=\"font-weight: 400;\">Man darf versuchen die Spechte mittels Specht-Attrappe zu vertreiben.\u00a0<\/span><\/p>\n<p><b><i>Wie bestelle ich?\u00a0<\/i><\/b><\/p>\n<p><span style=\"font-weight: 400;\">Legen Sie den Artikel in den Warenkorb. M\u00f6chten Sie die Anzahl ver\u00e4ndern oder einen Artikel L\u00f6schen, ist es nun m\u00f6glich dies zu tun. Ist der Inhalt des Warenkorbs f\u00fcr Sie in Ordnung, geben Sie alle geforderten Daten korrekt an und w\u00e4hlen Sie die Zahlungsmethode. Ist die Bestellung erfolgreich gewesen, erhalten Sie eine Best\u00e4tigung per E-Mail von uns.<\/span><\/p>\n<p><b><i>Wann bekomme ich meine R\u00fcckerstattung?\u00a0<\/i><\/b><\/p>\n<p><span style=\"font-weight: 400;\">Nach Eingang und Pr\u00fcfung der Sendung erfolgt die R\u00fcckerstattung des Kaufpreises einschlie\u00dflich der Lieferkosten innerhalb von 14 Tagen \u00fcber den bei der Bestellung gew\u00e4hlten Zahlungsweg.<\/span><\/p>\n<h3><b>\u00dcber Birdbusters<\/b><\/h3>\n<p><span style=\"font-weight: 400;\">Wenn Sie Probleme mit unerw\u00fcnschte V\u00f6gel haben, wenden Sie sich an die Experten von Bird Busters. Wir bieten eine Reihe von umweltfreundlichen Produkten an, die Ihre L\u00e4stigen Probleme l\u00f6sen und alle zufrieden stellen.\u00a0<\/span><\/p>\n<p><span style=\"font-weight: 400;\">Unsere Mission ist es, Menschen dabei zu helfen, Ihren Garten oder Balkon, Ihre Obstb\u00e4ume oder Pflanzen vor V\u00f6gel zu sch\u00fctzen. Machen Sie sich gem\u00fctlich und sammeln Sie neue Ideen!<\/span><\/p>\n","protected":false},"excerpt":{"rendered":"<p><span style=\"font-weight: 400;\">Die Verwendung von der Specht-Attrappe kann effektiv verhindern, dass die Spechte Ihre Fassaden, Holzmasten, Balkonen und D\u00e4chern besch\u00e4digen. Dieses Abwehrmittel kann auf die Geb\u00e4udekante montiert werden.\u00a0<\/span><\/p>\n<p><b>Ma\u00dfe: <\/b>52 cm x 22 cm x 0,2 cm<\/p>\n","protected":false},"featured_media":4426,"template":"","meta":{"_themeisle_gutenberg_block_has_review":false},"product_brand":[],"product_cat":[89,88],"product_tag":[],"class_list":{"0":"post-4423","1":"product","2":"type-product","3":"status-publish","4":"has-post-thumbnail","6":"product_cat-visuelle-vogelabschreckungen","7":"product_cat-vogelschreck","9":"first","10":"instock","11":"taxable","12":"shipping-taxable","13":"purchasable","14":"product-type-simple"},"_links":{"self":[{"href":"https:\/\/birdbusters.eu\/de\/wp-json\/wp\/v2\/product\/4423","targetHints":{"allow":["GET"]}}],"collection":[{"href":"https:\/\/birdbusters.eu\/de\/wp-json\/wp\/v2\/product"}],"about":[{"href":"https:\/\/birdbusters.eu\/de\/wp-json\/wp\/v2\/types\/product"}],"wp:featuredmedia":[{"embeddable":true,"href":"https:\/\/birdbusters.eu\/de\/wp-json\/wp\/v2\/media\/4426"}],"wp:attachment":[{"href":"https:\/\/birdbusters.eu\/de\/wp-json\/wp\/v2\/media?parent=4423"}],"wp:term":[{"taxonomy":"product_brand","embeddable":true,"href":"https:\/\/birdbusters.eu\/de\/wp-json\/wp\/v2\/product_brand?post=4423"},{"taxonomy":"product_cat","embeddable":true,"href":"https:\/\/birdbusters.eu\/de\/wp-json\/wp\/v2\/product_cat?post=4423"},{"taxonomy":"product_tag","embeddable":true,"href":"https:\/\/birdbusters.eu\/de\/wp-json\/wp\/v2\/product_tag?post=4423"}],"curies":[{"name":"wp","href":"https:\/\/api.w.org\/{rel}","templated":true}]}}