{"id":4436,"date":"2018-08-14T20:07:26","date_gmt":"2018-08-14T17:07:26","guid":{"rendered":"https:\/\/birdbusters.eu\/product\/bird-net\/"},"modified":"2023-04-06T11:26:28","modified_gmt":"2023-04-06T09:26:28","slug":"vogelnetz","status":"publish","type":"product","link":"https:\/\/birdbusters.eu\/de\/produkt\/vogelnetz\/","title":{"rendered":"Vogelschutznetz 5 x 20 m"},"content":{"rendered":"<h3><b>Das Vogelschutznetz zur Vogelabwehr<\/b><\/h3>\n<p><span style=\"font-weight: 400;\">Ein Vogelschutznetz, auch Abdecknetz genannt, ist zum Schutz Ihrer Obst- und Pflanzenkulturen vor Vogelfra\u00df geeignet. Es wird \u00fcber Obstb\u00e4ume, -str\u00e4ucher oder -beete gelegt und verhindert, dass die V\u00f6gel an die Frucht gelangen k\u00f6nnen. Das Netz st\u00f6rt das Pflanzenwachstum nicht und sch\u00e4digt weder V\u00f6gel, Kleintiere oder Nager. Diese Eigenschaften machen das Vogelschutznetz ideal zum gro\u00dffl\u00e4chigen Einsatz zur Vogelabwehr.\u00a0<\/span><\/p>\n<p><span style=\"font-weight: 400;\">Das Vogelschutznetz ist <strong>mit Maschenweite 20 \u00d7 20 mm verf\u00fcgbar<\/strong>. Diese Maschenweite ist optimal, um Gem\u00fcse und andere Pflanzen vor Sch\u00e4dlingen zu sch\u00fctzen, ohne den V\u00f6geln zu schaden. Grunds\u00e4tzlich sollten die Maschen nie zu klein sein, so dass der Vogel nie in der Masche stecken bleibt. Sind die Maschen aber zu gro\u00df, k\u00f6nnen die V\u00f6gel hindurch geraten.\u00a0<\/span><\/p>\n<p><span style=\"font-weight: 400;\">Wer verschiedene Vogelarten abwehren m\u00f6chte und unsicher ist, welche Maschengr\u00f6\u00dfe zu w\u00e4hlen, liegt mit der 20 mm Masche immer richtig.\u00a0<\/span><\/p>\n<p><span style=\"font-weight: 400;\">Achten Sie darauf, dass das Vogelnetz recht straff gespannt ist und an keiner Stelle L\u00f6cher oder Durchg\u00e4nge aufweist. Die V\u00f6gel nutzen die L\u00fccken um hineinkriechen, aber k\u00f6nnen nicht wieder herauskommen. Das <strong>Vogelschutznetz sollte bis zum Stamm oder dem Boden reichen<\/strong> und dort auch befestigt werden, damit die V\u00f6gel nicht von unten an die Fr\u00fcchte gelangen.\u00a0<\/span><\/p>\n<p><span style=\"font-weight: 400;\"><strong>Weinreben, Beerenstr\u00e4ucher, Erdbeerplantagen, Obstb\u00e4ume<\/strong> werden mit dem Einsatz von dem Vogelschutznetz gesch\u00fctzt und die Fr\u00fcchte k\u00f6nnen unbeschadet ausreifen. Auch auf Plantagen, in G\u00e4rtnereien, in der Landwirtschaft, in der Industrie, aber auch auf dem privaten Balkon werden die Netze optimal genutzt.\u00a0<\/span><\/p>\n<p><span style=\"font-weight: 400;\">Das Netz besteht aus einem rei\u00dffestem Material, ist leicht, flexibel und mehrj\u00e4hrig einsetzbar.\u00a0<\/span><\/p>\n<h3><b>H\u00e4ufig gestellte Fragen<\/b><\/h3>\n<p><b><i>Wie funktioniert das Vogelschutznetz?<\/i><\/b><\/p>\n<p><span style=\"font-weight: 400;\">Das Vogelschutznetz wird \u00fcber Obstb\u00e4ume, -str\u00e4ucher oder -beete gelegt und verhindert, dass die V\u00f6gel an die Frucht gelangen k\u00f6nnen. Das Netz st\u00f6rt das Pflanzenwachstum nicht und sch\u00e4digt weder V\u00f6gel, Kleintiere oder Nager.\u00a0<\/span><\/p>\n<p><b><i>Ist das Vogelschutznetz V\u00f6gel wirksam?\u00a0<\/i><\/b><\/p>\n<p><span style=\"font-weight: 400;\">Ja, ohne Zweifel! Vogelschutznetze sind eine einfache, aber wirksame Methode, um unerw\u00fcnschte V\u00f6gel fernzuhalten. Es ist unbestritten, dass das Vogelschutznetz viele Arten von V\u00f6geln wirksam davon abh\u00e4lt, B\u00e4ume und Pflanzen zu besch\u00e4digen. Es entspricht den Anforderungen aus dem professionellen Obst- und Weinbau und wird auch in dem Garten gute Arbeit leisten.\u00a0\u00a0<\/span><\/p>\n<p><b><i>Was ist bei dieser Art der Vogelabwehr zu beachten?\u00a0<\/i><\/b><\/p>\n<p><span style=\"font-weight: 400;\">Die Netze sind in unterschiedlichen Gr\u00f6\u00dfen erh\u00e4ltlich. Bei der Auswahl sollten Sie neben den Abmessungen die Maschenweite \u00fcberpr\u00fcfen. Grunds\u00e4tzlich sollten die Maschen nie zu klein sein, so dass der Vogel nie in der Masche stecken bleibt. Sind die Maschen aber zu gro\u00df, k\u00f6nnen die V\u00f6gel hindurch geraten.\u00a0<\/span><\/p>\n<p><span style=\"font-weight: 400;\">Wer verschiedene Vogelarten abwehren m\u00f6chte und unsicher ist, welche Maschengr\u00f6\u00dfe zu w\u00e4hlen, liegt mit der 20 mm Masche immer richtig.\u00a0<\/span><\/p>\n<p><b><i>F\u00fcr welche Einsatzbereiche ist das Vogelschutznetz geeignet?\u00a0<\/i><\/b><\/p>\n<p><span style=\"font-weight: 400;\">Das Vogelschutznetz kann in vielen Bereichen zum Einsatz kommen. Weinreben, Beerenstr\u00e4ucher, Erdbeerplantagen, Obstb\u00e4ume werden mit dem Einsatz von dem Vogelschutznetz gesch\u00fctzt und die Fr\u00fcchte k\u00f6nnen unbeschadet ausreifen. Auch auf Plantagen, in G\u00e4rtnereien, in der Landwirtschaft, in der Industrie, aber auch auf dem privaten Balkon werden die Netze optimal genutzt.\u00a0<\/span><\/p>\n<p><b><i>Wie kann ich unerw\u00fcnschte V\u00f6gel von meinem Garten fernhalten?\u00a0<\/i><\/b><\/p>\n<p><span style=\"font-weight: 400;\">Wenn Sie ein V\u00f6gelproblem in Ihrem Garten haben, gibt es einige L\u00f6sungen, um die V\u00f6gel loszuwerden.\u00a0<\/span><\/p>\n<p><span style=\"font-weight: 400;\">Das Vogelnetz ist eine L\u00f6sung, aber Sie k\u00f6nnen zum Beispiel auch <\/span><a href=\"https:\/\/birdbusters.eu\/de\/Category\/visuelle-vogelabschreckungen\/\"><span style=\"font-weight: 400;\">optische Abwehrmittel<\/span><\/a><span style=\"font-weight: 400;\"> wie eine <\/span><a href=\"https:\/\/birdbusters.eu\/de\/produkt\/falkenfoermige-vogelabschreckung\/\"><span style=\"font-weight: 400;\">Falken<\/span><\/a><span style=\"font-weight: 400;\">&#8211; oder <\/span><a href=\"https:\/\/birdbusters.eu\/de\/produkt\/eulenfoermige-vogelscheuche-mit-rotierendem-kopf\/\"><span style=\"font-weight: 400;\">Eulenattrappe<\/span><\/a><span style=\"font-weight: 400;\"> verwenden. Oder entscheiden Sie sich f\u00fcr etwas Reflektierendes wie alte CDs, Streifen von Autofolie oder <\/span><a href=\"https:\/\/birdbusters.eu\/de\/produkt\/vogel-abwehrband\/\"><span style=\"font-weight: 400;\">Vogelabwehrband<\/span><\/a><span style=\"font-weight: 400;\">.\u00a0<\/span><\/p>\n<p><b><i>Wie bestelle ich?\u00a0<\/i><\/b><\/p>\n<p><span style=\"font-weight: 400;\">Legen Sie den Artikel in den Warenkorb. M\u00f6chten Sie die Anzahl ver\u00e4ndern oder einen Artikel l\u00f6schen, ist es nun m\u00f6glich dies zu tun. Ist der Inhalt des Warenkorbs f\u00fcr Sie in Ordnung, geben Sie alle geforderten Daten korrekt an und w\u00e4hlen Sie die Zahlungsmethode. Ist die Bestellung erfolgreich gewesen, erhalten Sie eine Best\u00e4tigung per E-Mail von uns.<\/span><\/p>\n<h3><b>\u00dcber Bird Busters<\/b><\/h3>\n<p><span style=\"font-weight: 400;\">Wenn Sie Probleme mit unerw\u00fcnschten V\u00f6geln haben, wenden Sie sich an die Experten von Bird Busters. Wir bieten eine Reihe von umweltfreundlichen Produkten an, die Ihre l\u00e4stigen Probleme l\u00f6sen und alle zufrieden stellen.\u00a0<\/span><\/p>\n<p><span style=\"font-weight: 400;\">Unsere Mission ist es, Menschen dabei zu helfen, Ihren Garten oder Balkon, Ihre Obstb\u00e4ume oder Pflanzen vor V\u00f6gel zu sch\u00fctzen. Machen Sie sich gem\u00fctlich und sammeln Sie neue Ideen!<\/span><\/p>\n","protected":false},"excerpt":{"rendered":"<p><span style=\"font-weight: 400;\">Dieses Vogelschutznetz mit Randeinfassung ist die g\u00e4ngigste Methode zum Schutz von V\u00f6geln und eignet sich perfekt, um V\u00f6gel von B\u00e4umen und Pflanzen fernzuhalten.\u00a0<\/span><\/p>\n<p><b>Ma\u00dfe: <\/b><span style=\"font-weight: 400;\">5 x 20 m<\/span><\/p>\n<p><b>Maschengr\u00f6\u00dfe: <\/b><span style=\"font-weight: 400;\">20 x 20 mm<\/span><\/p>\n","protected":false},"featured_media":4438,"template":"","meta":{"_themeisle_gutenberg_block_has_review":false},"product_brand":[],"product_cat":[90],"product_tag":[],"class_list":{"0":"post-4436","1":"product","2":"type-product","3":"status-publish","4":"has-post-thumbnail","6":"product_cat-vogelabwehrmittel","8":"first","9":"outofstock","10":"taxable","11":"shipping-taxable","12":"purchasable","13":"product-type-simple"},"_links":{"self":[{"href":"https:\/\/birdbusters.eu\/de\/wp-json\/wp\/v2\/product\/4436","targetHints":{"allow":["GET"]}}],"collection":[{"href":"https:\/\/birdbusters.eu\/de\/wp-json\/wp\/v2\/product"}],"about":[{"href":"https:\/\/birdbusters.eu\/de\/wp-json\/wp\/v2\/types\/product"}],"wp:featuredmedia":[{"embeddable":true,"href":"https:\/\/birdbusters.eu\/de\/wp-json\/wp\/v2\/media\/4438"}],"wp:attachment":[{"href":"https:\/\/birdbusters.eu\/de\/wp-json\/wp\/v2\/media?parent=4436"}],"wp:term":[{"taxonomy":"product_brand","embeddable":true,"href":"https:\/\/birdbusters.eu\/de\/wp-json\/wp\/v2\/product_brand?post=4436"},{"taxonomy":"product_cat","embeddable":true,"href":"https:\/\/birdbusters.eu\/de\/wp-json\/wp\/v2\/product_cat?post=4436"},{"taxonomy":"product_tag","embeddable":true,"href":"https:\/\/birdbusters.eu\/de\/wp-json\/wp\/v2\/product_tag?post=4436"}],"curies":[{"name":"wp","href":"https:\/\/api.w.org\/{rel}","templated":true}]}}