{"id":4452,"date":"2018-07-05T12:27:43","date_gmt":"2018-07-05T10:27:43","guid":{"rendered":"https:\/\/birdbusters.eu\/product\/bird-scare-humming-line-30m\/"},"modified":"2025-07-04T19:22:29","modified_gmt":"2025-07-04T17:22:29","slug":"windrispenband","status":"publish","type":"product","link":"https:\/\/birdbusters.eu\/de\/produkt\/windrispenband\/","title":{"rendered":"Fl\u00f6tenband, 30 m"},"content":{"rendered":"<h3><b>Fl\u00f6tenband zur Vogelabwehr<\/b><\/h3>\n<p><span style=\"font-weight: 400;\">V\u00f6gel sp\u00fcren, wenn die Fr\u00fcchte in G\u00e4rten reif sind. Vor allem zur Erntezeit lassen sich viele von ihnen durch die bunten Beeren dazu verleiten zu fressen, was es gibt. Es ist kein Problem, wenn sich ein einzelner Star an Johannisbeeren vergreift. Aber wenn sich ganze Schw\u00e4rme an Ihrer Ernte machen, m\u00f6chten Sie das vermutlich verhindern.\u00a0<\/span><\/p>\n<p><span style=\"font-weight: 400;\"><strong>Das Fl\u00f6tenband<\/strong> ist eine einfache und g\u00fcnstige Methode der Vogelabwehr. Das 5 mm breite, UV-Licht-best\u00e4ndige Band wird zwischen zwei Befestigungspunkten gespannt und produziert bereits bei einer kleinen Brise einen summenden Ton. Dadurch f\u00fchlen sich die V\u00f6gel gest\u00f6rt und werden verscheucht.\u00a0<\/span><\/p>\n<p><span style=\"font-weight: 400;\">Meisten Vogelarten lassen sich von dem Fl\u00f6tenband beeindrucken. <\/span><span style=\"font-weight: 400;\">Sie bietet bei Amseln, Dohlen, Kr\u00e4hen, Spechten, Stare, G\u00e4nse und Tauben eine gute Vogelabwehr.<\/span><span style=\"font-weight: 400;\">\u00a0<\/span><\/p>\n<p><span style=\"font-weight: 400;\">Das Fl\u00f6tenband geh\u00f6rt zu den akustischen Abwehrmitteln. Es l\u00e4sst sich leicht an B\u00e4umen, Str\u00e4uchern oder Z\u00e4unen festknoten. Um eine optimale Wirkung zu erreichen, muss das Band straff gespannt werden. Bei Wind ert\u00f6nt ein summender Ton, der die V\u00f6gel verscheucht.\u00a0\u00a0<\/span><\/p>\n<p><b>Einsatzbereiche: <\/b><span style=\"font-weight: 400;\">Das Fl\u00f6tenband ist f\u00fcr unterschiedliche Einsatzgebiete wie z.B. Balkonen, Terrassen, Yachten, Booten, Obstg\u00e4rten und M\u00fclldeponien geeignet und bewirkt einen dauerhaften und umweltfreundlichen Schutz.\u00a0<\/span><\/p>\n<h3><b>H\u00e4ufig gestellte Fragen<\/b><\/h3>\n<p><b><i>Wirkt das Fl\u00f6tenband bei allen V\u00f6geln?\u00a0<\/i><\/b><\/p>\n<p><span style=\"font-weight: 400;\">Dieses Band bietet bei Amseln, Dohlen, Kr\u00e4hen, Spechten, Stare, G\u00e4nse und Tauben eine gute Vogelabwehr.<\/span><span style=\"font-weight: 400;\"> .\u00a0<\/span><\/p>\n<p><b><i>Werden sich die V\u00f6gel an dem Fl\u00f6tenband gew\u00f6hnen?<\/i><\/b><\/p>\n<p><span style=\"font-weight: 400;\">Da das Band f\u00fcr V\u00f6gel unangenehme Tonfrequenzen erzeugt, k\u00f6nnen sie sich nur sehr schwer daran gew\u00f6hnen. Einige leichte Gew\u00f6hnungseffekte k\u00f6nnen sich jedoch unter bestimmten Bedingungen einstellen. Es ist empfehlenswert das Band in Kombination mit optischen Abwehrmittel wie z.B. <\/span><a href=\"https:\/\/birdbusters.eu\/de\/produkt\/weise-kugelformige-vogelscheuche\/\"><span style=\"font-weight: 400;\">vogelschreck Ballonen<\/span><\/a><span style=\"font-weight: 400;\"> zu verwenden.\u00a0<\/span><\/p>\n<p><b><i>Wie effektiv ist das Fl\u00f6tenband im Vergleich zu anderen Abwehrma\u00dfnahmen?\u00a0<\/i><\/b><\/p>\n<p><span style=\"font-weight: 400;\">Das Fl\u00f6tenband hat die Aufgabe den V\u00f6gel durch den summanden Ton zu vergr\u00e4men. Als akustische Vogelabwehrmethode hat das Band sich als sehr effektiv herausgestellt.\u00a0<\/span><\/p>\n<p><span style=\"font-weight: 400;\">Im Vergleich zu anderen Abwehrma\u00dfnahmen, belastet der Einsatz von dem Fl\u00f6tenband die Umwelt in keiner Weise. Es ben\u00f6tigt keine Energie, macht keinen L\u00e4rm und l\u00e4sst sich \u00fcberall einsetzen. Au\u00dferdem ist das Band f\u00fcr die V\u00f6gel v\u00f6llig unsch\u00e4dlich.<\/span><\/p>\n<p><b><i>Wie bestelle ich?\u00a0<\/i><\/b><\/p>\n<p><span style=\"font-weight: 400;\">Legen Sie den Artikel in den Warenkorb. M\u00f6chten Sie die Anzahl ver\u00e4ndern oder einen Artikel L\u00f6schen, ist es nun m\u00f6glich dies zu tun. Ist der Inhalt des Warenkorbs f\u00fcr Sie in Ordnung, geben Sie alle geforderten Daten korrekt an und w\u00e4hlen Sie die Zahlungsmethode. Ist die Bestellung erfolgreich gewesen, erhalten Sie eine Best\u00e4tigung per E-Mail von uns.<\/span><\/p>\n<p><b><i>Kann ich meine Bestellung retournieren?\u00a0<\/i><\/b><\/p>\n<p><span style=\"font-weight: 400;\">Wenn Sie nicht mit dem Kauf zufrieden sind, haben Sie 14 Tage Zeit, um die bestellte Waren an uns zur\u00fcckzuschicken und wir erstatten den vollst\u00e4ndigen Kaufpreis.\u00a0<\/span><\/p>\n<p><b><i>Wann bekomme ich meine R\u00fcckerstattung?\u00a0<\/i><\/b><\/p>\n<p><span style=\"font-weight: 400;\">Nach Eingang und Pr\u00fcfung der Sendung erfolgt die R\u00fcckerstattung des Kaufpreises einschlie\u00dflich der Lieferkosten innerhalb von 14 Tagen \u00fcber den bei der Bestellung gew\u00e4hlten Zahlungsweg.<\/span><\/p>\n<p><b><i>Welche Zahlungsarten kann ich verwenden?\u00a0<\/i><\/b><\/p>\n<p><span style=\"font-weight: 400;\">F\u00fcr Ihre Online-Bestellungen k\u00f6nnen Sie entweder die Kreditkarte oder PayPal verwenden. Ihre gew\u00fcnschte Zahlungsart k\u00f6nnen Sie beim Bestellabschluss w\u00e4hlen.<\/span><\/p>\n<h3><b>\u00dcber Birdbusters<\/b><\/h3>\n<p><span style=\"font-weight: 400;\">Wenn Sie Probleme mit unerw\u00fcnschte V\u00f6gel haben, wenden Sie sich an die Experten von Bird Busters. Wir bieten eine Reihe von umweltfreundlichen Produkten an, die Ihre L\u00e4stigen Probleme l\u00f6sen und alle zufrieden stellen.\u00a0<\/span><\/p>\n<p><span style=\"font-weight: 400;\">Unsere Mission ist es, Menschen dabei zu helfen, Ihren Garten oder Balkon, Ihre Obstb\u00e4ume oder Pflanzen vor V\u00f6gel zu sch\u00fctzen. Machen Sie sich gem\u00fctlich und sammeln Sie neue Ideen!<\/span><\/p>\n","protected":false},"excerpt":{"rendered":"<p><span style=\"font-weight: 400;\">Das 5 mm breite, UV-Licht best\u00e4ndige Fl\u00f6tenband dient zur akustischen Vogelabwehr. Das Band wird zwischen zwei Befestigungspunkten gespannt und gibt bereits bei einer kleinen Windbrise einen Pfeifton ab, der die V\u00f6gel vertreibt. Dieses Abwehrmittel ist besonders effektiv f\u00fcr den Einsatz in Obstg\u00e4rten, auf Balkonen und Terrassen, an Teichen und auf Booten.\u00a0<\/span><\/p>\n<p><b>L\u00e4nge: <\/b><span style=\"font-weight: 400;\">30 m<\/span><\/p>\n<p>https:\/\/youtu.be\/YuyrTB2dQZE<\/p>\n","protected":false},"featured_media":4454,"template":"","meta":{"_themeisle_gutenberg_block_has_review":false},"product_brand":[],"product_cat":[93,89,88],"product_tag":[],"class_list":{"0":"post-4452","1":"product","2":"type-product","3":"status-publish","4":"has-post-thumbnail","6":"product_cat-akustische-vogelabwehr","7":"product_cat-visuelle-vogelabschreckungen","8":"product_cat-vogelschreck","10":"first","11":"instock","12":"taxable","13":"shipping-taxable","14":"purchasable","15":"product-type-simple"},"_links":{"self":[{"href":"https:\/\/birdbusters.eu\/de\/wp-json\/wp\/v2\/product\/4452","targetHints":{"allow":["GET"]}}],"collection":[{"href":"https:\/\/birdbusters.eu\/de\/wp-json\/wp\/v2\/product"}],"about":[{"href":"https:\/\/birdbusters.eu\/de\/wp-json\/wp\/v2\/types\/product"}],"wp:featuredmedia":[{"embeddable":true,"href":"https:\/\/birdbusters.eu\/de\/wp-json\/wp\/v2\/media\/4454"}],"wp:attachment":[{"href":"https:\/\/birdbusters.eu\/de\/wp-json\/wp\/v2\/media?parent=4452"}],"wp:term":[{"taxonomy":"product_brand","embeddable":true,"href":"https:\/\/birdbusters.eu\/de\/wp-json\/wp\/v2\/product_brand?post=4452"},{"taxonomy":"product_cat","embeddable":true,"href":"https:\/\/birdbusters.eu\/de\/wp-json\/wp\/v2\/product_cat?post=4452"},{"taxonomy":"product_tag","embeddable":true,"href":"https:\/\/birdbusters.eu\/de\/wp-json\/wp\/v2\/product_tag?post=4452"}],"curies":[{"name":"wp","href":"https:\/\/api.w.org\/{rel}","templated":true}]}}