{"id":4459,"date":"2018-05-15T14:13:41","date_gmt":"2018-05-15T12:13:41","guid":{"rendered":"https:\/\/birdbusters.eu\/product\/taimer\/"},"modified":"2023-02-20T15:14:36","modified_gmt":"2023-02-20T14:14:36","slug":"taimer","status":"publish","type":"product","link":"https:\/\/birdbusters.eu\/de\/produkt\/taimer\/","title":{"rendered":"Zeitschaltuhr"},"content":{"rendered":"<h3>Die Zeitschaltuhr f\u00fcr den Vogelabwehr-Laser<\/h3>\n<p>Mit Hilfe der Zeitschaltuhr kann der Vogelabwehr-Laser automatisch eingeschaltet werden. Die Uhr har ein wasserdichtes Geh\u00e4use und ist f\u00fcr den Au\u00dfenbereich geeignet.<\/p>\n<p>Technische Spezifikationen:<\/p>\n<p>Spannungsversorgung: 220V\/ 50 Hz<\/p>\n<p>Maximale Last: 16 A, 3500 W<\/p>\n<p>Sockeltyp: F (Schuko)<\/p>\n<p>&nbsp;<\/p>\n","protected":false},"excerpt":{"rendered":"<p><strong>Diese Zeitschaltuhr<\/strong> mit 24-Stunden-Einstellung f\u00fcr den Au\u00dfenbereich ist das ideal Zubeh\u00f6r f\u00fcr den <a href=\"https:\/\/birdbusters.eu\/de\/produkt\/automated-laser-bird-repellent\/\">Vogelabwehr-Laser<\/a> und <a href=\"https:\/\/birdbusters.eu\/de\/produkt\/laser-fuer-den-innen-und-aussenbereiche\/\">Rotierenden Laser<\/a>.<\/p>\n","protected":false},"featured_media":4460,"template":"","meta":{"_themeisle_gutenberg_block_has_review":false},"product_brand":[],"product_cat":[99,90],"product_tag":[],"class_list":{"0":"post-4459","1":"product","2":"type-product","3":"status-publish","4":"has-post-thumbnail","6":"product_cat-vogellaser","7":"product_cat-vogelabwehrmittel","9":"first","10":"onbackorder","11":"taxable","12":"shipping-taxable","13":"purchasable","14":"product-type-simple"},"_links":{"self":[{"href":"https:\/\/birdbusters.eu\/de\/wp-json\/wp\/v2\/product\/4459","targetHints":{"allow":["GET"]}}],"collection":[{"href":"https:\/\/birdbusters.eu\/de\/wp-json\/wp\/v2\/product"}],"about":[{"href":"https:\/\/birdbusters.eu\/de\/wp-json\/wp\/v2\/types\/product"}],"wp:featuredmedia":[{"embeddable":true,"href":"https:\/\/birdbusters.eu\/de\/wp-json\/wp\/v2\/media\/4460"}],"wp:attachment":[{"href":"https:\/\/birdbusters.eu\/de\/wp-json\/wp\/v2\/media?parent=4459"}],"wp:term":[{"taxonomy":"product_brand","embeddable":true,"href":"https:\/\/birdbusters.eu\/de\/wp-json\/wp\/v2\/product_brand?post=4459"},{"taxonomy":"product_cat","embeddable":true,"href":"https:\/\/birdbusters.eu\/de\/wp-json\/wp\/v2\/product_cat?post=4459"},{"taxonomy":"product_tag","embeddable":true,"href":"https:\/\/birdbusters.eu\/de\/wp-json\/wp\/v2\/product_tag?post=4459"}],"curies":[{"name":"wp","href":"https:\/\/api.w.org\/{rel}","templated":true}]}}