{"id":4463,"date":"2018-04-19T13:03:35","date_gmt":"2018-04-19T11:03:35","guid":{"rendered":"https:\/\/birdbusters.eu\/product\/wolf-figure-for-scare-birds\/"},"modified":"2024-07-02T08:13:53","modified_gmt":"2024-07-02T06:13:53","slug":"wolfsfoermige-abschreckung","status":"publish","type":"product","link":"https:\/\/birdbusters.eu\/de\/produkt\/wolfsfoermige-abschreckung\/","title":{"rendered":"Wolfsattrappe"},"content":{"rendered":"<h3><b>Wolfsattrappe zur Vogelabwehr<\/b><\/h3>\n<p><span style=\"font-weight: 400;\">Die Wolfsattrappe ist eine effektive und langlebige Methode, um Schadv\u00f6gel aus Ihrem Garten zu vertreiben. Diese Attrappe schreckt viele Vogelarten ab durch ihr wolfs\u00e4hnliches Aussehen und eignet sich perfekt als Schutz f\u00fcr G\u00e4rten, Golfpl\u00e4tze und Parkanlagen.<\/span><\/p>\n<p><span style=\"font-weight: 400;\">Die Verwendung von der Wolfsattrappe als L\u00f6sung f\u00fcr das Problem unerw\u00fcnschter V\u00f6gel kann der erste und auch der letzte Schlag im Kampf gegen Amseln, Dohlen, G\u00e4nse, Stare und Tauben sein.<\/span><\/p>\n<p><span style=\"font-weight: 400;\">Die Platzierung einer lebensecht aussehenden Attrappe eines Wolfs liefert meist gute Ergebnisse. Der Wolf ist ein nat\u00fcrlicher Feind der V\u00f6gel und deshalb verursacht die Anwesenheit der Attrappe ein hohes Unbehagen.\u00a0<\/span><\/p>\n<p><span style=\"font-weight: 400;\">Die Wolfsattrappe kann an <\/span><b>Orten wie G\u00e4rten, Golfpl\u00e4tze, Parkanlagen und auch in der Landwirtschaft <\/b><span style=\"font-weight: 400;\">eingesetzt werden. Bei der Aufstellung sollte immer eine Position gew\u00e4hlt werden, von der aus die Attrappe f\u00fcr die V\u00f6gel gut sichtbar ist.\u00a0<\/span><\/p>\n<p><span style=\"font-weight: 400;\">Die im Lieferumfang enthaltene, 2-teilige Stange bewirkt, dass die Attrappe bei einer kleinen Brise schon bewegt wird. Der Wolf hat auch einen beweglichen Schwanz aus wetterfestem EVA-Gummi. Da sie sich stetig im Wind bewegt, wirkt die Attrappe naturgetreu und suggeriert den V\u00f6geln, dass der Wolf aktiv jagt. Sie f\u00fchlen sich unwohl was schlie\u00dflich dazu f\u00fchrt, dass sie einen anderen Lebensraum w\u00e4hlen.\u00a0<\/span><\/p>\n<p><span style=\"font-weight: 400;\">Die Attrappe dient zur <\/span><a href=\"https:\/\/birdbusters.eu\/de\/Category\/visuelle-vogelabschreckungen\/\"><span style=\"font-weight: 400;\">optischen Vogelabwehr<\/span><\/a><span style=\"font-weight: 400;\"> von Kleinfl\u00e4chen rund um die Attrappe. <\/span><span style=\"font-weight: 400;\">Eine Gew\u00f6hnung der V\u00f6gel an die Wolfsattrappe kann dennoch nicht ausgeschlossen werden. <\/span><span style=\"font-weight: 400;\">Um den Gew\u00f6hnungseffekt auszuschlie\u00dfen, sollte die Attrappe alle 3 bis 4 Tage umgesetzt werden.\u00a0<\/span><\/p>\n<h3><b>H\u00e4ufig gestellte Fragen<\/b><\/h3>\n<p><b><i>Welche Vogelarten vertreibt diese Attrappe?\u00a0<\/i><\/b><\/p>\n<p><span style=\"font-weight: 400;\">Die Wolfsattrappe ist eine gro\u00dfartige Vogelabschreckung f\u00fcr <\/span><span style=\"font-weight: 400;\">Amseln, Dohlen, G\u00e4nse, Stare und Tauben<\/span><span style=\"font-weight: 400;\">. Ihre<\/span><span style=\"font-weight: 400;\"> Gr\u00f6<\/span><span style=\"font-weight: 400;\">\u00dfe und ihr <\/span><span style=\"font-weight: 400;\">wolfs\u00e4hnliches Aussehen sowie ihre Bewegung in der Luft, lassen die Attrappe f\u00fcr viele V\u00f6gel sehr gef\u00e4hrlich erscheinen.\u00a0<\/span><\/p>\n<p><b><i>Wirkt die Attrappe auch bei Windstille?\u00a0<\/i><\/b><\/p>\n<p><span style=\"font-weight: 400;\">Die Wolfsattrappe hat ein wolfs\u00e4hnliches Aussehen und dadurch wird den V\u00f6geln auch bei Windstille suggeriert, dass es sich um ihren nat\u00fcrlichen Feind handelt. Deshalb verursacht die Anwesenheit der Attrappe ein hohes Unbehagen.\u00a0<\/span><\/p>\n<p><b><i>Werden sich die V\u00f6gel an der Attrappe gew\u00f6hnen?<\/i><\/b><\/p>\n<p><span style=\"font-weight: 400;\">Die Intelligenz der V\u00f6gel sollte auf keinen Fall untersch\u00e4tzt werden. Sie gew\u00f6hnen sich an Attrappen und lernen mit der Zeit, dass diese keine Gefahr darstellen. Um einem Gew\u00f6hnungseffekt entgegenzuwirken, ist es empfehlenswert, den Aufstellort regelm\u00e4\u00dfig zu wechseln. Die Attrappe sollte alle 3 bis 4 Tage umgesetzt werden.\u00a0<\/span><\/p>\n<p><b><i>Welche Anwendungsbereiche gibt es f\u00fcr die Wolfsattrappe?\u00a0<\/i><\/b><\/p>\n<p><span style=\"font-weight: 400;\">Die Wolfsattrappe eignet sich vorwiegend dort, wo V\u00f6gel sich noch nicht angesiedelt haben und auch nicht direkt durch Futter angelockt werden. Pr\u00e4ventiv eingesetzt, ist die Attrappe eine M\u00f6glichkeit, V\u00f6gel langfristig fernzuhalten.\u00a0<\/span><\/p>\n<p><span style=\"font-weight: 400;\">Typische Anwendungsbereiche sind <\/span><span style=\"font-weight: 400;\">G\u00e4rten, Golfpl\u00e4tze und Parkanlagen<\/span><span style=\"font-weight: 400;\">.\u00a0<\/span><\/p>\n<p><b><i>Wie effektiv ist die Attrappe im Vergleich zu anderen Abwehrma\u00dfnahmen?\u00a0<\/i><\/b><\/p>\n<p><span style=\"font-weight: 400;\">Die Attrappe hat die Aufgabe den V\u00f6gel durch ihres erschreckende Aussehen und die st\u00e4ndige Bewegung vergr\u00e4men. Als optische Vogelabwehrmethode hat die Attrappe sich als sehr effektiv herausgestellt.\u00a0<\/span><\/p>\n<p><span style=\"font-weight: 400;\">Im Vergleich zu anderen Abwehrma\u00dfnahmen, belastet der Einsatz von der Attrappe die Umwelt in keiner Weise. Sie ben\u00f6tigt keine Energie, macht keinen L\u00e4rm und l\u00e4sst sich \u00fcberall einsetzen. Au\u00dferdem ist die Attrappe f\u00fcr die V\u00f6gel v\u00f6llig unsch\u00e4dlich.<\/span><\/p>\n<p><b><i>Wie bestelle ich?\u00a0<\/i><\/b><\/p>\n<p><span style=\"font-weight: 400;\">Legen Sie den Artikel in den Warenkorb. M\u00f6chten Sie die Anzahl ver\u00e4ndern oder einen Artikel L\u00f6schen, ist es nun m\u00f6glich dies zu tun. Ist der Inhalt des Warenkorbs f\u00fcr Sie in Ordnung, geben Sie alle geforderten Daten korrekt an und w\u00e4hlen Sie die Zahlungsmethode. Ist die Bestellung erfolgreich gewesen, erhalten Sie eine Best\u00e4tigung per E-Mail von uns.<\/span><\/p>\n<h3><b>\u00dcber Birdbusters<\/b><\/h3>\n<p><span style=\"font-weight: 400;\">Wenn Sie Probleme mit unerw\u00fcnschte V\u00f6gel haben, wenden Sie sich an die Experten von Bird Busters. Wir bieten eine Reihe von umweltfreundlichen Produkten an, die Ihre L\u00e4stigen Probleme l\u00f6sen und alle zufrieden stellen.\u00a0<\/span><\/p>\n<p><span style=\"font-weight: 400;\">Unsere Mission ist es, Menschen dabei zu helfen, Ihren Garten oder Balkon, Ihre Obstb\u00e4ume oder Pflanzen vor V\u00f6gel zu sch\u00fctzen. Machen Sie sich gem\u00fctlich und sammeln Sie neue Ideen!<\/span><\/p>\n<p style=\"text-align: justify;\">\n","protected":false},"excerpt":{"rendered":"<p><span style=\"font-weight: 400;\">Die Wolfsattrappe mit beweglichem Schwanz ist geeignet, um alle Arten von Unerw\u00fcnschten V\u00f6geln und Nagetiere von Ihrem Garten fernzuhalten.\u00a0<\/span><\/p>\n<p><b>Ma\u00dfe<\/b><span style=\"font-weight: 400;\">: 21 x 94 x 41 cm<\/span><\/p>\n","protected":false},"featured_media":4464,"template":"","meta":{"_themeisle_gutenberg_block_has_review":false},"product_brand":[],"product_cat":[166,89,88],"product_tag":[],"class_list":{"0":"post-4463","1":"product","2":"type-product","3":"status-publish","4":"has-post-thumbnail","6":"product_cat-tiervertreiber","7":"product_cat-visuelle-vogelabschreckungen","8":"product_cat-vogelschreck","10":"first","11":"outofstock","12":"taxable","13":"shipping-taxable","14":"purchasable","15":"product-type-simple"},"_links":{"self":[{"href":"https:\/\/birdbusters.eu\/de\/wp-json\/wp\/v2\/product\/4463","targetHints":{"allow":["GET"]}}],"collection":[{"href":"https:\/\/birdbusters.eu\/de\/wp-json\/wp\/v2\/product"}],"about":[{"href":"https:\/\/birdbusters.eu\/de\/wp-json\/wp\/v2\/types\/product"}],"wp:featuredmedia":[{"embeddable":true,"href":"https:\/\/birdbusters.eu\/de\/wp-json\/wp\/v2\/media\/4464"}],"wp:attachment":[{"href":"https:\/\/birdbusters.eu\/de\/wp-json\/wp\/v2\/media?parent=4463"}],"wp:term":[{"taxonomy":"product_brand","embeddable":true,"href":"https:\/\/birdbusters.eu\/de\/wp-json\/wp\/v2\/product_brand?post=4463"},{"taxonomy":"product_cat","embeddable":true,"href":"https:\/\/birdbusters.eu\/de\/wp-json\/wp\/v2\/product_cat?post=4463"},{"taxonomy":"product_tag","embeddable":true,"href":"https:\/\/birdbusters.eu\/de\/wp-json\/wp\/v2\/product_tag?post=4463"}],"curies":[{"name":"wp","href":"https:\/\/api.w.org\/{rel}","templated":true}]}}