{"id":4493,"date":"2018-04-02T13:50:19","date_gmt":"2018-04-02T10:50:19","guid":{"rendered":"https:\/\/birdbusters.eu\/product\/owl-to-scare-birds\/"},"modified":"2025-04-14T16:24:56","modified_gmt":"2025-04-14T14:24:56","slug":"eulenfoermige-vogelscheuche-mit-rotierendem-kopf","status":"publish","type":"product","link":"https:\/\/birdbusters.eu\/de\/produkt\/eulenfoermige-vogelscheuche-mit-rotierendem-kopf\/","title":{"rendered":"Wackeleule"},"content":{"rendered":"<h3><b>Wackeleule<\/b><\/h3>\n<p><span style=\"font-weight: 400;\">F\u00fcr kleinere V\u00f6gel und kleine Nagetiere imitiert diese Wackeleule den meistgef\u00fcrchteten R\u00e4uber in der Vogelwelt. Die Attrappe ist effektiv gegen Elstern, Dohlen und Spatzen und verscheucht auch M\u00e4use und Ratten. Durch die Gestaltung ist die Wackeleule auch ein tolles Dekoobjekt im Garten oder auf dem Balkon.\u00a0<\/span><\/p>\n<p><span style=\"font-weight: 400;\">Die Platzierung einer perfekt reproduzierten Eulenfigur liefert meist gute Ergebnisse. Eulen werden von anderen Vogelarten gut erkannt. Sie jagen oft andere V\u00f6gel und ihre r\u00e4uberische Natur wird von anderen V\u00f6geln wahrgenommen. Deshalb verursacht die Anwesenheit der Attrappe ein hohes Unbehagen.\u00a0<\/span><\/p>\n<p><span style=\"font-weight: 400;\">Die Eule wacht \u00fcber Ihr <\/span><b>Gem\u00fcsebeet und das Boot, die Terrasse, den Balkon<\/b><span style=\"font-weight: 400;\"> und alle Bereiche, wo V\u00f6gel Schaden anrichten k\u00f6nnen. Bei der Aufstellung sollte immer eine Position gew\u00e4hlt werden, von der aus die Attrappe f\u00fcr die V\u00f6gel gut sichtbar ist. Der Fu\u00df der Attrappe kann mit Sand oder Kieselsteinen beschwert werden, damit sie nicht umgeblasen wird.\u00a0<\/span><\/p>\n<p><span style=\"font-weight: 400;\">Da sie im Wind stetig den Kopf bewegt, wirkt der Taubenschreck naturgetreu und suggeriert anderen V\u00f6geln, dass die Eule aktiv jagt. Sie f\u00fchlen sich unwohl, was schlie\u00dflich dazu f\u00fchrt, dass sie einen anderen Lebensraum w\u00e4hlen.\u00a0<\/span><\/p>\n<p><span style=\"font-weight: 400;\">Der Taubenschreck dient zur <\/span><a href=\"https:\/\/birdbusters.eu\/de\/Category\/visuelle-vogelabschreckungen\/\"><span style=\"font-weight: 400;\">optischen Vogelabwehr<\/span><\/a><span style=\"font-weight: 400;\"> von Kleinfl\u00e4chen rund um die Eule. <\/span><span style=\"font-weight: 400;\">Eine Gew\u00f6hnung der V\u00f6gel an die Attrappe kann dennoch nicht ausgeschlossen werden. <\/span><span style=\"font-weight: 400;\">Um den Gew\u00f6hnungseffekt auszuschlie\u00dfen, sollte die Position der Attrappe mindestens alle 3 Tage variiert werden.\u00a0<\/span><\/p>\n<h3><b>H\u00e4ufig gestellte Fragen<\/b><\/h3>\n<p><b><i>Welche Vogelarten kann der Taubenschreck vertreiben?\u00a0<\/i><\/b><\/p>\n<p><span style=\"font-weight: 400;\">Dieser Vogelschreck ist eine gro\u00dfartige Vogelabschreckung f\u00fcr V\u00f6gel aller Art, Kleintiere und Nagetiere. Er i<\/span><span style=\"font-weight: 400;\">st effektiv gegen Elstern, Dohlen und Spatzen und verscheucht auch M\u00e4use und Ratten. <\/span><span style=\"font-weight: 400;\">Seine<\/span><span style=\"font-weight: 400;\"> Gr\u00f6<\/span><span style=\"font-weight: 400;\">\u00dfe <\/span><span style=\"font-weight: 400;\">sowie seine Bewegung lassen die Wackeleule f\u00fcr viele V\u00f6gel sehr gef\u00e4hrlich erscheinen.\u00a0<\/span><\/p>\n<p><b><i>Wirkt die Attrappe auch bei Windstille?\u00a0<\/i><\/b><\/p>\n<p><span style=\"font-weight: 400;\">Dank der naturnahen Form und Gr\u00f6\u00dfe sowie der reflektierenden Augen wirkt die Wackeleule sehr lebendig und erscheint f\u00fcr viele V\u00f6gel sehr gef\u00e4hrlich. Eulen werden von anderen Vogelarten gut erkannt. Sie jagen oft andere V\u00f6gel und ihre r\u00e4uberische Natur wird von anderen V\u00f6geln wahrgenommen. Deshalb verursacht die Anwesenheit der Eule ein hohes Unbehagen.\u00a0<\/span><\/p>\n<p><b><i>Werden sich die V\u00f6gel an die Attrappe gew\u00f6hnen?<\/i><\/b><\/p>\n<p><span style=\"font-weight: 400;\">Die Intelligenz der V\u00f6gel sollte auf keinen Fall untersch\u00e4tzt werden. Sie gew\u00f6hnen sich an Attrappen und lernen mit der Zeit, dass sie keine Gefahr darstellen. Um einem Gew\u00f6hnungseffekt entgegenzuwirken, ist es empfehlenswert, den Aufstellort des Taubenschrecks regelm\u00e4\u00dfig zu wechseln.\u00a0<\/span><\/p>\n<p><span style=\"font-weight: 400;\">Die Verhinderung der Gew\u00f6hnung bei V\u00f6geln ist bei der Verwendung jeder Art von optischen Vogelscheuchen von entscheidender Bedeutung.\u00a0<\/span><\/p>\n<p><b><i>Welche Anwendungsbereiche gibt es f\u00fcr den Taubenschreck?\u00a0<\/i><\/b><\/p>\n<p><span style=\"font-weight: 400;\">Die Eule wacht \u00fcber Ihr <\/span><b>Gem\u00fcsebeet und das Boot, die Terrasse, den Balkon<\/b><span style=\"font-weight: 400;\"> und alle Bereiche, wo V\u00f6gel Schaden anrichten k\u00f6nnen. Bei der Aufstellung sollte immer eine Position gew\u00e4hlt werden, von der aus die Attrappe f\u00fcr die V\u00f6gel gut sichtbar ist.\u00a0<\/span><\/p>\n<p><b><i>Wie effektiv ist der Taubenschreck im Vergleich zu anderen Abwehrma\u00dfnahmen?\u00a0<\/i><\/b><\/p>\n<p><span style=\"font-weight: 400;\">Die Wackeleule hat die Aufgabe, die V\u00f6gel durch ihr erschreckendes Aussehen und die st\u00e4ndige Bewegung zu vergr\u00e4men. Als optische Vogelabwehrmethode hat der Taubenschreck sich als sehr effektiv herausgestellt.\u00a0<\/span><\/p>\n<p><span style=\"font-weight: 400;\">Im Vergleich zu anderen Abwehrma\u00dfnahmen, belastet der Einsatz von dem Taubenschreck die Umwelt in keiner Weise. Sie ben\u00f6tigt keine Energie, macht keinen L\u00e4rm und l\u00e4sst sich \u00fcberall einsetzen. Au\u00dferdem ist die Attrappe f\u00fcr die V\u00f6gel v\u00f6llig unsch\u00e4dlich.<\/span><\/p>\n<p><b><i>Wie bestelle ich?\u00a0<\/i><\/b><\/p>\n<p><span style=\"font-weight: 400;\">Legen Sie den Artikel in den Warenkorb. M\u00f6chten Sie die Anzahl ver\u00e4ndern oder einen Artikel l\u00f6schen, ist es nun m\u00f6glich, dies zu tun. Ist der Inhalt des Warenkorbs f\u00fcr Sie in Ordnung, geben Sie alle geforderten Daten korrekt an und w\u00e4hlen Sie die Zahlungsmethode. Ist die Bestellung erfolgreich gewesen, erhalten Sie eine Best\u00e4tigung per E-Mail von uns.<\/span><\/p>\n<h3><b>\u00dcber Birdbusters<\/b><\/h3>\n<p><span style=\"font-weight: 400;\">Wenn Sie Probleme mit unerw\u00fcnschten V\u00f6geln haben, wenden Sie sich an die Experten von Bird Busters. Wir bieten eine Reihe von umweltfreundlichen Produkten an, die Ihre l\u00e4stigen Probleme l\u00f6sen und alle zufrieden stellen.\u00a0<\/span><\/p>\n<p><span style=\"font-weight: 400;\">Unsere Mission ist es, Menschen dabei zu helfen, Ihren Garten oder Balkon, Ihre Obstb\u00e4ume oder Pflanzen vor V\u00f6gel zu sch\u00fctzen. Machen Sie sich gem\u00fctlich und sammeln Sie neue Ideen!<\/span><\/p>\n","protected":false},"excerpt":{"rendered":"<p><span style=\"font-weight: 400;\">Diese Wackeleule ist geeignet, um Elstern und andere Arten von unerw\u00fcnschten V\u00f6geln von Ihrem Garten oder Balkon fernzuhalten. Dank der naturnahen Form und Gr\u00f6\u00dfe sowie der reflektierenden Augen wirkt die Wackeleule sehr lebendig. Zudem bewegt sie den Kopf im Wind, was die Wirkung zus\u00e4tzlich unterstreicht.\u00a0<\/span><\/p>\n<p><b>H\u00f6he: <\/b><span style=\"font-weight: 400;\">40 cm<\/span><\/p>\n","protected":false},"featured_media":4494,"template":"","meta":{"_themeisle_gutenberg_block_has_review":false},"product_brand":[],"product_cat":[89,88],"product_tag":[],"class_list":{"0":"post-4493","1":"product","2":"type-product","3":"status-publish","4":"has-post-thumbnail","6":"product_cat-visuelle-vogelabschreckungen","7":"product_cat-vogelschreck","9":"first","10":"instock","11":"taxable","12":"shipping-taxable","13":"purchasable","14":"product-type-simple"},"_links":{"self":[{"href":"https:\/\/birdbusters.eu\/de\/wp-json\/wp\/v2\/product\/4493","targetHints":{"allow":["GET"]}}],"collection":[{"href":"https:\/\/birdbusters.eu\/de\/wp-json\/wp\/v2\/product"}],"about":[{"href":"https:\/\/birdbusters.eu\/de\/wp-json\/wp\/v2\/types\/product"}],"wp:featuredmedia":[{"embeddable":true,"href":"https:\/\/birdbusters.eu\/de\/wp-json\/wp\/v2\/media\/4494"}],"wp:attachment":[{"href":"https:\/\/birdbusters.eu\/de\/wp-json\/wp\/v2\/media?parent=4493"}],"wp:term":[{"taxonomy":"product_brand","embeddable":true,"href":"https:\/\/birdbusters.eu\/de\/wp-json\/wp\/v2\/product_brand?post=4493"},{"taxonomy":"product_cat","embeddable":true,"href":"https:\/\/birdbusters.eu\/de\/wp-json\/wp\/v2\/product_cat?post=4493"},{"taxonomy":"product_tag","embeddable":true,"href":"https:\/\/birdbusters.eu\/de\/wp-json\/wp\/v2\/product_tag?post=4493"}],"curies":[{"name":"wp","href":"https:\/\/api.w.org\/{rel}","templated":true}]}}