{"id":4508,"date":"2018-02-07T13:04:37","date_gmt":"2018-02-07T11:04:37","guid":{"rendered":"https:\/\/birdbusters.eu\/product\/solar-scarecrow-motion-activated-water-animal-repellent-deterrent-sprinkler\/"},"modified":"2024-05-30T06:46:18","modified_gmt":"2024-05-30T04:46:18","slug":"sprinkler-schutzmittel","status":"publish","type":"product","link":"https:\/\/birdbusters.eu\/de\/produkt\/sprinkler-schutzmittel\/","title":{"rendered":"Vogelschreck-Sprinkler"},"content":{"rendered":"<h3><b>Vogelschreck-Sprinkler zur Vogelabwehr<\/b><\/h3>\n<p><span style=\"font-weight: 400;\">Der Vogelschreck-Sprinkler ist eine wirksame und langlebige Methode, um Schadv\u00f6gel aus Ihrem Garten fernzuhalten. Der bis zu 10 Meter weit reichende Wasserstrahl erschreckt V\u00f6gel und Wildtiere und vertreibt sie aus dem Schutzgebiet.\u00a0<\/span><\/p>\n<p><span style=\"font-weight: 400;\">Das Ger\u00e4t kann an allen betroffenen Orten schnell und unkompliziert angebracht werden. Es wird in den Boden gesteckt und am Gartenschlauch angeschlossen. Achten Sie beim Aufstellen darauf, dass der Vogelschreck-Sprinkler einen stabilen Stand hat. Sollte keine Erde zu Verf\u00fcgung Stehen, kann einen Sonnenschirm-St\u00e4nder verwendet werden.\u00a0<\/span><\/p>\n<p><span style=\"font-weight: 400;\">Der Wasserstrahl wird durch einen Bewegungsmelder gesteuert, der durch Bewegung und vorbeiziehende V\u00f6gel ausgel\u00f6st wird. Der Bewegungssensor sollte nicht h\u00f6her als 1 Meter \u00fcber dem Gel\u00e4nde sein, welches kontrolliert wird.\u00a0<\/span><\/p>\n<p><span style=\"font-weight: 400;\">Der Vogelschreck-Sprinkler ist mit Akkus betrieben, die durch das auf der Oberseite integrierte Solarpanel geladen werden. In der Regel reicht die Aufladung durch das integrierte Solarpanel aus, aber die Batterien k\u00f6nnen auch mit einem Ladeger\u00e4t aufgeladen werden falls zu wenig Sonne vorhanden ist.\u00a0<\/span><\/p>\n<p><span style=\"font-weight: 400;\">Wie weit der Wasserstrahl reichen kann, h\u00e4ngt mit dem Wasserdruck und den Einstellungen der Reichweite zusammen. Der Bewegungsmelder hat einen Erfassungswinkel von 90 Grad mit einer einstellbaren Reichweite von bis zu 10 m. Er sch\u00fctzt eine Fl\u00e4che von ca. 100 Quadratmetern vor unerw\u00fcnschte V\u00f6gel.\u00a0<\/span><\/p>\n<p><span style=\"font-weight: 400;\">Der Sprinkler l\u00e4uft ca. 4 Sekunden und pro ausgel\u00f6sten Spritzvorgang wird je nach Wasserdruck eine Wassermenge von 2\u20133 Tassen Wasser verbraucht.\u00a0<\/span><\/p>\n<p><span style=\"font-weight: 400;\">Beim Aufbau darf der Bewegungsmelder nicht verdeckt werden und muss eine ungehinderte \u00dcbersicht der zu kontrollierenden Fl\u00e4che haben.\u00a0<\/span><\/p>\n<p><span style=\"font-weight: 400;\">Der Vogelschreck-Sprinkler hat keinen sch\u00e4digenden Einfluss auf die V\u00f6gel, da der Einsatz von Wasser sicherstellt, dass dem Vogel keine Verletzung zugef\u00fchrt. Wasser ist eine wirksame und tierfreundliche Abschreckung. Dabei geht es nicht darum, den Vogel damit zu treffen. Das Ger\u00e4usch und die Bewegung des Wassers bringt die meisten V\u00f6gel dazu, den Bereich zu verlassen und zuk\u00fcnftig zu meiden.\u00a0<\/span><\/p>\n<p><b>Einsatzbereiche. <\/b><span style=\"font-weight: 400;\">Der Vogelschreck-Sprinkler kann jeden Platz in Ihrem Garten sch\u00fctzen, der von unerw\u00fcnschten V\u00f6gel besucht wird. Diese Vorrichtung findet insbesondere Anwendung bei den Teichen, wo die Fische vor Reihern oder anderen V\u00f6geln gesch\u00fctzt werden sollen.\u00a0<\/span><\/p>\n<h3><b>H\u00e4ufig gestellte Fragen<\/b><\/h3>\n<p><b><i>Welche Vogelarten sollte man aus dem Garten vertreiben?\u00a0<\/i><\/b><\/p>\n<p><span style=\"font-weight: 400;\">Die Vogelarten, die in G\u00e4rten Problemen darstellen k\u00f6nnen sind Tauben, Spatzen, Amsel, Kr\u00e4hen, Schwalben und Stare. Singv\u00f6gel, auf der anderen Seite, sollten nicht vertreibt werden, da sie einen wichtigen Beitrag zur Sch\u00e4dlingsbek\u00e4mpfung liefern.\u00a0<\/span><\/p>\n<p><b><i>Wie kann ich V\u00f6gel vertreiben?\u00a0<\/i><\/b><\/p>\n<p><span style=\"font-weight: 400;\">Wenn Sie ein Problem mit den V\u00f6geln haben, gibt es viele M\u00f6glichkeiten, um sie aus dem Garten zu vertreiben.\u00a0<\/span><\/p>\n<p><span style=\"font-weight: 400;\">Neben dem Vogelschreck-Sprinkler sind <\/span><a href=\"https:\/\/birdbusters.eu\/de\/Category\/akustische-vogelabwehr\/\"><span style=\"font-weight: 400;\">akustische Abwehrmittel<\/span><\/a><span style=\"font-weight: 400;\"> wie <\/span><a href=\"https:\/\/birdbusters.eu\/de\/produkt\/bird-gard-kraehenschreck\/\"><span style=\"font-weight: 400;\">Kr\u00e4henschreck von Bird Guard<\/span><\/a><span style=\"font-weight: 400;\"> und <\/span><a href=\"https:\/\/birdbusters.eu\/de\/Category\/visuelle-vogelabschreckungen\/\"><span style=\"font-weight: 400;\">optische Abwehrmittel<\/span><\/a><span style=\"font-weight: 400;\"> wie <\/span><a href=\"https:\/\/birdbusters.eu\/de\/Category\/vogeldrachen\/\"><span style=\"font-weight: 400;\">Vogelscheuche Drachen<\/span><\/a><span style=\"font-weight: 400;\"> einige wirksame Alternative. Eine weitere Option ist eine <\/span><a href=\"https:\/\/birdbusters.eu\/de\/produkt\/automated-laser-bird-repellent-2\/\"><span style=\"font-weight: 400;\">Vogelabwehr Laser<\/span><\/a><span style=\"font-weight: 400;\">, ein Ger\u00e4t, das V\u00f6gel mittels Laserstrahl verjagt.\u00a0<\/span><\/p>\n<p><b><i>Ist der Vogelschreck-Sprinkler wirksam?\u00a0<\/i><\/b><\/p>\n<p><span style=\"font-weight: 400;\">Ja, ohne Zweifel! Es ist unbestritten, dass der Vogelschreck-Sprinkler V\u00f6gel davon abh\u00e4lt, das Schutzgebiet zu besuchen. Der bis zu 10 Meter weit reichende Wasserstrahl bringt V\u00f6gel dazu, den Bereich zu verlassen und zuk\u00fcnftig zu meiden.\u00a0<\/span><\/p>\n<p><b><i>K\u00f6nnen sich die V\u00f6gel an dem Vogelschreck-Sprinkler gew\u00f6hnen?\u00a0<\/i><\/b><\/p>\n<p><span style=\"font-weight: 400;\">Die V\u00f6gel werden durch einen ausgesto\u00dfenen Wasserstrahl abgeschreckt und sie k\u00f6nnen daran nicht gew\u00f6hnen. Diese Abwehrmethode ist in den meisten F\u00e4llen erfolgreich.\u00a0\u00a0<\/span><\/p>\n<p><b><i>Wie bestelle ich?\u00a0<\/i><\/b><\/p>\n<p><span style=\"font-weight: 400;\">Legen Sie den Artikel in den Warenkorb. M\u00f6chten Sie die Anzahl ver\u00e4ndern oder einen Artikel L\u00f6schen, ist es nun m\u00f6glich dies zu tun. Ist der Inhalt des Warenkorbs f\u00fcr Sie in Ordnung, geben Sie alle geforderten Daten korrekt an und w\u00e4hlen Sie die Zahlungsmethode. Ist die Bestellung erfolgreich gewesen, erhalten Sie eine Best\u00e4tigung per E-Mail von uns.<\/span><\/p>\n","protected":false},"excerpt":{"rendered":"<p><span style=\"font-weight: 400;\">Der Vogelschreck-Sprinkler ist eine effektive und umweltfreundliche L\u00f6sung gegen unerw\u00fcnschte V\u00f6gel in Ihrem Garten. Man kann Raubv\u00f6gel, Reihe und andere V\u00f6gel mit einem Wasserstrahl erschrecken und so Ihr Grundst\u00fcck, das Beet oder den Fischteich sch\u00fctzen.\u00a0<\/span><\/p>\n<p><span style=\"font-weight: 400;\">Das Ger\u00e4t hat einen Bewegungsmelder \u2013 sobald ein Vogel erkannt wird, l\u00f6st der Vogelschreck-Sprinkler einen bis zu 10 Meter weit reichenden Wasserstrahl aus und vertreibt allen ungebetenen G\u00e4sten aus dem Schutzgebiet.<\/span><\/p>\n<p>&nbsp;<\/p>\n","protected":false},"featured_media":4509,"template":"","meta":{"_themeisle_gutenberg_block_has_review":false},"product_brand":[],"product_cat":[89,90],"product_tag":[],"class_list":{"0":"post-4508","1":"product","2":"type-product","3":"status-publish","4":"has-post-thumbnail","6":"product_cat-visuelle-vogelabschreckungen","7":"product_cat-vogelabwehrmittel","9":"first","10":"instock","11":"taxable","12":"shipping-taxable","13":"purchasable","14":"product-type-simple"},"_links":{"self":[{"href":"https:\/\/birdbusters.eu\/de\/wp-json\/wp\/v2\/product\/4508","targetHints":{"allow":["GET"]}}],"collection":[{"href":"https:\/\/birdbusters.eu\/de\/wp-json\/wp\/v2\/product"}],"about":[{"href":"https:\/\/birdbusters.eu\/de\/wp-json\/wp\/v2\/types\/product"}],"wp:featuredmedia":[{"embeddable":true,"href":"https:\/\/birdbusters.eu\/de\/wp-json\/wp\/v2\/media\/4509"}],"wp:attachment":[{"href":"https:\/\/birdbusters.eu\/de\/wp-json\/wp\/v2\/media?parent=4508"}],"wp:term":[{"taxonomy":"product_brand","embeddable":true,"href":"https:\/\/birdbusters.eu\/de\/wp-json\/wp\/v2\/product_brand?post=4508"},{"taxonomy":"product_cat","embeddable":true,"href":"https:\/\/birdbusters.eu\/de\/wp-json\/wp\/v2\/product_cat?post=4508"},{"taxonomy":"product_tag","embeddable":true,"href":"https:\/\/birdbusters.eu\/de\/wp-json\/wp\/v2\/product_tag?post=4508"}],"curies":[{"name":"wp","href":"https:\/\/api.w.org\/{rel}","templated":true}]}}