{"id":4534,"date":"2018-02-07T11:06:35","date_gmt":"2018-02-07T10:06:35","guid":{"rendered":"https:\/\/birdbusters.eu\/product\/crow-scarer-bird-gard-pro\/"},"modified":"2024-11-04T07:31:55","modified_gmt":"2024-11-04T06:31:55","slug":"bird-gard-kraehenschreck","status":"publish","type":"product","link":"https:\/\/birdbusters.eu\/de\/produkt\/bird-gard-kraehenschreck\/","title":{"rendered":"BirdGard Kr\u00e4henschreck"},"content":{"rendered":"<h3>BirdGard Kr\u00e4henschreck akustisches Vogelabwehr-Ger\u00e4t<\/h3>\n<p><span style=\"font-weight: 400;\">Das akustische Vogelabwehr-Ger\u00e4t BirdGard Kr\u00e4henschreck <strong>imitiert Angst-, Warn- und Panikschreie des Kr\u00e4hens und Angriffsrufe von Greifv\u00f6geln<\/strong>. Diese Schreie signalisieren Gefahr und verursachen bei den V\u00f6geln einen Fluchtinstinkt.\u00a0<\/span><\/p>\n<p><span style=\"font-weight: 400;\">Das Ger\u00e4t verf\u00fcgt \u00fcber einen eingebauten Verst\u00e4rker sowie einen eingebauten Lautsprecher. Ein weiterer Lautsprecher ist \u00fcber eine Buchse auf der R\u00fcckseite anschlie\u00dfbar. Durch den Einsatz von <\/span><a href=\"https:\/\/birdbusters.eu\/de\/produkt\/zusaetzlicher-bird-gard-lautsprecher\/\"><span style=\"font-weight: 400;\">Erweiterungs-Lautsprecher<\/span><\/a><span style=\"font-weight: 400;\">, kann die zu beschallende Fl\u00e4che kosteng\u00fcnstig in die L\u00e4nge vergr\u00f6\u00dfert werden.\u00a0<\/span><\/p>\n<p><span style=\"font-weight: 400;\">F\u00fcr ein optimales Ergebnis verf\u00fcgt der Kr\u00e4henschreck \u00fcber unterschiedliche Umschaltzeiten des Klangs, verschiedene Arten von Vogelschreien und unterschiedliche Lautst\u00e4rkepegel. Es besteht die M\u00f6glichkeit die Anzahl der aktiven Stimmen und Pausenzeiten zwischen den aktiven Stimmen frei vorzunehmen.\u00a0<\/span><\/p>\n<p><span style=\"font-weight: 400;\">Auf einem integrierten Mikrochip kann man bis zu acht T\u00f6ne programmieren aber um eine Gew\u00f6hnung zu vermeiden, sollten gleichzeitig immer nur vier Stimmen aktiv geschaltet sein. <strong>Die Vogelstimmen sollten alle 5-7 Tage<\/strong> f\u00fcr eine optimale Vogelabwehr <strong>gewechselt werden<\/strong>.\u00a0<\/span><\/p>\n<p><span style=\"font-weight: 400;\">Die Reihenfolge der T\u00f6ne, die Pausenl\u00e4nge sowie die Schreie lassen sich \u00fcber verschiedene Schalterkombinationen einstellen. Die Pausenzeiten k\u00f6nnen in 4 Zeitbereiche zwischen 17 Sekunden und 30 Minuten eingestellt werden.\u00a0<\/span><\/p>\n<p><span style=\"font-weight: 400;\">Zu Beginn sollte das Ger\u00e4t so eingestellt werden, dass sich die Schadv\u00f6gel aus dem Gebiet entfernen. Nachdem dies geschehen ist, sollten die Pausenintervalle verl\u00e4ngert werden.\u00a0<\/span><\/p>\n<p><span style=\"font-weight: 400;\">Das Ger\u00e4t schaltet sich \u00fcber eine Fotozelle je nach Auswahl morgens an und abends wieder ab.\u00a0<\/span><\/p>\n<p><span style=\"font-weight: 400;\">Der Kr\u00e4henschreck kann mithilfe des mitgelieferten Haltebleches einfach an den Posten, Zaunen oder direkt an den B\u00e4umen angebracht werden. Der Ton ergibt eine nat\u00fcrliche Wiedergabe, so dass es nicht in der Wohnumgebung st\u00f6rt.\u00a0<\/span><\/p>\n<p><span style=\"font-weight: 400;\">Die Stromversorgung erfolgt \u00fcber eine <\/span><a href=\"https:\/\/birdbusters.eu\/de\/produkt\/12v-batterie\/\"><span style=\"font-weight: 400;\">12V Autobatterie<\/span><\/a><span style=\"font-weight: 400;\"> (Bitte extra bestellen).\u00a0<\/span><\/p>\n<p><span style=\"font-weight: 400;\">Der BirdGard Kr\u00e4henschreck ist zur Vogelabwehr von Kr\u00e4hen, Amseln, Staren, Drosseln sowie Dohlen bestens geeignet.\u00a0<\/span><\/p>\n<p><b>Einsatzbereiche. <\/b><span style=\"font-weight: 400;\">Das witterungsbest\u00e4ndige Ger\u00e4t ist f\u00fcr den Au\u00dfenbetrieb geeignet und kann an vielf\u00e4ltigen Einsatzorten eingesetzt werden. Sowohl private G\u00e4rten, als auch kleine Plantage und Fischzuchtanlagen haben gute Erfahrungen mit diesem Ger\u00e4t gemacht. Andere Einsatzm\u00f6glichkeiten des Kr\u00e4henschrecks sind Weinbau, Obstbau, Bauernh\u00f6fen, Industrieanlagen, Marinas und andere Orten, an denen V\u00f6gel st\u00f6rend sind.\u00a0\u00a0<\/span><\/p>\n<h3><b>H\u00e4ufig gestellte Fragen<\/b><\/h3>\n<p><b><i>Wie kann ich V\u00f6gel vertreiben?\u00a0<\/i><\/b><\/p>\n<p><span style=\"font-weight: 400;\">Wenn Sie ein Problem mit den V\u00f6geln haben, gibt es viele M\u00f6glichkeiten, um sie aus dem Garten zu vertreiben.\u00a0<\/span><\/p>\n<p><span style=\"font-weight: 400;\">Neben den <\/span><a href=\"https:\/\/birdbusters.eu\/de\/Category\/akustische-vogelabwehr\/\"><span style=\"font-weight: 400;\">akustischen Abwehrmittel<\/span><\/a><span style=\"font-weight: 400;\"> sind <\/span><a href=\"https:\/\/birdbusters.eu\/de\/Category\/visuelle-vogelabschreckungen\/\"><span style=\"font-weight: 400;\">optische Abwehrmittel<\/span><\/a><span style=\"font-weight: 400;\"> wie <\/span><a href=\"https:\/\/birdbusters.eu\/de\/Category\/vogeldrachen\/\"><span style=\"font-weight: 400;\">Vogelscheuche Drachen<\/span><\/a><span style=\"font-weight: 400;\"> und <\/span><a href=\"https:\/\/birdbusters.eu\/de\/produkt\/adleraugen\/\"><span style=\"font-weight: 400;\">Rotor-Turbine<\/span><\/a><span style=\"font-weight: 400;\"> einige wirksame Alternative. Eine weitere Option ist eine <\/span><a href=\"https:\/\/birdbusters.eu\/de\/produkt\/automated-laser-bird-repellent-2\/\"><span style=\"font-weight: 400;\">Vogelabwehr Laser<\/span><\/a><span style=\"font-weight: 400;\">, ein Ger\u00e4t, das V\u00f6gel mittels Laserstrahl verjagt.\u00a0<\/span><\/p>\n<p><b><i>Wie installiert man das Ger\u00e4t?\u00a0<\/i><\/b><\/p>\n<p><span style=\"font-weight: 400;\">Der Kr\u00e4henschreck kann mithilfe des mitgelieferten Haltebleches einfach an einem Pfosten, Zaun oder direkt an den B\u00e4umen angebracht werden.\u00a0\u00a0<\/span><\/p>\n<p><b><i>Ist der Kr\u00e4henschreck wirksam?\u00a0<\/i><\/b><\/p>\n<p><span style=\"font-weight: 400;\">Ja, ohne Zweifel! Es ist unbestritten, dass der Kr\u00e4henschreck V\u00f6gel davon abh\u00e4lt, das Schutzgebiet zu besuchen. Die Angst- und Panikschreie von Kr\u00e4hen in Kombination mit Greifvogelrufen bringen V\u00f6gel dazu, den Bereich zu verlassen.\u00a0<\/span><\/p>\n<p><b><i>K\u00f6nnen sich die V\u00f6gel an dem Kr\u00e4henschreck gew\u00f6hnen?\u00a0<\/i><\/b><\/p>\n<p><span style=\"font-weight: 400;\">V\u00f6gel sind intelligente Tiere und mit der Zeit merken sie, dass von der Vogelscheuche keine Gefahr ausgeht. Um eine Gew\u00f6hnung zu vermeiden, lohnt es sich, alle 5-7 Tage die Vogelstimmen zu wechseln.\u00a0\u00a0<\/span><\/p>\n<p><b><i>Wie gro\u00df ist der Wirkungskreis des Kr\u00e4henschrecks?\u00a0<\/i><\/b><\/p>\n<p><span style=\"font-weight: 400;\">Der Wirkungskreis des Kr\u00e4henschrecks ist von bis zu 0,6 Hektar. Mit einem weiteren externen Lautsprecher kann der Wirkungskreis des Ger\u00e4tes erweitert werden.\u00a0<\/span><\/p>\n<h3><b>\u00dcber Birdbusters<\/b><\/h3>\n<p><span style=\"font-weight: 400;\">Wenn Sie Probleme mit unerw\u00fcnschte V\u00f6gel haben, wenden Sie sich an die Experten von Bird Busters. Wir bieten eine Reihe von umweltfreundlichen Produkten an, die Ihre L\u00e4stigen Probleme l\u00f6sen und alle zufrieden stellen.\u00a0<\/span><\/p>\n<p><span style=\"font-weight: 400;\">Unsere Mission ist es, Menschen dabei zu helfen, Ihren Garten oder Balkon, Ihre Obstb\u00e4ume oder Pflanzen vor V\u00f6gel zu sch\u00fctzen. Machen Sie sich gem\u00fctlich und sammeln Sie neue Ideen!<\/span><\/p>\n<p>&nbsp;<\/p>\n<p>&nbsp;<\/p>\n<p>&nbsp;<\/p>\n","protected":false},"excerpt":{"rendered":"<p>&nbsp;<\/p>\n<p><span style=\"font-weight: 400;\">Der BirdGard Kr\u00e4henschreck ist ein akustisches Vogelabwehr-Ger\u00e4t, das in unregelm\u00e4\u00dfigen Intervallen die Angst-, Warn- und Panikschreie des Kr\u00e4hens und Greifvogelschreie abgibt. V\u00f6gel lassen sich effektiv mit Ger\u00e4uschen erschrecken und dadurch fernhalten. Das Ger\u00e4t ist zur Vogelabwehr auf kleineren Fl\u00e4chen von bis zu 0,6 Hektar gedacht.\u00a0<\/span><\/p>\n<p>https:\/\/youtu.be\/kK5iP9w1AEg<\/p>\n<p>&nbsp;<\/p>\n","protected":false},"featured_media":4535,"template":"","meta":{"_themeisle_gutenberg_block_has_review":false},"product_brand":[],"product_cat":[93,88],"product_tag":[],"class_list":{"0":"post-4534","1":"product","2":"type-product","3":"status-publish","4":"has-post-thumbnail","6":"product_cat-akustische-vogelabwehr","7":"product_cat-vogelschreck","9":"first","10":"onbackorder","11":"taxable","12":"shipping-taxable","13":"purchasable","14":"product-type-simple"},"_links":{"self":[{"href":"https:\/\/birdbusters.eu\/de\/wp-json\/wp\/v2\/product\/4534","targetHints":{"allow":["GET"]}}],"collection":[{"href":"https:\/\/birdbusters.eu\/de\/wp-json\/wp\/v2\/product"}],"about":[{"href":"https:\/\/birdbusters.eu\/de\/wp-json\/wp\/v2\/types\/product"}],"wp:featuredmedia":[{"embeddable":true,"href":"https:\/\/birdbusters.eu\/de\/wp-json\/wp\/v2\/media\/4535"}],"wp:attachment":[{"href":"https:\/\/birdbusters.eu\/de\/wp-json\/wp\/v2\/media?parent=4534"}],"wp:term":[{"taxonomy":"product_brand","embeddable":true,"href":"https:\/\/birdbusters.eu\/de\/wp-json\/wp\/v2\/product_brand?post=4534"},{"taxonomy":"product_cat","embeddable":true,"href":"https:\/\/birdbusters.eu\/de\/wp-json\/wp\/v2\/product_cat?post=4534"},{"taxonomy":"product_tag","embeddable":true,"href":"https:\/\/birdbusters.eu\/de\/wp-json\/wp\/v2\/product_tag?post=4534"}],"curies":[{"name":"wp","href":"https:\/\/api.w.org\/{rel}","templated":true}]}}