{"id":4541,"date":"2018-02-07T11:00:38","date_gmt":"2018-02-07T10:00:38","guid":{"rendered":"https:\/\/birdbusters.eu\/product\/blackbird-scarer-and-starling-scarer-bird-gard-pro\/"},"modified":"2023-11-22T19:28:09","modified_gmt":"2023-11-22T18:28:09","slug":"vogelschutz-garten-gegen-drosseln-und-goldregenpfeifer","status":"publish","type":"product","link":"https:\/\/birdbusters.eu\/de\/produkt\/vogelschutz-garten-gegen-drosseln-und-goldregenpfeifer\/","title":{"rendered":"Vogelschutz garten gegen Drosseln und Goldregenpfeifer"},"content":{"rendered":"<p>Der\u00a0Vogelschutz garten Arbeitsradius betr\u00e4gt ohne zus\u00e4tzlichen Lautsprecher bis zu 0,6 Hektar. Die Lautst\u00e4rke des Ger\u00e4ts kann eingestellt werden \u2013 mehr Informationen finden Sie in der Anleitung.<\/p>\n<p>Schutzgebiete: <strong>Industriegeb\u00e4ude, landwirtschaftliche Geb\u00e4ude usw.<\/strong><\/p>\n<p>So funktioniert es: Das Ger\u00e4t macht Ger\u00e4usche von wilden Schn\u00e4beln und Drosseln, einschlie\u00dflich schwarzer Drosseln, N\u00f6ten und Greifv\u00f6geln, die die V\u00f6gel abschrecken.<\/p>\n<p><strong>Stieglitz<\/strong> (<em>Sturnus vulgaris<\/em>) \u2013 zwei verschiedene Ger\u00e4usche, <strong>Birkhuhn<\/strong> (<em>Turdus merula<\/em>) \u2013 zwei verschiedene Ger\u00e4usche, <strong>Grauspecht<\/strong> (<em>Turdus pilaris<\/em>), <strong>Singdrossel<\/strong> (<em>Turdus philomelos<\/em>), <strong>Falke<\/strong> (<em>Falco subbuteo<\/em>), <strong>Steinadler<\/strong> (<em>Accipiter nisus<\/em>)<\/p>\n<p>Installation: Informationen zur Installation und Einrichtung finden Sie in der Anleitung.<\/p>\n<p>Es ist m\u00f6glich, einen zus\u00e4tzlichen <a href=\"https:\/\/birdbusters.eu\/de\/produkt\/zusaetzlicher-bird-gard-lautsprecher\/\">Lautsprecher<\/a> zu installieren.<\/p>\n<p>&nbsp;<\/p>\n<p>&nbsp;<\/p>\n<p>&nbsp;<\/p>\n","protected":false},"excerpt":{"rendered":"<p>Das Bird Gard-Vogelschutzmittel gegen Drosseln und Goldregenpfeifer wurde zum Schutz von Einrichtungen, Geb\u00e4uden und Feldern entwickelt. Das Ger\u00e4t macht den Notschrei von Drosseln, einschlie\u00dflich schwarzer Drossel, der die V\u00f6gel abschreckt.<\/p>\n<p>https:\/\/youtu.be\/rBnHY4xFQBo<\/p>\n<p>&nbsp;<\/p>\n<p>&nbsp;<\/p>\n","protected":false},"featured_media":4542,"template":"","meta":{"_themeisle_gutenberg_block_has_review":false},"product_brand":[],"product_cat":[93,88],"product_tag":[],"class_list":{"0":"post-4541","1":"product","2":"type-product","3":"status-publish","4":"has-post-thumbnail","6":"product_cat-akustische-vogelabwehr","7":"product_cat-vogelschreck","9":"first","10":"onbackorder","11":"taxable","12":"shipping-taxable","13":"purchasable","14":"product-type-simple"},"_links":{"self":[{"href":"https:\/\/birdbusters.eu\/de\/wp-json\/wp\/v2\/product\/4541","targetHints":{"allow":["GET"]}}],"collection":[{"href":"https:\/\/birdbusters.eu\/de\/wp-json\/wp\/v2\/product"}],"about":[{"href":"https:\/\/birdbusters.eu\/de\/wp-json\/wp\/v2\/types\/product"}],"wp:featuredmedia":[{"embeddable":true,"href":"https:\/\/birdbusters.eu\/de\/wp-json\/wp\/v2\/media\/4542"}],"wp:attachment":[{"href":"https:\/\/birdbusters.eu\/de\/wp-json\/wp\/v2\/media?parent=4541"}],"wp:term":[{"taxonomy":"product_brand","embeddable":true,"href":"https:\/\/birdbusters.eu\/de\/wp-json\/wp\/v2\/product_brand?post=4541"},{"taxonomy":"product_cat","embeddable":true,"href":"https:\/\/birdbusters.eu\/de\/wp-json\/wp\/v2\/product_cat?post=4541"},{"taxonomy":"product_tag","embeddable":true,"href":"https:\/\/birdbusters.eu\/de\/wp-json\/wp\/v2\/product_tag?post=4541"}],"curies":[{"name":"wp","href":"https:\/\/api.w.org\/{rel}","templated":true}]}}