{"id":4558,"date":"2018-02-07T10:33:55","date_gmt":"2018-02-07T09:33:55","guid":{"rendered":"https:\/\/birdbusters.eu\/product\/seagull-scarer-bird-gard-pro\/"},"modified":"2025-04-21T12:42:27","modified_gmt":"2025-04-21T10:42:27","slug":"bird-gard-seevogelschutz","status":"publish","type":"product","link":"https:\/\/birdbusters.eu\/de\/produkt\/bird-gard-seevogelschutz\/","title":{"rendered":"BirdGard M\u00f6wenschreck"},"content":{"rendered":"<h3>BirdGard M\u00f6wenschreck zur Vogelabwehr<\/h3>\n<p><span style=\"font-weight: 400;\">Der <\/span><b>BirdGard M\u00f6wenschreck<\/b><span style=\"font-weight: 400;\"> ist ein speziell entwickeltes akustisches Ger\u00e4t zur Vertreibung st\u00f6render Meeresv\u00f6gel wie M\u00f6wen. Das Ger\u00e4t sendet unregelm\u00e4\u00dfige Notrufe von M\u00f6wen und Raubv\u00f6geln aus, die die V\u00f6gel erschrecken und zum Verlassen des Gebiets veranlassen.<\/span><\/p>\n<p><b>Funktionsweise:<\/b><\/p>\n<p><span style=\"font-weight: 400;\">Der <\/span><b>BirdGard M\u00f6wenschreck<\/b><span style=\"font-weight: 400;\"> verwendet eine Reihe von V\u00f6gelrufen, die die V\u00f6gel vertreiben. Diese Schreie signalisieren Gefahr und l\u00f6sen bei den V\u00f6geln einen Fluchtinstinkt aus. Das Ger\u00e4t ist f\u00fcr Fl\u00e4chen von bis zu 0,6 Hektar geeignet. Zus\u00e4tzlich kann es mit einem <a href=\"https:\/\/birdbusters.eu\/de\/produkt\/zusaetzlicher-bird-gard-lautsprecher\/\">externen Lautsprecher<\/a> ausgestattet werden, um den Wirkbereich zu erweitern.<\/span><\/p>\n<p><b>Welches Sound-Kart w\u00e4hlen?<\/b><\/p>\n<p><span style=\"font-weight: 400;\">Es gibt zwei verschiedene Sound-Karten, die f\u00fcr unterschiedliche Arten von V\u00f6geln geeignet sind. Um den besten Effekt zu erzielen, ist es wichtig, die richtige Sound-Karte f\u00fcr die Vogelarten zu w\u00e4hlen, mit denen Sie es zu tun haben.<\/span><\/p>\n<h4><b>Sound-Karte #20 \u2013 Europ\u00e4ische Meeresv\u00f6gel:<\/b><\/h4>\n<p><span style=\"font-weight: 400;\">Diese Karte enth\u00e4lt die Rufe folgender V\u00f6gel:<\/span><\/p>\n<ul>\n<li style=\"font-weight: 400;\" aria-level=\"1\"><b>Lachm\u00f6we<\/b><span style=\"font-weight: 400;\"> (<\/span><i><span style=\"font-weight: 400;\">Larus atricilla<\/span><\/i><span style=\"font-weight: 400;\">)<\/span><\/li>\n<li style=\"font-weight: 400;\" aria-level=\"1\"><b>Ringm\u00f6we<\/b><span style=\"font-weight: 400;\"> (<\/span><i><span style=\"font-weight: 400;\">Larus delawarensis<\/span><\/i><span style=\"font-weight: 400;\">)<\/span><\/li>\n<li style=\"font-weight: 400;\" aria-level=\"1\"><b>Silberm\u00f6we<\/b><span style=\"font-weight: 400;\"> (<\/span><i><span style=\"font-weight: 400;\">Larus argentatus<\/span><\/i><span style=\"font-weight: 400;\">)<\/span><\/li>\n<li style=\"font-weight: 400;\" aria-level=\"1\"><b>Meeradler<\/b><span style=\"font-weight: 400;\"> (<\/span><i><span style=\"font-weight: 400;\">Haliaeetus albicilla<\/span><\/i><span style=\"font-weight: 400;\">)<\/span><\/li>\n<li style=\"font-weight: 400;\" aria-level=\"1\"><b>Naumm\u00f6we<\/b><span style=\"font-weight: 400;\"> (<\/span><i><span style=\"font-weight: 400;\">Larus ridibundus<\/span><\/i><span style=\"font-weight: 400;\">)<\/span><\/li>\n<li style=\"font-weight: 400;\" aria-level=\"1\"><b>Glaucus M\u00f6we<\/b><span style=\"font-weight: 400;\"> (<\/span><i><span style=\"font-weight: 400;\">Larus glaucescens<\/span><\/i><span style=\"font-weight: 400;\">)<\/span><\/li>\n<li style=\"font-weight: 400;\" aria-level=\"1\"><b>Amerikanischer Kormoran<\/b><span style=\"font-weight: 400;\"> (<\/span><i><span style=\"font-weight: 400;\">Phalacrocorax auritus<\/span><\/i><span style=\"font-weight: 400;\">)<\/span><\/li>\n<li style=\"font-weight: 400;\" aria-level=\"1\"><b>Nordharrier<\/b><span style=\"font-weight: 400;\"> (<\/span><i><span style=\"font-weight: 400;\">Circus cyaneus<\/span><\/i><span style=\"font-weight: 400;\">)<\/span>&nbsp;<\/li>\n<\/ul>\n<p><span style=\"font-weight: 400;\">Diese <\/span><b>Sound-Karte #20<\/b><span style=\"font-weight: 400;\"> ist besonders geeignet f\u00fcr Gebiete, in denen <\/span><b>Lachm\u00f6wen<\/b><span style=\"font-weight: 400;\"> und andere Meeresv\u00f6gel verbreitet sind. Sie ist die ideale Wahl f\u00fcr den Einsatz in maritimen Umfeldern.<\/span><\/p>\n<h4><b>Sound-Karte #71 \u2013 M\u00f6wen und andere V\u00f6gel:<\/b><\/h4>\n<p><span style=\"font-weight: 400;\">Diese Karte enth\u00e4lt die Rufe folgender V\u00f6gel:<\/span><\/p>\n<ul>\n<li style=\"font-weight: 400;\" aria-level=\"1\"><b>Silberm\u00f6we<\/b><span style=\"font-weight: 400;\"> (<\/span><i><span style=\"font-weight: 400;\">Larus argentatus<\/span><\/i><span style=\"font-weight: 400;\">)<\/span><\/li>\n<li style=\"font-weight: 400;\" aria-level=\"1\"><b>Naumm\u00f6we<\/b><span style=\"font-weight: 400;\"> (<\/span><i><span style=\"font-weight: 400;\">Larus ridibundus<\/span><\/i><span style=\"font-weight: 400;\">)<\/span><\/li>\n<li style=\"font-weight: 400;\" aria-level=\"1\"><b>Gemeine M\u00f6we<\/b><span style=\"font-weight: 400;\"> (<\/span><i><span style=\"font-weight: 400;\">Larus canus<\/span><\/i><span style=\"font-weight: 400;\">)<\/span><\/li>\n<li style=\"font-weight: 400;\" aria-level=\"1\"><b>Europ\u00e4ischer Starling<\/b><span style=\"font-weight: 400;\"> (<\/span><i><span style=\"font-weight: 400;\">Sturnus vulgaris<\/span><\/i><span style=\"font-weight: 400;\">)<\/span><\/li>\n<li style=\"font-weight: 400;\" aria-level=\"1\"><b>Elster<\/b><span style=\"font-weight: 400;\"> (<\/span><i><span style=\"font-weight: 400;\">Pica pica<\/span><\/i><span style=\"font-weight: 400;\">)<\/span><\/li>\n<li style=\"font-weight: 400;\" aria-level=\"1\"><b>Sperber<\/b><span style=\"font-weight: 400;\"> (<\/span><i><span style=\"font-weight: 400;\">Accipiter gentilis<\/span><\/i><span style=\"font-weight: 400;\">)<\/span><\/li>\n<li style=\"font-weight: 400;\" aria-level=\"1\"><b>Saatkr\u00e4he<\/b><span style=\"font-weight: 400;\"> (<\/span><i><span style=\"font-weight: 400;\">Corvus frugilegus<\/span><\/i><span style=\"font-weight: 400;\">)<\/span>&nbsp;<\/li>\n<\/ul>\n<p><span style=\"font-weight: 400;\">Die <\/span><b>Sound-Karte #71<\/b><span style=\"font-weight: 400;\"> eignet sich besonders f\u00fcr Gebiete, in denen sowohl <\/span><b>Silberm\u00f6wen<\/b><span style=\"font-weight: 400;\"> als auch <\/span><b>Gemeine M\u00f6wen<\/b><span style=\"font-weight: 400;\"> ein Problem darstellen. Sie ist auch f\u00fcr st\u00e4dtische Gebiete, in denen M\u00f6wen und andere V\u00f6gel h\u00e4ufig anzutreffen sind, besonders wirksam.<\/span><\/p>\n<p><b>Hinweis:<\/b><span style=\"font-weight: 400;\"> Die <\/span><b>Sound-Karte #20<\/b><span style=\"font-weight: 400;\"> enth\u00e4lt keine Rufe, die speziell f\u00fcr die Vertreibung der <\/span><b>Gemeinen M\u00f6we<\/b><span style=\"font-weight: 400;\"> geeignet sind. Wenn diese M\u00f6we ein Problem darstellt, wird empfohlen, die <\/span><b>Sound-Karte #71<\/b><span style=\"font-weight: 400;\"> zu w\u00e4hlen.<\/span><\/p>\n<p><b>Merkmale:<\/b><\/p>\n<ul>\n<li style=\"font-weight: 400;\" aria-level=\"1\"><b>Verschiedene Vogelrufe<\/b><span style=\"font-weight: 400;\">: Der <\/span><b>BirdGard M\u00f6wenschreck<\/b><span style=\"font-weight: 400;\"> bietet die M\u00f6glichkeit, verschiedene Vogelrufe zu programmieren. Wir empfehlen, die Vogelrufe alle 5\u20137 Tage zu wechseln, um eine Gew\u00f6hnung der V\u00f6gel zu verhindern. Es ist auch ratsam, den Standort des Ger\u00e4ts alle paar Meter zu \u00e4ndern.<\/span><\/li>\n<li style=\"font-weight: 400;\" aria-level=\"1\"><b>Lautst\u00e4rke und Pausen<\/b><span style=\"font-weight: 400;\">: Die Lautst\u00e4rke und Pausen zwischen den T\u00f6nen k\u00f6nnen angepasst werden, um den besten Effekt zu erzielen.<\/span><\/li>\n<li style=\"font-weight: 400;\" aria-level=\"1\"><b>Einfache Installation<\/b><span style=\"font-weight: 400;\">: Das Ger\u00e4t kann einfach an einem Pfosten oder Zaun montiert werden.<\/span>&nbsp;<\/li>\n<\/ul>\n<p><b>Tag- und Nachtbetrieb<\/b><span style=\"font-weight: 400;\">: Das Ger\u00e4t kann auf Tages-, Nacht- oder Rund-um-die-Uhr-Betrieb eingestellt werden.<\/span><\/p>\n<p><b>Einsatzbereiche. <\/b><span style=\"font-weight: 400;\">Das witterungsbest\u00e4ndige Ger\u00e4t ist f\u00fcr den Au\u00dfenbetrieb geeignet und kann an vielf\u00e4ltigen Einsatzorten an denen M\u00f6wen st\u00f6rend sind, eingesetzt werden. Sowohl Marinas, als auch Industrieanlage und Fischzuchtanlagen haben gute Erfahrungen mit diesem Ger\u00e4t gemacht.\u00a0\u00a0<\/span><\/p>\n<h3><b>H\u00e4ufig gestellte Fragen (FAQ):<\/b><\/h3>\n<p><b><i>Wie kann ich M\u00f6wen vertreiben?\u00a0<\/i><\/b><\/p>\n<p><span style=\"font-weight: 400;\">Wenn Sie ein Problem mit M\u00f6wen haben, gibt es mehrere M\u00f6glichkeiten, um sie effektiv zu vertreiben:<\/span><\/p>\n<p><span style=\"font-weight: 400;\">Neben <a href=\"https:\/\/birdbusters.eu\/de\/Category\/vogelscheuchen\/akustische-vogelabwehr\/\">akustischen Abwehrmitteln<\/a>, wie dem <\/span><b>BirdGard M\u00f6wenschreck<\/b><span style=\"font-weight: 400;\">, gibt es auch <a href=\"https:\/\/birdbusters.eu\/de\/Category\/vogelscheuchen\/visuelle-vogelabschreckungen\/\">optische Abwehrmittel<\/a> wie <\/span><a href=\"https:\/\/birdbusters.eu\/de\/Category\/vogelscheuchen\/vogeldrachen\/\"><b>Vogelscheuche-Drachen<\/b><\/a><span style=\"font-weight: 400;\"> und <\/span><a href=\"https:\/\/birdbusters.eu\/de\/produkt\/adleraugen\/\"><b>Rotor-Turbinen<\/b><\/a><span style=\"font-weight: 400;\">, die in Kombination ebenfalls sehr effektiv sind. Eine weitere Option ist die Verwendung eines <\/span><a href=\"https:\/\/birdbusters.eu\/de\/produkt\/automated-laser-bird-repellent-2\/\"><b>Vogelabwehrlasers<\/b><\/a><span style=\"font-weight: 400;\">, der V\u00f6gel mittels Laserstrahl vertreibt.<\/span><\/p>\n<p><span style=\"font-weight: 400;\">F\u00fcr weitere Informationen zu den besten Methoden der M\u00f6wenabwehr lesen Sie bitte unseren Artikel: <\/span><b>&#8220;<a href=\"https:\/\/birdbusters.eu\/de\/9-methoden-um-moewen-loszuwerden\/\">M\u00f6wenabwehr: 7 besten Methoden<\/a>&#8220;<\/b><span style=\"font-weight: 400;\">.<\/span><\/p>\n<p><b>Wie man das Ger\u00e4t installiert?<\/b><\/p>\n<p><span style=\"font-weight: 400;\">Das Ger\u00e4t l\u00e4sst sich einfach mit der mitgelieferten Halterung an einem Pfosten oder Zaun installieren. Stellen Sie sicher, dass der Lautsprecher in die richtige Richtung zeigt, um die V\u00f6gel zu vertreiben.<\/span><\/p>\n<h4><b>Ist der M\u00f6wenschreck wirksam?<\/b><\/h4>\n<p><span style=\"font-weight: 400;\">Es ist unbestreitbar, dass der <\/span><b>BirdGard M\u00f6wenschreck<\/b><span style=\"font-weight: 400;\"> sehr effektiv ist, um V\u00f6gel davon abzuhalten, das Schutzgebiet zu betreten. Die Kombination von <\/span><b>Angst- und Panikschreien<\/b><span style=\"font-weight: 400;\"> von M\u00f6wen, zusammen mit den Schreien von <\/span><b>Raubv\u00f6geln<\/b><span style=\"font-weight: 400;\">, veranlasst die M\u00f6wen, das Gebiet zu verlassen.<\/span><\/p>\n<p><span style=\"font-weight: 400;\">Um die Effizienz des Ger\u00e4ts zu steigern, kann der <\/span><b>BirdGard M\u00f6wenschreck<\/b><span style=\"font-weight: 400;\"> auch mit einer <\/span><a href=\"https:\/\/birdbusters.eu\/de\/produkt\/adleraugen\/\"><b>Rotor-Turbine<\/b><\/a><span style=\"font-weight: 400;\"> kombiniert werden, die zus\u00e4tzlich hilft, die V\u00f6gel zu vertreiben.<\/span><\/p>\n<h4><b>K\u00f6nnen sich die V\u00f6gel an den M\u00f6wenschreck gew\u00f6hnen?<\/b><\/h4>\n<p><span style=\"font-weight: 400;\">V\u00f6gel sind intelligente Tiere, und mit der Zeit k\u00f6nnten sie erkennen, dass keine Gefahr von dem Ger\u00e4t ausgeht. Um eine Gew\u00f6hnung zu vermeiden, ist es empfehlenswert, die <\/span><b>Vogelstimmen alle 5-7 Tage zu wechseln<\/b><span style=\"font-weight: 400;\"> und das Ger\u00e4t ab und zu um wenige Meter zu versetzen.<\/span><\/p>\n<h4><b>Wie gro\u00df ist der Wirkungskreis des M\u00f6wenschrecks?<\/b><\/h4>\n<p><span style=\"font-weight: 400;\">Der Wirkungskreis des <\/span><b>BirdGard M\u00f6wenschrecks<\/b><span style=\"font-weight: 400;\"> reicht bis zu <\/span><b>0,6 Hektar<\/b><span style=\"font-weight: 400;\">. Mit einem <a href=\"https:\/\/birdbusters.eu\/de\/produkt\/zusaetzlicher-bird-gard-lautsprecher\/\"><strong>externen Lautsprecher<\/strong> <\/a>kann dieser Bereich bei Bedarf erweitert werden. Bitte beachten Sie, dass der Effektivbereich von der Umgebung und den spezifischen Bedingungen vor Ort abh\u00e4ngt.<\/span><\/p>\n<h4><b>Sei vorsichtig bei der Wahl des Installationsorts:<\/b><\/h4>\n<p><span style=\"font-weight: 400;\">Achten Sie darauf, den <\/span><b>BirdGard M\u00f6wenschreck<\/b><span style=\"font-weight: 400;\"> nicht direkt in der N\u00e4he von Wohngeb\u00e4uden oder stark frequentierten Bereichen zu platzieren. Die Ger\u00e4usche k\u00f6nnen zwar V\u00f6gel vertreiben, k\u00f6nnten aber in Wohngebieten oder belebten Gebieten st\u00f6ren. Installieren Sie das Ger\u00e4t so, dass es die gew\u00fcnschten V\u00f6gel vertreibt, ohne den Wohnkomfort der Menschen zu beeintr\u00e4chtigen.<\/span><\/p>\n<h3><b>\u00dcber uns:<\/b><\/h3>\n<p><span style=\"font-weight: 400;\">Wir bei <\/span><b>Bird Busters<\/b><span style=\"font-weight: 400;\"> haben es uns zur Aufgabe gemacht, innovative und effektive L\u00f6sungen zur Vogelabwehr zu entwickeln. Mit unseren Produkten helfen wir Ihnen, Ihre Umgebung vor st\u00f6renden V\u00f6geln zu sch\u00fctzen und gleichzeitig eine umweltfreundliche L\u00f6sung anzubieten. Unsere Mission ist es, Menschen zu unterst\u00fctzen, ihre G\u00e4rten, Balkone, Obstb\u00e4ume und landwirtschaftlichen Fl\u00e4chen vor V\u00f6geln zu sch\u00fctzen, ohne dabei die Natur zu beeintr\u00e4chtigen. Mit jahrelanger Erfahrung und technologischem<\/span><\/p>\n","protected":false},"excerpt":{"rendered":"<p><span style=\"font-weight: 400;\">Der <\/span><b>BirdGard M\u00f6wenschreck<\/b><span style=\"font-weight: 400;\"> ist ein hochentwickeltes akustisches Ger\u00e4t zur effektiven Vertreibung von st\u00f6renden Seev\u00f6geln. Das Ger\u00e4t sendet in unregelm\u00e4\u00dfigen Intervallen die Notrufe von M\u00f6wen und Raubv\u00f6geln aus. Diese akustischen Signale l\u00f6sen den Fluchtinstinkt der V\u00f6gel aus und sorgen daf\u00fcr, dass sie das betroffene Gebiet verlassen.<\/span><\/p>\n<p><span style=\"font-weight: 400;\">Der <\/span><b>BirdGard M\u00f6wenschreck<\/b><span style=\"font-weight: 400;\"> bietet eine hochwertige und effiziente L\u00f6sung f\u00fcr die Vogelabwehr in verschiedenen Umgebungen wie <\/span><b>Marinas<\/b><span style=\"font-weight: 400;\">, <\/span><b>Industrieanlagen<\/b><span style=\"font-weight: 400;\"> und <\/span><b>auf Wasserfahrzeugen<\/b><span style=\"font-weight: 400;\">. Mit seiner flexiblen Nutzung und den verschiedenen verf\u00fcgbaren <\/span><b>Sound-Karten<\/b><span style=\"font-weight: 400;\"> bietet er eine ma\u00dfgeschneiderte L\u00f6sung, die an die jeweilige Situation angepasst werden kann.<\/span><\/p>\n","protected":false},"featured_media":4559,"template":"","meta":{"_themeisle_gutenberg_block_has_review":false},"product_brand":[],"product_cat":[93,88],"product_tag":[],"class_list":{"0":"post-4558","1":"product","2":"type-product","3":"status-publish","4":"has-post-thumbnail","6":"product_cat-akustische-vogelabwehr","7":"product_cat-vogelschreck","9":"first","10":"onbackorder","11":"taxable","12":"shipping-taxable","13":"purchasable","14":"product-type-simple"},"_links":{"self":[{"href":"https:\/\/birdbusters.eu\/de\/wp-json\/wp\/v2\/product\/4558","targetHints":{"allow":["GET"]}}],"collection":[{"href":"https:\/\/birdbusters.eu\/de\/wp-json\/wp\/v2\/product"}],"about":[{"href":"https:\/\/birdbusters.eu\/de\/wp-json\/wp\/v2\/types\/product"}],"wp:featuredmedia":[{"embeddable":true,"href":"https:\/\/birdbusters.eu\/de\/wp-json\/wp\/v2\/media\/4559"}],"wp:attachment":[{"href":"https:\/\/birdbusters.eu\/de\/wp-json\/wp\/v2\/media?parent=4558"}],"wp:term":[{"taxonomy":"product_brand","embeddable":true,"href":"https:\/\/birdbusters.eu\/de\/wp-json\/wp\/v2\/product_brand?post=4558"},{"taxonomy":"product_cat","embeddable":true,"href":"https:\/\/birdbusters.eu\/de\/wp-json\/wp\/v2\/product_cat?post=4558"},{"taxonomy":"product_tag","embeddable":true,"href":"https:\/\/birdbusters.eu\/de\/wp-json\/wp\/v2\/product_tag?post=4558"}],"curies":[{"name":"wp","href":"https:\/\/api.w.org\/{rel}","templated":true}]}}