{"id":4566,"date":"2017-03-10T20:53:18","date_gmt":"2017-03-10T18:53:18","guid":{"rendered":"https:\/\/birdbusters.eu\/product\/bird-sticker-for-windows\/"},"modified":"2024-02-15T15:50:56","modified_gmt":"2024-02-15T14:50:56","slug":"fensteraufkleber-zur-vogelabwehr","status":"publish","type":"product","link":"https:\/\/birdbusters.eu\/de\/produkt\/fensteraufkleber-zur-vogelabwehr\/","title":{"rendered":"Vogelaufkleber"},"content":{"rendered":"<h3><b>Vogelaufkleber \u2013 Schutzma\u00dfnahmen f\u00fcr die V\u00f6gel<\/b><\/h3>\n<p><span style=\"font-weight: 400;\">Die Vogelaufkleber machen Ihre Fenster f\u00fcr V\u00f6gel besser sichtbar und verhindern, dass sie mit Ihren Fensterscheiben kollidieren.\u00a0<\/span><\/p>\n<p><span style=\"font-weight: 400;\">Allein in Deutschland sterben j\u00e4hrlich bis zu 100 Millionen V\u00f6gel durch Kollisionen mit Glasscheiben an Fenstern. Da unsere St\u00e4dte immer moderner werden und \u00fcberall Glasfenster in Geb\u00e4uden eingebaut werden, kann der Vogelschlag jederzeit passieren.\u00a0<\/span><\/p>\n<p><span style=\"font-weight: 400;\">Der Grund f\u00fcr diesen fatalen Fehler? V\u00f6gel erkennen Glasfl\u00e4chen oft nicht als Hindernis \u2013 die Reflexion von B\u00e4umen und Str\u00e4uchern oder des offenen Himmels l\u00e4sst es so aussehen, als ob nichts ihren Weg versperrt. Sie prallen mit hoher Geschwindigkeit gegen die Scheiben, brechen sich das Genick und erleiden schlie\u00dflich den Tod durch Gehirnersch\u00fctterung.\u00a0<\/span><\/p>\n<p><span style=\"font-weight: 400;\">Die Vogelaufkleber sind eine wirksame Methode, Ihr Zuhause vor solchen Unf\u00e4llen zu sch\u00fctzen. Sie sind auch bei der Gestaltung \u00f6ffentlicher R\u00e4ume sehr beliebt, da sie die Sichtbarkeit der Glasscheiben f\u00fcr V\u00f6gel erh\u00f6hen und sehen dazu noch dekorativ aus.\u00a0<\/span><\/p>\n<p><span style=\"font-weight: 400;\">In diesem Set sind 3 Aufkleber enthalten. Die Aufkleber sind f\u00fcr innen und aussen Verklebung geeignet.\u00a0<\/span><\/p>\n<p><span style=\"font-weight: 400;\">In der D\u00e4mmerung sind <a href=\"https:\/\/birdbusters.eu\/de\/produkt\/fensteraufkleber-zur-vogelabwehr-weisse\/\">wei\u00dfe Vogelaufkleber<\/a> f\u00fcr die V\u00f6gel besser zu erkennen. F\u00fcr die beste Effizienz sollten die schwarze und wei\u00dfe Aufkleber kombiniert werden. <\/span><\/p>\n<p><b>Klebeanleitung. <\/b><span style=\"font-weight: 400;\">Die Raubvogelaufkleber eignen sich f\u00fcr jede glatte Oberfl\u00e4che, wie z.B. Glas, Metall oder Holz. Sie lassen sich in Sekundenschnell und ohne gro\u00dfen Aufwand anbringen. Man muss nur den Aufkleber mit der Transferfolie vom Tr\u00e4gerpapier abziehen und auf die gew\u00fcnschte Fl\u00e4che kleben.\u00a0<\/span><\/p>\n<p><span style=\"font-weight: 400;\">Einmal fest andr\u00fccken, etwa mit einer Bankkarte, um die volle Klebekraft zu erreichen und nun wird nur noch das \u00dcbertragungsmaterial abgezogen. Nun bleibt auf Ihrer Scheibe nur die Vogelsilhouette, die von beiden Glasseiten die gleiche Farbe hat.\u00a0<\/span><\/p>\n<h3><b>H\u00e4ufig gestellte Fragen<\/b><\/h3>\n<p><b><i>Was hilft gegen Vogelschlag?\u00a0<\/i><\/b><\/p>\n<p><span style=\"font-weight: 400;\">Es gibt einige L\u00f6sungen, die gegen Vogelschlag helfen sollen.\u00a0<\/span><\/p>\n<p><span style=\"font-weight: 400;\">Vogelaufkleber sind eine bekannte Methode, die vor die Vogelschlag sch\u00fctzt. Die Aufkleber erm\u00f6glichen es den V\u00f6geln die Scheibe zu erkennen und dadurch als Hindernis wahrzunehmen. Demzufolge k\u00f6nnen nahezu alle V\u00f6gel gerettet und Ihre Scheibe gesch\u00fctzt werden.\u00a0<\/span><\/p>\n<p><b><i>Sind die Vogelaufkleber wirklich effektiv?<\/i><\/b><\/p>\n<p><span style=\"font-weight: 400;\">Die Transparenz von Glasfronten sowie die gleichzeitige Spiegelung der Umwelt auf Glasfl\u00e4chen, ist h\u00e4ufig Ursache daf\u00fcr, dass die V\u00f6gel das Glas nicht als Hindernis wahrnehmen k\u00f6nnen.\u00a0<\/span><\/p>\n<p><span style=\"font-weight: 400;\">Die meisten Vogelaufkleber sind als Silhouette von Greifv\u00f6geln gestaltet, um die nat\u00fcrlichen Feinde der einheimischen Singv\u00f6gel zu simulieren und sie damit fernzuhalten. Aber Aufkleber machen die Glasfl\u00e4che auch sichtbar und dienen somit als gegen Vogelschlag.\u00a0<\/span><\/p>\n<p><b><i>Wie bestelle ich?\u00a0<\/i><\/b><\/p>\n<p><span style=\"font-weight: 400;\">Legen Sie den Artikel in den Warenkorb. M\u00f6chten Sie die Anzahl ver\u00e4ndern oder einen Artikel L\u00f6schen, ist es nun m\u00f6glich dies zu tun. Ist der Inhalt des Warenkorbs f\u00fcr Sie in Ordnung, geben Sie alle geforderten Daten korrekt an und w\u00e4hlen Sie die Zahlungsmethode. Ist die Bestellung erfolgreich gewesen, erhalten Sie eine Best\u00e4tigung per E-Mail von uns.<\/span><\/p>\n<p><b><i>Wann bekomme ich meine R\u00fcckerstattung?\u00a0<\/i><\/b><\/p>\n<p><span style=\"font-weight: 400;\">Nach Eingang und Pr\u00fcfung der Sendung erfolgt die R\u00fcckerstattung des Kaufpreises einschlie\u00dflich der Lieferkosten innerhalb von 14 Tagen \u00fcber den bei der Bestellung gew\u00e4hlten Zahlungsweg.<\/span><\/p>\n<p><b><i>Kann ich meine Bestellung retournieren?\u00a0<\/i><\/b><\/p>\n<p><span style=\"font-weight: 400;\">Wenn Sie nicht mit dem Kauf zufrieden sind, haben Sie 14 Tage Zeit, um die bestellte Waren an uns zur\u00fcckzuschicken und wir erstatten den vollst\u00e4ndigen Kaufpreis.\u00a0<\/span><\/p>\n<h3><b>\u00dcber Birdbusters<\/b><\/h3>\n<p><span style=\"font-weight: 400;\">Wenn Sie Probleme mit unerw\u00fcnschte V\u00f6gel haben, wenden Sie sich an die Experten von Bird Busters. Wir bieten eine Reihe von umweltfreundlichen Produkten an, die Ihre l\u00e4stigen Probleme l\u00f6sen und alle zufrieden stellen.\u00a0<\/span><\/p>\n<p><span style=\"font-weight: 400;\">Unsere Mission ist es, Menschen dabei zu helfen, Ihren Garten oder Balkon, Ihre Obstb\u00e4ume oder Pflanzen vor V\u00f6gel zu sch\u00fctzen. Machen Sie sich gem\u00fctlich und sammeln Sie neue Ideen!<\/span><\/p>\n<p style=\"text-align: justify;\">\n","protected":false},"excerpt":{"rendered":"<p><span style=\"font-weight: 400;\">Die Vogelaufkleber sind eine kreative M\u00f6glichkeit Ihre Fenster f\u00fcr V\u00f6gel besser sichtbar zu machen. Sie sind leicht anzubringen und zu entfernen und tragen entscheidend dazu bei, dass Ihre gefiederten Freunde sicher sind.\u00a0<\/span><\/p>\n","protected":false},"featured_media":4567,"template":"","meta":{"_themeisle_gutenberg_block_has_review":false},"product_brand":[],"product_cat":[89,88],"product_tag":[],"class_list":{"0":"post-4566","1":"product","2":"type-product","3":"status-publish","4":"has-post-thumbnail","6":"product_cat-visuelle-vogelabschreckungen","7":"product_cat-vogelschreck","9":"first","10":"instock","11":"taxable","12":"shipping-taxable","13":"purchasable","14":"product-type-simple"},"_links":{"self":[{"href":"https:\/\/birdbusters.eu\/de\/wp-json\/wp\/v2\/product\/4566","targetHints":{"allow":["GET"]}}],"collection":[{"href":"https:\/\/birdbusters.eu\/de\/wp-json\/wp\/v2\/product"}],"about":[{"href":"https:\/\/birdbusters.eu\/de\/wp-json\/wp\/v2\/types\/product"}],"wp:featuredmedia":[{"embeddable":true,"href":"https:\/\/birdbusters.eu\/de\/wp-json\/wp\/v2\/media\/4567"}],"wp:attachment":[{"href":"https:\/\/birdbusters.eu\/de\/wp-json\/wp\/v2\/media?parent=4566"}],"wp:term":[{"taxonomy":"product_brand","embeddable":true,"href":"https:\/\/birdbusters.eu\/de\/wp-json\/wp\/v2\/product_brand?post=4566"},{"taxonomy":"product_cat","embeddable":true,"href":"https:\/\/birdbusters.eu\/de\/wp-json\/wp\/v2\/product_cat?post=4566"},{"taxonomy":"product_tag","embeddable":true,"href":"https:\/\/birdbusters.eu\/de\/wp-json\/wp\/v2\/product_tag?post=4566"}],"curies":[{"name":"wp","href":"https:\/\/api.w.org\/{rel}","templated":true}]}}