{"id":4653,"date":"2017-03-10T19:27:12","date_gmt":"2017-03-10T18:27:12","guid":{"rendered":"https:\/\/birdbusters.eu\/product\/portable-sonic-bird-scarer\/"},"modified":"2023-12-26T18:03:14","modified_gmt":"2023-12-26T17:03:14","slug":"birdyell-vogelabschreckung","status":"publish","type":"product","link":"https:\/\/birdbusters.eu\/de\/produkt\/birdyell-vogelabschreckung\/","title":{"rendered":"BirdYell Vogelschreck"},"content":{"rendered":"<h3>BirdYell Vogelschreck zur Vogelabwehr<\/h3>\n<p><span style=\"font-weight: 400;\">Der akustische BirdYell Vogelschreck ahmt die Ger\u00e4usche verschiedener V\u00f6gel nach. Diese Schreie werden unter den V\u00f6geln Unruhe verursachen und den Fluchtinstinkt ausl\u00f6sen.\u00a0<\/span><\/p>\n<p><span style=\"font-weight: 400;\">Der BirdYell Vogelschreck verf\u00fcgt \u00fcber einen eingebauten 10-Watt-Lautsprecher und erzielt damit eine effektive Reichweite von \u00fcber 200 m.\u00a0\u00a0<\/span><\/p>\n<p><span style=\"font-weight: 400;\">F\u00fcr ein optimales Ergebnis verf\u00fcgt der Vogelschreck \u00fcber 17 verschiedenen Vogelschreien. Das Ger\u00e4t sollte regelm\u00e4\u00dfig zu unterschiedlichen Zeitpunkten verwendet.\u00a0<\/span><\/p>\n<p><span style=\"font-weight: 400;\">Der Vogelschreck ist einfach zu bedienen und funktioniert mit 10 AA-Batterien oder einem einfachen <\/span><a href=\"https:\/\/birdbusters.eu\/de\/produkt\/12v-batterie\/\"><span style=\"font-weight: 400;\">12V Autobatterie<\/span><\/a><span style=\"font-weight: 400;\"> (Bitte extra bestellen).\u00a0<\/span><\/p>\n<p><span style=\"font-weight: 400;\">Das Ger\u00e4t ist nicht wasserdicht und ist f\u00fcr den Einsatz in Getreidelagerungen, Viehst\u00e4llen und Industrieanlagen best geeignet. Es kann auch im Freien verwendet werden aber auf diesem Fall sollte der Vogelschreck mit einem wasserfesten Abdeckung gesch\u00fctzt sein.\u00a0<\/span><\/p>\n<h3><b>H\u00e4ufig gestellte Fragen<\/b><\/h3>\n<p><b><i>Wie kann ich V\u00f6gel vertreiben?\u00a0<\/i><\/b><\/p>\n<p><span style=\"font-weight: 400;\">Wenn Sie ein Problem mit den V\u00f6geln haben, gibt es viele M\u00f6glichkeiten, um sie aus dem Garten zu vertreiben.\u00a0<\/span><\/p>\n<p><span style=\"font-weight: 400;\">Neben den <\/span><a href=\"https:\/\/birdbusters.eu\/de\/Category\/akustische-vogelabwehr\/\"><span style=\"font-weight: 400;\">akustischen Abwehrmittel<\/span><\/a><span style=\"font-weight: 400;\"> sind <\/span><a href=\"https:\/\/birdbusters.eu\/de\/Category\/visuelle-vogelabschreckungen\/\"><span style=\"font-weight: 400;\">optische Abwehrmittel<\/span><\/a><span style=\"font-weight: 400;\"> wie <\/span><a href=\"https:\/\/birdbusters.eu\/de\/Category\/vogeldrachen\/\"><span style=\"font-weight: 400;\">Vogelscheuche Drachen<\/span><\/a><span style=\"font-weight: 400;\"> und <\/span><a href=\"https:\/\/birdbusters.eu\/de\/produkt\/adleraugen\/\"><span style=\"font-weight: 400;\">Rotor-Turbine<\/span><\/a><span style=\"font-weight: 400;\"> einige wirksame Alternative. Eine weitere Option ist eine <\/span><a href=\"https:\/\/birdbusters.eu\/de\/produkt\/automated-laser-bird-repellent-2\/\"><span style=\"font-weight: 400;\">Vogelabwehr Laser<\/span><\/a><span style=\"font-weight: 400;\">, ein Ger\u00e4t, das V\u00f6gel mittels Laserstrahl verjagt.\u00a0<\/span><\/p>\n<p><b><i>Was sind die Einsatzgebiete von Vogelschreck?\u00a0<\/i><\/b><\/p>\n<p><span style=\"font-weight: 400;\">Da der Vogelschreck nicht wasserdicht ist, ist er f\u00fcr den Einsatz in Getreidelagerungen, Viehst\u00e4llen und Industrieanlagen best geeignet. Es kann auch im Freien verwendet werden aber auf diesem Fall sollte das Ger\u00e4t mit einem wasserfesten Abdeckung gesch\u00fctzt sein.<\/span><\/p>\n<p><b><i>Ist der Vogelschreck wirksam?\u00a0<\/i><\/b><\/p>\n<p><span style=\"font-weight: 400;\">Ja, ohne Zweifel! Es ist unbestritten, dass der Vogelschreck V\u00f6gel davon abh\u00e4lt, das Schutzgebiet zu besuchen. Die Vogelschreien bringen V\u00f6gel dazu, den Bereich zu verlassen. Rabenv\u00f6gel wie Elstern und Dohlen k\u00f6nnen von diesen Ger\u00e4uschen zun\u00e4chst angezogen und erst nach der Entdeckungstour verscheucht werden<\/span><\/p>\n<p><b><i>Wie gro\u00df ist die Reichweite des Vogelschrecks?\u00a0<\/i><\/b><\/p>\n<p><span style=\"font-weight: 400;\">Die Reichweite des Vogelschrecks ist von \u00fcber 200 m.\u00a0<\/span><\/p>\n<p><b><i>Wie bestelle ich?\u00a0<\/i><\/b><\/p>\n<p><span style=\"font-weight: 400;\">Legen Sie den Artikel in den Warenkorb. M\u00f6chten Sie die Anzahl ver\u00e4ndern oder einen Artikel L\u00f6schen, ist es nun m\u00f6glich dies zu tun. Ist der Inhalt des Warenkorbs f\u00fcr Sie in Ordnung, geben Sie alle geforderten Daten korrekt an und w\u00e4hlen Sie die Zahlungsmethode. Ist die Bestellung erfolgreich gewesen, erhalten Sie eine Best\u00e4tigung per E-Mail von uns.<\/span><\/p>\n<p><b><i>Welche Zahlungsarten kann ich nutzen?\u00a0<\/i><\/b><\/p>\n<p><span style=\"font-weight: 400;\">F\u00fcr Ihre Online-Bestellungen k\u00f6nnen Sie die Zahlungsarten Kreditkarte und PayPal nutzen.<\/span><\/p>\n<p><b><i>Kann ich die Bestellung stornieren oder \u00e4ndern?\u00a0<\/i><\/b><\/p>\n<p><span style=\"font-weight: 400;\">Um Ihre Bestellung z\u00fcgig zu versenden, wird sie umgehend von uns bearbeitet. Wenn Sie \u00c4nderungen oder eine Stornierung der Bestellung w\u00fcnschen, kontaktieren Sie daher bitte schnellstm\u00f6glich unseren Kundenservice \u00fcber das Kontaktformular. Bitte beachten Sie, dass nach Versand keine \u00c4nderungen mehr durchgef\u00fchrt werden k\u00f6nnen.<\/span><\/p>\n<p><b><i>Wann bekomme ich meine R\u00fcckerstattung?\u00a0<\/i><\/b><\/p>\n<p><span style=\"font-weight: 400;\">Nach Eingang und Pr\u00fcfung der Sendung erfolgt die R\u00fcckerstattung des Kaufpreises einschlie\u00dflich der Lieferkosten innerhalb von 14 Tagen \u00fcber den bei der Bestellung gew\u00e4hlten Zahlungsweg.<\/span><\/p>\n<p><b><i>Kann ich meine Bestellung retournieren?\u00a0<\/i><\/b><\/p>\n<p><span style=\"font-weight: 400;\">Wenn Sie nicht mit dem Kauf zufrieden sind, haben Sie 14 Tage Zeit, um die bestellte Waren an uns zur\u00fcckzuschicken und wir erstatten den vollst\u00e4ndigen Kaufpreis.\u00a0<\/span><\/p>\n<h3><b>\u00dcber Birdbusters<\/b><\/h3>\n<p><span style=\"font-weight: 400;\">Wenn Sie Probleme mit unerw\u00fcnschte V\u00f6gel haben, wenden Sie sich an die Experten von Bird Busters. Wir bieten eine Reihe von umweltfreundlichen Produkten an, die Ihre L\u00e4stigen Probleme l\u00f6sen und alle zufrieden stellen.\u00a0<\/span><\/p>\n<p><span style=\"font-weight: 400;\">Unsere Mission ist es, Menschen dabei zu helfen, Ihren Garten oder Balkon, Ihre Obstb\u00e4ume oder Pflanzen vor V\u00f6gel zu sch\u00fctzen. Machen Sie sich gem\u00fctlich und sammeln Sie neue Ideen!<\/span><\/p>\n<p>&nbsp;<\/p>\n","protected":false},"excerpt":{"rendered":"<p><span style=\"font-weight: 400;\">Der BirdYell Vogelschreck ist ein manuelles, Ger\u00e4uscherzeugendes-Ger\u00e4t zur Vogelabwehr. Das Ger\u00e4t sendet Angst- und Warnrufen aus, die V\u00f6gel effektiv erschrecken und dadurch auch vertreiben. Der Vogelschreck ist mit einem 10-Watt-Lautsprecher versehen und erzielt damit eine effektive Reichweite von \u00fcber 200 m.\u00a0<\/span><\/p>\n<p>https:\/\/youtu.be\/YrOKA-D6FKg<\/p>\n<p>&nbsp;<\/p>\n<p>&nbsp;<\/p>\n","protected":false},"featured_media":4654,"template":"","meta":{"_themeisle_gutenberg_block_has_review":false},"product_brand":[],"product_cat":[93,88],"product_tag":[102,103],"class_list":{"0":"post-4653","1":"product","2":"type-product","3":"status-publish","4":"has-post-thumbnail","6":"product_cat-akustische-vogelabwehr","7":"product_cat-vogelschreck","8":"product_tag-bird-scarer-noise-de","9":"product_tag-ultrasonic-bird-scarer-de","11":"first","12":"instock","13":"taxable","14":"shipping-taxable","15":"purchasable","16":"product-type-simple"},"_links":{"self":[{"href":"https:\/\/birdbusters.eu\/de\/wp-json\/wp\/v2\/product\/4653","targetHints":{"allow":["GET"]}}],"collection":[{"href":"https:\/\/birdbusters.eu\/de\/wp-json\/wp\/v2\/product"}],"about":[{"href":"https:\/\/birdbusters.eu\/de\/wp-json\/wp\/v2\/types\/product"}],"wp:featuredmedia":[{"embeddable":true,"href":"https:\/\/birdbusters.eu\/de\/wp-json\/wp\/v2\/media\/4654"}],"wp:attachment":[{"href":"https:\/\/birdbusters.eu\/de\/wp-json\/wp\/v2\/media?parent=4653"}],"wp:term":[{"taxonomy":"product_brand","embeddable":true,"href":"https:\/\/birdbusters.eu\/de\/wp-json\/wp\/v2\/product_brand?post=4653"},{"taxonomy":"product_cat","embeddable":true,"href":"https:\/\/birdbusters.eu\/de\/wp-json\/wp\/v2\/product_cat?post=4653"},{"taxonomy":"product_tag","embeddable":true,"href":"https:\/\/birdbusters.eu\/de\/wp-json\/wp\/v2\/product_tag?post=4653"}],"curies":[{"name":"wp","href":"https:\/\/api.w.org\/{rel}","templated":true}]}}