{"id":4678,"date":"2016-06-13T12:40:29","date_gmt":"2016-06-13T10:40:29","guid":{"rendered":"https:\/\/birdbusters.eu\/product\/bird-gard-speaker\/"},"modified":"2023-02-20T13:27:07","modified_gmt":"2023-02-20T12:27:07","slug":"zusaetzlicher-bird-gard-lautsprecher","status":"publish","type":"product","link":"https:\/\/birdbusters.eu\/de\/produkt\/zusaetzlicher-bird-gard-lautsprecher\/","title":{"rendered":"Erweiterungslautsprecher"},"content":{"rendered":"<h3>Erweiterungslautsprecher f\u00fcr BirdGard Vogelschreck-Ger\u00e4te<\/h3>\n<p>Dieser Erweiterungslautsprecher mit 30 m Kabel und Stecker ist f\u00fcr BirdGard-Vogelschreckger\u00e4te geeignet. Der Lautsprecher kann entweder an das <a href=\"https:\/\/birdbusters.eu\/de\/produkt\/bird-gard-kraehenschreck\/\">Kr\u00e4henschreck Ger\u00e4t<\/a> oder and das <a href=\"https:\/\/birdbusters.eu\/de\/produkt\/bird-gard-seevogelschutz\/\">M\u00f6wenschreck Ger\u00e4t<\/a> angeschlossen werden, wobei die zu sch\u00fctzende Fl\u00e4che des Ger\u00e4ts sich in die L\u00e4nge vergr\u00f6\u00dfert.<\/p>\n<p>Bedarfsm\u00e4\u00dfig kann ein weiterer Lautsprecher an den Vorigen angeschlossen werden. Die Leistung des Ger\u00e4ts teilt sich dann auf alle Lautsprecher auf.<\/p>\n<h3><\/h3>\n<p>&nbsp;<\/p>\n","protected":false},"excerpt":{"rendered":"<p>Dieser Erweiterungslautsprecher mit 30 m Kabel ist entweder f\u00fcr den <a href=\"https:\/\/birdbusters.eu\/de\/produkt\/bird-gard-kraehenschreck\/\">BirdGard Kr\u00e4henschreck<\/a> oder <a href=\"https:\/\/birdbusters.eu\/de\/produkt\/bird-gard-seevogelschutz\/\">BirdGard M\u00f6wenschreck<\/a> geeignet. Durch den Einsatz von einen zus\u00e4tzlichen Lautsprecher, kann die zu sch\u00fctzende Fl\u00e4che des Ger\u00e4tes in die L\u00e4nge vergr\u00f6\u00dfert werden.<\/p>\n","protected":false},"featured_media":4679,"template":"","meta":{"_themeisle_gutenberg_block_has_review":false},"product_brand":[],"product_cat":[93,88],"product_tag":[],"class_list":{"0":"post-4678","1":"product","2":"type-product","3":"status-publish","4":"has-post-thumbnail","6":"product_cat-akustische-vogelabwehr","7":"product_cat-vogelschreck","9":"first","10":"onbackorder","11":"taxable","12":"shipping-taxable","13":"purchasable","14":"product-type-simple"},"_links":{"self":[{"href":"https:\/\/birdbusters.eu\/de\/wp-json\/wp\/v2\/product\/4678","targetHints":{"allow":["GET"]}}],"collection":[{"href":"https:\/\/birdbusters.eu\/de\/wp-json\/wp\/v2\/product"}],"about":[{"href":"https:\/\/birdbusters.eu\/de\/wp-json\/wp\/v2\/types\/product"}],"wp:featuredmedia":[{"embeddable":true,"href":"https:\/\/birdbusters.eu\/de\/wp-json\/wp\/v2\/media\/4679"}],"wp:attachment":[{"href":"https:\/\/birdbusters.eu\/de\/wp-json\/wp\/v2\/media?parent=4678"}],"wp:term":[{"taxonomy":"product_brand","embeddable":true,"href":"https:\/\/birdbusters.eu\/de\/wp-json\/wp\/v2\/product_brand?post=4678"},{"taxonomy":"product_cat","embeddable":true,"href":"https:\/\/birdbusters.eu\/de\/wp-json\/wp\/v2\/product_cat?post=4678"},{"taxonomy":"product_tag","embeddable":true,"href":"https:\/\/birdbusters.eu\/de\/wp-json\/wp\/v2\/product_tag?post=4678"}],"curies":[{"name":"wp","href":"https:\/\/api.w.org\/{rel}","templated":true}]}}