{"id":4687,"date":"2016-04-10T19:15:32","date_gmt":"2016-04-10T17:15:32","guid":{"rendered":"https:\/\/birdbusters.eu\/product\/bird-repellent-falcon\/"},"modified":"2024-09-11T22:09:52","modified_gmt":"2024-09-11T20:09:52","slug":"falkenfoermige-vogelabschreckung","status":"publish","type":"product","link":"https:\/\/birdbusters.eu\/de\/produkt\/falkenfoermige-vogelabschreckung\/","title":{"rendered":"Greifvogelattrappe"},"content":{"rendered":"<h3><b>Greifvogelattrappe zur Vogelabwehr<\/b><\/h3>\n<p><span style=\"font-weight: 400;\">Diese dekorative, lebensechte Greifvogelattrappe hilft Ihnen Meisen, Amseln, Tauben und Spatzen zu vertreiben, sei es im Garten, auf dem Balkon oder der Terrasse. Die Figur ist sehr naturnah koloriert und hat eine echte Gr\u00f6\u00dfe (40 cm).<\/span><\/p>\n<p><span style=\"font-weight: 400;\">Die Platzierung einer perfekt reproduzierten Attrappe eines Falken liefert meist gute Ergebnisse. Falken werden von anderen Vogelarten gut erkannt. Sie jagen oft andere V\u00f6gel und ihre r\u00e4uberische Natur wird von anderen V\u00f6geln wahrgenommen. Deshalb verursacht die Anwesenheit der Attrappe ein hohes Unbehagen.\u00a0<\/span><\/p>\n<p><span style=\"font-weight: 400;\">Die Greifvogelattrappe kann an <\/span><b>Orten wie Balkonen, Terrassen, G\u00e4rten und D\u00e4chern<\/b><span style=\"font-weight: 400;\"> eingesetzt werden. Bei der Aufstellung sollte immer eine Position gew\u00e4hlt werden, von der aus die Attrappe gut sichtbar f\u00fcr die V\u00f6gel ist. Der Fu\u00df der Attrappe kann mit Sand oder Kieselsteinen beschwert werden, damit sie nicht umgeblasen wird.\u00a0<\/span><\/p>\n<p><span style=\"font-weight: 400;\">Die Attrappe dient zur <\/span><a href=\"https:\/\/birdbusters.eu\/de\/Category\/visuelle-vogelabschreckungen\/\"><span style=\"font-weight: 400;\">optischen Vogelabwehr<\/span><\/a><span style=\"font-weight: 400;\"> von Kleinfl\u00e4chen rund um den Falke. <\/span><span style=\"font-weight: 400;\">Eine Gew\u00f6hnung der V\u00f6gel an die Attrappe kann dennoch nicht ausgeschlossen werden.\u00a0<\/span><\/p>\n<p><span style=\"font-weight: 400;\">Um den Gew\u00f6hnungseffekt auszuschlie\u00dfen, sollte die Position der Attrappe mindestens alle 3 Tage variiert werden.\u00a0<\/span><\/p>\n<h3><b>H\u00e4ufig gestellte Fragen<\/b><\/h3>\n<p><b><i>Welche Vogelarten vertreibt diese Attrappe?\u00a0<\/i><\/b><\/p>\n<p><span style=\"font-weight: 400;\">Die Greifvogelattrappe ist eine gro\u00dfartige Vogelabschreckung f\u00fcr <\/span><span style=\"font-weight: 400;\">Meisen, Amseln, Tauben und Spatzen<\/span><span style=\"font-weight: 400;\">. Seine<\/span><span style=\"font-weight: 400;\"> Gr\u00f6<\/span><span style=\"font-weight: 400;\">\u00dfe und <\/span><span style=\"font-weight: 400;\">reflektierende Augen lassen die Attrappe f\u00fcr viele V\u00f6gel sehr gef\u00e4hrlich erscheinen.\u00a0<\/span><\/p>\n<p><span style=\"font-weight: 400;\">Falken werden von anderen Vogelarten gut erkannt. Sie jagen oft andere V\u00f6gel und ihre r\u00e4uberische Natur wird von anderen V\u00f6geln wahrgenommen. Deshalb verursacht die Anwesenheit der Attrappe ein hohes Unbehagen.\u00a0<\/span><\/p>\n<p><b><i>Werden sich die V\u00f6gel an die Attrappe gew\u00f6hnen?<\/i><\/b><\/p>\n<p><span style=\"font-weight: 400;\">Die Intelligenz der V\u00f6gel sollte auf keinen Fall untersch\u00e4tzt werden. Sie gew\u00f6hnen sich an Attrappen und lernen mit der Zeit, dass diese keine Gefahr darstellen. Um einem Gew\u00f6hnungseffekt entgegenzuwirken, ist es empfehlenswert, den Aufstellort mindestens alle 3 Tage zu wechseln.\u00a0<\/span><\/p>\n<p><span style=\"font-weight: 400;\">Die Verhinderung der Gew\u00f6hnung bei V\u00f6geln ist bei der Verwendung jeder Art von optischen Vogelscheuchen von entscheidender Bedeutung.\u00a0<\/span><\/p>\n<p><b><i>Welche Anwendungsbereiche gibt es f\u00fcr die Greifvogelattrappe?\u00a0<\/i><\/b><\/p>\n<p><span style=\"font-weight: 400;\">Die Greifvogelattrappe eignet sich vorwiegend dort, wo V\u00f6gel sich noch nicht angesiedelt haben und auch nicht direkt durch Futter angelockt werden. Pr\u00e4ventiv eingesetzt, ist die Attrappe eine M\u00f6glichkeit, V\u00f6gel langfristig fernzuhalten.\u00a0<\/span><\/p>\n<p><span style=\"font-weight: 400;\">Typische Anwendungsbereiche sind Balkone, Terrassen, D\u00e4cher und G\u00e4rten.\u00a0<\/span><\/p>\n<p><b><i>Wie effektiv ist die Attrappe im Vergleich zu anderen Abwehrma\u00dfnahmen?\u00a0<\/i><\/b><\/p>\n<p><span style=\"font-weight: 400;\">Die Attrappe hat die Aufgabe, die V\u00f6gel durch ihr naturgetreues Aussehen zu vergr\u00e4men. Als optische Vogelabwehrmethode hat die Attrappe sich als sehr effektiv herausgestellt.\u00a0<\/span><\/p>\n<p><span style=\"font-weight: 400;\">Im Vergleich zu anderen Abwehrma\u00dfnahmen, belastet der Einsatz von der Attrappe die Umwelt in keiner Weise. Sie ben\u00f6tigt keine Energie, macht keinen L\u00e4rm und l\u00e4sst sich \u00fcberall einsetzen. Au\u00dferdem ist die Attrappe f\u00fcr die V\u00f6gel v\u00f6llig unsch\u00e4dlich.<\/span><\/p>\n<p><b><i>Wie bestelle ich?\u00a0<\/i><\/b><\/p>\n<p><span style=\"font-weight: 400;\">Legen Sie den Artikel in den Warenkorb. M\u00f6chten Sie die Anzahl ver\u00e4ndern oder einen Artikel l\u00f6schen, ist es nun m\u00f6glich dies zu tun. Ist der Inhalt des Warenkorbs f\u00fcr Sie in Ordnung, geben Sie alle geforderten Daten korrekt an und w\u00e4hlen Sie die Zahlungsmethode. Ist die Bestellung erfolgreich gewesen, erhalten Sie eine Best\u00e4tigung per E-Mail von uns.<\/span><\/p>\n<h3><b>\u00dcber Birdbusters<\/b><\/h3>\n<p><span style=\"font-weight: 400;\">Wenn Sie Probleme mit unerw\u00fcnschten V\u00f6geln haben, wenden Sie sich an die Experten von Bird Busters. Wir bieten eine Reihe von umweltfreundlichen Produkten an, die Ihre l\u00e4stigen Probleme l\u00f6sen und alle zufrieden stellen.\u00a0<\/span><\/p>\n<p><span style=\"font-weight: 400;\">Unsere Mission ist es, Menschen dabei zu helfen, Ihren Garten oder Balkon, Ihre Obstb\u00e4ume oder Pflanzen vor V\u00f6gel zu sch\u00fctzen. Machen Sie sich gem\u00fctlich und sammeln Sie neue Ideen!<\/span><\/p>\n<p>&nbsp;<\/p>\n","protected":false},"excerpt":{"rendered":"<p><span style=\"font-weight: 400;\">Die Greifvogelattrappe ist geeignet, um viele Arten von unerw\u00fcnschten V\u00f6geln von Ihrem Garten oder Balkon fernzuhalten. Die Attrappe ist 40 cm hoch und verf\u00fcgt \u00fcber reflektierende Augen und eine mehrfarbige Bemalung.\u00a0<\/span><\/p>\n<p>&nbsp;<\/p>\n","protected":false},"featured_media":4688,"template":"","meta":{"_themeisle_gutenberg_block_has_review":false},"product_brand":[],"product_cat":[89,88],"product_tag":[],"class_list":{"0":"post-4687","1":"product","2":"type-product","3":"status-publish","4":"has-post-thumbnail","6":"product_cat-visuelle-vogelabschreckungen","7":"product_cat-vogelschreck","9":"first","10":"instock","11":"taxable","12":"shipping-taxable","13":"purchasable","14":"product-type-simple"},"_links":{"self":[{"href":"https:\/\/birdbusters.eu\/de\/wp-json\/wp\/v2\/product\/4687","targetHints":{"allow":["GET"]}}],"collection":[{"href":"https:\/\/birdbusters.eu\/de\/wp-json\/wp\/v2\/product"}],"about":[{"href":"https:\/\/birdbusters.eu\/de\/wp-json\/wp\/v2\/types\/product"}],"wp:featuredmedia":[{"embeddable":true,"href":"https:\/\/birdbusters.eu\/de\/wp-json\/wp\/v2\/media\/4688"}],"wp:attachment":[{"href":"https:\/\/birdbusters.eu\/de\/wp-json\/wp\/v2\/media?parent=4687"}],"wp:term":[{"taxonomy":"product_brand","embeddable":true,"href":"https:\/\/birdbusters.eu\/de\/wp-json\/wp\/v2\/product_brand?post=4687"},{"taxonomy":"product_cat","embeddable":true,"href":"https:\/\/birdbusters.eu\/de\/wp-json\/wp\/v2\/product_cat?post=4687"},{"taxonomy":"product_tag","embeddable":true,"href":"https:\/\/birdbusters.eu\/de\/wp-json\/wp\/v2\/product_tag?post=4687"}],"curies":[{"name":"wp","href":"https:\/\/api.w.org\/{rel}","templated":true}]}}