{"id":4698,"date":"2015-10-09T12:13:23","date_gmt":"2015-10-09T10:13:23","guid":{"rendered":"https:\/\/birdbusters.eu\/product\/animal-and-bird-scarer-with-movement-sensors\/"},"modified":"2025-08-05T19:54:52","modified_gmt":"2025-08-05T17:54:52","slug":"scheuche-mit-solarbatterie-und-bewegungssensor","status":"publish","type":"product","link":"https:\/\/birdbusters.eu\/de\/produkt\/scheuche-mit-solarbatterie-und-bewegungssensor\/","title":{"rendered":"Akustisches Vogelabwehrsystem"},"content":{"rendered":"<h3><b>Vogelvergr\u00e4mung durch Ger\u00e4usche und Blitzlicht<\/b><\/h3>\n<p><iframe loading=\"lazy\" title=\"Animal and Bird Deterrent with Sound\" width=\"500\" height=\"375\" src=\"https:\/\/www.youtube.com\/embed\/9pZwSAzaT5Y?feature=oembed\" frameborder=\"0\" allow=\"accelerometer; autoplay; clipboard-write; encrypted-media; gyroscope; picture-in-picture; web-share\" referrerpolicy=\"strict-origin-when-cross-origin\" allowfullscreen><\/iframe><\/p>\n<p><span style=\"font-weight: 400;\">Ihr V\u00f6gelproblem kann durch die Verwendung von diesem Vogelabwehrsystem mit Bewegungsmelder gel\u00f6st werden. Das Ger\u00e4t st\u00f6rt V\u00f6gel mit einem von drei einstellbaren Ger\u00e4uschen: Raubvogelschreie, Hundegebell oder Schussger\u00e4usche.\u00a0<\/span><\/p>\n<p><span style=\"font-weight: 400;\">Der Vogelvertreiber ist auch mit einem Blitzlicht ausgestattet und verf\u00fcgt \u00fcber einen ON- und OFF-Modus. Wenn der Schalter im ON-Modus steht, macht das Ger\u00e4t tags\u00fcber L\u00e4rm und im Dunklen blinkt das LED-Licht. Im OFF-modus macht das Ger\u00e4t 24 Stunden L\u00e4rm und blinkt das Licht.\u00a0\u00a0<\/span><\/p>\n<p><span style=\"font-weight: 400;\">Der eingebaute Bewegungsmelder registriert V\u00f6gel und Tiere in einem Einsatzwinkel von 110\u00b0 und in einer Reichweite von circa 6-8 Meter. In diesem Moment setzt der Ton und das Blitzlicht ein und verjagt auf humane Art und Weise unterschiedliche V\u00f6gel und Tiere.\u00a0<\/span><\/p>\n<p><span style=\"font-weight: 400;\">Die Lautst\u00e4rke l\u00e4sst sich individuell einstellen: leise f\u00fcr ruhige Wohngegenden oder laut f\u00fcr den Einsatz im Garten.\u00a0<\/span><\/p>\n<p><span style=\"font-weight: 400;\">Die austauschbaren Akkus im Inneren des Ger\u00e4tes werden \u00fcber das Solarpanel aufgeladen. Bei ung\u00fcnstigen Witterungsbedingungen kann dieses Ger\u00e4t zur Vogelvergr\u00e4mung auch mit einem externen Netzteil aufgeladen werden (nicht im Lieferumfang enthalten).\u00a0<\/span><\/p>\n<p><span style=\"font-weight: 400;\">Das Abwehrsystem ist ideale Vogelvergr\u00e4mung f\u00fcr <\/span><b>Wohngebiete, G\u00e4rten, Bauernh\u00f6fe, Obstg\u00e4rten, Teichen, Balkone und M\u00fcllbeutel<\/b><span style=\"font-weight: 400;\">. Es kann sowohl innen als auch im Freien verwendet werden.\u00a0\u00a0\u00a0<\/span><\/p>\n<p><span style=\"font-weight: 400;\">Dieses Ger\u00e4t dient zur <\/span><a href=\"https:\/\/birdbusters.eu\/de\/Category\/akustische-vogelabwehr\/\"><span style=\"font-weight: 400;\">akustischen Vogelabwehr<\/span><\/a><span style=\"font-weight: 400;\"> von Kleinfl\u00e4chen. <\/span><span style=\"font-weight: 400;\">Indem Sie das Ger\u00e4t hin und wieder auf ein anderes Ger\u00e4usch umschalten, k\u00f6nnen Sie dem Gew\u00f6hnungseffekt vorbeugen.\u00a0<\/span><\/p>\n<h3><b>H\u00e4ufig gestellte Fragen<\/b><\/h3>\n<p><b><i>Welche Vogelarten kann dieses Ger\u00e4t zur Vogelvergr\u00e4mung vertreiben?\u00a0<\/i><\/b><\/p>\n<p><span style=\"font-weight: 400;\">Dieses Ger\u00e4t ist eine gro\u00dfartige Abschreckung f\u00fcr <\/span><span style=\"font-weight: 400;\">alle Arten von unerw\u00fcnschten V\u00f6geln und Tiere<\/span><span style=\"font-weight: 400;\">.\u00a0<\/span><\/p>\n<p><b><i>Werden sich die V\u00f6gel an dieses Vogelabwehrsystem gew\u00f6hnen?<\/i><\/b><\/p>\n<p><span style=\"font-weight: 400;\">Indem Sie das Ger\u00e4t hin und wieder auf ein anderes Ger\u00e4usch umschalten, k\u00f6nnen Sie dem Gew\u00f6hnungseffekt vorbeugen.\u00a0\u00a0<\/span><\/p>\n<p><b><i>Wie effektiv ist dieses Ger\u00e4t im Vergleich zu anderen Abwehrma\u00dfnahmen?\u00a0<\/i><\/b><\/p>\n<p><span style=\"font-weight: 400;\">Als Vogelabwehrmethode hat sich dieses Ger\u00e4t als sehr effektiv herausgestellt.\u00a0<\/span><\/p>\n<p><span style=\"font-weight: 400;\">Im Vergleich zu anderen Abwehrma\u00dfnahmen belastet die Verwendung von dem Ger\u00e4t die Umwelt in keiner Weise. Es l\u00e4sst sich \u00fcberall verwenden und verf\u00fcgt \u00fcber ein robustes Design f\u00fcr den Einsatz in anspruchsvollen Umgebungen und bei fast allen Wetterbedingungen.\u00a0<\/span><\/p>\n<p><span style=\"font-weight: 400;\">Au\u00dferdem ist das Ger\u00e4t f\u00fcr die V\u00f6gel v\u00f6llig unsch\u00e4dlich.<\/span><\/p>\n<p><b><i>Wie funktioniert dieses Vogelabwehrsystem?<\/i><\/b><\/p>\n<p><span style=\"font-weight: 400;\">Der eingebaute Bewegungsmelder registriert V\u00f6gel und Tiere in einem Einsatzwinkel von 110\u00b0 und in einer Reichweite von circa 6-8 Meter. In diesem Moment setzt der Ton und das Blitzlicht ein und verjagt auf humane Art und Weise unterschiedliche V\u00f6gel und Tiere.<\/span><\/p>\n<p><b><i>Wie bestelle ich?\u00a0<\/i><\/b><\/p>\n<p><span style=\"font-weight: 400;\">Legen Sie den Artikel in den Warenkorb. M\u00f6chten Sie die Anzahl ver\u00e4ndern oder einen Artikel l\u00f6schen, ist es nun m\u00f6glich dies zu tun. Ist der Inhalt des Warenkorbs f\u00fcr Sie in Ordnung, geben Sie alle geforderten Daten korrekt an und w\u00e4hlen Sie die Zahlungsmethode. Ist die Bestellung erfolgreich gewesen, erhalten Sie eine Best\u00e4tigung per E-Mail von uns.<\/span><\/p>\n<p><b><i>Wann bekomme ich meine R\u00fcckerstattung?\u00a0<\/i><\/b><\/p>\n<p><span style=\"font-weight: 400;\">Nach Eingang und Pr\u00fcfung der Sendung erfolgt die R\u00fcckerstattung des Kaufpreises einschlie\u00dflich der Lieferkosten innerhalb von 14 Tagen \u00fcber den bei der Bestellung gew\u00e4hlten Zahlungsweg.<\/span><\/p>\n<h3><b>\u00dcber Bird Busters<\/b><\/h3>\n<p><span style=\"font-weight: 400;\">Wenn Sie Probleme mit unerw\u00fcnschten V\u00f6geln haben, wenden Sie sich an die Experten von Bird Busters. Wir bieten eine Reihe von umweltfreundlichen Produkten an, die Ihre l\u00e4stigen Probleme l\u00f6sen und alle zufrieden stellen.\u00a0<\/span><\/p>\n<p><span style=\"font-weight: 400;\">Unsere Mission ist es, Menschen dabei zu helfen, Ihren Garten oder Balkon, Ihre Obstb\u00e4ume oder Pflanzen vor V\u00f6gel zu sch\u00fctzen. Machen Sie sich gem\u00fctlich und sammeln Sie neue Ideen!<\/span><\/p>\n<p>&nbsp;<\/p>\n","protected":false},"excerpt":{"rendered":"<p><span style=\"font-weight: 400;\">Dieses Ger\u00e4t mit Bewegungsmelder sorgt f\u00fcr die Vogelvergr\u00e4mung durch Ger\u00e4usche und Blitzlicht. Das Ger\u00e4t sendet verschiedene Ger\u00e4usche aus, und sobald die V\u00f6gel sie h\u00f6ren und das Licht sehen, schwirren sie sofort ab.\u00a0<\/span><\/p>\n<p><b>Ma\u00dfe: <\/b>13&#215;5,7x15cm (mit Erdspie\u00df: 13&#215;5,7&#215;38,7cm)<\/p>\n<p>&nbsp;<\/p>\n<p>&nbsp;<\/p>\n","protected":false},"featured_media":11455,"template":"","meta":{"_themeisle_gutenberg_block_has_review":false},"product_brand":[],"product_cat":[93,166,88],"product_tag":[],"class_list":{"0":"post-4698","1":"product","2":"type-product","3":"status-publish","4":"has-post-thumbnail","6":"product_cat-akustische-vogelabwehr","7":"product_cat-tiervertreiber","8":"product_cat-vogelschreck","10":"first","11":"instock","12":"taxable","13":"shipping-taxable","14":"purchasable","15":"product-type-simple"},"_links":{"self":[{"href":"https:\/\/birdbusters.eu\/de\/wp-json\/wp\/v2\/product\/4698","targetHints":{"allow":["GET"]}}],"collection":[{"href":"https:\/\/birdbusters.eu\/de\/wp-json\/wp\/v2\/product"}],"about":[{"href":"https:\/\/birdbusters.eu\/de\/wp-json\/wp\/v2\/types\/product"}],"wp:featuredmedia":[{"embeddable":true,"href":"https:\/\/birdbusters.eu\/de\/wp-json\/wp\/v2\/media\/11455"}],"wp:attachment":[{"href":"https:\/\/birdbusters.eu\/de\/wp-json\/wp\/v2\/media?parent=4698"}],"wp:term":[{"taxonomy":"product_brand","embeddable":true,"href":"https:\/\/birdbusters.eu\/de\/wp-json\/wp\/v2\/product_brand?post=4698"},{"taxonomy":"product_cat","embeddable":true,"href":"https:\/\/birdbusters.eu\/de\/wp-json\/wp\/v2\/product_cat?post=4698"},{"taxonomy":"product_tag","embeddable":true,"href":"https:\/\/birdbusters.eu\/de\/wp-json\/wp\/v2\/product_tag?post=4698"}],"curies":[{"name":"wp","href":"https:\/\/api.w.org\/{rel}","templated":true}]}}