{"id":4706,"date":"2015-10-09T10:40:02","date_gmt":"2015-10-09T08:40:02","guid":{"rendered":"https:\/\/birdbusters.eu\/product\/bird-scare-tape\/"},"modified":"2024-06-30T18:32:19","modified_gmt":"2024-06-30T16:32:19","slug":"vogel-abwehrband","status":"publish","type":"product","link":"https:\/\/birdbusters.eu\/de\/produkt\/vogel-abwehrband\/","title":{"rendered":"Reflektorband gegen V\u00f6gel 2x80m"},"content":{"rendered":"<h3><b>Reflektorband gegen V\u00f6gel<\/b><\/h3>\n<p><span style=\"font-weight: 400;\">Lichtreflexionen sind irritierend f\u00fcr die V\u00f6gel. Zu diesem Zweck bietet sich das Reflektorband gegen V\u00f6gel an, welches die Sonnenstrahlen reflektiert. Schneiden Sie einfach Streifen von dem Band ab, bringen Sie sie oberhalb der vor V\u00f6geln zu sch\u00fctzenden Fl\u00e4chen oder Gegenst\u00e4nde an und die V\u00f6gel werden abgehalten, sich am unerw\u00fcnschte Ort niederzulassen.\u00a0<\/span><\/p>\n<p><span style=\"font-weight: 400;\">Wichtig dabei ist, dass die Streifen in der Sonne h\u00e4ngen und frei flattern. Bei der Bewegung erzeugt das Sonnenlicht reflektierende Material wechselnde Lichtblitze, die die V\u00f6gel verwirren und orientierungslos sein lassen. Zudem machen die Streifen bereits bei einer kleinen Brise ein leichtes Ger\u00e4usch, dadurch sich die V\u00f6gel auch gest\u00f6rt f\u00fchlen und verscheucht werden.\u00a0<\/span><\/p>\n<p><span style=\"font-weight: 400;\">Meisten Vogelarten lassen sich von dem Reflektorband beeindrucken. <\/span><span style=\"font-weight: 400;\">Es bietet bei Amseln, Schwalben, Kr\u00e4hen, Spechte, Tauben, Spatzen und andere V\u00f6gel eine gute Vogelabwehr.<\/span><span style=\"font-weight: 400;\">\u00a0<\/span><\/p>\n<p><span style=\"font-weight: 400;\">Das Reflektorband gegen V\u00f6gel geh\u00f6rt zu den optischen Abwehrmitteln. Es l\u00e4sst sich leicht an B\u00e4umen, Str\u00e4uchern oder Z\u00e4unen anbinden. Um eine optimale Wirkung zu erreichen, m\u00fcssen die Streifen in der Sonne angebracht werden. Bei Wind ert\u00f6nt ein summender Ton, der die V\u00f6gel verscheucht.\u00a0\u00a0<\/span><\/p>\n<p><b>Einsatzbereiche: <\/b><span style=\"font-weight: 400;\">Das Reflektorband ist f\u00fcr unterschiedliche Einsatzgebiete wie z.B. Balkonen, Terrassen, Yachten, D\u00e4cher, Booten, G\u00e4rten und M\u00fclldeponien geeignet und bewirkt einen dauerhaften und umweltfreundlichen Schutz.\u00a0<\/span><\/p>\n<h3><b>H\u00e4ufig gestellte Fragen<\/b><\/h3>\n<p><b><i>Wirkt das Reflektorband bei allen V\u00f6geln?\u00a0<\/i><\/b><\/p>\n<p><span style=\"font-weight: 400;\">Dieses Band bietet bei Amseln, Kr\u00e4hen, Spechten, Schwalben und Tauben eine gute Vogelabwehr.<\/span><span style=\"font-weight: 400;\">\u00a0\u00a0<\/span><\/p>\n<p><b><i>Werden sich die V\u00f6gel an dem Reflektorband gew\u00f6hnen?<\/i><\/b><\/p>\n<p><span style=\"font-weight: 400;\">Da das Band wechselnde Lichtblitze erzeugt, die die V\u00f6gel verwirren, k\u00f6nnen sie sich nur sehr schwer daran gew\u00f6hnen. Einige leichte Gew\u00f6hnungseffekte k\u00f6nnen sich jedoch unter bestimmten Bedingungen einstellen. Es ist empfehlenswert das Band in Kombination mit anderen optischen Abwehrmittel wie z.B. <\/span><a href=\"https:\/\/birdbusters.eu\/de\/produkt\/weise-kugelformige-vogelscheuche\/\"><span style=\"font-weight: 400;\">vogelschreck Ballonen<\/span><\/a><span style=\"font-weight: 400;\"> zu verwenden.\u00a0<\/span><\/p>\n<p><b><i>Wie effektiv ist das Reflektorband gegen V\u00f6gel im Vergleich zu anderen Abwehrma\u00dfnahmen?\u00a0<\/i><\/b><\/p>\n<p><span style=\"font-weight: 400;\">Das Reflektorband hat die Aufgabe den V\u00f6gel durch den wechselnden Lichtblitzen zu vergr\u00e4men. Als optische Vogelabwehrmethode hat das Band sich als sehr effektiv herausgestellt.\u00a0<\/span><\/p>\n<p><span style=\"font-weight: 400;\">Im Vergleich zu anderen Abwehrma\u00dfnahmen, belastet der Einsatz von dem Reflektorband die Umwelt in keiner Weise. Es ben\u00f6tigt keine Energie, macht keinen L\u00e4rm und l\u00e4sst sich \u00fcberall einsetzen. Es ist robust, langlebig und korrosionsbest\u00e4ndig, so dass es auch bei Wind und Regen lange verwendet werden kann.\u00a0<\/span><\/p>\n<p><span style=\"font-weight: 400;\">Au\u00dferdem ist das Band f\u00fcr die V\u00f6gel v\u00f6llig unsch\u00e4dlich.<\/span><\/p>\n<p><b><i>Wie bestelle ich?\u00a0<\/i><\/b><\/p>\n<p><span style=\"font-weight: 400;\">Legen Sie den Artikel in den Warenkorb. M\u00f6chten Sie die Anzahl ver\u00e4ndern oder einen Artikel L\u00f6schen, ist es nun m\u00f6glich dies zu tun. Ist der Inhalt des Warenkorbs f\u00fcr Sie in Ordnung, geben Sie alle geforderten Daten korrekt an und w\u00e4hlen Sie die Zahlungsmethode. Ist die Bestellung erfolgreich gewesen, erhalten Sie eine Best\u00e4tigung per E-Mail von uns.<\/span><\/p>\n<p><b><i>Kann ich meine Bestellung retournieren?\u00a0<\/i><\/b><\/p>\n<p><span style=\"font-weight: 400;\">Wenn Sie nicht mit dem Kauf zufrieden sind, haben Sie 14 Tage Zeit, um die bestellte Waren an uns zur\u00fcckzuschicken und wir erstatten den vollst\u00e4ndigen Kaufpreis.\u00a0<\/span><\/p>\n<p><b><i>Wann bekomme ich meine R\u00fcckerstattung?\u00a0<\/i><\/b><\/p>\n<p><span style=\"font-weight: 400;\">Nach Eingang und Pr\u00fcfung der Sendung erfolgt die R\u00fcckerstattung des Kaufpreises einschlie\u00dflich der Lieferkosten innerhalb von 14 Tagen \u00fcber den bei der Bestellung gew\u00e4hlten Zahlungsweg.<\/span><\/p>\n<p><b><i>Welche Zahlungsarten kann ich verwenden?\u00a0<\/i><\/b><\/p>\n<p><span style=\"font-weight: 400;\">F\u00fcr Ihre Online-Bestellungen k\u00f6nnen Sie entweder die Kreditkarte oder PayPal verwenden. Ihre gew\u00fcnschte Zahlungsart k\u00f6nnen Sie beim Bestellabschluss w\u00e4hlen.<\/span><\/p>\n<p><b>\u00dcber Birdbusters<\/b><\/p>\n<p><span style=\"font-weight: 400;\">Wenn Sie Probleme mit unerw\u00fcnschte V\u00f6gel haben, wenden Sie sich an die Experten von Bird Busters. Wir bieten eine Reihe von umweltfreundlichen Produkten an, die Ihre L\u00e4stigen Probleme l\u00f6sen und alle zufrieden stellen.\u00a0<\/span><\/p>\n<p><span style=\"font-weight: 400;\">Unsere Mission ist es, Menschen dabei zu helfen, Ihren Garten oder Balkon, Ihre Obstb\u00e4ume oder Pflanzen vor V\u00f6gel zu sch\u00fctzen. Machen Sie sich gem\u00fctlich und sammeln Sie neue Ideen!<\/span><\/p>\n<p>&nbsp;<\/p>\n","protected":false},"excerpt":{"rendered":"<p><span style=\"font-weight: 400;\">Die Verwendung von dem Reflektorband gegen V\u00f6gel kann effektiv verhindern, dass Spatzen, Tauben, Spechte und Kr\u00e4hen Ihre Fr\u00fcchte, B\u00e4ume, Pflanzen und G\u00e4rten zerst\u00f6ren und sch\u00e4digen. Dieses Abwehrmittel ist besonders effektiv f\u00fcr den Einsatz in Obstg\u00e4rten, auf Balkonen und Terrassen, an Teichen und auf Booten.\u00a0<\/span><\/p>\n<p><b>L\u00e4nge: <\/b><span style=\"font-weight: 400;\">80 m<\/span><\/p>\n<p>https:\/\/youtu.be\/vgGuoy3mG2I<\/p>\n<p>&nbsp;<\/p>\n","protected":false},"featured_media":4711,"template":"","meta":{"_themeisle_gutenberg_block_has_review":false},"product_brand":[],"product_cat":[89,88],"product_tag":[],"class_list":{"0":"post-4706","1":"product","2":"type-product","3":"status-publish","4":"has-post-thumbnail","6":"product_cat-visuelle-vogelabschreckungen","7":"product_cat-vogelschreck","9":"first","10":"instock","11":"taxable","12":"shipping-taxable","13":"purchasable","14":"product-type-simple"},"_links":{"self":[{"href":"https:\/\/birdbusters.eu\/de\/wp-json\/wp\/v2\/product\/4706","targetHints":{"allow":["GET"]}}],"collection":[{"href":"https:\/\/birdbusters.eu\/de\/wp-json\/wp\/v2\/product"}],"about":[{"href":"https:\/\/birdbusters.eu\/de\/wp-json\/wp\/v2\/types\/product"}],"wp:featuredmedia":[{"embeddable":true,"href":"https:\/\/birdbusters.eu\/de\/wp-json\/wp\/v2\/media\/4711"}],"wp:attachment":[{"href":"https:\/\/birdbusters.eu\/de\/wp-json\/wp\/v2\/media?parent=4706"}],"wp:term":[{"taxonomy":"product_brand","embeddable":true,"href":"https:\/\/birdbusters.eu\/de\/wp-json\/wp\/v2\/product_brand?post=4706"},{"taxonomy":"product_cat","embeddable":true,"href":"https:\/\/birdbusters.eu\/de\/wp-json\/wp\/v2\/product_cat?post=4706"},{"taxonomy":"product_tag","embeddable":true,"href":"https:\/\/birdbusters.eu\/de\/wp-json\/wp\/v2\/product_tag?post=4706"}],"curies":[{"name":"wp","href":"https:\/\/api.w.org\/{rel}","templated":true}]}}