{"id":4715,"date":"2015-10-08T12:59:12","date_gmt":"2015-10-08T10:59:12","guid":{"rendered":"https:\/\/birdbusters.eu\/product\/owl-to-repellent-birds\/"},"modified":"2025-01-21T17:36:39","modified_gmt":"2025-01-21T16:36:39","slug":"grosse-eulenfoermige-vogelabschreckung","status":"publish","type":"product","link":"https:\/\/birdbusters.eu\/de\/produkt\/grosse-eulenfoermige-vogelabschreckung\/","title":{"rendered":"Eulenattrappe"},"content":{"rendered":"<h3><b>Eulenattrappe zur Vogelabwehr<\/b><\/h3>\n<p><span style=\"font-weight: 400;\">F\u00fcr kleinere V\u00f6gel und kleine Nagetiere sieht diese Eulenattrappe aus wie ein echter Beutegreifer. Sie werden sich erschrecken und versuchen zu fliehen. Durch die Gestaltung ist die Attrappe aber auch ein tolles Deko-objekt im Garten oder auf dem Balkon.\u00a0<\/span><\/p>\n<p><span style=\"font-weight: 400;\">Die Platzierung einer perfekt reproduzierten Eulenfigur liefert meist gute Ergebnisse. Eulen werden von anderen Vogelarten gut erkannt. Sie jagen oft andere V\u00f6gel und ihre r\u00e4uberische Natur wird von anderen V\u00f6geln wahrgenommen. Deshalb verursacht die Anwesenheit der Attrappe ein hohes Unbehagen.\u00a0<\/span><\/p>\n<p><span style=\"font-weight: 400;\">Die Eulenattrappe kann an <\/span><b>Orten wie Balkonen, Terrassen, G\u00e4rten und D\u00e4chern<\/b><span style=\"font-weight: 400;\"> eingesetzt werden. Bei der Aufstellung sollte immer eine Position gew\u00e4hlt werden, von der aus die Attrappe f\u00fcr die V\u00f6gel gut sichtbar ist.\u00a0<\/span><\/p>\n<p><span style=\"font-weight: 400;\">Da sie im Wind stetig die Fl\u00fcgel schwingt, wirkt die Attrappe naturgetreu und suggeriert anderen V\u00f6geln, dass die Eule aktiv jagt. Sie f\u00fchlen sich unwohl, was schlie\u00dflich dazu f\u00fchrt, dass sie einen anderen Lebensraum w\u00e4hlen.\u00a0<\/span><\/p>\n<p><span style=\"font-weight: 400;\">Die Attrappe, die auf einer Stange (nicht im Lieferumfang enthalten) montiert wird, dient zur <\/span><a href=\"https:\/\/birdbusters.eu\/de\/Category\/visuelle-vogelabschreckungen\/\"><span style=\"font-weight: 400;\">optischen Vogelabwehr<\/span><\/a><span style=\"font-weight: 400;\"> von Kleinfl\u00e4chen rund um die Eule. <\/span><span style=\"font-weight: 400;\">Eine Gew\u00f6hnung der V\u00f6gel an die Attrappe kann dennoch nicht ausgeschlossen werden.\u00a0<\/span><\/p>\n<p><span style=\"font-weight: 400;\">Um den Gew\u00f6hnungseffekt auszuschlie\u00dfen, sollte die Position der Attrappe von Zeit zu Zeit variiert werden.\u00a0<\/span><\/p>\n<h3><b>H\u00e4ufig gestellte Fragen<\/b><\/h3>\n<p><b><i>Welche Vogelarten vertreibt diese Attrappe?\u00a0<\/i><\/b><\/p>\n<p><span style=\"font-weight: 400;\">Die Eulenattrappe ist eine gro\u00dfartige Vogelabschreckung f\u00fcr V\u00f6gel aller Art, Kleintiere und Nagetiere. Seine<\/span><span style=\"font-weight: 400;\"> Gr\u00f6<\/span><span style=\"font-weight: 400;\">\u00dfe <\/span><span style=\"font-weight: 400;\">sowie seine Bewegung in der Luft, lassen die Attrappe f\u00fcr viele V\u00f6gel sehr gef\u00e4hrlich erscheinen.\u00a0<\/span><\/p>\n<p><b><i>Wirkt die Attrappe auch bei Windstille?\u00a0<\/i><\/b><\/p>\n<p><span style=\"font-weight: 400;\">Die Eulenattrappe wird auf einer Stange montiert und suggeriert anderen V\u00f6geln auch bei Windstille, dass die Eule aktiv jagt. Eulen werden von anderen Vogelarten gut erkannt. Sie jagen oft andere V\u00f6gel und ihre r\u00e4uberische Natur wird von anderen V\u00f6geln wahrgenommen. Deshalb verursacht die Anwesenheit der Attrappe ein hohes Unbehagen.\u00a0<\/span><\/p>\n<p><b><i>Werden sich die V\u00f6gel an die Attrappe gew\u00f6hnen?<\/i><\/b><\/p>\n<p><span style=\"font-weight: 400;\">Die Intelligenz der V\u00f6gel sollte auf keinen Fall untersch\u00e4tzt werden. Sie gew\u00f6hnen sich an Attrappen und lernen mit der Zeit, dass diese keine Gefahr darstellen. Um einem Gew\u00f6hnungseffekt entgegenzuwirken, ist es empfehlenswert, den Aufstellort regelm\u00e4\u00dfig zu wechseln.\u00a0<\/span><\/p>\n<p><span style=\"font-weight: 400;\">Die Verhinderung der Gew\u00f6hnung bei V\u00f6geln ist bei der Verwendung jeder Art von optischen Vogelscheuchen von entscheidender Bedeutung.\u00a0<\/span><\/p>\n<p><b><i>Welche Anwendungsbereiche gibt es f\u00fcr die Eulenattrappe?\u00a0<\/i><\/b><\/p>\n<p><span style=\"font-weight: 400;\">Die Eulenattrappe eignet sich vorwiegend dort, wo V\u00f6gel sich noch nicht angesiedelt haben und auch nicht direkt durch Futter angelockt werden. Pr\u00e4ventiv eingesetzt, ist die Attrappe eine M\u00f6glichkeit, V\u00f6gel langfristig fernzuhalten.\u00a0<\/span><\/p>\n<p><span style=\"font-weight: 400;\">Typische Anwendungsbereiche sind Balkone, Terrassen, D\u00e4cher und G\u00e4rten.\u00a0<\/span><\/p>\n<p><b><i>Wie effektiv ist die Attrappe im Vergleich zu anderen Abwehrma\u00dfnahmen?\u00a0<\/i><\/b><\/p>\n<p><span style=\"font-weight: 400;\">Die Attrappe hat die Aufgabe den V\u00f6gel durch ihres erschreckende Aussehen und die st\u00e4ndige Bewegung vergr\u00e4men. Als optische Vogelabwehrmethode hat die Attrappe sich als sehr effektiv herausgestellt.\u00a0<\/span><\/p>\n<p><span style=\"font-weight: 400;\">Im Vergleich zu anderen Abwehrma\u00dfnahmen, belastet der Einsatz von der Attrappe die Umwelt in keiner Weise. Sie ben\u00f6tigt keine Energie, macht keinen L\u00e4rm und l\u00e4sst sich \u00fcberall einsetzen. Au\u00dferdem ist die Attrappe f\u00fcr die V\u00f6gel v\u00f6llig unsch\u00e4dlich.<\/span><\/p>\n<p><b><i>Wie bestelle ich?\u00a0<\/i><\/b><\/p>\n<p><span style=\"font-weight: 400;\">Legen Sie den Artikel in den Warenkorb. M\u00f6chten Sie die Anzahl ver\u00e4ndern oder einen Artikel L\u00f6schen, ist es nun m\u00f6glich dies zu tun. Ist der Inhalt des Warenkorbs f\u00fcr Sie in Ordnung, geben Sie alle geforderten Daten korrekt an und w\u00e4hlen Sie die Zahlungsmethode. Ist die Bestellung erfolgreich gewesen, erhalten Sie eine Best\u00e4tigung per E-Mail von uns.<\/span><\/p>\n<h3><b>\u00dcber Birdbusters<\/b><\/h3>\n<p><span style=\"font-weight: 400;\">Wenn Sie Probleme mit unerw\u00fcnschten V\u00f6geln haben, wenden Sie sich an die Experten von Bird Busters. Wir bieten eine Reihe von umweltfreundlichen Produkten an, die Ihre l\u00e4stigen Probleme l\u00f6sen und alle zufrieden stellen.\u00a0<\/span><\/p>\n<p><span style=\"font-weight: 400;\">Unsere Mission ist es, Menschen dabei zu helfen, Ihren Garten oder Balkon, Ihre Obstb\u00e4ume oder Pflanzen vor V\u00f6gel zu sch\u00fctzen. Machen Sie sich gem\u00fctlich und sammeln Sie neue Ideen!<\/span><\/p>\n","protected":false},"excerpt":{"rendered":"<p><span style=\"font-weight: 400;\">Die Eulenattrappe ist geeignet, um alle Arten von unerw\u00fcnschten V\u00f6geln von Ihrem Garten oder Balkon fernzuhalten. Die lebensgro\u00dfe, naturgetreue Attrappe mit 1,00 m Spannweite ist \u00fcberall montierbar und verf\u00fcgt \u00fcber eine mehrfarbige Bemalung.\u00a0<\/span><\/p>\n<p>&nbsp;<\/p>\n","protected":false},"featured_media":4716,"template":"","meta":{"_themeisle_gutenberg_block_has_review":false},"product_brand":[],"product_cat":[89,88],"product_tag":[],"class_list":{"0":"post-4715","1":"product","2":"type-product","3":"status-publish","4":"has-post-thumbnail","6":"product_cat-visuelle-vogelabschreckungen","7":"product_cat-vogelschreck","9":"first","10":"instock","11":"taxable","12":"shipping-taxable","13":"purchasable","14":"product-type-simple"},"_links":{"self":[{"href":"https:\/\/birdbusters.eu\/de\/wp-json\/wp\/v2\/product\/4715","targetHints":{"allow":["GET"]}}],"collection":[{"href":"https:\/\/birdbusters.eu\/de\/wp-json\/wp\/v2\/product"}],"about":[{"href":"https:\/\/birdbusters.eu\/de\/wp-json\/wp\/v2\/types\/product"}],"wp:featuredmedia":[{"embeddable":true,"href":"https:\/\/birdbusters.eu\/de\/wp-json\/wp\/v2\/media\/4716"}],"wp:attachment":[{"href":"https:\/\/birdbusters.eu\/de\/wp-json\/wp\/v2\/media?parent=4715"}],"wp:term":[{"taxonomy":"product_brand","embeddable":true,"href":"https:\/\/birdbusters.eu\/de\/wp-json\/wp\/v2\/product_brand?post=4715"},{"taxonomy":"product_cat","embeddable":true,"href":"https:\/\/birdbusters.eu\/de\/wp-json\/wp\/v2\/product_cat?post=4715"},{"taxonomy":"product_tag","embeddable":true,"href":"https:\/\/birdbusters.eu\/de\/wp-json\/wp\/v2\/product_tag?post=4715"}],"curies":[{"name":"wp","href":"https:\/\/api.w.org\/{rel}","templated":true}]}}