{"id":4721,"date":"2015-10-08T11:52:46","date_gmt":"2015-10-08T09:52:46","guid":{"rendered":"https:\/\/birdbusters.eu\/product\/anti-bird-flashing-light\/"},"modified":"2025-05-28T17:00:09","modified_gmt":"2025-05-28T15:00:09","slug":"blinklicht","status":"publish","type":"product","link":"https:\/\/birdbusters.eu\/de\/produkt\/blinklicht\/","title":{"rendered":"Blitzlicht"},"content":{"rendered":"<h3>Blitzlicht zur Vogelabwehr<\/h3>\n<p><iframe loading=\"lazy\" title=\"Birdbusters bird scarer flashing light\" width=\"500\" height=\"281\" src=\"https:\/\/www.youtube.com\/embed\/aN7y-13-ixM?feature=oembed\" frameborder=\"0\" allow=\"accelerometer; autoplay; clipboard-write; encrypted-media; gyroscope; picture-in-picture; web-share\" referrerpolicy=\"strict-origin-when-cross-origin\" allowfullscreen><\/iframe><\/p>\n<p><span style=\"font-weight: 400;\">Licht ist f\u00fcr nachtaktive Tiere und V\u00f6gel irritierend. Zu diesem Zweck bietet sich das Blitzlicht gegen V\u00f6gel an, welches alle paar Sekunden Licht ausstrahlt. Das Blinklicht funktioniert vollautomatisch: Es wird im Dunkeln aktiviert und bei Sonnenaufgang deaktiviert.\u00a0<\/span><\/p>\n<p><span style=\"font-weight: 400;\">F\u00fcr beste Ergebnisse sollte das Licht in Augenh\u00f6he der Tiere installiert werden. <\/span><span style=\"font-weight: 400;\">Nachtaktive Raubtiere wie F\u00fcchsen, Dachsen und Mardern lassen sich von dem Blinklicht beeindrucken. <\/span><span style=\"font-weight: 400;\">Es ist auch gut gegen Rehe und Wildschweine einsetzbar.<\/span><span style=\"font-weight: 400;\">\u00a0<\/span><\/p>\n<p><span style=\"font-weight: 400;\">Das Blitzlicht geh\u00f6rt zur <\/span><a href=\"https:\/\/birdbusters.eu\/de\/Category\/visuelle-vogelabschreckungen\/\"><span style=\"font-weight: 400;\">optischen Vogelabwehr<\/span><\/a><span style=\"font-weight: 400;\"> von Kleinfl\u00e4chen rund um die Lichtquelle. Es l\u00e4sst sich einfach installieren, aber<\/span><span style=\"font-weight: 400;\"> bei der Aufstellung sollte immer eine Position gew\u00e4hlt werden, von der aus die Attrappe gut sichtbar f\u00fcr die V\u00f6gel ist.\u00a0<\/span><\/p>\n<p><span style=\"font-weight: 400;\">Eine Gew\u00f6hnung der Tiere an das Blinklicht kann dennoch nicht ausgeschlossen werden. <\/span><span style=\"font-weight: 400;\">Um den Gew\u00f6hnungseffekt auszuschlie\u00dfen, sollte die Position der Lichtquelle von Zeit zu Zeit variiert werden.\u00a0\u00a0<\/span><\/p>\n<p><span style=\"font-weight: 400;\">Die Akkus werden mittels eines Solarpanels aufgeladen, sofern das Ger\u00e4t ins Licht gestellt wird.\u00a0\u00a0<\/span><\/p>\n<p><b>Einsatzbereiche: <\/b><span style=\"font-weight: 400;\">Das Blitzlicht ist f\u00fcr unterschiedliche Einsatzgebiete wie z.B. Balkonen, Terrassen, Yachten, Booten, G\u00e4rten und Teichen geeignet. Es bewirkt einen dauerhaften und umweltfreundlichen Schutz.\u00a0<\/span><\/p>\n<h3><b>H\u00e4ufig gestellte Fragen<\/b><\/h3>\n<p><b><i>Welche Vogelarten kann das Blitzlicht vertreiben?\u00a0<\/i><\/b><\/p>\n<p><span style=\"font-weight: 400;\">Das Blitzlicht ist vor allem bei <\/span><span style=\"font-weight: 400;\">nachtaktiven Raubtieren wie F\u00fcchsen, Dachsen und Mardern wirksam. <\/span><span style=\"font-weight: 400;\">Es ist auch gut gegen Rehe und Wildschweine einsetzbar.<\/span><span style=\"font-weight: 400;\">\u00a0<\/span><\/p>\n<p><b><i>Wie funktioniert das Blinklicht?<\/i><\/b><\/p>\n<p><span style=\"font-weight: 400;\">Das Blinklicht funktioniert vollautomatisch. Es strahlt alle paar Sekunden Licht aus, das f\u00fcr nachtaktive Tiere und V\u00f6gel irritierend ist. Das Ger\u00e4t wird im Dunkeln aktiviert und bei Sonnenaufgang deaktiviert.\u00a0<\/span><\/p>\n<p><b><i>Ist das Blitzlicht wirksam?\u00a0<\/i><\/b><\/p>\n<p><span style=\"font-weight: 400;\">Ja, ohne Zweifel! Das Blinklicht ist f\u00fcr nachtaktive Tiere und V\u00f6gel irritierend\u00a0 und bringt sie dazu, den Bereich zu verlassen.\u00a0<\/span><\/p>\n<p><b><i>K\u00f6nnen sich die V\u00f6gel an Blitzlicht gew\u00f6hnen?\u00a0<\/i><\/b><\/p>\n<p><span style=\"font-weight: 400;\">Das Blitzlicht geh\u00f6rt zur <\/span><a href=\"https:\/\/birdbusters.eu\/de\/Category\/visuelle-vogelabschreckungen\/\"><span style=\"font-weight: 400;\">optischen Vogelabwehr<\/span><\/a><span style=\"font-weight: 400;\"> von Kleinfl\u00e4chen rund um die Lichtquelle. <\/span><span style=\"font-weight: 400;\">Eine Gew\u00f6hnung der Tiere an das Blitzlicht kann dennoch nicht ausgeschlossen werden.\u00a0<\/span><\/p>\n<p><span style=\"font-weight: 400;\">Es ist empfehlenswert auch das Ger\u00e4t regelm\u00e4\u00dfig zu bewegen, damit sich die Quelle des Lichts \u00e4ndert.\u00a0<\/span><\/p>\n<p><b><i>Wie kann ich V\u00f6gel vertreiben?\u00a0<\/i><\/b><\/p>\n<p><span style=\"font-weight: 400;\">Wenn Sie ein Problem mit den V\u00f6geln haben, gibt es viele M\u00f6glichkeiten, um sie zu vertreiben.\u00a0<\/span><\/p>\n<p><span style=\"font-weight: 400;\">Neben den <\/span><a href=\"https:\/\/birdbusters.eu\/de\/Category\/visuelle-vogelabschreckungen\/\"><span style=\"font-weight: 400;\">optischen Abwehrmittel<\/span><\/a><span style=\"font-weight: 400;\"> sind <\/span><a href=\"https:\/\/birdbusters.eu\/de\/Category\/akustische-vogelabwehr\/\"><span style=\"font-weight: 400;\">akustische Abwehrmittel<\/span><\/a><span style=\"font-weight: 400;\"> wirksame Alternativen. Eine weitere Option ist eine <\/span><a href=\"https:\/\/birdbusters.eu\/de\/produkt\/automated-laser-bird-repellent-2\/\"><span style=\"font-weight: 400;\">Vogelabwehr Laser<\/span><\/a><span style=\"font-weight: 400;\">, ein Ger\u00e4t, das V\u00f6gel mittels Laserstrahl verjagt.\u00a0<\/span><\/p>\n<p><b><i>Wie effektiv ist das Blitzlicht im Vergleich zu anderen Abwehrma\u00dfnahmen?\u00a0<\/i><\/b><\/p>\n<p><span style=\"font-weight: 400;\">Das Blitzlicht hat die Aufgabe, die V\u00f6gel durch Lichtblitzen zu vergr\u00e4men. Als optische Vogelabwehrmethode hat das Ger\u00e4t sich als sehr effektiv herausgestellt.\u00a0<\/span><\/p>\n<p><span style=\"font-weight: 400;\">Der Einsatz von Blinklicht belastet die Umwelt in keiner Weise. Es ben\u00f6tigt keine Energie, macht keinen L\u00e4rm und l\u00e4sst sich \u00fcberall einsetzen.\u00a0<\/span><\/p>\n<p><span style=\"font-weight: 400;\">Au\u00dferdem ist das Blitzlicht f\u00fcr die V\u00f6gel v\u00f6llig unsch\u00e4dlich.<\/span><\/p>\n<p><b><i>Wie bestelle ich?\u00a0<\/i><\/b><\/p>\n<p><span style=\"font-weight: 400;\">Legen Sie den Artikel in den Warenkorb. M\u00f6chten Sie die Anzahl ver\u00e4ndern oder einen Artikel l\u00f6schen, ist es nun m\u00f6glich dies zu tun. Ist der Inhalt des Warenkorbs f\u00fcr Sie in Ordnung, geben Sie alle geforderten Daten korrekt an und w\u00e4hlen Sie die Zahlungsmethode. Ist die Bestellung erfolgreich gewesen, erhalten Sie eine Best\u00e4tigung per E-Mail von uns.<\/span><\/p>\n<p><b><i>Welche Zahlungsarten kann ich verwenden?\u00a0<\/i><\/b><\/p>\n<p><span style=\"font-weight: 400;\">F\u00fcr Ihre Online-Bestellungen k\u00f6nnen Sie entweder die Kreditkarte oder PayPal verwenden. Ihre gew\u00fcnschte Zahlungsart k\u00f6nnen Sie beim Bestellabschluss w\u00e4hlen.<\/span><\/p>\n<h3><b>\u00dcber Bird Busters<\/b><\/h3>\n<p><span style=\"font-weight: 400;\">Wenn Sie Probleme mit unerw\u00fcnschten V\u00f6geln haben, wenden Sie sich an die Experten von Bird Busters. Wir bieten eine Reihe von umweltfreundlichen Produkten an, die Ihre l\u00e4stigen Probleme l\u00f6sen und alle zufrieden stellen.\u00a0<\/span><\/p>\n<p><span style=\"font-weight: 400;\">Unsere Mission ist es, Menschen dabei zu helfen, Ihren Garten oder Balkon, Ihre Obstb\u00e4ume oder Pflanzen vor V\u00f6gel zu sch\u00fctzen. Machen Sie sich gem\u00fctlich und sammeln Sie neue Ideen!<\/span><\/p>\n","protected":false},"excerpt":{"rendered":"<p><span style=\"font-weight: 400;\">Die Verwendung von Blitzlicht kann effektiv verhindern, dass nachtaktive Tiere und V\u00f6gel Ihre Fr\u00fcchte, B\u00e4ume, Pflanzen und G\u00e4rten zerst\u00f6ren und besch\u00e4digen. Dieses Abwehrmittel ist besonders effektiv f\u00fcr den Einsatz in Obstg\u00e4rten, auf Balkonen und Terrassen, an Teichen und auf Booten.\u00a0<\/span><\/p>\n<p>&nbsp;<\/p>\n","protected":false},"featured_media":4722,"template":"","meta":{"_themeisle_gutenberg_block_has_review":false},"product_brand":[],"product_cat":[166,89,88],"product_tag":[],"class_list":{"0":"post-4721","1":"product","2":"type-product","3":"status-publish","4":"has-post-thumbnail","6":"product_cat-tiervertreiber","7":"product_cat-visuelle-vogelabschreckungen","8":"product_cat-vogelschreck","10":"first","11":"instock","12":"taxable","13":"shipping-taxable","14":"purchasable","15":"product-type-simple"},"_links":{"self":[{"href":"https:\/\/birdbusters.eu\/de\/wp-json\/wp\/v2\/product\/4721","targetHints":{"allow":["GET"]}}],"collection":[{"href":"https:\/\/birdbusters.eu\/de\/wp-json\/wp\/v2\/product"}],"about":[{"href":"https:\/\/birdbusters.eu\/de\/wp-json\/wp\/v2\/types\/product"}],"wp:featuredmedia":[{"embeddable":true,"href":"https:\/\/birdbusters.eu\/de\/wp-json\/wp\/v2\/media\/4722"}],"wp:attachment":[{"href":"https:\/\/birdbusters.eu\/de\/wp-json\/wp\/v2\/media?parent=4721"}],"wp:term":[{"taxonomy":"product_brand","embeddable":true,"href":"https:\/\/birdbusters.eu\/de\/wp-json\/wp\/v2\/product_brand?post=4721"},{"taxonomy":"product_cat","embeddable":true,"href":"https:\/\/birdbusters.eu\/de\/wp-json\/wp\/v2\/product_cat?post=4721"},{"taxonomy":"product_tag","embeddable":true,"href":"https:\/\/birdbusters.eu\/de\/wp-json\/wp\/v2\/product_tag?post=4721"}],"curies":[{"name":"wp","href":"https:\/\/api.w.org\/{rel}","templated":true}]}}