{"id":4728,"date":"2015-10-08T11:59:23","date_gmt":"2015-10-08T09:59:23","guid":{"rendered":"https:\/\/birdbusters.eu\/product\/crow-deterrent-figure\/"},"modified":"2023-04-10T07:01:51","modified_gmt":"2023-04-10T05:01:51","slug":"kraehenfoermiger-vogelschutz","status":"publish","type":"product","link":"https:\/\/birdbusters.eu\/de\/produkt\/kraehenfoermiger-vogelschutz\/","title":{"rendered":"Kr\u00e4henattrappe"},"content":{"rendered":"<h3><b>Kr\u00e4henattrappe zur Vogelabwehr<\/b><\/h3>\n<p><span style=\"font-weight: 400;\">Mit der Kr\u00e4henattrappe machen Sie sich das nat\u00fcrliche Verhalten der V\u00f6gel zu Nutze. Die Tauben und Spatzen nehmen Kr\u00e4hen als Feinde wahr, und die Attrappe ist in ihrer Form, ihrer Gr\u00f6\u00dfe und ihrem Gefieder einer echten Kr\u00e4he nachempfunden. Die unliebsamen G\u00e4ste halten sich fern, wenn Sie die Kr\u00e4henattrappe aufrecht setzen.<\/span><\/p>\n<p><span style=\"font-weight: 400;\">Wenn Sie aber die Kr\u00e4henattrappe kopf\u00fcber aufh\u00e4ngen, dient die Figur einem anderen Zweck: Das Sehen eines toten Artgenossen erschreckt Rabenvogel wie Kr\u00e4hen, Dohlen und Elstern. Fr\u00fcher wurde um die Kr\u00e4hen von einem bestimmten Bereich fernzuhalten, eine Kr\u00e4he geschossen und diese f\u00fcr die Artgenossen gut sichtbar kopf\u00fcber aufgeh\u00e4ngt.\u00a0<\/span><\/p>\n<p><span style=\"font-weight: 400;\">Das ist heute nat\u00fcrlich nicht mehr erlaubt, aber diese Kr\u00e4henattrappe hat kopf\u00fcber aufgeh\u00e4ngt die gleiche Wirkungsweise. Tote V\u00f6gel l\u00f6sen einen Fluchtinstinkt bei ihren Artgenossen aus. Je mehr tote Exemplare die V\u00f6gel h\u00e4ngen sehen, desto gr\u00f6\u00dfer ist der Effekt.\u00a0<\/span><\/p>\n<p><span style=\"font-weight: 400;\">Die Kr\u00e4henattrappe kann an <\/span><b>Orten wie Balkonen, Terrassen und G\u00e4rten <\/b><span style=\"font-weight: 400;\">eingesetzt werden. Bei der Aufstellung sollte immer eine Position gew\u00e4hlt werden, von der aus die Attrappe f\u00fcr die V\u00f6gel gut sichtbar ist. Dank des widerstandsf\u00e4higen und wetterfesten Materials ist der Einsatz im Freien kein Problem.\u00a0<\/span><\/p>\n<p><span style=\"font-weight: 400;\">Die Attrappe dient zur <\/span><a href=\"https:\/\/birdbusters.eu\/de\/Category\/visuelle-vogelabschreckungen\/\"><span style=\"font-weight: 400;\">optischen Vogelabwehr<\/span><\/a><span style=\"font-weight: 400;\"> von Kleinfl\u00e4chen rund um die Kr\u00e4he. <\/span><span style=\"font-weight: 400;\">Eine Gew\u00f6hnung der V\u00f6gel an die Attrappe kann dennoch nicht ausgeschlossen werden. <\/span><span style=\"font-weight: 400;\">Um den Gew\u00f6hnungseffekt auszuschlie\u00dfen, sollte die Position der Attrappe von Zeit zu Zeit variiert werden.\u00a0<\/span><\/p>\n<h3><b>H\u00e4ufig gestellte Fragen<\/b><\/h3>\n<p><b><i>Welche Vogelarten kann die Kr\u00e4henattrappe vertreiben?\u00a0<\/i><\/b><\/p>\n<p><span style=\"font-weight: 400;\">Diese Kr\u00e4henattrappe ist eine gro\u00dfartige Vogelabschreckung f\u00fcr <\/span><b>Tauben, Spatzen und Amseln<\/b><span style=\"font-weight: 400;\">. <\/span><span style=\"font-weight: 400;\">Wenn Sie aber die Kr\u00e4henattrappe kopf\u00fcber aufh\u00e4ngen, dient die Figur einem anderen Zweck: Das Sehen eines toten Artgenossen erschreckt Rabenvogel wie <\/span><b>Kr\u00e4hen, Dohlen und Elstern<\/b><span style=\"font-weight: 400;\">.\u00a0<\/span><\/p>\n<p><b><i>Ist die Attrappe wirksam?\u00a0<\/i><\/b><\/p>\n<p><span style=\"font-weight: 400;\">Dank der naturnahen Form und Gr\u00f6\u00dfe wirkt die Kr\u00e4he sehr lebendig und erscheint f\u00fcr viele V\u00f6gel gef\u00e4hrlich. Mit der Kr\u00e4henattrappe machen Sie sich das nat\u00fcrliche Verhalten der V\u00f6gel zu Nutze. Die Tauben und Spatzen nehmen Kr\u00e4hen als Feinde wahr und deshalb verursacht die Anwesenheit der Attrappe ein hohes Unbehagen.\u00a0<\/span><\/p>\n<p><b><i>Werden sich die V\u00f6gel an die Attrappe gew\u00f6hnen?<\/i><\/b><\/p>\n<p><span style=\"font-weight: 400;\">Die Intelligenz der V\u00f6gel sollte auf keinen Fall untersch\u00e4tzt werden. Sie gew\u00f6hnen sich an Attrappen und lernen mit der Zeit, dass sie keine Gefahr darstellen. Um einem Gew\u00f6hnungseffekt entgegenzuwirken, ist es empfehlenswert, den Aufstellort des Taubenschrecks regelm\u00e4\u00dfig zu wechseln.\u00a0<\/span><\/p>\n<p><span style=\"font-weight: 400;\">Die Verhinderung der Gew\u00f6hnung bei V\u00f6geln ist bei der Verwendung jeder Art von optischen Vogelscheuchen von entscheidender Bedeutung.\u00a0<\/span><\/p>\n<p><b><i>Welche Anwendungsbereiche gibt es f\u00fcr die Kr\u00e4henattrappe?\u00a0<\/i><\/b><\/p>\n<p><span style=\"font-weight: 400;\">Die Kr\u00e4henattrappe kann an <\/span><b>Orten wie Balkonen, Terrassen und G\u00e4rten <\/b><span style=\"font-weight: 400;\">eingesetzt werden. Bei der Aufstellung sollte immer eine Position gew\u00e4hlt werden, von der aus die Attrappe f\u00fcr die V\u00f6gel gut sichtbar ist.<\/span><\/p>\n<p><b><i>Wie effektiv ist die Kr\u00e4henattrappe im Vergleich zu anderen Abwehrma\u00dfnahmen?\u00a0<\/i><\/b><\/p>\n<p><span style=\"font-weight: 400;\">Als optische Vogelabwehrmethode hat die Kr\u00e4henattrappe sich als sehr effektiv herausgestellt.\u00a0<\/span><\/p>\n<p><span style=\"font-weight: 400;\">Im Vergleich zu anderen Abwehrma\u00dfnahmen, belastet der Einsatz von der Attrappe die Umwelt in keiner Weise. Sie ben\u00f6tigt keine Energie, macht keinen L\u00e4rm und l\u00e4sst sich \u00fcberall einsetzen. Au\u00dferdem ist die Attrappe f\u00fcr die V\u00f6gel v\u00f6llig unsch\u00e4dlich.<\/span><\/p>\n<p><b><i>Wie bestelle ich?\u00a0<\/i><\/b><\/p>\n<p><span style=\"font-weight: 400;\">Legen Sie den Artikel in den Warenkorb. M\u00f6chten Sie die Anzahl ver\u00e4ndern oder einen Artikel l\u00f6schen, ist es nun m\u00f6glich dies zu tun. Ist der Inhalt des Warenkorbs f\u00fcr Sie in Ordnung, geben Sie alle geforderten Daten korrekt an und w\u00e4hlen Sie die Zahlungsmethode. Ist die Bestellung erfolgreich gewesen, erhalten Sie eine Best\u00e4tigung per E-Mail von uns.<\/span><\/p>\n<h3><b>\u00dcber Birdbusters<\/b><\/h3>\n<p><span style=\"font-weight: 400;\">Wenn Sie Probleme mit unerw\u00fcnschten V\u00f6geln haben, wenden Sie sich an die Experten von Bird Busters. Wir bieten eine Reihe von umweltfreundlichen Produkten an, die Ihre l\u00e4stigen Probleme l\u00f6sen und alle zufrieden stellen.\u00a0<\/span><\/p>\n<p><span style=\"font-weight: 400;\">Unsere Mission ist es, Menschen dabei zu helfen, Ihren Garten oder Balkon, Ihre Obstb\u00e4ume oder Pflanzen vor V\u00f6gel zu sch\u00fctzen. Machen Sie sich gem\u00fctlich und sammeln Sie neue Ideen!<\/span><\/p>\n","protected":false},"excerpt":{"rendered":"<p><span style=\"font-weight: 400;\">Die Kr\u00e4henattrappe ist geeignet, um Tauben, Spatzen, Kr\u00e4hen und andere Arten von unerw\u00fcnschten V\u00f6geln von Ihrem Garten oder Balkon fernzuhalten. Da Kr\u00e4hen der nat\u00fcrliche Feind vieler V\u00f6gel sind, verhindert diese Attrappe, dass sich Tauben oder andere V\u00f6gel niederlassen.\u00a0<\/span><\/p>\n<p><b>H\u00f6he: <\/b><span style=\"font-weight: 400;\">37 cm<\/span><\/p>\n","protected":false},"featured_media":4729,"template":"","meta":{"_themeisle_gutenberg_block_has_review":false},"product_brand":[],"product_cat":[89,88],"product_tag":[],"class_list":{"0":"post-4728","1":"product","2":"type-product","3":"status-publish","4":"has-post-thumbnail","6":"product_cat-visuelle-vogelabschreckungen","7":"product_cat-vogelschreck","9":"first","10":"outofstock","11":"taxable","12":"shipping-taxable","13":"purchasable","14":"product-type-simple"},"_links":{"self":[{"href":"https:\/\/birdbusters.eu\/de\/wp-json\/wp\/v2\/product\/4728","targetHints":{"allow":["GET"]}}],"collection":[{"href":"https:\/\/birdbusters.eu\/de\/wp-json\/wp\/v2\/product"}],"about":[{"href":"https:\/\/birdbusters.eu\/de\/wp-json\/wp\/v2\/types\/product"}],"wp:featuredmedia":[{"embeddable":true,"href":"https:\/\/birdbusters.eu\/de\/wp-json\/wp\/v2\/media\/4729"}],"wp:attachment":[{"href":"https:\/\/birdbusters.eu\/de\/wp-json\/wp\/v2\/media?parent=4728"}],"wp:term":[{"taxonomy":"product_brand","embeddable":true,"href":"https:\/\/birdbusters.eu\/de\/wp-json\/wp\/v2\/product_brand?post=4728"},{"taxonomy":"product_cat","embeddable":true,"href":"https:\/\/birdbusters.eu\/de\/wp-json\/wp\/v2\/product_cat?post=4728"},{"taxonomy":"product_tag","embeddable":true,"href":"https:\/\/birdbusters.eu\/de\/wp-json\/wp\/v2\/product_tag?post=4728"}],"curies":[{"name":"wp","href":"https:\/\/api.w.org\/{rel}","templated":true}]}}