{"id":4779,"date":"2015-09-07T17:13:40","date_gmt":"2015-09-07T15:13:40","guid":{"rendered":"https:\/\/birdbusters.eu\/product\/timer-for-mechanical-gas-cannon\/"},"modified":"2024-07-29T14:05:17","modified_gmt":"2024-07-29T12:05:17","slug":"timer-gt-300","status":"publish","type":"product","link":"https:\/\/birdbusters.eu\/de\/produkt\/timer-gt-300\/","title":{"rendered":"Schaltuhr GT 300"},"content":{"rendered":"<h3>Schaltuhr GT 300 f\u00fcr Gaskanone<\/h3>\n<p>Diese Schaltuhr kann an jedes mit Propan- oder Butangas betriebene <a href=\"https:\/\/birdbusters.eu\/de\/produkt\/vogelschreck-kanone\/\">Knallschreckger\u00e4t<\/a> angeschlossen werden. Die Uhr wird zwischen das Ger\u00e4t und die Gasflasche montiert und regelt entweder den Gaszufluss oder erm\u00f6glicht es, das Knallschreckger\u00e4t ein- und aus zu stellen.<\/p>\n<p>Die Uhr har ein absolut wasserdichtes Geh\u00e4use und funktioniert mit Batterien, wodurch ein minimaler Verbrauch gew\u00e4hrleistet wird.<\/p>\n<p><a href=\"https:\/\/birdbusters.eu\/wp-content\/uploads\/2021\/02\/timer_gt300_manual.pdf\"><strong>Anleitung<\/strong><\/a><\/p>\n","protected":false},"excerpt":{"rendered":"<p><strong>Schaltuhr GT 300<\/strong> ist das ideal Zubeh\u00f6r f\u00fcr <a href=\"https:\/\/birdbusters.eu\/de\/produkt\/vogelschreck-kanone\/\">die mechanische Gaskanone.<\/a> Die Uhr erlaubt eine automatische Inbetriebnahme und Abschaltung der Kanone zur gew\u00fcnschten Zeit. Beispielsweise m\u00fcssen V\u00f6gel tags\u00fcber und wilde Tiere meistens abends, nachts und morgens abgewehrt werden.<\/p>\n","protected":false},"featured_media":4783,"template":"","meta":{"_themeisle_gutenberg_block_has_review":false},"product_brand":[],"product_cat":[91,90],"product_tag":[],"class_list":{"0":"post-4779","1":"product","2":"type-product","3":"status-publish","4":"has-post-thumbnail","6":"product_cat-knallschreckgeraete","7":"product_cat-vogelabwehrmittel","9":"first","10":"instock","11":"taxable","12":"shipping-taxable","13":"purchasable","14":"product-type-simple"},"_links":{"self":[{"href":"https:\/\/birdbusters.eu\/de\/wp-json\/wp\/v2\/product\/4779","targetHints":{"allow":["GET"]}}],"collection":[{"href":"https:\/\/birdbusters.eu\/de\/wp-json\/wp\/v2\/product"}],"about":[{"href":"https:\/\/birdbusters.eu\/de\/wp-json\/wp\/v2\/types\/product"}],"wp:featuredmedia":[{"embeddable":true,"href":"https:\/\/birdbusters.eu\/de\/wp-json\/wp\/v2\/media\/4783"}],"wp:attachment":[{"href":"https:\/\/birdbusters.eu\/de\/wp-json\/wp\/v2\/media?parent=4779"}],"wp:term":[{"taxonomy":"product_brand","embeddable":true,"href":"https:\/\/birdbusters.eu\/de\/wp-json\/wp\/v2\/product_brand?post=4779"},{"taxonomy":"product_cat","embeddable":true,"href":"https:\/\/birdbusters.eu\/de\/wp-json\/wp\/v2\/product_cat?post=4779"},{"taxonomy":"product_tag","embeddable":true,"href":"https:\/\/birdbusters.eu\/de\/wp-json\/wp\/v2\/product_tag?post=4779"}],"curies":[{"name":"wp","href":"https:\/\/api.w.org\/{rel}","templated":true}]}}