{"id":4814,"date":"2019-09-21T10:29:37","date_gmt":"2019-09-21T08:29:37","guid":{"rendered":"https:\/\/birdbusters.eu\/product\/eagle-kite\/"},"modified":"2026-04-06T09:18:08","modified_gmt":"2026-04-06T07:18:08","slug":"adlerfoermiger-lenkdrachen","status":"publish","type":"product","link":"https:\/\/birdbusters.eu\/de\/produkt\/adlerfoermiger-lenkdrachen\/","title":{"rendered":"Vogelabwehr Drachen (Ohne Teleskopstab)"},"content":{"rendered":"<h3><b>Vogelabwehr Drachen zur Vogelabwehr<\/b><\/h3>\n<p><span style=\"font-weight: 400;\">Der Vogelabwehr Drachen ist eine effektive und langlebige Methode, um Schadv\u00f6gel aus Ihrem Garten vertreiben. Dieses Vogelabwehr Mittel schreckt viele andere Vogelarten ab durch sein Raubvogel-\u00c4hnliches Aussehen und eignet sich perfekt als Schutz f\u00fcr angebautes Gem\u00fcse und Obst.<\/span><\/p>\n<p><span style=\"font-weight: 400;\">Der Drachen wird an die Spitze des Teleskopmasts gebunden (Teleskopmast enth\u00e4lt nicht im Lieferumfang) und funktioniert auch bei der leichtesten Windbrise (weniger als 2 km\/h). Bei der totalen Windstille h\u00e4ngt er flugbereit von dem Teleskopstab und sobald eine Brise aufkommt, steigt der Drachen auf seine Wirkungsh\u00f6he. Der Wind sorgt f\u00fcr eine konstante, sich st\u00e4ndig \u00e4ndernde Bewegung des Drachens.\u00a0<\/span><\/p>\n<p><span style=\"font-weight: 400;\">Der Vogelabwehr Drachen kreist in einer bestimmten H\u00f6he aber bei Windwechsel vollf\u00fchrt er pl\u00f6tzliche Sturzfl\u00fcge und steigt wieder auf wie ein echter Raubvogel. Seine Anwesenheit reicht, um Schadv\u00f6gel zu verjagen. Die V\u00f6gel haben instinktive Angst vor Raubv\u00f6geln und der Drachen verhindert ihres Einfliegen in den zu sch\u00fctzenden Bereichen.\u00a0<\/span><\/p>\n<p><span style=\"font-weight: 400;\">Die Wirkungskreis des Falke-Drachens ist von seiner Flugh\u00f6he abh\u00e4ngig. Der 5-Meter lange Teleskopmast bringt den Drachen auf eine Flugh\u00f6he von bis zu 9 m und der 9-Meter-lange Teleskopmast bis zu 15 m.\u00a0\u00a0<\/span><\/p>\n<p><span style=\"font-weight: 400;\">Der Vogelabwehr Drachen ist tierfreundlich und vertreibt die V\u00f6gel auf nat\u00fcrlicher Art und Weise. Die Ger\u00e4uschlosigkeit dieses Abwehrmittels sorgt daf\u00fcr, dass dieses System auch f\u00fcr G\u00e4rten und Balkonen gut geeignet ist und niemanden St\u00f6rt.\u00a0<\/span><\/p>\n<p><b>Einsatzbereiche. <\/b><span style=\"font-weight: 400;\">Das Drachen-System kann von jedermann zusammengebaut werden und kann \u00fcberall dort angebracht werden, wo man Schutz ben\u00f6tigt. Die Einsatzm\u00f6glichkeiten reichen von Gem\u00fcse-, Raps-, Erbsen- und Maisanbau bis zu Fischzucht, Hochh\u00e4usern, Industriehallen, Marinas, Hafenanlagen und M\u00fclldeponien.\u00a0<\/span><\/p>\n<p><b>Montage. <\/b><span style=\"font-weight: 400;\">Sie brauchen einen <\/span><a href=\"https:\/\/birdbusters.eu\/de\/produkt\/telescopic-rod-7m\/\"><span style=\"font-weight: 400;\">Teleskopstab<\/span><\/a><span style=\"font-weight: 400;\"> um den Drachen zu installieren. Wenn Sie den Teleskopstab haben, ist die Montage dieses Abwehrmittels sehr einfach. Der Aufbau besteht aus vier einfachen Schritten:\u00a0<\/span><\/p>\n<ul>\n<li style=\"font-weight: 400;\" aria-level=\"1\"><span style=\"font-weight: 400;\">Schlagen Sie den Bodenanker bis zur H\u00e4lfte tief in den Boden;<\/span><\/li>\n<li style=\"font-weight: 400;\" aria-level=\"1\"><span style=\"font-weight: 400;\">Entfalten Sie den Mast zur vollen L\u00e4nge;<\/span><\/li>\n<li style=\"font-weight: 400;\" aria-level=\"1\"><span style=\"font-weight: 400;\">Setzen Sie den Drachen zusammen und binden Sie ihn an die Spitze des Masts;<\/span><\/li>\n<li style=\"font-weight: 400;\" aria-level=\"1\"><span style=\"font-weight: 400;\">St\u00fclpen Sie den Teleskopmast \u00fcber den Bodenanker.<\/span><\/li>\n<\/ul>\n<p><span style=\"font-weight: 400;\">Bei der Befestigung auf einem Dach, verwenden Sie den mitgelieferten Erdspie\u00df f\u00fcr den Mast.\u00a0\u00a0<\/span><\/p>\n<h3><b>H\u00e4ufig gestellte Fragen<\/b><\/h3>\n<p><b><i>Welche V\u00f6gel lassen sich von dem Vogelabwehr Drachen beeindrucken?\u00a0<\/i><\/b><\/p>\n<p><span style=\"font-weight: 400;\">Die Vogelarten, die sich von dem Vogelabwehr Drachen beeindrucken lassen sind Tauben, Spatzen, Amsel, Kr\u00e4hen, Schwalben, G\u00e4nse, M\u00f6wen und Stare.\u00a0<\/span><\/p>\n<p><b><i>Wie kann ich unerw\u00fcnschte V\u00f6gel aus dem Garten vertreiben?\u00a0<\/i><\/b><\/p>\n<p><span style=\"font-weight: 400;\">Wenn Sie ein Problem mit den V\u00f6geln in Ihrem Garten haben, gibt es einige L\u00f6sungen, um sie zu vertreiben. Der Vogelabwehr Drachen ist immer empfehlenswert aber es gibt auch andere M\u00f6glichkeiten.\u00a0<\/span><\/p>\n<p><span style=\"font-weight: 400;\">Sie k\u00f6nnen, zum Beispiel <\/span><a href=\"https:\/\/birdbusters.eu\/de\/Category\/akustische-vogelabwehr\/\"><span style=\"font-weight: 400;\">akustische Abwehrmittel<\/span><\/a><span style=\"font-weight: 400;\"> wie <\/span><a href=\"https:\/\/birdbusters.eu\/de\/produkt\/bird-gard-kraehenschreck\/\"><span style=\"font-weight: 400;\">Kr\u00e4henschreck von Bird Guard<\/span><\/a><span style=\"font-weight: 400;\"> verwenden. Oder entscheiden Sie sich f\u00fcr etwas reflektierendes wie alte CDs, Streifen von Autofolie oder <\/span><a href=\"https:\/\/birdbusters.eu\/de\/produkt\/vogel-abwehrband\/\"><span style=\"font-weight: 400;\">Vogelabwehrband<\/span><\/a><span style=\"font-weight: 400;\">.\u00a0<\/span><\/p>\n<p><b><i>Ist der Vogelabwehr Drachen wirksam?\u00a0<\/i><\/b><\/p>\n<p><span style=\"font-weight: 400;\">Ja, ohne Zweifel! Es ist unbestritten, dass der Vogelabwehr Drachen Amseln und andere V\u00f6gel wirksam davon abh\u00e4lt, bestimmte Gebiete zu besuchen. Meisten V\u00f6gel haben instinktive Angst vor dem Raubvogel-\u00c4hnlichen Drachen und werden vermeiden, sich unterhalb des Drachens aufzuhalten.\u00a0<\/span><\/p>\n<p><b><i>K\u00f6nnen sich die V\u00f6gel an Vogelabwehr Drachen gew\u00f6hnen?\u00a0<\/i><\/b><\/p>\n<p><span style=\"font-weight: 400;\">Da die Instinktive Angst vor Raubv\u00f6geln im Verhalten der V\u00f6gel festgesetzt ist, k\u00f6nnen sie sich nur sehr schwer an Drachen gew\u00f6hnen. Einige leichte Gew\u00f6hnungseffekte k\u00f6nnen sich jedoch unter bestimmten Bedingungen einstellen. In diesem Fall ver\u00e4ndern Sie bitte die Position oder Flugh\u00f6he des Drachens.\u00a0<\/span><\/p>\n<p><b><i>Wirkt der Drachen auch bei Windstille?\u00a0<\/i><\/b><\/p>\n<p><span style=\"font-weight: 400;\">Der Drachen wird selbst mit einer leichten Brise (weniger als 2 km\/h) abheben und herumfliegen aber bei der totalen Windstille funktioniert er leider nicht.<\/span><\/p>\n<p><b><i>Wann wird der Vogelabwehr Drachen gebraucht?\u00a0<\/i><\/b><\/p>\n<p><span style=\"font-weight: 400;\">Das Abwehr-System sollte aufgebaut werden, wenn Schadv\u00f6gel auftauchen. Installieren Sie es Anfang Fr\u00fchling und Anfang Herbst, wenn Sie bemerken, dass V\u00f6gel Ihre Fr\u00fcchte angreifen.\u00a0<\/span><\/p>\n<p><a href=\"https:\/\/birdbusters.eu\/wp-content\/uploads\/2019\/09\/BB-Manual-DE-1.jpg\"><img loading=\"lazy\" decoding=\"async\" class=\"wp-image-5468 aligncenter\" src=\"https:\/\/birdbusters.eu\/wp-content\/uploads\/2019\/09\/BB-Manual-DE-1-424x300.jpg\" alt=\"\" width=\"821\" height=\"581\" title=\"\" srcset=\"https:\/\/birdbusters.eu\/wp-content\/uploads\/2019\/09\/BB-Manual-DE-1-424x300.jpg 424w, https:\/\/birdbusters.eu\/wp-content\/uploads\/2019\/09\/BB-Manual-DE-1-768x543.jpg 768w, https:\/\/birdbusters.eu\/wp-content\/uploads\/2019\/09\/BB-Manual-DE-1-750x530.jpg 750w, https:\/\/birdbusters.eu\/wp-content\/uploads\/2019\/09\/BB-Manual-DE-1-460x325.jpg 460w\" sizes=\"auto, (max-width: 821px) 100vw, 821px\" \/><\/a><\/p>\n","protected":false},"excerpt":{"rendered":"<p><span style=\"font-weight: 400;\">Der Vogelabwehr Drachen ist eine einfache, aber wirksame L\u00f6sung zur Abwehr von V\u00f6geln. Die Anwesenheit des Adler-Drachens reicht um die Schadv\u00f6gel zu verjagen\u00a0 und Ihr Obst und Gem\u00fcse zu sch\u00fctzen. Der Drachen ist selbst mit einer leichten Windbrise st\u00e4ndig in Bewegung, so da\u00df sich die V\u00f6gel nicht daran gew\u00f6hnen k\u00f6nnen.\u00a0<\/span><\/p>\n<p><span style=\"font-weight: 400;\">Dieser Vogelabwehr Drachen eignet sich perfekt als <\/span><b>Ersatz-Drachen<\/b><span style=\"font-weight: 400;\"> f\u00fcr unsere Drachen-Sets (Set mit einem <\/span><a href=\"https:\/\/birdbusters.eu\/de\/produkt\/5-meter-langer-adlerfoermiger-drachen\/\"><span style=\"font-weight: 400;\">5-Meter<\/span><\/a><span style=\"font-weight: 400;\">, <\/span><a href=\"https:\/\/birdbusters.eu\/de\/produkt\/adlerfoermiger-lenkdrachen-mit-stange-7-m-und-pfahl\/\"><span style=\"font-weight: 400;\">7-Meter<\/span><\/a><span style=\"font-weight: 400;\"> oder <\/span><a href=\"https:\/\/birdbusters.eu\/de\/produkt\/adlerfoermiger-lenkdrachen-mit-stange-9m\/\"><span style=\"font-weight: 400;\">9-Meter<\/span><\/a><span style=\"font-weight: 400;\"> Teleskopmast).\u00a0 <\/span><\/p>\n<p>https:\/\/youtu.be\/p6I04j4kwmo<\/p>\n<p>&nbsp;<\/p>\n","protected":false},"featured_media":5454,"template":"","meta":{"_themeisle_gutenberg_block_has_review":false},"product_brand":[],"product_cat":[94,88],"product_tag":[],"class_list":{"0":"post-4814","1":"product","2":"type-product","3":"status-publish","4":"has-post-thumbnail","6":"product_cat-vogeldrachen","7":"product_cat-vogelschreck","8":"product_shipping_class-kuller-pick-up-point-de","10":"first","11":"instock","12":"taxable","13":"shipping-taxable","14":"purchasable","15":"product-type-simple"},"_links":{"self":[{"href":"https:\/\/birdbusters.eu\/de\/wp-json\/wp\/v2\/product\/4814","targetHints":{"allow":["GET"]}}],"collection":[{"href":"https:\/\/birdbusters.eu\/de\/wp-json\/wp\/v2\/product"}],"about":[{"href":"https:\/\/birdbusters.eu\/de\/wp-json\/wp\/v2\/types\/product"}],"wp:featuredmedia":[{"embeddable":true,"href":"https:\/\/birdbusters.eu\/de\/wp-json\/wp\/v2\/media\/5454"}],"wp:attachment":[{"href":"https:\/\/birdbusters.eu\/de\/wp-json\/wp\/v2\/media?parent=4814"}],"wp:term":[{"taxonomy":"product_brand","embeddable":true,"href":"https:\/\/birdbusters.eu\/de\/wp-json\/wp\/v2\/product_brand?post=4814"},{"taxonomy":"product_cat","embeddable":true,"href":"https:\/\/birdbusters.eu\/de\/wp-json\/wp\/v2\/product_cat?post=4814"},{"taxonomy":"product_tag","embeddable":true,"href":"https:\/\/birdbusters.eu\/de\/wp-json\/wp\/v2\/product_tag?post=4814"}],"curies":[{"name":"wp","href":"https:\/\/api.w.org\/{rel}","templated":true}]}}