{"id":5141,"date":"2015-09-07T17:23:35","date_gmt":"2015-09-07T15:23:35","guid":{"rendered":"https:\/\/birdbusters.eu\/product\/360-tripod-for-gas-cannons\/"},"modified":"2024-03-28T12:47:43","modified_gmt":"2024-03-28T11:47:43","slug":"stativ-fuer-elektronische-kanone","status":"publish","type":"product","link":"https:\/\/birdbusters.eu\/de\/produkt\/stativ-fuer-elektronische-kanone\/","title":{"rendered":"Drehbares Stativ f\u00fcr elektronische Gaskanone"},"content":{"rendered":"<h3>Drehbares Stativ f\u00fcr elektronische Gaskanone<\/h3>\n<p>Das Drehbare Stativ f\u00fcr die <a href=\"https:\/\/birdbusters.eu\/de\/produkt\/elektronische-vogelscheuche-gaskanone\/\">elektronische Gaskanone<\/a> ist ein ideales Zubeh\u00f6r, das den Arbeitsradius der Kanone vergr\u00f6\u00dfert. Dank dem Fu\u00df, gestallt die Kanone Detonationen in verschiedene Richtungen.<\/p>\n<p>Das Drehsystem sorgt daf\u00fcr, dass die Kanone bei jeder Z\u00fcndung die Richtung \u00e4ndert und dass das Schussger\u00e4usch gut verteilt ist.<\/p>\n","protected":false},"excerpt":{"rendered":"<p>Das drehbare Stativ ist das perfekte Zubeh\u00f6r f\u00fcr die <a href=\"https:\/\/birdbusters.eu\/de\/produkt\/elektronische-vogelscheuche-gaskanone\/\">elektronische Gaskanone<\/a> zur Vogelabwehr.<\/p>\n","protected":false},"featured_media":5142,"template":"","meta":{"_themeisle_gutenberg_block_has_review":false},"product_brand":[],"product_cat":[91,166,90],"product_tag":[],"class_list":{"0":"post-5141","1":"product","2":"type-product","3":"status-publish","4":"has-post-thumbnail","6":"product_cat-knallschreckgeraete","7":"product_cat-tiervertreiber","8":"product_cat-vogelabwehrmittel","9":"product_shipping_class-kuller-pick-up-point-de","11":"first","12":"instock","13":"taxable","14":"shipping-taxable","15":"purchasable","16":"product-type-simple"},"_links":{"self":[{"href":"https:\/\/birdbusters.eu\/de\/wp-json\/wp\/v2\/product\/5141","targetHints":{"allow":["GET"]}}],"collection":[{"href":"https:\/\/birdbusters.eu\/de\/wp-json\/wp\/v2\/product"}],"about":[{"href":"https:\/\/birdbusters.eu\/de\/wp-json\/wp\/v2\/types\/product"}],"wp:featuredmedia":[{"embeddable":true,"href":"https:\/\/birdbusters.eu\/de\/wp-json\/wp\/v2\/media\/5142"}],"wp:attachment":[{"href":"https:\/\/birdbusters.eu\/de\/wp-json\/wp\/v2\/media?parent=5141"}],"wp:term":[{"taxonomy":"product_brand","embeddable":true,"href":"https:\/\/birdbusters.eu\/de\/wp-json\/wp\/v2\/product_brand?post=5141"},{"taxonomy":"product_cat","embeddable":true,"href":"https:\/\/birdbusters.eu\/de\/wp-json\/wp\/v2\/product_cat?post=5141"},{"taxonomy":"product_tag","embeddable":true,"href":"https:\/\/birdbusters.eu\/de\/wp-json\/wp\/v2\/product_tag?post=5141"}],"curies":[{"name":"wp","href":"https:\/\/api.w.org\/{rel}","templated":true}]}}