{"id":5200,"date":"2021-02-01T11:37:17","date_gmt":"2021-02-01T10:37:18","guid":{"rendered":"https:\/\/birdbusters.eu\/?post_type=product&#038;p=5200"},"modified":"2025-10-31T13:30:26","modified_gmt":"2025-10-31T12:30:26","slug":"stativ-fur-elektronische-kanone-mechanische-vogelschreck-gaskanone","status":"publish","type":"product","link":"https:\/\/birdbusters.eu\/de\/produkt\/stativ-fur-elektronische-kanone-mechanische-vogelschreck-gaskanone\/","title":{"rendered":"Drehfu\u00df f\u00fcr Mechanische Gaskanone"},"content":{"rendered":"<h3>Drehfu\u00df f\u00fcr die mechanische Gaskanone<\/h3>\n<p>Der Drehfu\u00df f\u00fcr die <a href=\"https:\/\/birdbusters.eu\/de\/produkt\/mechanische-vogelschreck-gaskanone\/\">mechanische Gaskanone<\/a> ist ein ideales Zubeh\u00f6r, das den Arbeitsradius der Kanone vergr\u00f6\u00dfert. Dank dem Fu\u00df, gestallt die Kanone Detonationen in verschiedene Richtungen.<\/p>\n<p>Das Drehsystem sorgt daf\u00fcr, dass die Kanone bei jeder Z\u00fcndung sich um 90\u00b0 weiter dreht und dass das Schussger\u00e4usch gut verteilt ist.<\/p>\n","protected":false},"excerpt":{"rendered":"<p>Der Drehfu\u00df ist das perfekte Zubeh\u00f6r f\u00fcr die <a href=\"https:\/\/birdbusters.eu\/de\/produkt\/mechanische-vogelschreck-gaskanone\/\">mechanische Gaskanone<\/a> zur Vogelabwehr.<\/p>\n","protected":false},"featured_media":5215,"template":"","meta":{"_themeisle_gutenberg_block_has_review":false},"product_brand":[],"product_cat":[91,166,90],"product_tag":[],"class_list":{"0":"post-5200","1":"product","2":"type-product","3":"status-publish","4":"has-post-thumbnail","6":"product_cat-knallschreckgeraete","7":"product_cat-tiervertreiber","8":"product_cat-vogelabwehrmittel","9":"product_shipping_class-kuller-pick-up-point-de","11":"first","12":"instock","13":"taxable","14":"shipping-taxable","15":"purchasable","16":"product-type-simple"},"_links":{"self":[{"href":"https:\/\/birdbusters.eu\/de\/wp-json\/wp\/v2\/product\/5200","targetHints":{"allow":["GET"]}}],"collection":[{"href":"https:\/\/birdbusters.eu\/de\/wp-json\/wp\/v2\/product"}],"about":[{"href":"https:\/\/birdbusters.eu\/de\/wp-json\/wp\/v2\/types\/product"}],"wp:featuredmedia":[{"embeddable":true,"href":"https:\/\/birdbusters.eu\/de\/wp-json\/wp\/v2\/media\/5215"}],"wp:attachment":[{"href":"https:\/\/birdbusters.eu\/de\/wp-json\/wp\/v2\/media?parent=5200"}],"wp:term":[{"taxonomy":"product_brand","embeddable":true,"href":"https:\/\/birdbusters.eu\/de\/wp-json\/wp\/v2\/product_brand?post=5200"},{"taxonomy":"product_cat","embeddable":true,"href":"https:\/\/birdbusters.eu\/de\/wp-json\/wp\/v2\/product_cat?post=5200"},{"taxonomy":"product_tag","embeddable":true,"href":"https:\/\/birdbusters.eu\/de\/wp-json\/wp\/v2\/product_tag?post=5200"}],"curies":[{"name":"wp","href":"https:\/\/api.w.org\/{rel}","templated":true}]}}