{"id":5603,"date":"2021-02-19T14:36:55","date_gmt":"2021-02-19T13:36:55","guid":{"rendered":"https:\/\/birdbusters.eu\/product\/ultrasonic-repellent-with-motion-sensor\/"},"modified":"2025-10-31T13:30:10","modified_gmt":"2025-10-31T12:30:10","slug":"ultrasonic-repellent-with-motion-sensor","status":"publish","type":"product","link":"https:\/\/birdbusters.eu\/de\/produkt\/ultrasonic-repellent-with-motion-sensor\/","title":{"rendered":"Ultraschall-Taubenabwehr-Anlage"},"content":{"rendered":"<h3><b>Ultraschall-Taubenabwehr-Anlage<\/b><\/h3>\n<p><span style=\"font-weight: 400;\">Ihr V\u00f6gel-Problem kann durch die Verwendung dieser Ultraschall-Taubenabwehr-Anlage mit Bewegungsmelder gel\u00f6st werden. Das Ger\u00e4t enth\u00e4lt einen Ultraschallton, einen akustischen Alarmton und ein Blitzlicht.\u00a0<\/span><\/p>\n<p><span style=\"font-weight: 400;\">Diese Ultraschall-Taubenabwehr-Anlage sendet einen hochfrequenten Ton in einem Bereich von 15-27 kHz aus, der das Nervensystem der V\u00f6gel st\u00f6rt und daf\u00fcr sorgt, dass sich alle Arten von unerw\u00fcnschten V\u00f6geln und Tiere von Ihrem Garten fernhalten. Der hochfrequente Schall f\u00e4llt in den H\u00f6rbereich verschiedener Vogelarten, liegt aber au\u00dferhalb der H\u00f6rbereiches des Menschen, so dass er die Menschen in der N\u00e4he nicht st\u00f6rt.\u00a0<\/span><\/p>\n<p><span style=\"font-weight: 400;\">Der Vogelvertreiber ist auch mit einem Blitzlicht und einem akustischen Alarmton ausgestattet und <\/span><b>sch\u00fctzt eine Fl\u00e4che von 100 m<\/b><b>2<\/b><span style=\"font-weight: 400;\">. Es gibt auch <\/span><a href=\"https:\/\/birdbusters.eu\/de\/produkt\/bewegungs-sensor\/\"><span style=\"font-weight: 400;\">einen gr\u00f6\u00dferen Vogelvertreiber<\/span><\/a><span style=\"font-weight: 400;\">, der bis zu 350 m<\/span><span style=\"font-weight: 400;\">2<\/span><span style=\"font-weight: 400;\"> sch\u00fctzt. Das Ger\u00e4t kann mit 3 wiederaufladbaren AA-Batterien betrieben werden, welchen das Solarpanel auf einem ausreichenden Leistungsniveau h\u00e4lt.\u00a0<\/span><\/p>\n<p><span style=\"font-weight: 400;\">Der eingebaute Bewegungsmelder registriert V\u00f6gel und Tiere in einer Reichweite von circa 10 Meter. Wenn eindringende Kreaturen erkannt werden, setzt der Ton und das Blitzlicht ein und sobald die V\u00f6gel den alarmierenden Schnall h\u00f6ren und das Licht sehen, schwirren sie sofort ab. Das Ger\u00e4usch ist nicht sch\u00e4dlich f\u00fcr die V\u00f6gel.<\/span><\/p>\n<p><span style=\"font-weight: 400;\">Die Ultraschall-Taubenabwehr-Anlage kann verwendet werden, um unerw\u00fcnschte V\u00f6gel in menschlichen Lebensr\u00e4umen wie <\/span><b>Wohngebieten, in G\u00e4rten und auf Bauernh\u00f6fen<\/b><span style=\"font-weight: 400;\"> zu meiden. Das Ger\u00e4t ist wasserdicht und wetterfest.\u00a0<\/span><\/p>\n<p><span style=\"font-weight: 400;\">Dieses Ger\u00e4t dient zur <\/span><a href=\"https:\/\/birdbusters.eu\/de\/Category\/vogelscheuchen\/akustische-vogelabwehr\/\"><span style=\"font-weight: 400;\">akustischen Vogelabwehr<\/span><\/a><span style=\"font-weight: 400;\"> von Kleinfl\u00e4chen. Im <\/span><span style=\"font-weight: 400;\">Unterschied zu den meisten anderen Vergr\u00e4mungsmethoden gibt es bei diesem Vogelvertreiber keinen Gew\u00f6hnungseffekt.\u00a0<\/span><\/p>\n<h3><b>H\u00e4ufig gestellte Fragen<\/b><\/h3>\n<p><b><i>Welche Vogelarten kann die Ultraschall-Taubenabwehr-Anlage vertreiben?\u00a0<\/i><\/b><\/p>\n<p><span style=\"font-weight: 400;\">Dieser Vogelvertreiber ist eine gro\u00dfartige Abschreckung f\u00fcr <\/span><span style=\"font-weight: 400;\">viele Arten von unerw\u00fcnschten V\u00f6geln wie Tauben, Stare, Spatzen, Amsel und Kr\u00e4hen<\/span><span style=\"font-weight: 400;\">.\u00a0<\/span><\/p>\n<p><b><i>Wie funktioniert die Ultraschall-Taubenabwehr-Anlage?<\/i><\/b><\/p>\n<p><span style=\"font-weight: 400;\">Der eingebaute Bewegungsmelder registriert V\u00f6gel und Tiere in einer Reichweite von circa 10 Meter. Wenn eindringende Kreaturen erkannt werden, setzt der Ton und das Blitzlicht ein und sobald die V\u00f6gel den alarmierenden Schnall h\u00f6ren und das Licht sehen, schwirren sie sofort ab.<\/span><\/p>\n<p><b><i>Ist dieser Vogelvertreiber wirksam?\u00a0<\/i><\/b><\/p>\n<p><span style=\"font-weight: 400;\">Ja, ohne Zweifel! Es ist unbestritten, dass diese Anlage V\u00f6gel davon abh\u00e4lt, das Schutzgebiet zu besuchen. Der Ton und das Blitzlicht bringen V\u00f6gel dazu, den Bereich zu verlassen.\u00a0<\/span><\/p>\n<p><b><i>Werden sich die V\u00f6gel an die Ultraschallanlage gew\u00f6hnen?<\/i><\/b><\/p>\n<p><span style=\"font-weight: 400;\">Im Unterschied zu den meisten anderen Vergr\u00e4mungsmethoden gibt es bei diesem Vogelvertreiber keinen Gew\u00f6hnungseffekt.\u00a0<\/span><\/p>\n<p><b><i>Wie effektiv ist dieses Ger\u00e4t im Vergleich zu anderen Abwehrma\u00dfnahmen?\u00a0<\/i><\/b><\/p>\n<p><span style=\"font-weight: 400;\">Als Vogelabwehrmethode hat sich diese Anlage als sehr effektiv herausgestellt.\u00a0<\/span><\/p>\n<p><span style=\"font-weight: 400;\">Im Vergleich zu anderen Abwehrma\u00dfnahmen belastet die Verwendung von der Ultraschallanlage die Umwelt in keiner Weise. Es l\u00e4sst sich \u00fcberall verwenden und verf\u00fcgt \u00fcber ein robustes Design f\u00fcr den Einsatz in anspruchsvollen Umgebungen und bei fast allen Wetterbedingungen.\u00a0<\/span><\/p>\n<p><span style=\"font-weight: 400;\">Au\u00dferdem ist das Ger\u00e4t f\u00fcr die V\u00f6gel v\u00f6llig unsch\u00e4dlich.<\/span><\/p>\n<p><b><i>Wie bestelle ich?\u00a0<\/i><\/b><\/p>\n<p><span style=\"font-weight: 400;\">Legen Sie den Artikel in den Warenkorb. M\u00f6chten Sie die Anzahl ver\u00e4ndern oder einen Artikel l\u00f6schen, ist es nun m\u00f6glich dies zu tun. Ist der Inhalt des Warenkorbs f\u00fcr Sie in Ordnung, geben Sie alle geforderten Daten korrekt an und w\u00e4hlen Sie die Zahlungsmethode. Ist die Bestellung erfolgreich gewesen, erhalten Sie eine Best\u00e4tigung per E-Mail von uns.<\/span><\/p>\n<h3><b>\u00dcber Bird Busters<\/b><\/h3>\n<p><span style=\"font-weight: 400;\">Wenn Sie Probleme mit unerw\u00fcnschten V\u00f6geln haben, wenden Sie sich an die Experten von Bird Busters. Wir bieten eine Reihe von umweltfreundlichen Produkten an, die Ihre l\u00e4stigen Probleme l\u00f6sen und alle zufrieden stellen.\u00a0<\/span><\/p>\n<p><span style=\"font-weight: 400;\">Unsere Mission ist es, Menschen dabei zu helfen, Ihren Garten oder Balkon, Ihre Obstb\u00e4ume oder Pflanzen vor V\u00f6gel zu sch\u00fctzen. Machen Sie sich gem\u00fctlich und sammeln Sie neue Ideen!<\/span><\/p>\n","protected":false},"excerpt":{"rendered":"<p><span style=\"font-weight: 400;\">Diese Ultraschall-Taubenabwehr-Anlage mit Bewegungsmelder ist zum Zweck der Vogelabwehr vorgesehen. Das Ger\u00e4t sendet einen hochfrequenten Ton in einem Bereich von 15-27 kHz aus, um St\u00f6renfriede von V\u00f6geln zu vertreiben und sorgt daf\u00fcr, dass sich die V\u00f6gel einen angenehmeren Aufenthaltsort suchen.\u00a0<\/span><\/p>\n<p><b>Ma\u00dfe:<\/b><span style=\"font-weight: 400;\"> 14,5 x 12,5 x 10 cm<\/span><\/p>\n<p><b>Gewicht: <\/b><span style=\"font-weight: 400;\">380 g<\/span><\/p>\n<p><b>Stromversorgung: <\/b><span style=\"font-weight: 400;\">3 x AA-Batterie (wiederaufladbaren)<\/span><\/p>\n","protected":false},"featured_media":5604,"template":"","meta":{"_themeisle_gutenberg_block_has_review":false},"product_brand":[],"product_cat":[93,166,88],"product_tag":[],"class_list":{"0":"post-5603","1":"product","2":"type-product","3":"status-publish","4":"has-post-thumbnail","6":"product_cat-akustische-vogelabwehr","7":"product_cat-tiervertreiber","8":"product_cat-vogelschreck","10":"first","11":"instock","12":"taxable","13":"shipping-taxable","14":"purchasable","15":"product-type-simple"},"_links":{"self":[{"href":"https:\/\/birdbusters.eu\/de\/wp-json\/wp\/v2\/product\/5603","targetHints":{"allow":["GET"]}}],"collection":[{"href":"https:\/\/birdbusters.eu\/de\/wp-json\/wp\/v2\/product"}],"about":[{"href":"https:\/\/birdbusters.eu\/de\/wp-json\/wp\/v2\/types\/product"}],"wp:featuredmedia":[{"embeddable":true,"href":"https:\/\/birdbusters.eu\/de\/wp-json\/wp\/v2\/media\/5604"}],"wp:attachment":[{"href":"https:\/\/birdbusters.eu\/de\/wp-json\/wp\/v2\/media?parent=5603"}],"wp:term":[{"taxonomy":"product_brand","embeddable":true,"href":"https:\/\/birdbusters.eu\/de\/wp-json\/wp\/v2\/product_brand?post=5603"},{"taxonomy":"product_cat","embeddable":true,"href":"https:\/\/birdbusters.eu\/de\/wp-json\/wp\/v2\/product_cat?post=5603"},{"taxonomy":"product_tag","embeddable":true,"href":"https:\/\/birdbusters.eu\/de\/wp-json\/wp\/v2\/product_tag?post=5603"}],"curies":[{"name":"wp","href":"https:\/\/api.w.org\/{rel}","templated":true}]}}