{"id":5693,"date":"2021-02-25T17:32:48","date_gmt":"2021-02-25T16:32:48","guid":{"rendered":"https:\/\/birdbusters.eu\/product\/eagle-shaped-bird-repellent-with-a-solar-battery-and-sound\/"},"modified":"2025-10-31T11:30:35","modified_gmt":"2025-10-31T10:30:35","slug":"eagle-shaped-bird-repellent-with-a-solar-battery-and-sound","status":"publish","type":"product","link":"https:\/\/birdbusters.eu\/de\/produkt\/eagle-shaped-bird-repellent-with-a-solar-battery-and-sound\/","title":{"rendered":"Solar-Vogelabwehr-Attrappe"},"content":{"rendered":"<h3>Solar-Vogelabwehr-Attrappe mit Ton<\/h3>\n<p><span style=\"font-weight: 400;\">Die Solar-Vogelabwehr-Attrappe ist eine einfache und wirksame Methode der Vogelabwehr. <\/span><span style=\"font-weight: 400;\">Adler werden von anderen Vogelarten gut erkannt. Sie jagen oft andere V\u00f6gel und ihre r\u00e4uberische Natur wird von anderen V\u00f6geln wahrgenommen. Deshalb verursacht die Anwesenheit der Attrappe ein hohes Unbehagen.\u00a0<\/span><\/p>\n<p><span style=\"font-weight: 400;\">Ausgestattet mit einem Drehlager, l\u00e4sst sich die Adler-Attrappe leicht im Wind drehen. In zuf\u00e4lligen Abst\u00e4nden erzeugt sie Ger\u00e4usche von Raubv\u00f6gel und suggeriert anderen V\u00f6gel, dass der Adler aktiv jagt. Sie f\u00fchlen sich unwohl, was dazu f\u00fchrt, dass sie einen anderen Lebensraum w\u00e4hlen.\u00a0<\/span><\/p>\n<p><span style=\"font-weight: 400;\">Dank der<\/span><span style=\"font-weight: 400;\"> Au\u00dfen der Attrappe, der Bewegung im Wind und der Raubvogel-Ger\u00e4usche, lassen sich die meisten Vogelarten von dieser Solar-Vogelabwehr-Attrappe beeindrucken. <\/span><span style=\"font-weight: 400;\">Sie wirkt bei Tauben, Amseln, Dohlen, Drosseln, Staren, Elstern und Spechten.\u00a0<\/span><\/p>\n<p><span style=\"font-weight: 400;\">Die Adler-Attrappe kann an <\/span><b>Orten wie Balkonen, Terrassen, G\u00e4rten, Booten, Sportpl\u00e4tze und D\u00e4chern<\/b><span style=\"font-weight: 400;\"> installiert werden. Bei der Aufstellung sollte immer eine Position gew\u00e4hlt werden, von der aus die Attrappe gut sichtbar f\u00fcr die V\u00f6gel ist. Die Halterung l\u00e4sst sie an der Wand oder auf den Pfosten befestigen.\u00a0<\/span><\/p>\n<p><span style=\"font-weight: 400;\">Das Solarpanel auf der R\u00fcckseite sorgt daf\u00fcr, dass der Akku aufgeladen wird. Das Produkt verf\u00fcgt auch \u00fcber einen Lichtsensor, der sicherstellt, dass im Dunkeln keine Ger\u00e4usche gemacht werden.<\/span><\/p>\n<p><span style=\"font-weight: 400;\">Die Solar-Vogelabwehr-Attrappe dient zur Vogelabwehr von Kleinfl\u00e4chen rund um den Adler. <\/span><span style=\"font-weight: 400;\">Eine Gew\u00f6hnung der V\u00f6gel an die Attrappe kann dennoch nicht ausgeschlossen werden. <\/span><span style=\"font-weight: 400;\">Um den Gew\u00f6hnungseffekt auszuschlie\u00dfen, sollte die Position der Attrappe von Zeit zu Zeit variiert werden.\u00a0<\/span><\/p>\n<h3><b>H\u00e4ufig gestellte Fragen<\/b><\/h3>\n<p><b><i>Welche Vogelarten kann die Solar-Vogelabwehr-Attrappe vertreiben?\u00a0<\/i><\/b><\/p>\n<p><span style=\"font-weight: 400;\">Diese Adler-Attrappe ist bei vielen Vogelarten zuverl\u00e4ssig. Zum Beispiel werden Tauben, Amseln, Dohlen, Drosseln, Staren, Elstern und Spechten ferngehalten.\u00a0<\/span><\/p>\n<p><b><i>Wie funktioniert die Solar-Vogelabwehr-Attrappe?<\/i><\/b><\/p>\n<p><span style=\"font-weight: 400;\">Dank der<\/span><span style=\"font-weight: 400;\"> Au\u00dfen der Attrappe, der Bewegung im Wind und der Raubvogel-Ger\u00e4usche, lassen sich die meisten Vogelarten von dieser Solar-Vogelabwehr-Attrappe beeindrucken.\u00a0<\/span><\/p>\n<p><span style=\"font-weight: 400;\">Ausgestattet mit einem Drehlager, l\u00e4sst sich die Adler-Attrappe leicht im Wind drehen. In zuf\u00e4lligen Abst\u00e4nden erzeugt sie Ger\u00e4usche von Raubv\u00f6gel und suggeriert anderen V\u00f6gel, dass der Adler aktiv jagt. Sie f\u00fchlen sich unwohl, was dazu f\u00fchrt, dass sie einen anderen Lebensraum w\u00e4hlen.\u00a0<\/span><\/p>\n<p><b><i>Ist diese Adler-Attrappe wirksam?\u00a0<\/i><\/b><\/p>\n<p><span style=\"font-weight: 400;\">Ja, ohne Zweifel! Es ist unbestritten, dass diese Attrappe V\u00f6gel davon abh\u00e4lt, das Schutzgebiet zu besuchen. Die Au\u00dfen der Attrappe, die Bewegung und die Ger\u00e4usche bringen V\u00f6gel dazu, den Bereich zu verlassen.\u00a0<\/span><\/p>\n<p><b><i>Werden sich die V\u00f6gel an die Attrappe gew\u00f6hnen?<\/i><\/b><\/p>\n<p><span style=\"font-weight: 400;\">Die Intelligenz der V\u00f6gel sollte auf keinen Fall untersch\u00e4tzt werden. Sie gew\u00f6hnen sich an Attrappen und lernen mit der Zeit, dass sie keine Gefahr darstellen. Um einem Gew\u00f6hnungseffekt entgegenzuwirken, ist es empfehlenswert, den Aufstellort regelm\u00e4\u00dfig zu wechseln. <\/span><span style=\"font-weight: 400;\">\u00a0<\/span><\/p>\n<p><b><i>Wie effektiv ist die Attrappe im Vergleich zu anderen Abwehrma\u00dfnahmen?\u00a0<\/i><\/b><\/p>\n<p><span style=\"font-weight: 400;\">Die Attrappe hat die Aufgabe, die V\u00f6gel durch ihr erschreckendes Aussehen, die st\u00e4ndige Bewegung und die Ger\u00e4usche zu vergr\u00e4men. Als optische Vogelabwehrmethode hat die Attrappe sich als sehr effektiv herausgestellt.\u00a0<\/span><\/p>\n<p><span style=\"font-weight: 400;\">der Einsatz von der Attrappe belastet die Umwelt in keiner Weise. Sie ben\u00f6tigt keine Energie und l\u00e4sst sich \u00fcberall einsetzen. Au\u00dferdem ist die Attrappe f\u00fcr die V\u00f6gel v\u00f6llig unsch\u00e4dlich.<\/span><\/p>\n<p><b><i>Wie kann ich V\u00f6gel vertreiben?\u00a0<\/i><\/b><\/p>\n<p><span style=\"font-weight: 400;\">Wenn Sie ein Problem mit den V\u00f6geln haben, gibt es viele M\u00f6glichkeiten, um sie zu vertreiben.\u00a0<\/span><\/p>\n<p><span style=\"font-weight: 400;\">Neben den <\/span><a href=\"https:\/\/birdbusters.eu\/de\/Category\/vogelscheuchen\/visuelle-vogelabschreckungen\/\"><span style=\"font-weight: 400;\">optischen Abwehrmittel<\/span><\/a><span style=\"font-weight: 400;\"> sind <\/span><a href=\"https:\/\/birdbusters.eu\/de\/Category\/vogelscheuchen\/akustische-vogelabwehr\/\"><span style=\"font-weight: 400;\">akustische Abwehrmittel<\/span><\/a><span style=\"font-weight: 400;\"> wirksame Alternativen. Eine weitere Option ist eine <\/span><a href=\"https:\/\/birdbusters.eu\/de\/produkt\/automated-laser-bird-repellent-2\/\"><span style=\"font-weight: 400;\">Vogelabwehr Laser<\/span><\/a><span style=\"font-weight: 400;\">, ein Ger\u00e4t, das V\u00f6gel mittels Laserstrahl verjagt.\u00a0<\/span><\/p>\n<p><b>\u00dcber Bird Busters<\/b><\/p>\n<p><span style=\"font-weight: 400;\">Wenn Sie Probleme mit unerw\u00fcnschten V\u00f6geln haben, wenden Sie sich an die Experten von Bird Busters. Wir bieten eine Reihe von umweltfreundlichen Produkten an, die Ihre l\u00e4stigen Probleme l\u00f6sen und alle zufrieden stellen.\u00a0<\/span><\/p>\n<p><span style=\"font-weight: 400;\">Unsere Mission ist es, Menschen dabei zu helfen, Ihren Garten oder Balkon, Ihre Obstb\u00e4ume oder Pflanzen vor V\u00f6gel zu sch\u00fctzen. Machen Sie sich gem\u00fctlich und sammeln Sie neue Ideen!<\/span><\/p>\n<p>&nbsp;<\/p>\n","protected":false},"excerpt":{"rendered":"<p><span style=\"font-weight: 400;\">Diese Solar-Vogelabwehr-Attrappe ist geeignet, um alle Arten von unerw\u00fcnschten V\u00f6geln von Ihrem Garten oder Balkon fernzuhalten. Die Attrappe ist 42 cm hoch, verf\u00fcgt \u00fcber reflektierende Augen und erzeugt Ger\u00e4usche von Greifv\u00f6geln und Kr\u00e4hen.<\/span><\/p>\n<p><strong>Ma\u00dfe: 43 x 35 x 19 cm<\/strong><\/p>\n<p>https:\/\/youtu.be\/Whn31p5u3q8<\/p>\n","protected":false},"featured_media":5697,"template":"","meta":{"_themeisle_gutenberg_block_has_review":false},"product_brand":[],"product_cat":[93,89,90],"product_tag":[],"class_list":{"0":"post-5693","1":"product","2":"type-product","3":"status-publish","4":"has-post-thumbnail","6":"product_cat-akustische-vogelabwehr","7":"product_cat-visuelle-vogelabschreckungen","8":"product_cat-vogelabwehrmittel","10":"first","11":"onbackorder","12":"taxable","13":"shipping-taxable","14":"purchasable","15":"product-type-simple"},"_links":{"self":[{"href":"https:\/\/birdbusters.eu\/de\/wp-json\/wp\/v2\/product\/5693","targetHints":{"allow":["GET"]}}],"collection":[{"href":"https:\/\/birdbusters.eu\/de\/wp-json\/wp\/v2\/product"}],"about":[{"href":"https:\/\/birdbusters.eu\/de\/wp-json\/wp\/v2\/types\/product"}],"wp:featuredmedia":[{"embeddable":true,"href":"https:\/\/birdbusters.eu\/de\/wp-json\/wp\/v2\/media\/5697"}],"wp:attachment":[{"href":"https:\/\/birdbusters.eu\/de\/wp-json\/wp\/v2\/media?parent=5693"}],"wp:term":[{"taxonomy":"product_brand","embeddable":true,"href":"https:\/\/birdbusters.eu\/de\/wp-json\/wp\/v2\/product_brand?post=5693"},{"taxonomy":"product_cat","embeddable":true,"href":"https:\/\/birdbusters.eu\/de\/wp-json\/wp\/v2\/product_cat?post=5693"},{"taxonomy":"product_tag","embeddable":true,"href":"https:\/\/birdbusters.eu\/de\/wp-json\/wp\/v2\/product_tag?post=5693"}],"curies":[{"name":"wp","href":"https:\/\/api.w.org\/{rel}","templated":true}]}}