{"id":5708,"date":"2021-02-25T17:49:54","date_gmt":"2021-02-25T16:49:54","guid":{"rendered":"https:\/\/birdbusters.eu\/product\/telescopic-rod-7m\/"},"modified":"2025-10-31T11:35:38","modified_gmt":"2025-10-31T10:35:38","slug":"telescopic-rod-7m","status":"publish","type":"product","link":"https:\/\/birdbusters.eu\/de\/produkt\/telescopic-rod-7m\/","title":{"rendered":"Teleskopstange, 7 M"},"content":{"rendered":"<h3>Teleskopstange f\u00fcr Vogelscheuchen<\/h3>\n<p>Die Teleskopstange ist der perfekte Mast f\u00fcr Ihren Vogelscheuchen. Dank ihrer Flexibilit\u00e4t ist die Stange ideal, um die Bewegungseffekte dieser Produkte zu verst\u00e4rken und dadurch wirkungsvolle Vergr\u00e4mung zu erzielen.<\/p>\n<p>Diese robuste und langlebige Stange besteht aus Fiberglas, was sie leicht und stabil macht. Bei Wind und Wetter steht sie sicher auf dem Feld und sorgt bei Schwach- und Starkwind f\u00fcr die richtige Ausrichtung der Vogelscheuchen.<\/p>\n<p>Au\u00dferdem ist sie teleskopierbar, so dass Sie die L\u00e4nge leicht an Ihre Bed\u00fcrfnisse anpassen k\u00f6nnen.<\/p>\n<p>&nbsp;<\/p>\n","protected":false},"excerpt":{"rendered":"<p>Diese Teleskopstange eignet sich als Mast f\u00fcr den <a href=\"https:\/\/birdbusters.eu\/de\/produkt\/adlerfoermiger-lenkdrachen\/\">Adler-Drachen<\/a>, den <a href=\"https:\/\/birdbusters.eu\/de\/produkt\/falkefoermiger-lenkdrachen-nur-lenkdrachen\/\">Falken-Drachen<\/a><a href=\"https:\/\/birdbusters.eu\/de\/produkt\/adleraugen\/\">\u00a0<\/a>und die <a href=\"https:\/\/birdbusters.eu\/de\/produkt\/schwarze-kugelfoermige-vogelscheuche\/\">Vogelschreck-Ballons<\/a>. Die 7 Meter Stange ist teleskopierbar, so dass Sie die L\u00e4nge leicht an Ihre Bed\u00fcrfnisse anpassen k\u00f6nnen.<\/p>\n","protected":false},"featured_media":5709,"template":"","meta":{"_themeisle_gutenberg_block_has_review":false,"rank_math_focus_keyword":"Teleskopstange","rank_math_title":"7 Meter Glasfaser\u2013Teleskopstange | BIRD BUSTERS","rank_math_description":"Teleskopstange aus Glasfaser, die sich als Mast f\u00fcr den Vogelscheuche-Drachen eignet. Klicken Sie bitte um mehr zu erfahren!","rank_math_canonical_url":"","rank_math_facebook_title":"","rank_math_facebook_description":"","rank_math_facebook_image":"","rank_math_twitter_title":"","rank_math_twitter_description":"","rank_math_twitter_image":"","rank_math_schema_FAQPage":[]},"product_brand":[],"product_cat":[266,275,269,262,237,242,90,94,247],"product_tag":[],"class_list":{"0":"post-5708","1":"product","2":"type-product","3":"status-publish","4":"has-post-thumbnail","6":"product_cat-kraehen-vertreiben","7":"product_cat-mowenabwehr","8":"product_cat-starenabwehr","9":"product_cat-vogelabwehr-an-flughafen","10":"product_cat-vogelabwehr-fur-gebaude-und-dacher","11":"product_cat-vogelabwehr-im-garten","12":"product_cat-vogelabwehrmittel","13":"product_cat-vogeldrachen","14":"product_cat-vogelschutz-fur-landwirtschaft-und-obstplantagen","15":"product_shipping_class-kuller-pick-up-point-de","17":"first","18":"instock","19":"taxable","20":"shipping-taxable","21":"purchasable","22":"product-type-simple"},"_links":{"self":[{"href":"https:\/\/birdbusters.eu\/de\/wp-json\/wp\/v2\/product\/5708","targetHints":{"allow":["GET"]}}],"collection":[{"href":"https:\/\/birdbusters.eu\/de\/wp-json\/wp\/v2\/product"}],"about":[{"href":"https:\/\/birdbusters.eu\/de\/wp-json\/wp\/v2\/types\/product"}],"wp:featuredmedia":[{"embeddable":true,"href":"https:\/\/birdbusters.eu\/de\/wp-json\/wp\/v2\/media\/5709"}],"wp:attachment":[{"href":"https:\/\/birdbusters.eu\/de\/wp-json\/wp\/v2\/media?parent=5708"}],"wp:term":[{"taxonomy":"product_brand","embeddable":true,"href":"https:\/\/birdbusters.eu\/de\/wp-json\/wp\/v2\/product_brand?post=5708"},{"taxonomy":"product_cat","embeddable":true,"href":"https:\/\/birdbusters.eu\/de\/wp-json\/wp\/v2\/product_cat?post=5708"},{"taxonomy":"product_tag","embeddable":true,"href":"https:\/\/birdbusters.eu\/de\/wp-json\/wp\/v2\/product_tag?post=5708"}],"curies":[{"name":"wp","href":"https:\/\/api.w.org\/{rel}","templated":true}]}}