{"id":5741,"date":"2015-10-08T11:43:35","date_gmt":"2015-10-08T09:43:35","guid":{"rendered":"https:\/\/birdbusters.eu\/product\/automated-laser-bird-repellent-2\/"},"modified":"2026-02-06T13:00:02","modified_gmt":"2026-02-06T12:00:02","slug":"automated-laser-bird-repellent-2","status":"publish","type":"product","link":"https:\/\/birdbusters.eu\/de\/produkt\/automated-laser-bird-repellent-2\/","title":{"rendered":"Vollautomatische Laser-Vogelscheuche"},"content":{"rendered":"<h3><b>Vollautomatische Laser-Vogelscheuche<\/b><\/h3>\n<p><span style=\"font-weight: 400;\">Die vollautomatische Laser-<a href=\"https:\/\/birdbusters.eu\/de\/produkt\/scare-man\/\">Vogelscheuche<\/a> ist sehr wirksam, wenn es darum geht, die Schadv\u00f6gel in den Griff zu bekommen und sie von Ihrem Feld zu entfernen. Sie geh\u00f6rt zu den effektivsten Vogelabwehrmitteln, und das aus gutem Grund \u2013 sie h\u00e4lt V\u00f6gel wirksam davon ab, Zeit auf Ihrem Feld zu verbringen.\u00a0<\/span><\/p>\n<p><span style=\"font-weight: 400;\">Die Strahlen des Lasers bewegen sich <strong>horizontal bis zu 355 Grad<\/strong>. V\u00f6gel nehmen den Laserstrahl als eine sich n\u00e4hernde physische Gefahr wahr und fl\u00fcchten vor dem vermeintlichen Feind. In Bereichen, in denen der horizontale Strahl allein nicht ausreicht, empfiehlt sich, das <a href=\"https:\/\/birdbusters.eu\/de\/produkt\/anti-vogel-lasergerat\/\">Anti-Vogel Laserger\u00e4t<\/a> sowohl mit horizontalem als auch mit vertikalem Strahl zu verwenden.<\/span><\/p>\n<p><span style=\"font-weight: 400;\">Die Laser-Vogelscheuche ist vor allem f\u00fcr die Verwendung bei geringer Lichtintensit\u00e4t konzipiert und ist am wirkungsvollsten bei bew\u00f6lkten, regnerischen oder nebligen Wetterbedingungen sowie morgens und abends, wenn die V\u00f6gel am aktivsten sind. <\/span><b>Die Reichweite<\/b><span style=\"font-weight: 400;\"> bei bew\u00f6lktem Himmel <\/span><b>betr\u00e4gt etwa 2 Kilometer.<\/b><span style=\"font-weight: 400;\">\u00a0<\/span><\/p>\n<p><span style=\"font-weight: 400;\">Bei heiteren Wetterbedingungen kann helles Sonnenlicht die Abwehraktion verhindern.\u00a0<\/span><\/p>\n<p><span style=\"font-weight: 400;\">Der Laser ist v\u00f6llig ger\u00e4uschlos, so dass er die Menschen in der N\u00e4he nicht st\u00f6rt. Au\u00dferdem ist er wetterfest (IP66) und funktioniert bei Temperaturen von -15 bis 30\u2103.\u00a0<\/span><\/p>\n<p><span style=\"font-weight: 400;\">Da die Fluchtreaktion von dem \u00dcberlebensinstinkt des Vogels ausgel\u00f6st wird, gibt es im Unterschied zu den meisten anderen Vergr\u00e4mungsmethoden keinen Gew\u00f6hnungseffekt. Bei konsistenten Einsatz des Lasers werden V\u00f6gel nach einiger Zeit das Gebiet als zu unsicher einstufen und nicht mehr zur\u00fcckkehren.\u00a0<\/span><\/p>\n<p><span style=\"font-weight: 400;\">Die Laser-Vogelscheuche ist bei vielen Vogelarten zuverl\u00e4ssig. Zum Beispiel werden Kr\u00e4hen, Raben, Dohlen, G\u00e4nse, M\u00f6wen, Tauben und Stare durch Lasertechnik ferngehalten.\u00a0<\/span><\/p>\n<p>Das Laserger\u00e4t ist sehr einfach einzurichten. \u00dcber die Drucktasten k\u00f6nnen Sie die Reichweite einstellen und das Ger\u00e4t ist in wenigen Minuten einsatzbereit. Funktioniert entweder mit einer\u00a0<a href=\"https:\/\/birdbusters.eu\/de\/produkt\/12v-batterie\/\">12-V-Batterie<\/a>\u00a0oder kann alternativ \u00fcber ein Solarpanel betrieben werden (auch in den Wintermonaten). Zum weiteren Zubeh\u00f6r geh\u00f6rt ein wasserdichter Adapter zum Anschluss des Lasers an die Stromversorgung.<\/p>\n<p>ACHTUNG! Die Laser-Vogelscheuche wird auf einer Palette transportiert und geliefert!<\/p>\n<h3><b>H\u00e4ufig gestellte Fragen<\/b><\/h3>\n<p><b><i>Welche Vogelarten kann die Laser-Vogelscheuche vertreiben?\u00a0<\/i><\/b><\/p>\n<p><span style=\"font-weight: 400;\">Die Laser-Vogelscheuche ist bei vielen Vogelarten zuverl\u00e4ssig. Zum Beispiel werden Kr\u00e4hen, Raben, M\u00f6wen, Dohlen, G\u00e4nse, Tauben und Stare durch Lasertechnik ferngehalten. <\/span><span style=\"font-weight: 400;\">\u00a0<\/span><\/p>\n<p><b><i>Wie funktioniert die Laser-Vogelscheuche?<\/i><\/b><\/p>\n<p><span style=\"font-weight: 400;\">Die Laser-Vogelscheuche bietet vollautomatische Abschreckung und verjagt V\u00f6gel mit einem beweglichen Laserstrahl. V\u00f6gel nehmen den Laserstrahl als eine sich n\u00e4hernde physische Gefahr wahr und fl\u00fcchten vor dem vermeintlichen Feind.\u00a0<\/span><\/p>\n<p><b><i>Ist die Laser-Vogelscheuche wirksam?\u00a0<\/i><\/b><\/p>\n<p><span style=\"font-weight: 400;\">Ja, ohne Zweifel! Es ist unbestritten, dass die Laser-Vogelscheuche viele Arten von V\u00f6geln wirksam davon abh\u00e4lt, bestimmte Gebiete zu besuchen. V\u00f6gel nehmen den herannahenden Laserstrahl als eine physische Gefahr wahr. Dies l\u00f6st den gew\u00fcnschten Fluchtreflex aus.\u00a0<\/span><\/p>\n<p><span style=\"font-weight: 400;\">Bei konsistentem Einsatz des Lasers werden V\u00f6gel das Gebiet nach einiger Zeit als unsicher einstufen und nicht mehr zur\u00fcckkehren.\u00a0\u00a0<\/span><\/p>\n<p><b><i>K\u00f6nnen sich die V\u00f6gel an Laser-Vogelscheuche gew\u00f6hnen?\u00a0<\/i><\/b><\/p>\n<p><span style=\"font-weight: 400;\">Da die V\u00f6gel die Strecke des Laserstrahls nicht im Voraus vorhersagen k\u00f6nnen, gibt es im Unterschied zu den meisten anderen Vergr\u00e4mungsmethoden keinen Gew\u00f6hnungseffekt. Die Wirkung bleibt daher \u00fcber die Zeit erhalten.\u00a0<\/span><\/p>\n<p><b><i>Wie effektiv ist diese Laser-Vogelscheuche im Vergleich zu anderen Abwehrma\u00dfnahmen?\u00a0<\/i><\/b><\/p>\n<p><span style=\"font-weight: 400;\">Als <a href=\"https:\/\/birdbusters.eu\/de\/Category\/vogelschreck\/visuelle-vogelabschreckungen\/\">optische Vogelabwehrmethode<\/a> hat die Laser-Vogelscheuche sich als sehr effektiv herausgestellt.\u00a0<\/span><\/p>\n<p><span style=\"font-weight: 400;\">Im Vergleich zu anderen Abwehrma\u00dfnahmen belastet die Verwendung von dem Laser die Umwelt in keiner Weise. Das Ger\u00e4t vergr\u00e4mt V\u00f6gel \u00fcber gro\u00dfe Entfernungen und von gro\u00dfen Fl\u00e4chen. Es l\u00e4sst sich in Innen- und Au\u00dfenbereichen verwenden und ist v\u00f6llig ger\u00e4uschlos.\u00a0<\/span><\/p>\n<p><span style=\"font-weight: 400;\">Au\u00dferdem ist das Ger\u00e4t f\u00fcr die V\u00f6gel unsch\u00e4dlich.<\/span><\/p>\n<p><b><i>Warum ist der Laserstrahl gr\u00fcn?\u00a0<\/i><\/b><\/p>\n<p><span style=\"font-weight: 400;\">Gr\u00fcn ist die Farbe, die die V\u00f6gel am besten fernh\u00e4lt. Er f\u00e4llt auf den meisten Fl\u00e4chen gut auf und ist f\u00fcr die V\u00f6gel deutlich sichtbar.\u00a0<\/span><\/p>\n<p><b><i>Wie bestelle ich?\u00a0<\/i><\/b><\/p>\n<p><span style=\"font-weight: 400;\">Legen Sie den Artikel in den Warenkorb. M\u00f6chten Sie die Anzahl ver\u00e4ndern oder einen Artikel l\u00f6schen, ist es nun m\u00f6glich dies zu tun. Ist der Inhalt des Warenkorbs f\u00fcr Sie in Ordnung, geben Sie alle geforderten Daten korrekt an und w\u00e4hlen Sie die Zahlungsmethode. Ist die Bestellung erfolgreich gewesen, erhalten Sie eine Best\u00e4tigung per E-Mail von uns.<\/span><\/p>\n<h3><b>\u00dcber Bird Busters<\/b><\/h3>\n<p><span style=\"font-weight: 400;\">Wenn Sie Probleme mit unerw\u00fcnschten V\u00f6geln haben, wenden Sie sich an die Experten von Bird Busters. Wir bieten eine Reihe von umweltfreundlichen Produkten an, die Ihre l\u00e4stigen Probleme l\u00f6sen und alle zufrieden stellen.\u00a0<\/span><\/p>\n<p><span style=\"font-weight: 400;\">Unsere Mission ist es, Menschen dabei zu helfen, Ihren Garten oder Balkon, Ihre Obstb\u00e4ume oder Pflanzen vor V\u00f6gel zu sch\u00fctzen. Machen Sie sich gem\u00fctlich und sammeln Sie neue Ideen!<\/span><\/p>\n<p>&nbsp;<\/p>\n","protected":false},"excerpt":{"rendered":"<p><span style=\"font-weight: 400;\">Diese vollautomatische Laser-Vogelscheuche ist ein vollautomatisches Ger\u00e4t, das V\u00f6gel aus gro\u00dfer Entfernung mit horizontalen Laserstrahlen vertreibt. Der gr\u00fcne Laserstrahl wird von den V\u00f6geln als physische Gefahr wahrgenommen und l\u00f6st einen Fluchtinstinkt aus. Das Ger\u00e4t bewirkt einen effizienten Schutz auf landwirtschaftlichen Nutzfl\u00e4chen.\u00a0<\/span><\/p>\n<p><b>Ma\u00dfe: <\/b><span style=\"font-weight: 400;\">55 x 55 x 50 cm<\/span><\/p>\n<p><b>Gewicht: <\/b><span style=\"font-weight: 400;\">17 kg<\/span><\/p>\n","protected":false},"featured_media":11758,"template":"","meta":{"_themeisle_gutenberg_block_has_review":false},"product_brand":[],"product_cat":[99,90],"product_tag":[],"class_list":{"0":"post-5741","1":"product","2":"type-product","3":"status-publish","4":"has-post-thumbnail","6":"product_cat-vogellaser","7":"product_cat-vogelabwehrmittel","9":"first","10":"onbackorder","11":"taxable","12":"shipping-taxable","13":"purchasable","14":"product-type-simple"},"_links":{"self":[{"href":"https:\/\/birdbusters.eu\/de\/wp-json\/wp\/v2\/product\/5741","targetHints":{"allow":["GET"]}}],"collection":[{"href":"https:\/\/birdbusters.eu\/de\/wp-json\/wp\/v2\/product"}],"about":[{"href":"https:\/\/birdbusters.eu\/de\/wp-json\/wp\/v2\/types\/product"}],"wp:featuredmedia":[{"embeddable":true,"href":"https:\/\/birdbusters.eu\/de\/wp-json\/wp\/v2\/media\/11758"}],"wp:attachment":[{"href":"https:\/\/birdbusters.eu\/de\/wp-json\/wp\/v2\/media?parent=5741"}],"wp:term":[{"taxonomy":"product_brand","embeddable":true,"href":"https:\/\/birdbusters.eu\/de\/wp-json\/wp\/v2\/product_brand?post=5741"},{"taxonomy":"product_cat","embeddable":true,"href":"https:\/\/birdbusters.eu\/de\/wp-json\/wp\/v2\/product_cat?post=5741"},{"taxonomy":"product_tag","embeddable":true,"href":"https:\/\/birdbusters.eu\/de\/wp-json\/wp\/v2\/product_tag?post=5741"}],"curies":[{"name":"wp","href":"https:\/\/api.w.org\/{rel}","templated":true}]}}