{"id":6717,"date":"2021-06-03T07:59:44","date_gmt":"2021-06-03T05:59:44","guid":{"rendered":"https:\/\/birdbusters.eu\/?post_type=product&#038;p=6717"},"modified":"2025-12-10T12:16:49","modified_gmt":"2025-12-10T11:16:49","slug":"adlerfoermiger-lenkdrachen-mit-stange-7-m-und-pfahl","status":"publish","type":"product","link":"https:\/\/birdbusters.eu\/de\/produkt\/adlerfoermiger-lenkdrachen-mit-stange-7-m-und-pfahl\/","title":{"rendered":"Adler-Drachen mit einem Teleskopmast (7 m)"},"content":{"rendered":"<div class=\"page\" title=\"Page 2\">\n<div class=\"layoutArea\">\n<div class=\"column\">\n<h3><b>Adler-Drachen zur Vogelabwehr<\/b><\/h3>\n<p><span style=\"font-weight: 400;\">Der Adler-Drachen ist eine wirksame und langlebige Methode, um Schadv\u00f6gel aus Ihrem Garten fernzuhalten. Er ist eines der beliebtesten Mittel zur Vogelabwehr, und das mit Recht \u2013 er verjagt die unerw\u00fcnschte Besucher von Ihrem Obstgarten oder von Ihren Feldern.<\/span><\/p>\n<p><span style=\"font-weight: 400;\">Der ger\u00e4uschlose und wirksame Drachen funktioniert immer, auch bei der leichtesten Windbrise (weniger als 2 km\/h). Der 7 Meter lange Teleskopmast sorgt f\u00fcr eine st\u00e4ndig wechselnde Bewegung des Drachens. Er steigt auf und st\u00fcrzt sich herab wie ein echter Adler und seine Anwesenheit reicht, um Schadv\u00f6gel fern zu halten. Die instinktive Angst vor Raubv\u00f6geln ist im Verhalten der V\u00f6gel festgesetzt und deshalb verhindert der Adler-Drachen ihres Einfliegen in den zu sch\u00fctzenden Bereichen.\u00a0<\/span><\/p>\n<p><span style=\"font-weight: 400;\">Die reflektierenden Augen und auff\u00e4llige Farbe des Drachens sind weitere Gr\u00fcnde daf\u00fcr, warum sich die V\u00f6gel von ihm gest\u00f6rt f\u00fchlen.\u00a0<\/span><\/p>\n<p><span style=\"font-weight: 400;\">Die Wirkungskreis des Adler-Drachens ist von seiner Flugh\u00f6he abh\u00e4ngig. Der 7 Meter lange Teleskopmast mit einer Rutenl\u00e4nge von circa 5 m, bringt die Vogelscheuche auf eine Flugh\u00f6he von bis zu 12 m. Die Wirkungsfl\u00e4che ist ungef\u00e4hr 0,75 ha.\u00a0<\/span><\/p>\n<p><span style=\"font-weight: 400;\">Zus\u00e4tzlich zu diesem Drachen-System, bieten wir auf unterschiedliche Einsatzgebiete zugeschnittene Systeme mit einem <\/span><a href=\"https:\/\/birdbusters.eu\/de\/produkt\/5-meter-langer-adlerfoermiger-drachen\/\"><span style=\"font-weight: 400;\">5-Meter<\/span><\/a><span style=\"font-weight: 400;\"> langen oder <\/span><a href=\"https:\/\/birdbusters.eu\/de\/produkt\/adlerfoermiger-lenkdrachen-mit-stange-9m\/\"><span style=\"font-weight: 400;\">9-Meter<\/span><\/a><span style=\"font-weight: 400;\"> langen Teleskopmast.\u00a0<\/span><\/p>\n<p><span style=\"font-weight: 400;\">Der Adler-Drachen ist ein tierfreundliches Vogelabwehr-Mittel, der V\u00f6gel auf nat\u00fcrlicher Art und Weise vertreibt. Die Ger\u00e4uschlosigkeit dieses Abwehrmittels sorgt daf\u00fcr, dass diese Vogelscheuche auch f\u00fcr G\u00e4rten und Balkonen gut geeignet ist.\u00a0\u00a0<\/span><\/p>\n<p><b>Einsatzbereiche. <\/b><span style=\"font-weight: 400;\">Das Drachen-System kann von jedermann zusammengebaut werden und kann \u00fcberall dort angebracht werden, wo man Schutz ben\u00f6tigt. Die Einsatzm\u00f6glichkeiten reichen von Gem\u00fcseanbau, Weinbau und Fischzucht bis zu Hochh\u00e4usern, Industriehallen, Hafenanlagen und M\u00fclldeponien.\u00a0<\/span><\/p>\n<p><span style=\"font-weight: 400;\">Die Flugh\u00f6he des Drachens erm\u00f6glicht auch den Einsatz in hochstehenden Kulturen, wie Obstbau oder Baumschulen.\u00a0<\/span><\/p>\n<p><b>Montage. <\/b><span style=\"font-weight: 400;\">Im Allgemeinen wurde darauf geachtet, dass die Installation dieses Abwehrmittels sehr einfach ist und nicht mehr als 10 Minuten dauert. Der Aufbau besteht aus vier einfachen Schritten:\u00a0<\/span><\/p>\n<ul>\n<li style=\"font-weight: 400;\" aria-level=\"1\"><span style=\"font-weight: 400;\">Schlagen Sie den Bodenanker bis zur H\u00e4lfte tief in den Boden;<\/span><\/li>\n<li style=\"font-weight: 400;\" aria-level=\"1\"><span style=\"font-weight: 400;\">Entfalten Sie den Mast zur vollen L\u00e4nge;<\/span><\/li>\n<li style=\"font-weight: 400;\" aria-level=\"1\"><span style=\"font-weight: 400;\">Setzen Sie den Adler zusammen und binden Sie ihn an die Spitze des Masts;<\/span><\/li>\n<li style=\"font-weight: 400;\" aria-level=\"1\"><span style=\"font-weight: 400;\">St\u00fclpen Sie den Teleskopmast \u00fcber den Bodenanker.<\/span><\/li>\n<\/ul>\n<p><span style=\"font-weight: 400;\">Bei der Befestigung auf einem Dach, verwenden Sie den mitgelieferten Erdspie\u00df f\u00fcr den Mast.\u00a0\u00a0<\/span><\/p>\n<h3><b>H\u00e4ufig gestellte Fragen<\/b><\/h3>\n<p><b><i>Welche V\u00f6gel lassen sich von dem Adler-Drachen beeindrucken?\u00a0<\/i><\/b><\/p>\n<p><span style=\"font-weight: 400;\">Die Vogelarten, die sich von dem Adler-Drachen beeindrucken lassen sind Tauben, Spatzen, Amsel, Kr\u00e4hen, Schwalben, G\u00e4nse, M\u00f6wen und Stare.\u00a0<\/span><\/p>\n<p><b><i>Wie kann ich unerw\u00fcnschte V\u00f6gel aus dem Garten vertreiben?\u00a0<\/i><\/b><\/p>\n<p><span style=\"font-weight: 400;\">Wenn Sie ein Problem mit den V\u00f6geln in Ihrem Garten haben, gibt es einige L\u00f6sungen, um sie zu vertreiben.\u00a0<\/span><\/p>\n<p><span style=\"font-weight: 400;\">Sie k\u00f6nnen, zum Beispiel <\/span><a href=\"https:\/\/birdbusters.eu\/de\/Category\/vogelscheuchen\/akustische-vogelabwehr\/\"><span style=\"font-weight: 400;\">akustische Abwehrmittel<\/span><\/a><span style=\"font-weight: 400;\"> wie <\/span><a href=\"https:\/\/birdbusters.eu\/de\/produkt\/bird-gard-kraehenschreck\/\"><span style=\"font-weight: 400;\">Kr\u00e4henschreck von Bird Guard<\/span><\/a><span style=\"font-weight: 400;\"> verwenden. Oder entscheiden Sie sich f\u00fcr etwas reflektierendes wie alte CDs, Streifen von Autofolie oder <\/span><a href=\"https:\/\/birdbusters.eu\/de\/produkt\/vogel-abwehrband\/\"><span style=\"font-weight: 400;\">Vogelabwehrband<\/span><\/a><span style=\"font-weight: 400;\">.\u00a0<\/span><\/p>\n<p><b><i>Ist der Vogelscheuche-Drachen wirksam?\u00a0<\/i><\/b><\/p>\n<p><span style=\"font-weight: 400;\">Ja, ohne Zweifel! Es ist unbestritten, dass der Vogelscheuche-Drachen Amseln und andere V\u00f6gel wirksam davon abh\u00e4lt, bestimmte Gebiete zu besuchen. Meisten V\u00f6gel haben instinktive Angst vor dem Raubvogel-\u00c4hnlichen Drachen und werden vermeiden, sich unterhalb des Drachens aufzuhalten.\u00a0<\/span><\/p>\n<p><b><i>K\u00f6nnen sich die V\u00f6gel an Vogelscheuche Drachen gew\u00f6hnen?\u00a0<\/i><\/b><\/p>\n<p><span style=\"font-weight: 400;\">Da die Instinktive Angst vor Raubv\u00f6geln im Verhalten der V\u00f6gel festgesetzt ist, k\u00f6nnen sie sich nur sehr schwer an Drachen gew\u00f6hnen. Einige leichte Gew\u00f6hnungseffekte k\u00f6nnen sich jedoch unter bestimmten Bedingungen einstellen. In diesem Fall ver\u00e4ndern Sie bitte die Position oder Flugh\u00f6he des Drachens.\u00a0<\/span><\/p>\n<p><b><i>Wirkt der Drachen auch bei Windstille?\u00a0<\/i><\/b><\/p>\n<p><span style=\"font-weight: 400;\">Der Drachen wird selbst mit einer leichten Brise (weniger als 2 km\/h) abheben und herumfliegen aber bei der totalen Windstille funktioniert er leider nicht.<\/span><\/p>\n<\/div>\n<\/div>\n<\/div>\n","protected":false},"excerpt":{"rendered":"<div class=\"page\" title=\"Page 2\">\n<div class=\"layoutArea\">\n<div class=\"column\">\n<p><span style=\"font-weight: 400;\">Der Adler-Drachen ist eine einfache, aber wirkungsvolle L\u00f6sung zur Vogelabwehr. Die fliegende Attrappe imitiert einen Adler auf der Jagd wobei ihre Silhouette und Bewegung an der Anlage die Schadv\u00f6gel alarmieren und ihrer Fluchtinstinkt initiieren. Die unerw\u00fcnschte Besucher werden auf nat\u00fcrlicher Art und Weise aus den zu sch\u00fctzenden Kulturen vertreibt.\u00a0<\/span><\/p>\n<p><span style=\"font-weight: 400;\">Dieser Adler-Drachen wird in einem kompletten Set mit einem 7 Meter langen Teleskopmast und Bodenanker geliefert.\u00a0<\/span><\/p>\n<p>https:\/\/youtu.be\/p6I04j4kwmo<\/p>\n<\/div>\n<\/div>\n<\/div>\n","protected":false},"featured_media":13429,"template":"","meta":{"_themeisle_gutenberg_block_has_review":false},"product_brand":[],"product_cat":[94,88],"product_tag":[],"class_list":{"0":"post-6717","1":"product","2":"type-product","3":"status-publish","4":"has-post-thumbnail","6":"product_cat-vogeldrachen","7":"product_cat-vogelschreck","8":"product_shipping_class-kuller-pick-up-point-de","10":"first","11":"instock","12":"sale","13":"taxable","14":"shipping-taxable","15":"purchasable","16":"product-type-simple"},"_links":{"self":[{"href":"https:\/\/birdbusters.eu\/de\/wp-json\/wp\/v2\/product\/6717","targetHints":{"allow":["GET"]}}],"collection":[{"href":"https:\/\/birdbusters.eu\/de\/wp-json\/wp\/v2\/product"}],"about":[{"href":"https:\/\/birdbusters.eu\/de\/wp-json\/wp\/v2\/types\/product"}],"wp:featuredmedia":[{"embeddable":true,"href":"https:\/\/birdbusters.eu\/de\/wp-json\/wp\/v2\/media\/13429"}],"wp:attachment":[{"href":"https:\/\/birdbusters.eu\/de\/wp-json\/wp\/v2\/media?parent=6717"}],"wp:term":[{"taxonomy":"product_brand","embeddable":true,"href":"https:\/\/birdbusters.eu\/de\/wp-json\/wp\/v2\/product_brand?post=6717"},{"taxonomy":"product_cat","embeddable":true,"href":"https:\/\/birdbusters.eu\/de\/wp-json\/wp\/v2\/product_cat?post=6717"},{"taxonomy":"product_tag","embeddable":true,"href":"https:\/\/birdbusters.eu\/de\/wp-json\/wp\/v2\/product_tag?post=6717"}],"curies":[{"name":"wp","href":"https:\/\/api.w.org\/{rel}","templated":true}]}}