{"id":7403,"date":"2021-05-13T12:09:36","date_gmt":"2021-05-13T10:09:36","guid":{"rendered":"https:\/\/birdbusters.eu\/product\/scare-man\/"},"modified":"2025-10-31T11:35:25","modified_gmt":"2025-10-31T10:35:25","slug":"scare-man","status":"publish","type":"product","link":"https:\/\/birdbusters.eu\/de\/produkt\/scare-man\/","title":{"rendered":"Aufblasbare Vogelscheuche"},"content":{"rendered":"<h3><b>Aufblasbare Vogelscheuche Scare Man<\/b><\/h3>\n<p><iframe loading=\"lazy\" title=\"Birdbusters Scaryman\" width=\"500\" height=\"375\" src=\"https:\/\/www.youtube.com\/embed\/_nNeq3NaCdg?feature=oembed\" frameborder=\"0\" allow=\"accelerometer; autoplay; clipboard-write; encrypted-media; gyroscope; picture-in-picture; web-share\" referrerpolicy=\"strict-origin-when-cross-origin\" allowfullscreen><\/iframe><\/p>\n<p><span style=\"font-weight: 400;\">Die erschreckende, aufblasbare Vogelscheuche ist eine einfache und wirksame Methode der Vogelabwehr. Die orange Vogelscheuche in Menschengr\u00f6\u00dfe erzeugt ein lautes Ger\u00e4usch und kann nachts beleuchtet werden.\u00a0<\/span><\/p>\n<p><span style=\"font-weight: 400;\">Dank der<\/span><span style=\"font-weight: 400;\"> Gr\u00f6<\/span><span style=\"font-weight: 400;\">\u00dfe<\/span><span style=\"font-weight: 400;\"> der Vogelscheuche, ihrer leuchtenden Farbe, der pl\u00f6tzlichen Bewegung in der Luft, der akustischen Signale und der Blinkleuchte, lassen sich die meisten Vogelarten von dem Scare Man beeindrucken. <\/span><span style=\"font-weight: 400;\">Sie wirkt bei Tauben, G\u00e4nse, Kr\u00e4hen, M\u00f6wen, Amseln, Staren, Hasen und Rehe.<\/span><\/p>\n<p><span style=\"font-weight: 400;\">Diese Vogelscheuche besteht aus einer Menschengro\u00dfen Puppe, einem Sockel mit einer Luftpumpe, einer Sirene und einer Lichtquelle. Die elektronische Steuerung l\u00e4sst die Vogelscheuche aufblasen und st\u00f6\u00dft dabei f\u00fcr 18-25 Sekunden laute akustische Signale und Lichtimpulse. Das System arbeitet zur vom Benutzer eingestellten Start- und Endzeit.\u00a0<\/span><\/p>\n<p><span style=\"font-weight: 400;\">Der Scare Man aufblasbare Vogelscheuche vereint die Wirkung der <\/span><a href=\"https:\/\/birdbusters.eu\/de\/Category\/vogelscheuchen\/visuelle-vogelabschreckungen\/\"><span style=\"font-weight: 400;\">optischen<\/span><\/a><span style=\"font-weight: 400;\"> und <\/span><a href=\"https:\/\/birdbusters.eu\/de\/Category\/vogelscheuchen\/akustische-vogelabwehr\/\"><span style=\"font-weight: 400;\">akustischen Vogelabwehr-Mittel<\/span><\/a><span style=\"font-weight: 400;\">. Bei diesen Mitteln besteht immer die Gefahr, dass sich die V\u00f6gel an die Vogelscheuchen gew\u00f6hnen. Um den Gew\u00f6hnungseffekt auszuschlie\u00dfen, sollte die Position der Vogelscheuche von Zeit zu Zeit variiert werden.\u00a0<\/span><\/p>\n<p><span style=\"font-weight: 400;\">Um den \u00dcberraschungseffekt zu erhalten, ist es auch empfehlenswert, die Intervalle von fest auf zuf\u00e4llig zu stellen.\u00a0\u00a0<\/span><\/p>\n<p><span style=\"font-weight: 400;\">Die Vogelscheuche wird mit einer <\/span><a href=\"https:\/\/birdbusters.eu\/de\/produkt\/12v-batterie\/\"><span style=\"font-weight: 400;\">12-Volt-Batterie<\/span><\/a><span style=\"font-weight: 400;\"> betrieben (nicht im Lieferumfang enthalten). Die Batterie sollte nach 14 Tagen nachgeladen werden, aber au\u00dfer dem okkasionellen Batterietausch ist eine Wartung dieser Vogelscheuche kaum notwendig.\u00a0<\/span><\/p>\n<p><b>Einsatzbereiche: <\/b><span style=\"font-weight: 400;\">Die aufblasbare Vogelscheuche ist f\u00fcr unterschiedliche Einsatzgebiete wie z.B. G\u00e4rten, Landwirtschaft, Flugh\u00e4fen, Feldern und M\u00fclldeponien geeignet.\u00a0<\/span><\/p>\n<h3><b>H\u00e4ufig gestellte Fragen<\/b><\/h3>\n<p><b><i>Welche Vogelarten kann diese aufblasbare Vogelscheuche vertreiben?\u00a0<\/i><\/b><\/p>\n<p><span style=\"font-weight: 400;\">Dank der<\/span><span style=\"font-weight: 400;\"> Gr\u00f6<\/span><span style=\"font-weight: 400;\">\u00dfe<\/span><span style=\"font-weight: 400;\"> der Vogelscheuche, ihrer leuchtenden Farbe, der pl\u00f6tzlichen Bewegung in der Luft, der akustischen Signale und der Blinkleuchte, lassen sich die meisten Vogelarten von dem Scare Man beeindrucken. <\/span><span style=\"font-weight: 400;\">Sie wirkt bei Tauben, G\u00e4nse, Kr\u00e4hen, M\u00f6wen, Amseln, Staren, Hasen und Rehe.<\/span><\/p>\n<p><b><i>Wie funktioniert diese Vogelscheuche?<\/i><\/b><\/p>\n<p><span style=\"font-weight: 400;\">Diese Vogelscheuche besteht aus einer Menschengro\u00dfen Puppe, einem Sockel mit einer Luftpumpe, einer Sirene und einer Lichtquelle. Die elektronische Steuerung l\u00e4sst die Vogelscheuche aufblasen und st\u00f6\u00dft dabei f\u00fcr 18-25 Sekunden laute akustische Signale und Lichtimpulse. Die V\u00f6gel, die sie h\u00f6ren und sehen, halten sich von der zu sch\u00fctzenden Fl\u00e4che fern.\u00a0<\/span><\/p>\n<p><b><i>Werden sich die V\u00f6gel an den Scare Man gew\u00f6hnen?<\/i><\/b><\/p>\n<p><span style=\"font-weight: 400;\">Der Scare Man aufblasbare Vogelscheuche vereint die Wirkung der <\/span><a href=\"https:\/\/birdbusters.eu\/de\/Category\/vogelscheuchen\/visuelle-vogelabschreckungen\/\"><span style=\"font-weight: 400;\">optischen<\/span><\/a><span style=\"font-weight: 400;\"> und <\/span><a href=\"https:\/\/birdbusters.eu\/de\/Category\/vogelscheuchen\/akustische-vogelabwehr\/\"><span style=\"font-weight: 400;\">akustischen Vogelabwehr-Mittel<\/span><\/a><span style=\"font-weight: 400;\">. Bei diesen Mitteln besteht immer die Gefahr, dass sich die V\u00f6gel an die Vogelscheuchen gew\u00f6hnen. Um den Gew\u00f6hnungseffekt auszuschlie\u00dfen, sollte die Position der Vogelscheuche von Zeit zu Zeit variiert werden.\u00a0<\/span><\/p>\n<p><span style=\"font-weight: 400;\">Um den \u00dcberraschungseffekt zu erhalten, ist es auch empfehlenswert, die Intervalle von fest auf zuf\u00e4llig zu stellen.\u00a0\u00a0<\/span><\/p>\n<p><b><i>Ist die aufblasbare Vogelscheuche wirksam?\u00a0<\/i><\/b><\/p>\n<p><span style=\"font-weight: 400;\">Ja, ohne Zweifel! Es ist unbestritten, dass diese Vogelscheuche V\u00f6gel wirksam davon abh\u00e4lt, bestimmte Gebiete zu besuchen.\u00a0<\/span><\/p>\n<p><span style=\"font-weight: 400;\">Die Vogelscheuche vergr\u00e4mt die V\u00f6gel durch ihr erschreckendes Aussehen, die pl\u00f6tzliche Bewegung, akustische Signale und Blinkleuchte. Als Vogelabwehr-Methode hat sich der Scare Man als sehr effektiv herausgestellt.\u00a0<\/span><\/p>\n<p><b><i>Wie bestelle ich?\u00a0<\/i><\/b><\/p>\n<p><span style=\"font-weight: 400;\">Legen Sie den Artikel in den Warenkorb. M\u00f6chten Sie die Anzahl ver\u00e4ndern oder einen Artikel l\u00f6schen, ist es nun m\u00f6glich dies zu tun. Ist der Inhalt des Warenkorbs f\u00fcr Sie in Ordnung, geben Sie alle geforderten Daten korrekt an und w\u00e4hlen Sie die Zahlungsmethode. Ist die Bestellung erfolgreich gewesen, erhalten Sie eine Best\u00e4tigung per E-Mail von uns.<\/span><\/p>\n<p><b>\u00dcber Bird Busters<\/b><\/p>\n<p><span style=\"font-weight: 400;\">Wenn Sie Probleme mit unerw\u00fcnschten V\u00f6geln haben, wenden Sie sich an die Experten von Bird Busters. Wir bieten eine Reihe von umweltfreundlichen Produkten an, die Ihre l\u00e4stigen Probleme l\u00f6sen und alle zufrieden stellen.\u00a0<\/span><\/p>\n<p><span style=\"font-weight: 400;\">Unsere Mission ist es, Menschen dabei zu helfen, Ihren Garten oder Balkon, Ihre Obstb\u00e4ume oder Pflanzen vor V\u00f6gel zu sch\u00fctzen. Machen Sie sich gem\u00fctlich und sammeln Sie neue Ideen!<\/span><\/p>\n","protected":false},"excerpt":{"rendered":"<p><span style=\"font-weight: 400;\">Diese aufblasbare Vogelscheuche vereint die abschreckende Wirkung der nat\u00fcrlichen Warnfarben, der akustischen Signale und der Blinkleuchte. Die Kombination aus pl\u00f6tzlicher Bewegung, einem sirene-artigen Ton und einer abwehrenden Farbe sorgen daf\u00fcr, dass V\u00f6gel sich nicht in ihre N\u00e4he trauen.\u00a0<\/span><\/p>\n<p><b>H\u00f6he: <\/b><span style=\"font-weight: 400;\">142 cm<\/span><\/p>\n<p><b>Gewicht: <\/b><span style=\"font-weight: 400;\">5,5 kg<\/span><\/p>\n<p><b>Wirkungskreis: <\/b><span style=\"font-weight: 400;\">1 \u2013 2 Ha<\/span><\/p>\n","protected":false},"featured_media":7404,"template":"","meta":{"_themeisle_gutenberg_block_has_review":false},"product_brand":[],"product_cat":[166,90],"product_tag":[],"class_list":{"0":"post-7403","1":"product","2":"type-product","3":"status-publish","4":"has-post-thumbnail","6":"product_cat-tiervertreiber","7":"product_cat-vogelabwehrmittel","9":"first","10":"onbackorder","11":"taxable","12":"shipping-taxable","13":"purchasable","14":"product-type-simple"},"_links":{"self":[{"href":"https:\/\/birdbusters.eu\/de\/wp-json\/wp\/v2\/product\/7403","targetHints":{"allow":["GET"]}}],"collection":[{"href":"https:\/\/birdbusters.eu\/de\/wp-json\/wp\/v2\/product"}],"about":[{"href":"https:\/\/birdbusters.eu\/de\/wp-json\/wp\/v2\/types\/product"}],"wp:featuredmedia":[{"embeddable":true,"href":"https:\/\/birdbusters.eu\/de\/wp-json\/wp\/v2\/media\/7404"}],"wp:attachment":[{"href":"https:\/\/birdbusters.eu\/de\/wp-json\/wp\/v2\/media?parent=7403"}],"wp:term":[{"taxonomy":"product_brand","embeddable":true,"href":"https:\/\/birdbusters.eu\/de\/wp-json\/wp\/v2\/product_brand?post=7403"},{"taxonomy":"product_cat","embeddable":true,"href":"https:\/\/birdbusters.eu\/de\/wp-json\/wp\/v2\/product_cat?post=7403"},{"taxonomy":"product_tag","embeddable":true,"href":"https:\/\/birdbusters.eu\/de\/wp-json\/wp\/v2\/product_tag?post=7403"}],"curies":[{"name":"wp","href":"https:\/\/api.w.org\/{rel}","templated":true}]}}