{"id":7532,"date":"2021-12-05T17:18:43","date_gmt":"2021-12-05T16:18:43","guid":{"rendered":"https:\/\/birdbusters.eu\/product\/5-meter-eagle-kite\/"},"modified":"2026-02-06T12:59:08","modified_gmt":"2026-02-06T11:59:08","slug":"5-meter-langer-adlerfoermiger-drachen","status":"publish","type":"product","link":"https:\/\/birdbusters.eu\/de\/produkt\/5-meter-langer-adlerfoermiger-drachen\/","title":{"rendered":"Raubvogel-Drachen mit einem Teleskopmast (5m)"},"content":{"rendered":"<h3><b>Raubvogel-Drachen zur Vogelabwehr<\/b><\/h3>\n<p><span style=\"font-weight: 400;\">Der Raubvogel-Drachen ist eine effektive und langlebige Methode, um die l\u00e4stigen V\u00f6gel aus Ihrem Garten zu entfernen. Er ist einer der popul\u00e4rsten Mittel zur Vogelabwehr, und das aus gutem Grund \u2013 er h\u00e4lt V\u00f6gel wirksam davon ab, Zeit in Ihrem Garten oder auf Ihrem Feld zu verbringen.<\/span><\/p>\n<p><span style=\"font-weight: 400;\">Der Drachen funktioniert immer, auch bei der leichtesten Brise. Der 5 Meter lange Teleskopmast sorgt f\u00fcr stetige, sich \u00e4ndernde Bewegung des Drachens. Er steigt auf und st\u00fcrzt sich herab wie ein echter Adler und verjagt damit die V\u00f6gel. Die Instinktive Angst vor Raubv\u00f6geln ist im Verhalten der V\u00f6gel festgesetzt und deshalb verhindert der Raubvogel-Drachen ihres Einfliegen in den zu sch\u00fctzenden Bereichen.\u00a0<\/span><\/p>\n<p><span style=\"font-weight: 400;\">Die reflektierenden Augen und auff\u00e4llige Farben des Drachens sind weitere Gr\u00fcnde daf\u00fcr, warum sich die V\u00f6gel von den Drachen gest\u00f6rt f\u00fchlen.\u00a0<\/span><\/p>\n<p><span style=\"font-weight: 400;\">Die Wirkungsfl\u00e4che des Raubvogel-Drachens ist von seiner Flugh\u00f6he abh\u00e4ngig. Der 5 Meter lange Teleskopmast mit einer Rutenl\u00e4nge von circa 4 m, bringt die <a href=\"https:\/\/birdbusters.eu\/de\/produkt\/scare-man\/\">Vogelscheuche<\/a> auf eine Flugh\u00f6he von bis zu 9 m. Die Wirkungsfl\u00e4che ist ungef\u00e4hr 0,5 ha.\u00a0<\/span><\/p>\n<p><span style=\"font-weight: 400;\">Wenn Sie eine gr\u00f6\u00dfere Fl\u00e4che zu sch\u00fctzen haben, empfehlen wir die Installation von dem <\/span><a href=\"https:\/\/birdbusters.eu\/de\/produkt\/adlerfoermiger-lenkdrachen-mit-stange-7-m-und-pfahl\/\"><span style=\"font-weight: 400;\">7-Meter<\/span><\/a><span style=\"font-weight: 400;\"> oder <\/span><a href=\"https:\/\/birdbusters.eu\/de\/produkt\/adlerfoermiger-lenkdrachen-mit-stange-9m\/\"><span style=\"font-weight: 400;\">9-Meter langen Teleskopmast<\/span><\/a><span style=\"font-weight: 400;\">.\u00a0<\/span><\/p>\n<p><span style=\"font-weight: 400;\">Der Raubvogel-Drachen ist ein tierfreundliches Vogelabwehr-Mittel, der V\u00f6gel auf nat\u00fcrlicher Art und Weise vertreibt. Die Ger\u00e4uschlosigkeit dieses Abwehrmittels sorgt daf\u00fcr, dass diese Vogelscheuche auch f\u00fcr G\u00e4rten und Balkonen gut geeignet ist.\u00a0\u00a0<\/span><\/p>\n<p><b>Einsatzbereiche. <\/b><span style=\"font-weight: 400;\">Das Drachen-System ist innerhalb von Minuten zusammengebaut und kann \u00fcberall dort angebracht werden, wo Sie Schutz ben\u00f6tigen. Einige Einsatzm\u00f6glichkeiten sind Gem\u00fcseanbau, Weinbau, Fischzucht, Hochh\u00e4user, Industriehallen, Hafenanlagen und M\u00fclldeponien.\u00a0<\/span><\/p>\n<p><span style=\"font-weight: 400;\">Die Flugh\u00f6he des Drachens erm\u00f6glicht auch den Einsatz in hochstehenden Kulturen, wie Obstbau oder Baumschulen.\u00a0<\/span><\/p>\n<p><b>Montage. <\/b><span style=\"font-weight: 400;\">Im Allgemeinen wurde darauf geachtet, dass die Installation dieses Abwehrmittels sehr einfach ist, so dass Sie sich nicht viele Sorgen machen m\u00fcssen. Der Drachen soll lediglich \u00fcber eine Stange gest\u00fclpt und an dem Mast geh\u00e4ngt werden.\u00a0<\/span><\/p>\n<h3><b>H\u00e4ufig gestellte Fragen<\/b><\/h3>\n<p><b><i>Welche V\u00f6gel lassen sich von dem Raubvogel-Drachen beeindrucken?\u00a0<\/i><\/b><\/p>\n<p><span style=\"font-weight: 400;\">Die Vogelarten, die sich von dem Raubvogel-Drachen beeindrucken lassen sind Tauben, Spatzen, Amsel, Kr\u00e4hen, Schwalben, G\u00e4nse, M\u00f6wen und Stare.\u00a0<\/span><\/p>\n<p><b><i>Wie kann ich V\u00f6gel aus dem Garten vertreiben?\u00a0<\/i><\/b><\/p>\n<p><span style=\"font-weight: 400;\">Wenn Sie ein Problem mit den V\u00f6geln in Ihrem Garten haben, gibt es einige L\u00f6sungen, um sie loszuwerden.\u00a0<\/span><\/p>\n<p><span style=\"font-weight: 400;\">Sie k\u00f6nnen, zum Beispiel auch <\/span><a href=\"https:\/\/birdbusters.eu\/de\/Category\/vogelschreck\/akustische-vogelabwehr\/\"><span style=\"font-weight: 400;\">akustische Abwehrmittel<\/span><\/a><span style=\"font-weight: 400;\"> wie <\/span><a href=\"https:\/\/birdbusters.eu\/de\/produkt\/bird-gard-kraehenschreck\/\"><span style=\"font-weight: 400;\">Kr\u00e4henschreck von Bird Guard<\/span><\/a><span style=\"font-weight: 400;\"> verwenden. Oder entscheiden Sie sich f\u00fcr etwas reflektierendes wie alte CDs, Streifen von Autofolie oder <\/span><a href=\"https:\/\/birdbusters.eu\/de\/produkt\/vogel-abwehrband\/\"><span style=\"font-weight: 400;\">Vogelabwehrband<\/span><\/a><span style=\"font-weight: 400;\">.\u00a0<\/span><\/p>\n<p><b><i>Ist der Vogelscheuche-Drachen wirksam?\u00a0<\/i><\/b><\/p>\n<p><span style=\"font-weight: 400;\">Ja, ohne Zweifel! Es ist unbestritten, dass der Vogelscheuche-Drachen Amseln und andere V\u00f6gel wirksam davon abh\u00e4lt, bestimmte Gebiete zu besuchen. Meisten V\u00f6gel haben instinktive Angst vor dem Raubvogel-\u00c4hnlichen Drachen und werden vermeiden, sich unterhalb des Drachens aufzuhalten.\u00a0<\/span><\/p>\n<p><b><i>K\u00f6nnen sich die V\u00f6gel an Vogelscheuche Drachen gew\u00f6hnen?\u00a0<\/i><\/b><\/p>\n<p><span style=\"font-weight: 400;\">Da die Instinktive Angst vor Raubv\u00f6geln im Verhalten der V\u00f6gel festgesetzt ist, k\u00f6nnen sie sich nur sehr schwer an Drachen gew\u00f6hnen. Einige leichte Gew\u00f6hnungseffekte k\u00f6nnen sich jedoch unter bestimmten Bedingungen einstellen. In diesem Fall ver\u00e4ndern Sie bitte die Position oder Flugh\u00f6he des Drachens.\u00a0<\/span><\/p>\n<p><b><i>Wirkt der Drachen auch bei Windstille?\u00a0<\/i><\/b><\/p>\n<p><span style=\"font-weight: 400;\">Der Drachen braucht etwas Wind und wirkt bei Windstille leider nicht.<\/span><\/p>\n<p><b><i>Welche Zahlungsarten kann ich verwenden?\u00a0<\/i><\/b><\/p>\n<p><span style=\"font-weight: 400;\">F\u00fcr Ihre Online-Bestellungen k\u00f6nnen Sie entweder die Kreditkarte oder PayPal verwenden. Ihre gew\u00fcnschte Zahlungsart k\u00f6nnen Sie beim Bestellabschluss w\u00e4hlen.<\/span><\/p>\n<p><b><i>Kann ich die Bestellung \u00e4ndern oder stornieren?\u00a0<\/i><\/b><\/p>\n<p><span style=\"font-weight: 400;\">Um Ihre Bestellung z\u00fcgig zu versenden, wird sie umgehend von uns bearbeitet. Wenn Sie \u00c4nderungen oder eine Stornierung der Bestellung w\u00fcnschen, kontaktieren Sie daher bitte schnellstm\u00f6glich unseren Kundenservice \u00fcber das Kontaktformular. Bitte beachten Sie, dass nach Versand keine \u00c4nderungen mehr durchgef\u00fchrt werden k\u00f6nnen.<\/span><\/p>\n<p><b><i>Wie schnell liefern Sie?\u00a0<\/i><\/b><\/p>\n<p><span style=\"font-weight: 400;\">Wir verschicken jede Sendung sp\u00e4testens 24 Stunde nach Eingang, oftmals noch am gleichen Tag. Die Waren sollten also schnellstm\u00f6glich bei Ihnen eintreffen \u2013 in Deutschland erfahrungsgem\u00e4\u00df innerhalb von 7 Tagen nach der Bestellung.<\/span><\/p>\n","protected":false},"excerpt":{"rendered":"<p><span style=\"font-weight: 400;\">Der Raubvogel-Drachen ist eine einfache aber wirksame L\u00f6sung, zur Abwehr von V\u00f6geln. Der fliegende Adler-Attrappe imitiert einen Raubvogel auf der Jagd. Seine Silhouette und Bewegung an der Anlage alarmieren die Schadv\u00f6gel, die sich unterhalb des Drachens nicht aufzuhalten wollen. Daf\u00fcr vertreibt diese Abwehrmethode unerw\u00fcnschte Besucher und bewahrt Ihr Eigentum vor Schaden.\u00a0<\/span><\/p>\n<p><span style=\"font-weight: 400;\">Dieser Raubvogel-Drachen wird in einem kompletten Set mit einem 5 Meter langen Teleskopmast geliefert.<\/span><\/p>\n","protected":false},"featured_media":13486,"template":"","meta":{"_themeisle_gutenberg_block_has_review":false},"product_brand":[],"product_cat":[94,88],"product_tag":[],"class_list":{"0":"post-7532","1":"product","2":"type-product","3":"status-publish","4":"has-post-thumbnail","6":"product_cat-vogeldrachen","7":"product_cat-vogelschreck","8":"product_shipping_class-kuller-pick-up-point-de","10":"first","11":"instock","12":"sale","13":"taxable","14":"shipping-taxable","15":"purchasable","16":"product-type-simple"},"_links":{"self":[{"href":"https:\/\/birdbusters.eu\/de\/wp-json\/wp\/v2\/product\/7532","targetHints":{"allow":["GET"]}}],"collection":[{"href":"https:\/\/birdbusters.eu\/de\/wp-json\/wp\/v2\/product"}],"about":[{"href":"https:\/\/birdbusters.eu\/de\/wp-json\/wp\/v2\/types\/product"}],"wp:featuredmedia":[{"embeddable":true,"href":"https:\/\/birdbusters.eu\/de\/wp-json\/wp\/v2\/media\/13486"}],"wp:attachment":[{"href":"https:\/\/birdbusters.eu\/de\/wp-json\/wp\/v2\/media?parent=7532"}],"wp:term":[{"taxonomy":"product_brand","embeddable":true,"href":"https:\/\/birdbusters.eu\/de\/wp-json\/wp\/v2\/product_brand?post=7532"},{"taxonomy":"product_cat","embeddable":true,"href":"https:\/\/birdbusters.eu\/de\/wp-json\/wp\/v2\/product_cat?post=7532"},{"taxonomy":"product_tag","embeddable":true,"href":"https:\/\/birdbusters.eu\/de\/wp-json\/wp\/v2\/product_tag?post=7532"}],"curies":[{"name":"wp","href":"https:\/\/api.w.org\/{rel}","templated":true}]}}