{"id":7627,"date":"2021-12-05T16:50:29","date_gmt":"2021-12-05T15:50:29","guid":{"rendered":"https:\/\/birdbusters.eu\/product\/super-plus-bird-repellent\/"},"modified":"2026-01-19T08:56:59","modified_gmt":"2026-01-19T07:56:59","slug":"super-plus-vogelscheuche","status":"publish","type":"product","link":"https:\/\/birdbusters.eu\/de\/produkt\/super-plus-vogelscheuche\/","title":{"rendered":"Super Plus BG Vogelscheuche"},"content":{"rendered":"<h3>Wie der Super Plus Vogelscheuche funktioniert<\/h3>\n<p>Der <strong>Super Plus Vogelscheuche<\/strong> ist ein leistungsf\u00e4higes Instrument, um Ihr Grundst\u00fcck von unerw\u00fcnschten Besuchern frei zu halten. Diese <a href=\"https:\/\/birdbusters.eu\/de\/Category\/vogelscheuchen\/akustische-vogelabwehr\/\">akustische Vogelabvehr<\/a> verwendet eine Kombination aus Raubvogelrufen, verzweifelten Vogelschreien und blinkenden Lichtblitzen, um eine feindliche Umgebung f\u00fcr sch\u00e4dliche V\u00f6gel und Nagetiere zu schaffen. Der Birdchaser sendet die aufgenommenen Ger\u00e4usche von Raubv\u00f6geln wie Falken und Eulen sowie die Notrufe kleinerer V\u00f6gel. Dadurch werden V\u00f6gel wie Spatzen, Amseln und Stare verscheucht. Die zus\u00e4tzlichen hellen LED-Blitzlichter sorgen f\u00fcr eine visuelle Abschreckung, die das Gef\u00fchl der Gefahr noch verst\u00e4rkt.<\/p>\n<p>Der Passiv-Infrarot-Sensor (PIR) \u00fcberwacht einen f\u00e4cherf\u00f6rmigen Bereich von 130 Grad. Die Erfassungsreichweite betr\u00e4gt bis zu 12 Meter, der Erfassungsbereich des Ger\u00e4ts liegt bei 163 Quadratmetern. Wenn Tiere oder V\u00f6gel in den \u00fcberwachten Bereich eindringen, wird der PIR-Sensor ausgel\u00f6st und aktiviert sowohl den Ton als auch die leistungsstarken LED-Lichtblitze.<\/p>\n<h3>Wesentliche Merkmale<\/h3>\n<ul style=\"list-style-type: disc;\">\n<li><strong>Akustisches und optisches Abschreckungssystem:<\/strong> Der Super Plus Vogelscheuche verf\u00fcgt \u00fcber fortschrittliche Vogelabwehrtechniken. Die Kombination aus realistischen Raubtierrufen, verzweifelten Vogelschreien und hellen Stroboskoplichtern schafft ein multisensorisches Erlebnis, das V\u00f6gel und Nagetiere vertreibt.<\/li>\n<li><strong>Batteriebetrieben f\u00fcr maximale Mobilit\u00e4t:<\/strong> Das Ger\u00e4t wird mit sechs D-Alkalibatterien betrieben und kann daher \u00fcberall auf Ihrem Grundst\u00fcck aufgestellt werden. Diese Mobilit\u00e4t macht es ideal f\u00fcr gro\u00dfe Fl\u00e4chen wie Bauernh\u00f6fe, G\u00e4rten und Weinberge, wo eine strategische Platzierung wichtig ist. Da keine Steckdosen ben\u00f6tigt werden, kann der Super Plus Vogelscheuche \u00fcberall dort installiert werden, wo er am meisten gebraucht wird.<\/li>\n<li><strong>Zwei Stromversorgungsoptionen:<\/strong> Zus\u00e4tzlich zum Batteriebetrieb verf\u00fcgt der Super Plus Vogelscheuche \u00fcber einen eingebauten Netzstecker, so dass Sie ihn f\u00fcr den Dauerbetrieb an einen Wechselstromadapter anschlie\u00dfen k\u00f6nnen.<\/li>\n<li><strong>Gro\u00dfer Erfassungsbereich:<\/strong> Der Super Plus Vogelscheuche bietet zwei Betriebsmodi. Im AUTO-Modus deckt das Ger\u00e4t bei maximaler Lautst\u00e4rke bis zu 1 Hektar ab. Im PIR-Modus bietet das Ger\u00e4t gezielten Schutz in einem f\u00e4cherf\u00f6rmigen Bereich von 130 Grad und bis zu 12 Metern Entfernung und deckt damit etwa 163 Quadratmeter ab. Damit ist das Ger\u00e4t sowohl f\u00fcr weitl\u00e4ufige Gebiete als auch f\u00fcr spezielle Problembereiche geeignet.<\/li>\n<li><strong>Wartungsfrei und wetterbest\u00e4ndig:<\/strong> Der Super Plus Vogelscheuche wurde f\u00fcr den Einsatz im Freien entwickelt und besteht aus einem langlebigen ABS-Kunststoffgeh\u00e4use, das sowohl witterungsbest\u00e4ndig als auch wartungsfrei ist. Einmal installiert, k\u00f6nnen Sie sich darauf verlassen, dass dieses Ger\u00e4t einen kontinuierlichen Schutz bietet, ohne dass eine st\u00e4ndige Wartung erforderlich ist.<\/li>\n<\/ul>\n<h3>Betroffene V\u00f6gel und Tiere<\/h3>\n<p>Der Super Plus Vogelscheuche ist hochwirksam gegen eine Vielzahl von Schadv\u00f6geln und Nagetieren, darunter Spatzen, Amseln, Stare, Ratten, M\u00e4use und Kaninchen.<\/p>\n<h3>Anwendungen<\/h3>\n<p>Dank seiner Vielseitigkeit eignet sich der Super Plus Vogelscheuche f\u00fcr eine Vielzahl von Anwendungen, z. B. in landwirtschaftlichen Betrieben, G\u00e4rten, Obstplantagen und Weinbergen, Lagerh\u00e4usern und Fabriken.<\/p>\n<h3>Technische Daten<\/h3>\n<p>Abmessungen: 145 x 145 x 340 mm<br \/>\nGewicht: 860 g (nur Hauptger\u00e4t)<br \/>\nStromquelle: 6 x D-Alkalibatterien (LR20)<br \/>\nTon: Raubtierrufe von Falken und Eulen, sowie verzweifelte Vogelschreie<br \/>\nBlinkende Stroboskope: Superhelle LED x 3<br \/>\nSchutzabdeckung:<br \/>\nAUTO-Modus: Bis zu 4500 m2<br \/>\nPIR-Modus: 130\u00b0 f\u00e4cherf\u00f6rmiger Bereich, Entfernung bis zu 12 Meter (163 Quadratmeter)<br \/>\nMaterial: Langlebiges ABS-Kunststoffgeh\u00e4use<\/p>\n<h3>H\u00e4ufig gestellte Fragen<\/h3>\n<p><strong>Wie funktioniert der Super Plus Vogelscheuche?<\/strong><\/p>\n<p>Der Super Plus Vogelscheuche verwendet eine Kombination aus Ger\u00e4uschen (Rufe von Raubv\u00f6geln und verzweifelte Vogelschreie) und hellen, blinkenden Stroboskopen, um sch\u00e4dliche V\u00f6gel und Nagetiere zu verscheuchen. Die Kombination aus Ton und Licht schafft eine feindliche Umgebung, die V\u00f6gel und kleinere Tiere wirksam aus dem gesch\u00fctzten Bereich vertreibt.<\/p>\n<p><strong>Welche V\u00f6gel und Tiere vertreibt der Super Plus Vogelscheuche?<\/strong><\/p>\n<p>Der Super Plus Vogelscheuche ist gegen eine Vielzahl von V\u00f6geln wirksam, darunter Spatzen, Amseln und Stare. Er vertreibt auch kleine Tiere wie Eichh\u00f6rnchen, Kaninchen, M\u00e4use und Ratten.<\/p>\n<p><strong>Wie gro\u00df ist der Bereich, den der Super Plus Birdchaser sch\u00fctzen kann?<\/strong><\/p>\n<p>Das Ger\u00e4t bietet zwei Betriebsmodi:<\/p>\n<p>AUTO-Modus: Deckt bis zu 1 Hektar ab, wenn die Lautst\u00e4rke auf Maximum eingestellt ist.<br \/>\nPIR-Modus: Sch\u00fctzt einen f\u00e4cherf\u00f6rmigen Bereich mit einem Winkel von 130 Grad und einer Entfernung von bis zu 12 Metern, was etwa 163 Quadratmeter abdeckt.<\/p>\n","protected":false},"excerpt":{"rendered":"<p>Der Super Plus Vogelscheuche ist eine fortschrittliche L\u00f6sung zur Bek\u00e4mpfung von V\u00f6geln und Wildtieren. Mit seiner Kombination aus akustischer und optischer Abschreckung ist er ideal f\u00fcr den Schutz verschiedener Arten von Grundst\u00fccken. Egal, ob Sie einen Bauernhof, einen Garten oder ein Lagerhaus sichern m\u00fcssen, das Ger\u00e4t liefert die gew\u00fcnschten Ergebnisse.<\/p>\n<p><b>Ma\u00dfe<\/b><strong>:<\/strong> 145 x 145 x 340 mm<\/p>\n<p><strong>Gewicht:<\/strong> 860 g<\/p>\n<p>Hergestellt in Taiwan<\/p>\n[video width=\"700\" height=\"394\" mp4=\"https:\/\/birdbusters.eu\/wp-content\/uploads\/2021\/12\/Best-bird-deterrent-1-2.mp4\"][\/video]\n","protected":false},"featured_media":8988,"template":"","meta":{"_themeisle_gutenberg_block_has_review":false},"product_brand":[],"product_cat":[93,88],"product_tag":[],"class_list":{"0":"post-7627","1":"product","2":"type-product","3":"status-publish","4":"has-post-thumbnail","6":"product_cat-akustische-vogelabwehr","7":"product_cat-vogelschreck","9":"first","10":"instock","11":"taxable","12":"shipping-taxable","13":"purchasable","14":"product-type-simple"},"_links":{"self":[{"href":"https:\/\/birdbusters.eu\/de\/wp-json\/wp\/v2\/product\/7627","targetHints":{"allow":["GET"]}}],"collection":[{"href":"https:\/\/birdbusters.eu\/de\/wp-json\/wp\/v2\/product"}],"about":[{"href":"https:\/\/birdbusters.eu\/de\/wp-json\/wp\/v2\/types\/product"}],"wp:featuredmedia":[{"embeddable":true,"href":"https:\/\/birdbusters.eu\/de\/wp-json\/wp\/v2\/media\/8988"}],"wp:attachment":[{"href":"https:\/\/birdbusters.eu\/de\/wp-json\/wp\/v2\/media?parent=7627"}],"wp:term":[{"taxonomy":"product_brand","embeddable":true,"href":"https:\/\/birdbusters.eu\/de\/wp-json\/wp\/v2\/product_brand?post=7627"},{"taxonomy":"product_cat","embeddable":true,"href":"https:\/\/birdbusters.eu\/de\/wp-json\/wp\/v2\/product_cat?post=7627"},{"taxonomy":"product_tag","embeddable":true,"href":"https:\/\/birdbusters.eu\/de\/wp-json\/wp\/v2\/product_tag?post=7627"}],"curies":[{"name":"wp","href":"https:\/\/api.w.org\/{rel}","templated":true}]}}