{"id":7672,"date":"2021-05-14T11:18:36","date_gmt":"2021-05-14T09:18:36","guid":{"rendered":"https:\/\/birdbusters.eu\/product\/strap-on-boat-base\/"},"modified":"2026-03-01T10:28:02","modified_gmt":"2026-03-01T09:28:02","slug":"strap-on-boat-base","status":"publish","type":"product","link":"https:\/\/birdbusters.eu\/de\/produkt\/strap-on-boat-base\/","title":{"rendered":"PVC-Basis f\u00fcr den Bird Spider"},"content":{"rendered":"<h3>PVC-Basis f\u00fcr den Bird Spider<\/h3>\n<p>Die PVC-Basis f\u00fcr den <a href=\"https:\/\/birdbusters.eu\/de\/produkt\/bird-spider-1-25m\/\">Bird Spider<\/a> erm\u00f6glicht die Befestigung dieses Vogelabwehr-Systems \u00fcberall, wo das Festschrauben nicht m\u00f6glich ist. Die Basis l\u00e4sst sich auf allen Fl\u00e4chen kleben und auf ihr kann der Bird Spider geschraubt werden.<\/p>\n<p>&nbsp;<\/p>\n","protected":false},"excerpt":{"rendered":"<p>Klebende Befestigungsbasis f\u00fcr den <a href=\"https:\/\/birdbusters.eu\/de\/produkt\/bird-spider-1-25m\/\">Bird Spider<\/a> Vogelscheuche.<\/p>\n","protected":false},"featured_media":7408,"template":"","meta":{"_themeisle_gutenberg_block_has_review":false},"product_brand":[],"product_cat":[101,90],"product_tag":[],"class_list":{"0":"post-7672","1":"product","2":"type-product","3":"status-publish","4":"has-post-thumbnail","6":"product_cat-taubenspikes","7":"product_cat-vogelabwehrmittel","9":"first","10":"instock","11":"sale","12":"taxable","13":"shipping-taxable","14":"purchasable","15":"product-type-simple"},"_links":{"self":[{"href":"https:\/\/birdbusters.eu\/de\/wp-json\/wp\/v2\/product\/7672","targetHints":{"allow":["GET"]}}],"collection":[{"href":"https:\/\/birdbusters.eu\/de\/wp-json\/wp\/v2\/product"}],"about":[{"href":"https:\/\/birdbusters.eu\/de\/wp-json\/wp\/v2\/types\/product"}],"wp:featuredmedia":[{"embeddable":true,"href":"https:\/\/birdbusters.eu\/de\/wp-json\/wp\/v2\/media\/7408"}],"wp:attachment":[{"href":"https:\/\/birdbusters.eu\/de\/wp-json\/wp\/v2\/media?parent=7672"}],"wp:term":[{"taxonomy":"product_brand","embeddable":true,"href":"https:\/\/birdbusters.eu\/de\/wp-json\/wp\/v2\/product_brand?post=7672"},{"taxonomy":"product_cat","embeddable":true,"href":"https:\/\/birdbusters.eu\/de\/wp-json\/wp\/v2\/product_cat?post=7672"},{"taxonomy":"product_tag","embeddable":true,"href":"https:\/\/birdbusters.eu\/de\/wp-json\/wp\/v2\/product_tag?post=7672"}],"curies":[{"name":"wp","href":"https:\/\/api.w.org\/{rel}","templated":true}]}}